{"id":2859,"date":"2017-12-30T21:04:58","date_gmt":"2017-12-30T21:04:58","guid":{"rendered":"http:\/\/biblian.is\/biblian\/speki-sal%c2%97mons-13-kafli\/"},"modified":"2017-12-30T21:04:58","modified_gmt":"2017-12-30T21:04:58","slug":"speki-salomons-13-kafli","status":"publish","type":"page","link":"https:\/\/biblian.is\/biblian\/speki-salomons-13-kafli\/","title":{"rendered":"Speki Sal\u00f3mons 13. kafli"},"content":{"rendered":"<h3 class=\"millifyrirsogn_2007\"> D\u00fdrkun \u00e1 n\u00e1tt\u00farufyrirb\u00e6rum<\/h3>\n<p><a name=\"1\"><span class=\"versanumer_2007\">1<\/span><\/a> Afglapar voru allir \u00ed e\u00f0li s\u00ednu sem \u00feekktu ekki Gu\u00f0 og g\u00e1tu ekki geti\u00f0 s\u00e9r til um \u00feann sem er af fegur\u00f0 \u00feess sem augun litu, n\u00e9 fengu hugbo\u00f0 um meistarann af verkum hans. <a name=\"2\"><span class=\"versanumer_2007\">2<\/span><\/a> \u00deeir t\u00f6ldu eldinn, vindinn, kvikt lofti\u00f0, stjarnhvelfinguna, beljandi hafi\u00f0 e\u00f0a lj\u00f3sbera himins vera gu\u00f0ina sem st\u00fdra heimi. <a name=\"3\"><span class=\"versanumer_2007\">3<\/span><\/a> Fyrst \u00feeir hrifust svo af fegur\u00f0 \u00feessa a\u00f0 \u00feeir \u00e1litu \u00fea\u00f0 gu\u00f0i, \u00fe\u00e1 \u00e6ttu \u00feeir a\u00f0 skilja hve miklu fremri \u00feessum fyrirb\u00e6rum s\u00e1 er sem r\u00edkir yfir \u00feeim. H\u00f6fundur allrar fegur\u00f0ar sk\u00f3p \u00feau. <a name=\"4\"><span class=\"versanumer_2007\">4<\/span><\/a> En hafi \u00feeir undrast m\u00e1tt \u00feeirra og kraft, hef\u00f0u \u00feeir \u00e1tt a\u00f0 r\u00e1\u00f0a af \u00fev\u00ed hve miklu m\u00e1ttugri s\u00e1 er sem kom \u00feessu til lei\u00f0ar. <a name=\"5\"><span class=\"versanumer_2007\">5<\/span><\/a> \u00dev\u00ed af mikilfengleik og fegur\u00f0 sk\u00f6punarinnar m\u00e1 geta s\u00e9r til um h\u00f6fundinn. <a name=\"6\"><span class=\"versanumer_2007\">6<\/span><\/a> \u00deeim er \u00fe\u00f3 ekki l\u00e1andi. \u00de\u00f3tt \u00feeir leiti Gu\u00f0s og \u00fer\u00e1i a\u00f0 finna hann villast \u00feeir h\u00e6glega. <a name=\"7\"><span class=\"versanumer_2007\">7<\/span><\/a> \u00deeir umgangast verk Gu\u00f0s og rannsaka \u00feau en \u00fatliti\u00f0 glepur \u00feeim s\u00fdn, svo fagurt er \u00fea\u00f0. <a name=\"8\"><span class=\"versanumer_2007\">8<\/span><\/a> En \u00feeir eru \u00fe\u00f3 ekki s\u00fdknir saka. <a name=\"9\"><span class=\"versanumer_2007\">9<\/span><\/a> Fyrst \u00feeim t\u00f3kst a\u00f0 n\u00e1 svo langt \u00ed \u00feekkingu a\u00f0 \u00fe\u00e1 gat rennt grun \u00ed eil\u00edf\u00f0ina, hvers vegna fundu \u00feeir ekki fyrr Drottin alls \u00feessa?<\/p>\n<h3 class=\"millifyrirsogn_2007\">D\u00fdrkun skur\u00f0go\u00f0a<\/h3>\n<p><a name=\"10\"><span class=\"versanumer_2007\">10<\/span><\/a> Aumkunarver\u00f0ir eru \u00feeir sem setja von s\u00edna \u00e1 dau\u00f0a hluti og kalla handaverk manna gu\u00f0i, gull og silfur sem listamenn hafa m\u00f3ta\u00f0, d\u00fdramyndir og ver\u00f0lausan stein sem h\u00f6ggvinn var fyrir l\u00f6ngu. <a name=\"11\"><span class=\"versanumer_2007\">11<\/span><\/a> Smi\u00f0ur fer og vi\u00f0ar a\u00f0 s\u00e9r \u00ed sk\u00f3gi, sagar b\u00fat og tekur me\u00f0 s\u00e9r, skefur allan b\u00f6rk me\u00f0 leikni og sm\u00ed\u00f0ar haglega notadrj\u00fagt \u00e1hald til heimilisnota. <a name=\"12\"><span class=\"versanumer_2007\">12<\/span><\/a> Sp\u00e6ni af sm\u00ed\u00f0inni notar hann \u00ed eld til su\u00f0u og etur sig mettan, <a name=\"13\"><span class=\"versanumer_2007\">13<\/span><\/a> en einn kubbinn, undinn vi\u00f0 og kvist\u00f3ttan, sem einskis er n\u00fdtur, tekur hann og telgir til af natni \u00feegar n\u00e6\u00f0i gefst. Hann m\u00f3tar hann af leikni sinni \u00ed mannsmynd <a name=\"14\"><span class=\"versanumer_2007\">14<\/span><\/a> e\u00f0a gerir hann l\u00edkan auvir\u00f0ilegu kvikindi, smyr hann menju og m\u00e1lar hann rau\u00f0um lit yfir alla bletti. <a name=\"15\"><span class=\"versanumer_2007\">15<\/span><\/a> Hann b\u00fdr honum ver\u00f0ugt skr\u00edn til a\u00f0 b\u00faa \u00ed, setur hann \u00e1 vegg og festir me\u00f0 nagla. <a name=\"16\"><span class=\"versanumer_2007\">16<\/span><\/a> N\u00fa er \u00fea\u00f0 tryggt a\u00f0 hann dettur ekki \u00fev\u00ed hann veit a\u00f0 hann getur ekki bjarga\u00f0 s\u00e9r sj\u00e1lfur enda l\u00edkneski og hj\u00e1lpar\u00feurfi. <a name=\"17\"><span class=\"versanumer_2007\">17<\/span><\/a> En \u00feegar hann bi\u00f0ur fyrir eignum s\u00ednum, hj\u00f3nabandi og b\u00f6rnum blyg\u00f0ast hann s\u00edn ekki fyrir a\u00f0 \u00e1varpa l\u00edfvana hlut. Hann bi\u00f0ur veikt um heilbrig\u00f0i, <a name=\"18\"><span class=\"versanumer_2007\">18<\/span><\/a> dautt um l\u00edf, gr\u00e1tb\u00e6nir \u00farr\u00e6\u00f0alaust um a\u00f0sto\u00f0 og um fararheill \u00fea\u00f0 sem getur hvorki hr\u00e6rt legg n\u00e9 li\u00f0. <a name=\"19\"><span class=\"versanumer_2007\">19<\/span><\/a> Auk \u00feess heitir hann \u00e1 \u00fea\u00f0 sem hefur m\u00e1ttarvana hendur a\u00f0 duga s\u00e9r vi\u00f0 athafnir og st\u00f6rf og handi\u00f0n s\u00edna.<\/p>\n","protected":false},"excerpt":{"rendered":"<p>D\u00fdrkun \u00e1 n\u00e1tt\u00farufyrirb\u00e6rum 1 Afglapar voru allir \u00ed e\u00f0li s\u00ednu sem \u00feekktu ekki Gu\u00f0 og g\u00e1tu ekki geti\u00f0 s\u00e9r til um \u00feann sem er af fegur\u00f0 \u00feess sem augun litu, n\u00e9 fengu hugbo\u00f0 um meistarann af verkum hans. 2 \u00deeir t\u00f6ldu eldinn, vindinn, kvikt lofti\u00f0, stjarnhvelfinguna, beljandi hafi\u00f0 e\u00f0a lj\u00f3sbera himins vera gu\u00f0ina sem st\u00fdra heimi. 3 Fyrst \u00feeir hrifust svo af fegur\u00f0 \u00feessa a\u00f0 \u00feeir \u00e1litu \u00fea\u00f0 gu\u00f0i, \u00fe\u00e1 \u00e6ttu \u00feeir a\u00f0 skilja hve miklu fremri \u00feessum fyrirb\u00e6rum s\u00e1 er sem r\u00edkir yfir \u00feeim. H\u00f6fundur allrar fegur\u00f0ar sk\u00f3p \u00feau. 4 En hafi \u00feeir undrast m\u00e1tt \u00feeirra og kraft, hef\u00f0u <a href=\"https:\/\/biblian.is\/biblian\/speki-salomons-13-kafli\/\"> [&#8230;]<\/a><\/p>\n","protected":false},"author":1,"featured_media":0,"parent":0,"menu_order":0,"comment_status":"open","ping_status":"open","template":"bibliukaflar.php","meta":{"footnotes":""},"class_list":["post-2859","page","type-page","status-publish","hentry"],"_links":{"self":[{"href":"https:\/\/biblian.is\/biblian\/wp-json\/wp\/v2\/pages\/2859","targetHints":{"allow":["GET"]}}],"collection":[{"href":"https:\/\/biblian.is\/biblian\/wp-json\/wp\/v2\/pages"}],"about":[{"href":"https:\/\/biblian.is\/biblian\/wp-json\/wp\/v2\/types\/page"}],"author":[{"embeddable":true,"href":"https:\/\/biblian.is\/biblian\/wp-json\/wp\/v2\/users\/1"}],"replies":[{"embeddable":true,"href":"https:\/\/biblian.is\/biblian\/wp-json\/wp\/v2\/comments?post=2859"}],"version-history":[{"count":0,"href":"https:\/\/biblian.is\/biblian\/wp-json\/wp\/v2\/pages\/2859\/revisions"}],"wp:attachment":[{"href":"https:\/\/biblian.is\/biblian\/wp-json\/wp\/v2\/media?parent=2859"}],"curies":[{"name":"wp","href":"https:\/\/api.w.org\/{rel}","templated":true}]}}