{"id":2858,"date":"2017-12-30T21:04:58","date_gmt":"2017-12-30T21:04:58","guid":{"rendered":"http:\/\/biblian.is\/biblian\/speki-sal%c2%97mons-12-kafli\/"},"modified":"2018-01-16T02:13:15","modified_gmt":"2018-01-16T02:13:15","slug":"speki-salomons-12-kafli","status":"publish","type":"page","link":"https:\/\/biblian.is\/biblian\/speki-salomons-12-kafli\/","title":{"rendered":"Speki Sal\u00f3mons 12. kafli"},"content":{"rendered":"<h3 class=\"millifyrirsogn_2007\"> T\u00e6kif\u00e6ri til afturhvarfs<\/h3>\n<p><a name=\"1\"><span class=\"versanumer_2007\">1<\/span><\/a> \u00deess vegna hirtir \u00fe\u00fa \u00fe\u00e1 sem hrasa me\u00f0 h\u00f3fsemi og vandar um vi\u00f0 \u00fe\u00e1 sem ver\u00f0ur \u00e1 me\u00f0 \u00e1minningum svo a\u00f0 \u00feeir hverfi fr\u00e1 vonskunni og tr\u00fai \u00e1 \u00feig, Drottinn. <a name=\"3\"><span class=\"versanumer_2007\">3<\/span><\/a> \u00de\u00fa hata\u00f0ir hina fornu \u00edb\u00faa \u00fe\u00edns heilaga lands <a name=\"4\"><span class=\"versanumer_2007\">4<\/span><\/a> sakir vi\u00f0urstyggilegra verka \u00feeirra. \u00deeir i\u00f0ku\u00f0u forneskju og s\u00e6ringar, <a name=\"5\"><span class=\"versanumer_2007\">5<\/span><\/a> miskunnarlaus barnamor\u00f0 og neyttu mannakj\u00f6ts, innyfla og bl\u00f3\u00f0s \u00ed bl\u00f3tveislum. <a name=\"6\"><span class=\"versanumer_2007\">6<\/span><\/a> \u00deessum foreldrum, sem myrtu hj\u00e1lparlaus b\u00f6rn s\u00edn, \u00e1kva\u00f0st \u00fe\u00fa a\u00f0 tort\u00edma me\u00f0 hendi fe\u00f0ra vorra <a name=\"7\"><span class=\"versanumer_2007\">7<\/span><\/a> til \u00feess a\u00f0 landi\u00f0, sem er \u00fe\u00e9r d\u00fdrm\u00e6tast alls, bygg\u00f0ist maklegum landnemum, b\u00f6rnum Gu\u00f0s. <a name=\"8\"><span class=\"versanumer_2007\">8<\/span><\/a> En \u00fe\u00fa \u00feyrmdir jafnvel \u00feessum af \u00fev\u00ed a\u00f0 \u00feeir voru menn. \u00de\u00fa sendir geitunga \u00e1 undan her \u00fe\u00ednum svo a\u00f0 \u00feeir eyddu \u00feeim sm\u00e1m saman.<br \/> <a name=\"9\"><span class=\"versanumer_2007\">9<\/span><\/a> \u00de\u00e9r hef\u00f0i ekki veri\u00f0 \u00f6r\u00f0ugt a\u00f0 l\u00e1ta hina gu\u00f0lausu falla fyrir vopnum r\u00e9ttl\u00e1tra e\u00f0a l\u00e1ta skelfileg villid\u00fdr tort\u00edma \u00feeim \u00ed einni svipan e\u00f0a ey\u00f0a \u00feeim me\u00f0 v\u00e6g\u00f0arlausu or\u00f0i. <a name=\"10\"><span class=\"versanumer_2007\">10<\/span><\/a> En \u00fe\u00fa refsa\u00f0ir \u00feeim sm\u00e1tt og sm\u00e1tt og veittir \u00feeim \u00feannig f\u00e6ri \u00e1 a\u00f0 i\u00f0rast \u00fe\u00f3 a\u00f0 \u00fe\u00e9r v\u00e6ri ekki \u00f3kunnugt um a\u00f0 \u00feeir voru gj\u00f6rspilltir fr\u00e1 f\u00e6\u00f0ingu, illska \u00feeim \u00ed bl\u00f3\u00f0 borin og a\u00f0 \u00feeir t\u00e6kju ekki sinnaskiptum a\u00f0 eil\u00edfu. <a name=\"11\"><span class=\"versanumer_2007\">11<\/span><\/a> Fr\u00e1 upphafi hv\u00edldi b\u00f6lvun yfir kyni \u00feeirra.<br \/>\u00dea\u00f0 var ekki af hr\u00e6\u00f0slu vi\u00f0 neinn a\u00f0 \u00fe\u00fa l\u00e9st \u00feeim \u00f3hegnt fyrir syndir \u00feeirra. <a name=\"12\"><span class=\"versanumer_2007\">12<\/span><\/a> Hver getur sagt vi\u00f0 \u00feig: \u201eHva\u00f0 hefur \u00fe\u00fa gert?\u201c e\u00f0a hver getur andm\u00e6lt d\u00f3mi \u00fe\u00ednum? Hver getur \u00e1saka\u00f0 \u00feig fyrir a\u00f0 ey\u00f0a \u00fej\u00f3\u00f0um sem \u00fe\u00fa sj\u00e1lfur skapa\u00f0ir? G\u00e6ti nokkur risi\u00f0 gegn \u00fe\u00e9r til varnar rangl\u00e1tum m\u00f6nnum? <a name=\"13\"><span class=\"versanumer_2007\">13<\/span><\/a> Enginn gu\u00f0 er til annar en \u00fe\u00fa sem annast allt, enginn sem \u00fe\u00fa \u00feyrftir a\u00f0 gera reikningsskap um r\u00e9tta d\u00f3ma. <a name=\"14\"><span class=\"versanumer_2007\">14<\/span><\/a> Ekki neinn konungur e\u00f0a einvaldur getur andm\u00e6lt \u00fe\u00e9r vegna \u00feeirra er \u00fe\u00fa hefur refsa\u00f0.<br \/> <a name=\"15\"><span class=\"versanumer_2007\">15<\/span><\/a> \u00de\u00fa ert r\u00e9ttl\u00e1tur og stj\u00f3rnar \u00f6llu r\u00e9ttv\u00edslega. \u00de\u00fa telur ekki s\u00e6ma m\u00e6tti \u00fe\u00ednum a\u00f0 d\u00e6ma saklausum refsingu. <a name=\"16\"><span class=\"versanumer_2007\">16<\/span><\/a> M\u00e1ttur \u00feinn er grundv\u00f6llur r\u00e9ttl\u00e6tis \u00fe\u00edns. Af \u00fev\u00ed a\u00f0 \u00fe\u00fa r\u00edkir yfir \u00f6llum \u00feyrmir \u00fe\u00fa \u00f6llum. <a name=\"17\"><span class=\"versanumer_2007\">17<\/span><\/a> Efi einhver a\u00f0 m\u00e1ttur \u00feinn s\u00e9 fullkominn \u00fe\u00e1 s\u00fdnir \u00fe\u00fa honum styrk \u00feinn og \u00feeim sem \u00feekkja hann og ofmetnast refsar \u00fe\u00fa. <a name=\"18\"><span class=\"versanumer_2007\">18<\/span><\/a> \u00de\u00f3tt \u00fe\u00fa drottnir yfir \u00f6llu d\u00e6mir \u00fe\u00fa mildilega og stj\u00f3rnar oss me\u00f0 mikilli v\u00e6g\u00f0 en \u00fe\u00e9r er frj\u00e1lst a\u00f0 s\u00fdna m\u00e1tt \u00feinn \u00feegar \u00fe\u00fa vilt.<br \/> <a name=\"19\"><span class=\"versanumer_2007\">19<\/span><\/a> Me\u00f0 sl\u00edku kenndir \u00fe\u00fa l\u00fd\u00f0 \u00fe\u00ednum a\u00f0 hinn r\u00e9ttl\u00e1ti \u00e1 a\u00f0 vera k\u00e6rleiksr\u00edkur og vaktir \u00fej\u00f3num \u00fe\u00ednum \u00fe\u00e1 vissu von a\u00f0 \u00fe\u00fa unnir \u00feeim afturhvarfs, hafi \u00feeir syndga\u00f0. <a name=\"20\"><span class=\"versanumer_2007\">20<\/span><\/a> Fyrst \u00fe\u00fa refsa\u00f0ir me\u00f0 sl\u00edkri n\u00e6rg\u00e6tni og v\u00e6g\u00f0 \u00f3vinum \u00fej\u00f3na \u00feinna, sem \u00e1ttu dau\u00f0a skili\u00f0, og gafst \u00feeim t\u00edma og t\u00f3m til a\u00f0 hverfa fr\u00e1 vonskunni, <a name=\"21\"><span class=\"versanumer_2007\">21<\/span><\/a> me\u00f0 hv\u00edl\u00edkri al\u00fa\u00f0 hl\u00fdtur \u00fe\u00fa \u00fe\u00e1 a\u00f0 d\u00e6ma b\u00f6rn \u00fe\u00edn. En \u00fe\u00fa gafst fe\u00f0rum \u00feeirra g\u00f3\u00f0 fyrirheit og sta\u00f0festir \u00feau me\u00f0 ei\u00f0um og s\u00e1ttm\u00e1la.<br \/> <a name=\"22\"><span class=\"versanumer_2007\">22<\/span><\/a> \u00de\u00fa agar oss en hirtir \u00f3vini vora st\u00f3rlega til \u00feess a\u00f0 v\u00e9r minnumst g\u00e6sku \u00feinnar er v\u00e9r d\u00e6mum en v\u00e6ntum miskunnar fyrir d\u00f3mi. <a name=\"23\"><span class=\"versanumer_2007\">23<\/span><\/a> \u00de\u00e1 rangl\u00e1tu, sem \u00f3lu aldur sinn f\u00e1v\u00edslega, p\u00edndir \u00fe\u00fa me\u00f0 \u00feeirra eigin vi\u00f0urstygg\u00f0. <a name=\"24\"><span class=\"versanumer_2007\">24<\/span><\/a> \u00deeir voru komnir \u00e1 sl\u00edkar villig\u00f6tur a\u00f0 \u00feeir t\u00f6ldu, eins og f\u00e1v\u00eds b\u00f6rn, gu\u00f0i vera kvikindi sem jafnvel \u00f6nnur d\u00fdr hef\u00f0u andstygg\u00f0 \u00e1. <a name=\"25\"><span class=\"versanumer_2007\">25<\/span><\/a> \u00deess vegna hirtir \u00fe\u00fa \u00fe\u00e1 eins og f\u00e1k\u00e6n b\u00f6rn me\u00f0 refsingu sem ger\u00f0i \u00fe\u00e1 a\u00f0 athl\u00e6gi. <a name=\"26\"><span class=\"versanumer_2007\">26<\/span><\/a> En \u00feeir sem l\u00e9tu s\u00e9r ekki segjast vi\u00f0 \u00feessa hr\u00e6\u00f0ilegu umv\u00f6ndun hlutu m\u00e1ttugan d\u00f3m Gu\u00f0s. <a name=\"27\"><span class=\"versanumer_2007\">27<\/span><\/a> \u00deeir \u00fej\u00e1\u00f0ust og fengu \u00f3beit \u00e1 d\u00fdrunum sem \u00feeir h\u00f6f\u00f0u tali\u00f0 vera gu\u00f0i. \u00deegar \u00feeim var\u00f0 lj\u00f3st a\u00f0 \u00feau voru refsing s\u00e1u \u00feeir a\u00f0 s\u00e1 er sannur Gu\u00f0 sem \u00feeir \u00e1\u00f0ur h\u00f6f\u00f0u ekki vilja\u00f0 kannast vi\u00f0. \u00deess vegna gekk \u00feyngsta refsing yfir \u00fe\u00e1.<\/p>\n","protected":false},"excerpt":{"rendered":"<p>T\u00e6kif\u00e6ri til afturhvarfs 1 \u00deess vegna hirtir \u00fe\u00fa \u00fe\u00e1 sem hrasa me\u00f0 h\u00f3fsemi og vandar um vi\u00f0 \u00fe\u00e1 sem ver\u00f0ur \u00e1 me\u00f0 \u00e1minningum svo a\u00f0 \u00feeir hverfi fr\u00e1 vonskunni og tr\u00fai \u00e1 \u00feig, Drottinn. 3 \u00de\u00fa hata\u00f0ir hina fornu \u00edb\u00faa \u00fe\u00edns heilaga lands 4 sakir vi\u00f0urstyggilegra verka \u00feeirra. \u00deeir i\u00f0ku\u00f0u forneskju og s\u00e6ringar, 5 miskunnarlaus barnamor\u00f0 og neyttu mannakj\u00f6ts, innyfla og bl\u00f3\u00f0s \u00ed bl\u00f3tveislum. 6 \u00deessum foreldrum, sem myrtu hj\u00e1lparlaus b\u00f6rn s\u00edn, \u00e1kva\u00f0st \u00fe\u00fa a\u00f0 tort\u00edma me\u00f0 hendi fe\u00f0ra vorra 7 til \u00feess a\u00f0 landi\u00f0, sem er \u00fe\u00e9r d\u00fdrm\u00e6tast alls, bygg\u00f0ist maklegum landnemum, b\u00f6rnum Gu\u00f0s. 8 En \u00fe\u00fa \u00feyrmdir jafnvel <a href=\"https:\/\/biblian.is\/biblian\/speki-salomons-12-kafli\/\"> [&#8230;]<\/a><\/p>\n","protected":false},"author":1,"featured_media":0,"parent":0,"menu_order":0,"comment_status":"open","ping_status":"open","template":"bibliukaflar.php","meta":{"footnotes":""},"class_list":["post-2858","page","type-page","status-publish","hentry"],"_links":{"self":[{"href":"https:\/\/biblian.is\/biblian\/wp-json\/wp\/v2\/pages\/2858","targetHints":{"allow":["GET"]}}],"collection":[{"href":"https:\/\/biblian.is\/biblian\/wp-json\/wp\/v2\/pages"}],"about":[{"href":"https:\/\/biblian.is\/biblian\/wp-json\/wp\/v2\/types\/page"}],"author":[{"embeddable":true,"href":"https:\/\/biblian.is\/biblian\/wp-json\/wp\/v2\/users\/1"}],"replies":[{"embeddable":true,"href":"https:\/\/biblian.is\/biblian\/wp-json\/wp\/v2\/comments?post=2858"}],"version-history":[{"count":0,"href":"https:\/\/biblian.is\/biblian\/wp-json\/wp\/v2\/pages\/2858\/revisions"}],"wp:attachment":[{"href":"https:\/\/biblian.is\/biblian\/wp-json\/wp\/v2\/media?parent=2858"}],"curies":[{"name":"wp","href":"https:\/\/api.w.org\/{rel}","templated":true}]}}