{"id":2857,"date":"2017-12-30T21:04:53","date_gmt":"2017-12-30T21:04:53","guid":{"rendered":"http:\/\/biblian.is\/biblian\/speki-sal%c2%97mons-11-kafli\/"},"modified":"2017-12-30T21:04:55","modified_gmt":"2017-12-30T21:04:55","slug":"speki-salomons-11-kafli","status":"publish","type":"page","link":"https:\/\/biblian.is\/biblian\/speki-salomons-11-kafli\/","title":{"rendered":"Speki Sal\u00f3mons 11. kafli"},"content":{"rendered":"<h3 class=\"millifyrirsogn_2007\"> Egyptar \u00fej\u00e1st af \u00feorsta \u2013 \u00cdsraelsmenn f\u00e1 vatn<\/h3>\n<p><a name=\"1\"><span class=\"versanumer_2007\">1<\/span><\/a> Spekin veitti ath\u00f6fnum \u00feeirra brautargengi undir handlei\u00f0slu heilags sp\u00e1manns. <a name=\"2\"><span class=\"versanumer_2007\">2<\/span><\/a> \u00deeir f\u00f3ru um \u00f3bygg\u00f0a ey\u00f0im\u00f6rk og sl\u00f3gu tj\u00f6ldum \u00e1 \u00f6r\u00e6fum. <a name=\"3\"><span class=\"versanumer_2007\">3<\/span><\/a> \u00deeir v\u00f6r\u00f0ust \u00f3vinum og hrundu af s\u00e9r fjandm\u00f6nnum. <a name=\"4\"><span class=\"versanumer_2007\">4<\/span><\/a> \u00deeir \u00e1k\u00f6llu\u00f0u \u00feig, \u00feegar \u00fe\u00e1 \u00feyrsti, og fengu vatn \u00far \u00feverhn\u00edptu bjargi og sv\u00f6lun vi\u00f0 \u00feorsta \u00far h\u00f6r\u00f0um kletti. <a name=\"5\"><span class=\"versanumer_2007\">5<\/span><\/a> \u00dea\u00f0 sem \u00f3vinum \u00feeirra var refsa\u00f0 me\u00f0 var\u00f0 \u00feeim sj\u00e1lfum til gagns er \u00feeir voru nau\u00f0staddir. <a name=\"6\"><span class=\"versanumer_2007\">6<\/span><\/a> \u00deegar \u00f3vinum \u00feeirra var refsa\u00f0 <a name=\"7\"><span class=\"versanumer_2007\">7<\/span><\/a> fyrir bo\u00f0i\u00f0 um a\u00f0 myr\u00f0a b\u00f6rnin, me\u00f0 \u00fev\u00ed a\u00f0 flaumur lindarvatnsins menga\u00f0ist \u00f3hreinu bl\u00f3\u00f0i, gafst \u00fe\u00fa hinum r\u00e9ttl\u00e1tu gn\u00e6g\u00f0 vatns \u00feegar \u00feess var s\u00edst von. <a name=\"8\"><span class=\"versanumer_2007\">8<\/span><\/a> \u00de\u00fa l\u00e9st \u00feorstann fyrst au\u00f0s\u00fdna \u00feeim hvernig \u00fe\u00fa refsa\u00f0ir andst\u00e6\u00f0ingum \u00feeirra. <a name=\"9\"><span class=\"versanumer_2007\">9<\/span><\/a> \u00de\u00f3tt \u00fe\u00fa aga\u00f0ir \u00fe\u00e1 mildilega s\u00fdndi s\u00fa reynsla \u00feeim hvernig \u00f3gu\u00f0legir \u00fej\u00e1st \u00feegar refsandi rei\u00f0i kemur yfir \u00fe\u00e1. <a name=\"10\"><span class=\"versanumer_2007\">10<\/span><\/a> R\u00e9ttl\u00e1ta hefur \u00fe\u00fa reynt og \u00e1minnt sem fa\u00f0ir en hina rannsaka\u00f0ir \u00fe\u00fa og sakfelldir eins og strangur konungur. <a name=\"11\"><span class=\"versanumer_2007\">11<\/span><\/a> \u00deeir kv\u00f6ldust \u00e1 sama h\u00e1tt, b\u00e6\u00f0i n\u00e6r og fj\u00e6r, <a name=\"12\"><span class=\"versanumer_2007\">12<\/span><\/a> enda kom tv\u00f6faldur harmur yfir \u00fe\u00e1, kveinstafir sem \u00fdf\u00f0u minningu hins li\u00f0na. <a name=\"13\"><span class=\"versanumer_2007\">13<\/span><\/a> \u00dev\u00ed a\u00f0 \u00feeir skynju\u00f0u a\u00f0 Drottinn var a\u00f0 verki \u00feegar \u00feeir heyr\u00f0u a\u00f0 refsingarnar, sem \u00feeir hlutu, ur\u00f0u hinum til blessunar. <a name=\"14\"><span class=\"versanumer_2007\">14<\/span><\/a> \u00deann sem \u00feeir h\u00f6f\u00f0u for\u00f0um bori\u00f0 \u00fat, hraki\u00f0 fr\u00e1 s\u00e9r og h\u00e6\u00f0st a\u00f0, ur\u00f0u \u00feeir a\u00f0 d\u00e1sama a\u00f0 leikslokum. \u00deorsti \u00feeirra var af \u00f6\u00f0rum toga en hinna r\u00e9ttl\u00e1tu.<\/p>\n<h3 class=\"millifyrirsogn_2007\">Egyptum refsa\u00f0 fyrir syndir<\/h3>\n<p><a name=\"15\"><span class=\"versanumer_2007\">15<\/span><\/a> \u00cd rangl\u00e6ti s\u00ednu h\u00f6f\u00f0u hugsanir \u00feeirra veri\u00f0 f\u00e1v\u00edslegar og leitt \u00ed \u00fe\u00e1 villu a\u00f0 d\u00fdrka skynlaus skri\u00f0d\u00fdr og auvir\u00f0ilegar p\u00f6ddur. \u00deess vegna sendir \u00fe\u00fa \u00feeim merg\u00f0 skynlausra kvikinda til \u00feess a\u00f0 refsa \u00feeim <a name=\"16\"><span class=\"versanumer_2007\">16<\/span><\/a> og kenna \u00feeim a\u00f0 \u00fea\u00f0 sem \u00feeir nota til a\u00f0 syndga ver\u00f0ur \u00feeim til refsingar. <a name=\"17\"><span class=\"versanumer_2007\">17<\/span><\/a> Alm\u00e6tti \u00feitt, sem sk\u00f3pst heiminn af \u00f3myndu\u00f0u efni, hef\u00f0i megna\u00f0 a\u00f0 stefna gegn \u00feeim flokki bjarnd\u00fdra e\u00f0a \u00f6skrandi lj\u00f3na. <a name=\"18\"><span class=\"versanumer_2007\">18<\/span><\/a> \u00dea\u00f0 hef\u00f0i einnig geta\u00f0 skapa\u00f0 n\u00fd og \u00f3\u00feekkt villid\u00fdr sem \u00fdmist sp\u00fa\u00f0u eldi, fn\u00e6stu \u00ferumandi mekki e\u00f0a v\u00e6ru me\u00f0 augu sem skutu \u00e6gilegum gneistum. <a name=\"19\"><span class=\"versanumer_2007\">19<\/span><\/a> Ekki hef\u00f0i \u00feurft \u00e1r\u00e1s sl\u00edkra d\u00fdra til a\u00f0 ey\u00f0a rangl\u00e1tum heldur hef\u00f0i \u00fea\u00f0 eitt a\u00f0 sj\u00e1 \u00feau tort\u00edmt \u00feeim, svo skelfileg v\u00e6ri s\u00fa sj\u00f3n. <a name=\"20\"><span class=\"versanumer_2007\">20<\/span><\/a> \u00de\u00fa hef\u00f0ir l\u00edka geta\u00f0 l\u00e1ti\u00f0 \u00fe\u00e1 falla \u00e1n \u00feessara d\u00fdra fyrir einum andgusti. \u00de\u00fa hef\u00f0ir geta\u00f0 hraki\u00f0 \u00fe\u00e1 me\u00f0 refsid\u00f3mi \u00fe\u00ednum og tv\u00edstra\u00f0 \u00feeim me\u00f0 voldugum anda \u00fe\u00ednum. En \u00fe\u00fa hefur skipa\u00f0 \u00f6llu eftir m\u00e6li, t\u00f6lu og vog. <a name=\"21\"><span class=\"versanumer_2007\">21<\/span><\/a> \u00de\u00e9r er \u00e6t\u00ed\u00f0 f\u00e6rt a\u00f0 beita voldugum m\u00e6tti \u00fe\u00ednum. Hver f\u00e6r sta\u00f0ist m\u00e1ttugan arm \u00feinn? <a name=\"22\"><span class=\"versanumer_2007\">22<\/span><\/a> Allur heimurinn er sem fis \u00e1 vog fyrir \u00fe\u00e9r, l\u00edkur daggardropa er fellur \u00e1 j\u00f6r\u00f0u a\u00f0 morgni. <a name=\"23\"><span class=\"versanumer_2007\">23<\/span><\/a> En \u00fe\u00fa miskunnar \u00f6llum \u00fev\u00ed a\u00f0 \u00fe\u00fa megnar allt og umber\u00f0 syndir manna svo a\u00f0 \u00feeir sj\u00e1i a\u00f0 s\u00e9r. <a name=\"24\"><span class=\"versanumer_2007\">24<\/span><\/a> \u00de\u00fa elskar allt, sem er til, og hefur ekki \u00edmugust \u00e1 neinu, sem \u00fe\u00fa hefur gert, n\u00e9 skapa\u00f0ir \u00fe\u00fa neitt er \u00fe\u00fa g\u00e6tir haft \u00f3beit \u00e1. <a name=\"25\"><span class=\"versanumer_2007\">25<\/span><\/a> Hvernig fengi nokku\u00f0 sta\u00f0ist gegn vilja \u00fe\u00ednum e\u00f0a var\u00f0veist ef \u00fe\u00fa hef\u00f0ir ekki gefi\u00f0 \u00fev\u00ed l\u00edf? <a name=\"26\"><span class=\"versanumer_2007\">26<\/span><\/a> \u00de\u00fa hl\u00edfir \u00f6llu af \u00fev\u00ed a\u00f0 \u00fea\u00f0 er \u00feitt, \u00f3, Drottinn, sem elskar allt sem lifir, \u00fev\u00ed a\u00f0 \u00f3forgengilegur andi \u00feinn er \u00ed \u00f6llu.<\/p>\n","protected":false},"excerpt":{"rendered":"<p>Egyptar \u00fej\u00e1st af \u00feorsta \u2013 \u00cdsraelsmenn f\u00e1 vatn 1 Spekin veitti ath\u00f6fnum \u00feeirra brautargengi undir handlei\u00f0slu heilags sp\u00e1manns. 2 \u00deeir f\u00f3ru um \u00f3bygg\u00f0a ey\u00f0im\u00f6rk og sl\u00f3gu tj\u00f6ldum \u00e1 \u00f6r\u00e6fum. 3 \u00deeir v\u00f6r\u00f0ust \u00f3vinum og hrundu af s\u00e9r fjandm\u00f6nnum. 4 \u00deeir \u00e1k\u00f6llu\u00f0u \u00feig, \u00feegar \u00fe\u00e1 \u00feyrsti, og fengu vatn \u00far \u00feverhn\u00edptu bjargi og sv\u00f6lun vi\u00f0 \u00feorsta \u00far h\u00f6r\u00f0um kletti. 5 \u00dea\u00f0 sem \u00f3vinum \u00feeirra var refsa\u00f0 me\u00f0 var\u00f0 \u00feeim sj\u00e1lfum til gagns er \u00feeir voru nau\u00f0staddir. 6 \u00deegar \u00f3vinum \u00feeirra var refsa\u00f0 7 fyrir bo\u00f0i\u00f0 um a\u00f0 myr\u00f0a b\u00f6rnin, me\u00f0 \u00fev\u00ed a\u00f0 flaumur lindarvatnsins menga\u00f0ist \u00f3hreinu bl\u00f3\u00f0i, gafst \u00fe\u00fa hinum r\u00e9ttl\u00e1tu <a href=\"https:\/\/biblian.is\/biblian\/speki-salomons-11-kafli\/\"> [&#8230;]<\/a><\/p>\n","protected":false},"author":1,"featured_media":0,"parent":0,"menu_order":0,"comment_status":"open","ping_status":"open","template":"bibliukaflar.php","meta":{"footnotes":""},"class_list":["post-2857","page","type-page","status-publish","hentry"],"_links":{"self":[{"href":"https:\/\/biblian.is\/biblian\/wp-json\/wp\/v2\/pages\/2857","targetHints":{"allow":["GET"]}}],"collection":[{"href":"https:\/\/biblian.is\/biblian\/wp-json\/wp\/v2\/pages"}],"about":[{"href":"https:\/\/biblian.is\/biblian\/wp-json\/wp\/v2\/types\/page"}],"author":[{"embeddable":true,"href":"https:\/\/biblian.is\/biblian\/wp-json\/wp\/v2\/users\/1"}],"replies":[{"embeddable":true,"href":"https:\/\/biblian.is\/biblian\/wp-json\/wp\/v2\/comments?post=2857"}],"version-history":[{"count":0,"href":"https:\/\/biblian.is\/biblian\/wp-json\/wp\/v2\/pages\/2857\/revisions"}],"wp:attachment":[{"href":"https:\/\/biblian.is\/biblian\/wp-json\/wp\/v2\/media?parent=2857"}],"curies":[{"name":"wp","href":"https:\/\/api.w.org\/{rel}","templated":true}]}}