{"id":2855,"date":"2017-12-30T21:04:53","date_gmt":"2017-12-30T21:04:53","guid":{"rendered":"http:\/\/biblian.is\/biblian\/speki-sal%c2%97mons-9-kafli\/"},"modified":"2017-12-30T21:04:55","modified_gmt":"2017-12-30T21:04:55","slug":"speki-salomons-9-kafli","status":"publish","type":"page","link":"https:\/\/biblian.is\/biblian\/speki-salomons-9-kafli\/","title":{"rendered":"Speki Sal\u00f3mons 9. kafli"},"content":{"rendered":"<h3 class=\"millifyrirsogn_2007\"> B\u00e6n Sal\u00f3mons<\/h3>\n<p><span class=\"ljodatexti\"> <a name=\"1\"><span class=\"versanumer_ljod\">1<\/span><\/a>Gu\u00f0 fe\u00f0ranna og Drottinn miskunnarinnar,<br \/>\u00fe\u00fa sem hefur skapa\u00f0 allt me\u00f0 or\u00f0i \u00fe\u00ednu<br \/> <\/span> <span class=\"ljodatexti\"> <a name=\"2\"><span class=\"versanumer_ljod\">2<\/span><\/a> og gert manninn svo af speki \u00feinni<br \/>a\u00f0 hann drottni yfir \u00f6llu, sem \u00fe\u00fa hefur skapa\u00f0,<br \/> <\/span> <span class=\"ljodatexti\"> <a name=\"3\"><span class=\"versanumer_ljod\">3<\/span><\/a> og st\u00fdri heiminum af heilagleik og r\u00e9ttl\u00e6ti<br \/>og d\u00e6mi d\u00f3ma af r\u00e9tts\u00fdni.<br \/> <\/span> <span class=\"ljodatexti\"> <a name=\"4\"><span class=\"versanumer_ljod\">4<\/span><\/a> Veit m\u00e9r spekina, sem situr \u00ed h\u00e1s\u00e6ti \u00fe\u00e9r vi\u00f0 hli\u00f0,<br \/>og hrind m\u00e9r eigi burt \u00far h\u00f3pi \u00fej\u00f3na \u00feinna.<br \/> <\/span> <span class=\"ljodatexti\"> <a name=\"5\"><span class=\"versanumer_ljod\">5<\/span><\/a> \u00c9g er \u00fej\u00f3nn \u00feinn og sonur amb\u00e1ttar \u00feinnar,<br \/>veill ma\u00f0ur og skamm\u00e6r<br \/>og mig skortir skilning \u00e1 l\u00f6gum og r\u00e9tti.<br \/> <\/span> <span class=\"ljodatexti\"> <a name=\"6\"><span class=\"versanumer_ljod\">6<\/span><\/a> Enda \u00fe\u00f3tt einhver s\u00e9 fullkominn me\u00f0al manna<br \/>v\u00e6ri hann \u00fe\u00f3 einskis ver\u00f0ur \u00e1n spekinnar fr\u00e1 \u00fe\u00e9r.<br \/> <\/span> <span class=\"ljodatexti\"> <a name=\"7\"><span class=\"versanumer_ljod\">7<\/span><\/a> \u00de\u00fa valdir mig konung l\u00fd\u00f0s \u00fe\u00edns<br \/>og d\u00f3mara sona \u00feinna og d\u00e6tra.<br \/> <\/span> <span class=\"ljodatexti\"> <a name=\"8\"><span class=\"versanumer_ljod\">8<\/span><\/a> \u00de\u00fa bau\u00f0st m\u00e9r a\u00f0 reisa musteri \u00e1 \u00fe\u00ednu heilaga fjalli<br \/>og altari \u00ed borginni, \u00fear sem \u00fe\u00fa dvelur,<br \/>\u00edmynd tjaldb\u00fa\u00f0arinnar helgu sem \u00fe\u00fa l\u00e9st gera \u00ed upphafi.<br \/> <\/span> <span class=\"ljodatexti\"> <a name=\"9\"><span class=\"versanumer_ljod\">9<\/span><\/a> Hj\u00e1 \u00fe\u00e9r er spekin sem \u00feekkir verkin \u00fe\u00edn<br \/>og var vi\u00f0st\u00f6dd \u00feegar \u00fe\u00fa skapa\u00f0ir heiminn<br \/>og veit hva\u00f0 gle\u00f0ur augu \u00fe\u00edn<br \/>og hva\u00f0 r\u00e9tt er, samkv\u00e6mt bo\u00f0um \u00fe\u00ednum.<br \/> <\/span> <span class=\"ljodatexti\"> <a name=\"10\"><span class=\"versanumer_ljod\">10<\/span><\/a> Send \u00fe\u00fa hana fr\u00e1 heil\u00f6gum himni<br \/>og l\u00e1t hana koma fr\u00e1 d\u00fdr\u00f0arst\u00f3li \u00fe\u00ednum<br \/>og hj\u00e1lpa m\u00e9r \u00ed st\u00f6rfum m\u00ednum<br \/>svo a\u00f0 \u00e9g skynji hva\u00f0 \u00fe\u00e9r er \u00fe\u00f3knanlegt.<br \/> <\/span> <span class=\"ljodatexti\"> <a name=\"11\"><span class=\"versanumer_ljod\">11<\/span><\/a> \u00dev\u00ed a\u00f0 h\u00fan veit og skilur allt<br \/>og mun lei\u00f0a mig hyggilega \u00ed verkum m\u00ednum<br \/>og var\u00f0veita mig me\u00f0 d\u00fdr\u00f0 sinni.<br \/> <\/span> <span class=\"ljodatexti\"> <a name=\"12\"><span class=\"versanumer_ljod\">12<\/span><\/a> \u00de\u00e1 ver\u00f0a verk m\u00edn \u00fe\u00f3knanleg \u00fe\u00e9r<br \/>og \u00e9g mun st\u00fdra l\u00fd\u00f0 \u00fe\u00ednum r\u00e9ttl\u00e1tlega<br \/>og reynast ver\u00f0ugur h\u00e1s\u00e6tis f\u00f6\u00f0ur m\u00edns.<br \/> <\/span> <span class=\"ljodatexti\"> <a name=\"13\"><span class=\"versanumer_ljod\">13<\/span><\/a> Hver er s\u00e1 ma\u00f0ur sem \u00feekkir r\u00e1\u00f0 Gu\u00f0s?<br \/>Hver getur r\u00e1\u00f0i\u00f0 \u00ed hva\u00f0 Drottinn vill?<br \/> <\/span> <span class=\"ljodatexti\"> <a name=\"14\"><span class=\"versanumer_ljod\">14<\/span><\/a> Hugsanir dau\u00f0legra manna eru f\u00e1n\u00fdtar<br \/>og fyrir\u00e6tlanir vorar fallvaltar.<br \/> <\/span> <span class=\"ljodatexti\"> <a name=\"15\"><span class=\"versanumer_ljod\">15<\/span><\/a> Forgengilegur l\u00edkaminn \u00ed\u00feyngir s\u00e1linni,<br \/>jar\u00f0nesk tjaldb\u00fa\u00f0in er fj\u00f6lsvinnum andanum byr\u00f0i.<br \/> <\/span> <span class=\"ljodatexti\"> <a name=\"16\"><span class=\"versanumer_ljod\">16<\/span><\/a> Naumlega r\u00e1\u00f0um v\u00e9r \u00ed \u00fea\u00f0 sem \u00e1 j\u00f6r\u00f0u er<br \/>og me\u00f0 herkjum finnum v\u00e9r \u00fea\u00f0 sem er innan seilingar.<br \/>Hver hefur kanna\u00f0 \u00fea\u00f0 sem er \u00e1 himnum?<br \/> <\/span> <span class=\"ljodatexti\"> <a name=\"17\"><span class=\"versanumer_ljod\">17<\/span><\/a> Hver hefur uppg\u00f6tva\u00f0 vilja \u00feinn nema \u00fe\u00fa g\u00e6fir honum speki<br \/>og sendir honum heilagan anda \u00feinn af h\u00e6\u00f0um?<br \/> <\/span> <span class=\"ljodatexti\"> <a name=\"18\"><span class=\"versanumer_ljod\">18<\/span><\/a> \u00deannig ur\u00f0u beinar brautir \u00feeirra sem \u00e1 j\u00f6r\u00f0u b\u00faa<br \/>og m\u00f6nnum l\u00e6r\u00f0ist hva\u00f0 \u00fe\u00e9r er \u00fe\u00f3knanlegt<br \/>og ur\u00f0u h\u00f3lpnir fyrir spekina. <\/span> <\/p>\n","protected":false},"excerpt":{"rendered":"<p>B\u00e6n Sal\u00f3mons 1Gu\u00f0 fe\u00f0ranna og Drottinn miskunnarinnar,\u00fe\u00fa sem hefur skapa\u00f0 allt me\u00f0 or\u00f0i \u00fe\u00ednu 2 og gert manninn svo af speki \u00feinnia\u00f0 hann drottni yfir \u00f6llu, sem \u00fe\u00fa hefur skapa\u00f0, 3 og st\u00fdri heiminum af heilagleik og r\u00e9ttl\u00e6tiog d\u00e6mi d\u00f3ma af r\u00e9tts\u00fdni. 4 Veit m\u00e9r spekina, sem situr \u00ed h\u00e1s\u00e6ti \u00fe\u00e9r vi\u00f0 hli\u00f0,og hrind m\u00e9r eigi burt \u00far h\u00f3pi \u00fej\u00f3na \u00feinna. 5 \u00c9g er \u00fej\u00f3nn \u00feinn og sonur amb\u00e1ttar \u00feinnar,veill ma\u00f0ur og skamm\u00e6rog mig skortir skilning \u00e1 l\u00f6gum og r\u00e9tti. 6 Enda \u00fe\u00f3tt einhver s\u00e9 fullkominn me\u00f0al mannav\u00e6ri hann \u00fe\u00f3 einskis ver\u00f0ur \u00e1n spekinnar fr\u00e1 \u00fe\u00e9r. 7 \u00de\u00fa valdir mig <a href=\"https:\/\/biblian.is\/biblian\/speki-salomons-9-kafli\/\"> [&#8230;]<\/a><\/p>\n","protected":false},"author":1,"featured_media":0,"parent":0,"menu_order":0,"comment_status":"open","ping_status":"open","template":"bibliukaflar.php","meta":{"footnotes":""},"class_list":["post-2855","page","type-page","status-publish","hentry"],"_links":{"self":[{"href":"https:\/\/biblian.is\/biblian\/wp-json\/wp\/v2\/pages\/2855","targetHints":{"allow":["GET"]}}],"collection":[{"href":"https:\/\/biblian.is\/biblian\/wp-json\/wp\/v2\/pages"}],"about":[{"href":"https:\/\/biblian.is\/biblian\/wp-json\/wp\/v2\/types\/page"}],"author":[{"embeddable":true,"href":"https:\/\/biblian.is\/biblian\/wp-json\/wp\/v2\/users\/1"}],"replies":[{"embeddable":true,"href":"https:\/\/biblian.is\/biblian\/wp-json\/wp\/v2\/comments?post=2855"}],"version-history":[{"count":0,"href":"https:\/\/biblian.is\/biblian\/wp-json\/wp\/v2\/pages\/2855\/revisions"}],"wp:attachment":[{"href":"https:\/\/biblian.is\/biblian\/wp-json\/wp\/v2\/media?parent=2855"}],"curies":[{"name":"wp","href":"https:\/\/api.w.org\/{rel}","templated":true}]}}