{"id":2854,"date":"2017-12-30T21:04:53","date_gmt":"2017-12-30T21:04:53","guid":{"rendered":"http:\/\/biblian.is\/biblian\/speki-sal%c2%97mons-8-kafli\/"},"modified":"2017-12-30T21:04:55","modified_gmt":"2017-12-30T21:04:55","slug":"speki-salomons-8-kafli","status":"publish","type":"page","link":"https:\/\/biblian.is\/biblian\/speki-salomons-8-kafli\/","title":{"rendered":"Speki Sal\u00f3mons 8. kafli"},"content":{"rendered":"<p><span class=\"ljodatexti\"> <a name=\"1\"><span class=\"versanumer_ljod\">1<\/span><\/a>H\u00fan er voldug og n\u00e6r heimsenda \u00e1 milli <br \/>og skipar \u00f6llu haganlega. <\/span> <\/p>\n<h3 class=\"millifyrirsogn_2007\">Sal\u00f3mon f\u00e9kk \u00e1st \u00e1 spekinni<\/h3>\n<p><span class=\"ljodatexti\"> <a name=\"2\"><span class=\"versanumer_ljod\">2<\/span><\/a>\u00c9g f\u00e9kk \u00e1st \u00e1 henni og leita\u00f0i hennar fr\u00e1 \u00e6sku.<br \/>\u00c9g kosta\u00f0i kapps um a\u00f0 lei\u00f0a hana heim sem br\u00fa\u00f0i<br \/>og var\u00f0 hugfanginn af fegur\u00f0 hennar.<br \/> <\/span> <span class=\"ljodatexti\"> <a name=\"3\"><span class=\"versanumer_ljod\">3<\/span><\/a> Saml\u00edf vi\u00f0 Gu\u00f0 veitir \u00e6ttg\u00f6fgi hennar lj\u00f3ma<br \/>og Drottinn alls elskar hana.<br \/> <\/span> <span class=\"ljodatexti\"> <a name=\"4\"><span class=\"versanumer_ljod\">4<\/span><\/a> H\u00fan er innv\u00edg\u00f0 \u00ed leynda vitund Gu\u00f0s<br \/>og tekur \u00fe\u00e1tt \u00ed verkum hans.<br \/> <\/span> <span class=\"ljodatexti\"> <a name=\"5\"><span class=\"versanumer_ljod\">5<\/span><\/a> S\u00e9 au\u00f0ur \u00e6skilegt hnoss \u00ed l\u00edfinu,<br \/>hva\u00f0 er \u00fe\u00e1 d\u00fdrm\u00e6tara en spekin sem kemur \u00f6llu til lei\u00f0ar?<br \/> <\/span> <span class=\"ljodatexti\"> <a name=\"6\"><span class=\"versanumer_ljod\">6<\/span><\/a> F\u00e1i hyggindi nokkru \u00e1orka\u00f0,<br \/>hver \u00ed heimi tekur \u00fe\u00e1 snilli hennar fram?<br \/> <\/span> <span class=\"ljodatexti\"> <a name=\"7\"><span class=\"versanumer_ljod\">7<\/span><\/a> Ef einhver elskar r\u00e9ttv\u00edsi<br \/>\u00fe\u00e1 spretta mannkostir af erfi\u00f0i hennar.<br \/>H\u00fan kennir h\u00f3fsemi og hyggindi,<br \/>r\u00e9ttl\u00e6ti og hugpr\u00fd\u00f0i<br \/>en ekkert er m\u00f6nnum gagnlegra \u00ed l\u00edfinu.<br \/> <\/span> <span class=\"ljodatexti\"> <a name=\"8\"><span class=\"versanumer_ljod\">8<\/span><\/a> Ef einhver girnist mikla \u00feekkingu<br \/>\u00fe\u00e1 veit h\u00fan \u00fea\u00f0 sem li\u00f0i\u00f0 er og r\u00e6\u00f0ur \u00ed hi\u00f0 \u00f3komna.<br \/>H\u00fan ber skyn \u00e1 hi\u00f0 fornkve\u00f0na og leysir g\u00e1tur.<br \/>T\u00e1kn og undur veit h\u00fan fyrir<br \/>og endalok t\u00ed\u00f0a og t\u00edma.<br \/> <\/span> <span class=\"ljodatexti\"> <a name=\"9\"><span class=\"versanumer_ljod\">9<\/span><\/a> \u00c9g einsetti m\u00e9r \u00fev\u00ed a\u00f0 lei\u00f0a hana heim sem l\u00edfsf\u00f6runaut<br \/>\u00fev\u00ed a\u00f0 \u00e9g vissi a\u00f0 h\u00fan mundi reynast m\u00e9r r\u00e1\u00f0holl<br \/>og veita m\u00e9r upp\u00f6rvun \u00ed \u00e1hyggjum og sorg.<br \/> <\/span> <span class=\"ljodatexti\"> <a name=\"10\"><span class=\"versanumer_ljod\">10<\/span><\/a> H\u00fan mun afla m\u00e9r hr\u00f3ss me\u00f0al manna<br \/>og ungur a\u00f0 \u00e1rum n\u00fdt \u00e9g hei\u00f0urs hj\u00e1 \u00f6ldnum.<br \/> <\/span> <span class=\"ljodatexti\"> <a name=\"11\"><span class=\"versanumer_ljod\">11<\/span><\/a> \u00c9g mun reynast skarpvitur \u00ed d\u00f3mum<br \/>og ver\u00f0a d\u00e1sama\u00f0ur af h\u00f6f\u00f0ingjum.<br \/> <\/span> <span class=\"ljodatexti\"> <a name=\"12\"><span class=\"versanumer_ljod\">12<\/span><\/a> \u00deegi \u00e9g munu menn b\u00ed\u00f0a \u00feess a\u00f0 \u00e9g tali og gefa gaum a\u00f0 \u00feegar \u00e9g tala. <br \/>Haldi \u00e9g \u00e1fram a\u00f0 tala<br \/>hafa \u00feeir hlj\u00f3tt um sig.<br \/> <\/span> <span class=\"ljodatexti\"> <a name=\"13\"><span class=\"versanumer_ljod\">13<\/span><\/a> Sakir hennar mun \u00e9g \u00f3dau\u00f0leik hlj\u00f3ta<br \/>og l\u00e1ta ni\u00f0jum eftir \u00e6varandi or\u00f0st\u00edr.<br \/> <\/span> <span class=\"ljodatexti\"> <a name=\"14\"><span class=\"versanumer_ljod\">14<\/span><\/a> L\u00fd\u00f0um mun \u00e9g stj\u00f3rna og \u00fej\u00f3\u00f0ir munu m\u00e9r l\u00fata.<br \/> <\/span> <span class=\"ljodatexti\"> <a name=\"15\"><span class=\"versanumer_ljod\">15<\/span><\/a> Grimmir har\u00f0stj\u00f3rar munu skelfast er \u00feeir heyra m\u00edn geti\u00f0<br \/>en af al\u00fe\u00fd\u00f0u mun \u00e9g mildur \u00feykja en hraustur bardagama\u00f0ur. <br \/> <\/span> <span class=\"ljodatexti\"> <a name=\"16\"><span class=\"versanumer_ljod\">16<\/span><\/a> Heimkominn n\u00fdt \u00e9g hv\u00edldar hj\u00e1 henni <br \/>\u00fev\u00ed a\u00f0 engin beiskja er \u00ed samb\u00fa\u00f0 vi\u00f0 hana <br \/>n\u00e9 nein kv\u00f6l \u00ed saml\u00edfi vi\u00f0 hana <br \/>heldur a\u00f0eins yndi og \u00e1n\u00e6gja. <br \/> <\/span> <span class=\"ljodatexti\"> <a name=\"17\"><span class=\"versanumer_ljod\">17<\/span><\/a> Um \u00feetta hugsa\u00f0i \u00e9g me\u00f0 sj\u00e1lfum m\u00e9r <br \/>og \u00edhuga\u00f0i \u00ed hjarta m\u00ednu <br \/>a\u00f0 \u00f3dau\u00f0leiki felst \u00ed venslum vi\u00f0 spekina <br \/> <\/span> <span class=\"ljodatexti\"> <a name=\"18\"><span class=\"versanumer_ljod\">18<\/span><\/a> og una\u00f0sleg hamingja \u00ed vin\u00e1ttu hennar. <br \/>\u00d3\u00ferj\u00f3tandi au\u00f0ur f\u00e6st af i\u00f0ju hennar <br \/>og hyggindi af \u00fev\u00ed a\u00f0 eiga s\u00e1luf\u00e9lag vi\u00f0 hana. <br \/>Fr\u00e6g\u00f0 veitir a\u00f0 gefa sig a\u00f0 or\u00f0um hennar. <br \/>\u00de\u00e1 lag\u00f0i \u00e9g af sta\u00f0 til a\u00f0 hreppa hana. <br \/> <\/span> <span class=\"ljodatexti\"> <a name=\"19\"><span class=\"versanumer_ljod\">19<\/span><\/a> \u00c9g var ungur efnispiltur <br \/>og haf\u00f0i hloti\u00f0 g\u00f3\u00f0a s\u00e1l, <br \/> <\/span> <span class=\"ljodatexti\"> <a name=\"20\"><span class=\"versanumer_ljod\">20<\/span><\/a> e\u00f0a \u00f6llu heldur: \u00c9g var g\u00f3\u00f0ur og \u00fev\u00ed \u00f6\u00f0la\u00f0ist \u00e9g flekklausan l\u00edkama. <br \/> <\/span> <span class=\"ljodatexti\"> <a name=\"21\"><span class=\"versanumer_ljod\">21<\/span><\/a> En \u00e9g vissi a\u00f0 \u00e9g n\u00e6\u00f0i ekki t\u00f6kum \u00e1 spekinni nema Gu\u00f0 g\u00e6fi m\u00e9r hana <br \/>og \u00fea\u00f0 eru hyggindi fyrir sig a\u00f0 vita fr\u00e1 hverjum gj\u00f6fin kemur. <br \/>\u00dev\u00ed sneri \u00e9g m\u00e9r til Drottins og \u00e1kalla\u00f0i hann <br \/>og m\u00e6lti af einl\u00e6gu hjarta: <\/span> <\/p>\n","protected":false},"excerpt":{"rendered":"<p>1H\u00fan er voldug og n\u00e6r heimsenda \u00e1 milli og skipar \u00f6llu haganlega. Sal\u00f3mon f\u00e9kk \u00e1st \u00e1 spekinni 2\u00c9g f\u00e9kk \u00e1st \u00e1 henni og leita\u00f0i hennar fr\u00e1 \u00e6sku.\u00c9g kosta\u00f0i kapps um a\u00f0 lei\u00f0a hana heim sem br\u00fa\u00f0iog var\u00f0 hugfanginn af fegur\u00f0 hennar. 3 Saml\u00edf vi\u00f0 Gu\u00f0 veitir \u00e6ttg\u00f6fgi hennar lj\u00f3maog Drottinn alls elskar hana. 4 H\u00fan er innv\u00edg\u00f0 \u00ed leynda vitund Gu\u00f0sog tekur \u00fe\u00e1tt \u00ed verkum hans. 5 S\u00e9 au\u00f0ur \u00e6skilegt hnoss \u00ed l\u00edfinu,hva\u00f0 er \u00fe\u00e1 d\u00fdrm\u00e6tara en spekin sem kemur \u00f6llu til lei\u00f0ar? 6 F\u00e1i hyggindi nokkru \u00e1orka\u00f0,hver \u00ed heimi tekur \u00fe\u00e1 snilli hennar fram? 7 Ef einhver elskar r\u00e9ttv\u00edsi\u00fe\u00e1 <a href=\"https:\/\/biblian.is\/biblian\/speki-salomons-8-kafli\/\"> [&#8230;]<\/a><\/p>\n","protected":false},"author":1,"featured_media":0,"parent":0,"menu_order":0,"comment_status":"open","ping_status":"open","template":"bibliukaflar.php","meta":{"footnotes":""},"class_list":["post-2854","page","type-page","status-publish","hentry"],"_links":{"self":[{"href":"https:\/\/biblian.is\/biblian\/wp-json\/wp\/v2\/pages\/2854","targetHints":{"allow":["GET"]}}],"collection":[{"href":"https:\/\/biblian.is\/biblian\/wp-json\/wp\/v2\/pages"}],"about":[{"href":"https:\/\/biblian.is\/biblian\/wp-json\/wp\/v2\/types\/page"}],"author":[{"embeddable":true,"href":"https:\/\/biblian.is\/biblian\/wp-json\/wp\/v2\/users\/1"}],"replies":[{"embeddable":true,"href":"https:\/\/biblian.is\/biblian\/wp-json\/wp\/v2\/comments?post=2854"}],"version-history":[{"count":0,"href":"https:\/\/biblian.is\/biblian\/wp-json\/wp\/v2\/pages\/2854\/revisions"}],"wp:attachment":[{"href":"https:\/\/biblian.is\/biblian\/wp-json\/wp\/v2\/media?parent=2854"}],"curies":[{"name":"wp","href":"https:\/\/api.w.org\/{rel}","templated":true}]}}