{"id":2853,"date":"2017-12-30T21:04:53","date_gmt":"2017-12-30T21:04:53","guid":{"rendered":"http:\/\/biblian.is\/biblian\/speki-sal%c2%97mons-7-kafli\/"},"modified":"2018-01-16T02:05:05","modified_gmt":"2018-01-16T02:05:05","slug":"speki-salomons-7-kafli","status":"publish","type":"page","link":"https:\/\/biblian.is\/biblian\/speki-salomons-7-kafli\/","title":{"rendered":"Speki Sal\u00f3mons 7. kafli"},"content":{"rendered":"<h3 class=\"millifyrirsogn_2007\"> Sal\u00f3mon lofsyngur spekina<\/h3>\n<p><span class=\"ljodatexti\"><a name=\"1\"><span class=\"versanumer_ljod\">1<\/span><\/a>\u00c9g er l\u00edka dau\u00f0legur ma\u00f0ur eins og allir a\u00f0rir, <br \/> ni\u00f0ji \u00feess sem fyrstur var skapa\u00f0ur af j\u00f6r\u00f0u.<br \/>L\u00edkami minn m\u00f3ta\u00f0ist \u00ed m\u00f3\u00f0url\u00edfi<br \/> <\/span> <span class=\"ljodatexti\"> <a name=\"2\"><span class=\"versanumer_ljod\">2<\/span><\/a> \u00e1 t\u00edu m\u00e1nu\u00f0um. \u00c9g var\u00f0 til \u00ed bl\u00f3\u00f0i hennar <br \/>af s\u00e6\u00f0i karls \u00ed una\u00f0sv\u00edmu.<br \/> <\/span> <span class=\"ljodatexti\"> <a name=\"3\"><span class=\"versanumer_ljod\">3<\/span><\/a> \u00deegar \u00e9g f\u00e6ddist dr\u00f3 \u00e9g a\u00f0 m\u00e9r sama loft og a\u00f0rir,<br \/>var lag\u00f0ur \u00e1 s\u00f6mu j\u00f6r\u00f0ina og ber alla menn.<br \/>Eins og hj\u00e1 \u00f6llum \u00f6\u00f0rum var gr\u00e1tur fyrsta hlj\u00f3\u00f0i\u00f0<br \/>sem \u00e9g gaf fr\u00e1 m\u00e9r.<br \/> <\/span> <span class=\"ljodatexti\"> <a name=\"4\"><span class=\"versanumer_ljod\">4<\/span><\/a> Vafinn var \u00e9g reifum og a\u00f0 m\u00e9r hl\u00fa\u00f0 me\u00f0 umhyggju.<br \/> <\/span> <span class=\"ljodatexti\"> <a name=\"5\"><span class=\"versanumer_ljod\">5<\/span><\/a> Ekki einu sinni konungur hefur hafi\u00f0 feril sinn \u00e1 annan h\u00e1tt.<br \/> <\/span> <span class=\"ljodatexti\"> <a name=\"6\"><span class=\"versanumer_ljod\">6<\/span><\/a> Einn er vegur allra inn \u00ed l\u00edfi\u00f0 og s\u00f6m er lei\u00f0in \u00fat.<br \/> <\/span> <span class=\"ljodatexti\"> <a name=\"7\"><span class=\"versanumer_ljod\">7<\/span><\/a> \u00deess vegna ba\u00f0 \u00e9g Gu\u00f0 og hann gaf m\u00e9r hyggindi.<br \/>\u00c9g \u00e1kalla\u00f0i Gu\u00f0 og andi spekinnar kom til m\u00edn.<br \/> <\/span> <span class=\"ljodatexti\"> <a name=\"8\"><span class=\"versanumer_ljod\">8<\/span><\/a> \u00c9g mat spekina meir en veldissprota og h\u00e1s\u00e6ti.<br \/>\u00c9g haf\u00f0i au\u00f0\u00e6fi a\u00f0 engu \u00ed samanbur\u00f0i vi\u00f0 hana.<br \/> <\/span> <span class=\"ljodatexti\"> <a name=\"9\"><span class=\"versanumer_ljod\">9<\/span><\/a> Enginn \u00f3metanlegur e\u00f0alsteinn komst \u00ed samj\u00f6fnu\u00f0 vi\u00f0 hana<br \/>\u00fev\u00ed a\u00f0 allt gull er hj\u00e1 henni sem sandkorn<br \/>og silfur telst leir bori\u00f0 saman vi\u00f0 hana.<br \/> <\/span> <span class=\"ljodatexti\"> <a name=\"10\"><span class=\"versanumer_ljod\">10<\/span><\/a> \u00c9g unni henni meir en heilbrig\u00f0i og fegur\u00f0<br \/>og mat hana meir en dagsins lj\u00f3s<br \/>\u00fev\u00ed a\u00f0 skin hennar dv\u00edn aldrei.<br \/> <\/span> <span class=\"ljodatexti\"> <a name=\"11\"><span class=\"versanumer_ljod\">11<\/span><\/a> \u00d6ll g\u00e6\u00f0i komu til m\u00edn me\u00f0 henni<br \/>og \u00f3teljandi au\u00f0\u00e6fi voru \u00ed h\u00f6ndum hennar.<br \/> <\/span> <span class=\"ljodatexti\"> <a name=\"12\"><span class=\"versanumer_ljod\">12<\/span><\/a> Allt veitti \u00fea\u00f0 m\u00e9r gle\u00f0i sem spekin f\u00e6rir<br \/>en \u00e9g vissi ekki a\u00f0 h\u00fan var l\u00edka upphaf \u00feess.<br \/> <\/span> <span class=\"ljodatexti\"> <a name=\"13\"><span class=\"versanumer_ljod\">13<\/span><\/a> \u00c9g nam hana af heilum huga og mi\u00f0la henni f\u00faslega<br \/>en sting au\u00f0\u00e6fum hennar ekki undan.<br \/> <\/span> <span class=\"ljodatexti\"> <a name=\"14\"><span class=\"versanumer_ljod\">14<\/span><\/a> H\u00fan er m\u00f6nnum \u00f3\u00ferotlegur fj\u00e1rsj\u00f3\u00f0ur,<br \/>\u00feeir sem f\u00e6ra s\u00e9r hana \u00ed nyt \u00f6\u00f0last vin\u00e1ttu Gu\u00f0s. <br \/>Gjafirnar, sem fr\u00e6\u00f0slan veitir \u00feeim, sta\u00f0festa \u00fea\u00f0. <\/span> <\/p>\n<h3 class=\"millifyrirsogn_2007\">Gjafir spekinnar<\/h3>\n<p><span class=\"ljodatexti\"> <a name=\"15\"><span class=\"versanumer_ljod\">15<\/span><\/a>Gu\u00f0 gefi m\u00e9r a\u00f0 koma or\u00f0um a\u00f0 inns\u00e6i m\u00ednu,<br \/>a\u00f0 hugsun m\u00edn h\u00e6fi \u00fev\u00ed sem m\u00e9r er gefi\u00f0.<br \/>B\u00e6\u00f0i er hann s\u00e1 sem lei\u00f0ir til speki<br \/>og lei\u00f0beinir spekingum.<br \/> <\/span> <span class=\"ljodatexti\"> <a name=\"16\"><span class=\"versanumer_ljod\">16<\/span><\/a> \u00cd hendi hans erum v\u00e9r og or\u00f0 vor,<br \/>allt vort vit og verkleg mennt.<br \/> <\/span> <span class=\"ljodatexti\"> <a name=\"17\"><span class=\"versanumer_ljod\">17<\/span><\/a> Sj\u00e1lfur gaf hann m\u00e9r \u00f3brig\u00f0ula \u00feekkingu \u00e1 \u00f6llu,<br \/>a\u00f0 \u00feekkja byggingu heims og orku frumefnanna,<br \/> <\/span> <span class=\"ljodatexti\"> <a name=\"18\"><span class=\"versanumer_ljod\">18<\/span><\/a> upphaf, endi og mi\u00f0ju t\u00ed\u00f0anna,<br \/>breytingu s\u00f3largangs og \u00e1rst\u00ed\u00f0askipti,<br \/> <\/span> <span class=\"ljodatexti\"> <a name=\"19\"><span class=\"versanumer_ljod\">19<\/span><\/a> hringr\u00e1s \u00e1rsins og st\u00f6\u00f0u stjarna,<br \/> <\/span> <span class=\"ljodatexti\"> <a name=\"20\"><span class=\"versanumer_ljod\">20<\/span><\/a> l\u00edfsh\u00e1ttu d\u00fdranna og \u00e6\u00f0i villid\u00fdra,<br \/>kraft andanna og hugsanir manna,<br \/>tegundir jurtanna og undram\u00e1tt r\u00f3ta.<br \/> <\/span> <span class=\"ljodatexti\"> <a name=\"21\"><span class=\"versanumer_ljod\">21<\/span><\/a> Allt f\u00e9kk \u00e9g a\u00f0 \u00feekkja, b\u00e6\u00f0i \u00fea\u00f0 sem huli\u00f0 er og auglj\u00f3st.<br \/> <\/span> <span class=\"ljodatexti\"> <a name=\"22\"><span class=\"versanumer_ljod\">22<\/span><\/a> Spekin, sem allt hefur skapa\u00f0, kenndi m\u00e9r \u00fea\u00f0. <\/span> <\/p>\n<h3 class=\"millifyrirsogn_2007\">E\u00f0li spekinnar<\/h3>\n<p><span class=\"ljodatexti\"> \u00cd henni b\u00fdr andi, hann er vitur og heilagur,<br \/>einstakur, marg\u00fe\u00e6ttur, f\u00ednger\u00f0ur,<br \/>kvikur, sk\u00fdr, flekklaus,<br \/>t\u00e6r, \u00f3s\u00e6ranlegur, g\u00f3\u00f0f\u00fas, skarpur,<br \/> <\/span> <span class=\"ljodatexti\"> <a name=\"23\"><span class=\"versanumer_ljod\">23<\/span><\/a> \u00f3m\u00f3tst\u00e6\u00f0ilegur, g\u00f3\u00f0gjarn, \u00e1st\u00fa\u00f0legur m\u00f6nnum,<br \/>sta\u00f0fastur, \u00e6\u00f0rulaus, \u00f6ruggur,<br \/>alm\u00e1ttugur, alsj\u00e1andi<br \/>og streymir um alla anda,<br \/>hina vitrustu, hreinustu og f\u00ednger\u00f0ustu.<br \/> <\/span> <span class=\"ljodatexti\"> <a name=\"24\"><span class=\"versanumer_ljod\">24<\/span><\/a> Spekin er kvikari en allt sem hr\u00e6rist.<br \/>H\u00fan er hrein og sm\u00fdgur inn \u00ed allt og n\u00e6r til alls.<br \/> <\/span> <span class=\"ljodatexti\"> <a name=\"25\"><span class=\"versanumer_ljod\">25<\/span><\/a> H\u00fan er andbl\u00e6r alm\u00e1ttugs Gu\u00f0s<br \/>og streymir t\u00e6r fr\u00e1 d\u00fdr\u00f0 hins alvalda.<br \/>\u00deess vegna kemst ekkert \u00f3hreint a\u00f0 henni.<br \/> <\/span> <span class=\"ljodatexti\"> <a name=\"26\"><span class=\"versanumer_ljod\">26<\/span><\/a> H\u00fan er endurskin hins eil\u00edfa lj\u00f3ss,<br \/>n\u00e1kv\u00e6m eftirmynd verka Gu\u00f0s<br \/>og \u00edmynd g\u00e6sku hans.<br \/> <\/span> <span class=\"ljodatexti\"> <a name=\"27\"><span class=\"versanumer_ljod\">27<\/span><\/a> Ein er h\u00fan en megnar allt,<br \/>er sj\u00e1lfri s\u00e9r s\u00f6m en endurn\u00fdjar allt.<br \/>H\u00fan b\u00fdr s\u00e9r sta\u00f0 \u00ed helgum s\u00e1lum fr\u00e1 kyni til kyns<br \/>og m\u00f3tar sp\u00e1menn og vini Gu\u00f0s.<br \/> <\/span> <span class=\"ljodatexti\"> <a name=\"28\"><span class=\"versanumer_ljod\">28<\/span><\/a> Enda elskar Gu\u00f0 a\u00f0eins \u00feann sem er samvistum vi\u00f0 spekina.<br \/> <\/span> <span class=\"ljodatexti\"> <a name=\"29\"><span class=\"versanumer_ljod\">29<\/span><\/a> H\u00fan er d\u00fdrlegri en s\u00f3lin og ber af hverri stj\u00f6rnu.<br \/>Skin hennar er bjartara en dagsbirtan.<br \/> <\/span> <span class=\"ljodatexti\"> <a name=\"30\"><span class=\"versanumer_ljod\">30<\/span><\/a> \u00dev\u00ed a\u00f0 n\u00f3ttin tekur vi\u00f0 af dagsbirtunni<br \/>en vi\u00f0 spekinni m\u00e1 hi\u00f0 illa s\u00edn einskis. <\/span> <\/p>\n","protected":false},"excerpt":{"rendered":"<p>Sal\u00f3mon lofsyngur spekina 1\u00c9g er l\u00edka dau\u00f0legur ma\u00f0ur eins og allir a\u00f0rir, ni\u00f0ji \u00feess sem fyrstur var skapa\u00f0ur af j\u00f6r\u00f0u.L\u00edkami minn m\u00f3ta\u00f0ist \u00ed m\u00f3\u00f0url\u00edfi 2 \u00e1 t\u00edu m\u00e1nu\u00f0um. \u00c9g var\u00f0 til \u00ed bl\u00f3\u00f0i hennar af s\u00e6\u00f0i karls \u00ed una\u00f0sv\u00edmu. 3 \u00deegar \u00e9g f\u00e6ddist dr\u00f3 \u00e9g a\u00f0 m\u00e9r sama loft og a\u00f0rir,var lag\u00f0ur \u00e1 s\u00f6mu j\u00f6r\u00f0ina og ber alla menn.Eins og hj\u00e1 \u00f6llum \u00f6\u00f0rum var gr\u00e1tur fyrsta hlj\u00f3\u00f0i\u00f0sem \u00e9g gaf fr\u00e1 m\u00e9r. 4 Vafinn var \u00e9g reifum og a\u00f0 m\u00e9r hl\u00fa\u00f0 me\u00f0 umhyggju. 5 Ekki einu sinni konungur hefur hafi\u00f0 feril sinn \u00e1 annan h\u00e1tt. 6 Einn er vegur allra inn <a href=\"https:\/\/biblian.is\/biblian\/speki-salomons-7-kafli\/\"> [&#8230;]<\/a><\/p>\n","protected":false},"author":1,"featured_media":0,"parent":0,"menu_order":0,"comment_status":"open","ping_status":"open","template":"bibliukaflar.php","meta":{"footnotes":""},"class_list":["post-2853","page","type-page","status-publish","hentry"],"_links":{"self":[{"href":"https:\/\/biblian.is\/biblian\/wp-json\/wp\/v2\/pages\/2853","targetHints":{"allow":["GET"]}}],"collection":[{"href":"https:\/\/biblian.is\/biblian\/wp-json\/wp\/v2\/pages"}],"about":[{"href":"https:\/\/biblian.is\/biblian\/wp-json\/wp\/v2\/types\/page"}],"author":[{"embeddable":true,"href":"https:\/\/biblian.is\/biblian\/wp-json\/wp\/v2\/users\/1"}],"replies":[{"embeddable":true,"href":"https:\/\/biblian.is\/biblian\/wp-json\/wp\/v2\/comments?post=2853"}],"version-history":[{"count":0,"href":"https:\/\/biblian.is\/biblian\/wp-json\/wp\/v2\/pages\/2853\/revisions"}],"wp:attachment":[{"href":"https:\/\/biblian.is\/biblian\/wp-json\/wp\/v2\/media?parent=2853"}],"curies":[{"name":"wp","href":"https:\/\/api.w.org\/{rel}","templated":true}]}}