{"id":2852,"date":"2017-12-30T21:04:53","date_gmt":"2017-12-30T21:04:53","guid":{"rendered":"http:\/\/biblian.is\/biblian\/speki-sal%c2%97mons-6-kafli\/"},"modified":"2018-01-16T02:04:21","modified_gmt":"2018-01-16T02:04:21","slug":"speki-salomons-6-kafli","status":"publish","type":"page","link":"https:\/\/biblian.is\/biblian\/speki-salomons-6-kafli\/","title":{"rendered":"Speki Sal\u00f3mons 6. kafli"},"content":{"rendered":"<h3 class=\"millifyrirsogn_2007\"> \u00c1byrg\u00f0 valdhafa<\/h3>\n<p><span class=\"ljodatexti\"><a name=\"1\"><span class=\"versanumer_ljod\">1<\/span><\/a>Heyri\u00f0, \u00fe\u00e9r konungar, og skilji\u00f0.<br \/> Nemi\u00f0, \u00fe\u00e9r sem drottni\u00f0 um v\u00ed\u00f0a ver\u00f6ld.<br \/> <\/span> <span class=\"ljodatexti\"> <a name=\"2\"><span class=\"versanumer_ljod\">2<\/span><\/a> Hl\u00fd\u00f0i\u00f0 \u00e1, \u00fe\u00e9r sem r\u00edki\u00f0 yfir m\u00f6nnum,<br \/>\u00fe\u00e9r sem hreyki\u00f0 y\u00f0ur af fj\u00f6ld \u00feegna y\u00f0ar.<br \/> <\/span> <span class=\"ljodatexti\"> <a name=\"3\"><span class=\"versanumer_ljod\">3<\/span><\/a> Drottinn hefur veitt y\u00f0ur valdi\u00f0<br \/>og Hinn h\u00e6sti gefi\u00f0 y\u00f0ur r\u00edki\u00f0.<br \/>Hann mun rannsaka verk y\u00f0ar og grandsko\u00f0a r\u00e1\u00f0 y\u00f0ar.<br \/> <\/span> <span class=\"ljodatexti\"> <a name=\"4\"><span class=\"versanumer_ljod\">4<\/span><\/a> \u00de\u00e9r eru\u00f0 \u00fej\u00f3nar \u00ed r\u00edki hans en hafi\u00f0 ekki drottna\u00f0 r\u00e9ttl\u00e1tlega.<br \/>\u00de\u00e9r hafi\u00f0 ekki haldi\u00f0 l\u00f6gm\u00e1li\u00f0<br \/>og ekki breytt eftir vilja Gu\u00f0s.<br \/> <\/span> <span class=\"ljodatexti\"> <a name=\"5\"><span class=\"versanumer_ljod\">5<\/span><\/a> \u00d3v\u00e6nt og \u00f3gnandi mun hann standa andsp\u00e6nis y\u00f0ur.<br \/>V\u00e6g\u00f0arlaus d\u00f3mur mun ganga yfir valdhafana.<br \/> <\/span> <span class=\"ljodatexti\"> <a name=\"6\"><span class=\"versanumer_ljod\">6<\/span><\/a> Gu\u00f0 mun miskunna og fyrirgefa sm\u00e6lingjum<br \/>en voldugum ver\u00f0ur vald hans \u00f3\u00feyrmilegt.<br \/> <\/span> <span class=\"ljodatexti\"> <a name=\"7\"><span class=\"versanumer_ljod\">7<\/span><\/a> \u00dev\u00ed a\u00f0 s\u00e1 sem yfir \u00f6llum r\u00edkir fer ekki \u00ed manngreinar\u00e1lit<br \/>og er \u00f3feiminn vi\u00f0 steigurl\u00e6ti.<br \/>Hann hefur sj\u00e1lfur skapa\u00f0 h\u00e1an og l\u00e1gan<br \/>og elur jafnt \u00f6nn fyrir \u00f6llum.<br \/> <\/span> <span class=\"ljodatexti\"> <a name=\"8\"><span class=\"versanumer_ljod\">8<\/span><\/a> En hinna voldugu b\u00ed\u00f0ur str\u00f6ng ranns\u00f3kn.<br \/> <\/span> <span class=\"ljodatexti\"> <a name=\"9\"><span class=\"versanumer_ljod\">9<\/span><\/a> Til y\u00f0ar, \u00fe\u00e9r einvaldar, beini \u00e9g n\u00fa m\u00e1li m\u00ednu<br \/>svo a\u00f0 \u00fe\u00e9r nemi\u00f0 speki og hrasi\u00f0 ekki.<br \/> <\/span> <span class=\"ljodatexti\"> <a name=\"10\"><span class=\"versanumer_ljod\">10<\/span><\/a> \u00deeir sem halda heilagt l\u00f6gm\u00e1l Gu\u00f0s munu heilagir ver\u00f0a,<br \/>\u00feeim sem hafa numi\u00f0 \u00fea\u00f0 mun varnar au\u00f0i\u00f0.<br \/> <\/span> <span class=\"ljodatexti\"> <a name=\"11\"><span class=\"versanumer_ljod\">11<\/span><\/a> Veri\u00f0 \u00fev\u00ed s\u00f3lgnir \u00ed or\u00f0 m\u00edn<br \/>og girnist \u00feau og \u00fe\u00e9r munu\u00f0 fr\u00e6\u00f0slu f\u00e1. <\/span> <\/p>\n<h3 class=\"millifyrirsogn_2007\">Gildi spekinnar<\/h3>\n<p><span class=\"ljodatexti\"> <a name=\"12\"><span class=\"versanumer_ljod\">12<\/span><\/a>Lj\u00f3mandi er spekin og \u00f3f\u00f6lnandi,<br \/>au\u00f0\u00feekkt \u00feeim sem elska hana<br \/>og au\u00f0fundin \u00feeim er leita hennar.<br \/> <\/span> <span class=\"ljodatexti\"> <a name=\"13\"><span class=\"versanumer_ljod\">13<\/span><\/a> A\u00f0 fyrra brag\u00f0i birtist h\u00fan \u00feeim sem \u00fer\u00e1 hana.<br \/> <\/span> <span class=\"ljodatexti\"> <a name=\"14\"><span class=\"versanumer_ljod\">14<\/span><\/a> S\u00e1 sem \u00e1rla r\u00eds til a\u00f0 leita hennar \u00fearf ekki a\u00f0 erfi\u00f0a<br \/>\u00fev\u00ed hann finnur hana sitjandi vi\u00f0 dyrnar.<br \/> <\/span> <span class=\"ljodatexti\"> <a name=\"15\"><span class=\"versanumer_ljod\">15<\/span><\/a> \u00dea\u00f0 eitt a\u00f0 hugsa um hana eru fullkomin hyggindi.<br \/>S\u00e1 sem vakir hennar vegna ver\u00f0ur skj\u00f3tt \u00e1hyggjulaus.<br \/> <\/span> <span class=\"ljodatexti\"> <a name=\"16\"><span class=\"versanumer_ljod\">16<\/span><\/a> Sj\u00e1lf fer h\u00fan um og leitar \u00feeirra sem eru hennar ver\u00f0ir.<br \/>H\u00fan birtist \u00feeim hli\u00f0holl hvar sem \u00feeir fara<br \/>og kemur \u00e6t\u00ed\u00f0 til m\u00f3ts vi\u00f0 \u00fe\u00e1 \u00feegar \u00feeir hugsa um hana.<br \/> <\/span> <span class=\"ljodatexti\"> <a name=\"17\"><span class=\"versanumer_ljod\">17<\/span><\/a> Einl\u00e6g \u00fer\u00e1 eftir fr\u00e6\u00f0slu er upphaf spekinnar. <br \/> <\/span> <span class=\"ljodatexti\"> <a name=\"18\"><span class=\"versanumer_ljod\">18<\/span><\/a> Vi\u00f0leitni til a\u00f0 fr\u00e6\u00f0ast er a\u00f0 elska hana. <br \/>A\u00f0 elska hana er a\u00f0 halda bo\u00f0 hennar. <br \/>A\u00f0 halda bo\u00f0 hennar tryggir \u00f3dau\u00f0leika. <br \/> <\/span> <span class=\"ljodatexti\"> <a name=\"19\"><span class=\"versanumer_ljod\">19<\/span><\/a> \u00d3dau\u00f0leikinn f\u00e6rir mann \u00ed n\u00e1nd vi\u00f0 Gu\u00f0. <br \/> <\/span> <span class=\"ljodatexti\"> <a name=\"20\"><span class=\"versanumer_ljod\">20<\/span><\/a> \u00deannig lei\u00f0ir \u00fer\u00e1 eftir speki til konungd\u00f3ms. <br \/> <\/span> <span class=\"ljodatexti\"> <a name=\"21\"><span class=\"versanumer_ljod\">21<\/span><\/a> Fyrst \u00fe\u00e9r einvaldar d\u00e1i\u00f0 h\u00e1s\u00e6ti og veldissprota <br \/>skulu\u00f0 \u00fe\u00e9r hafa spekina \u00ed h\u00e1vegum, \u00fe\u00e1 munu\u00f0 \u00fe\u00e9r r\u00edkja um aldur. <br \/> <\/span> <span class=\"ljodatexti\"> <a name=\"22\"><span class=\"versanumer_ljod\">22<\/span><\/a> \u00c9g skal kunngj\u00f6ra hva\u00f0 spekin er og hvernig h\u00fan er til or\u00f0in <br \/>og eigi dylja neina leyndard\u00f3ma fyrir y\u00f0ur <br \/>heldur rekja spor hennar fr\u00e1 upphafi sk\u00f6punar, <br \/>gera \u00feekkingu \u00e1 henni lj\u00f3sa <br \/>og \u00ed engu hvika fr\u00e1 sannleikanum. <br \/> <\/span> <span class=\"ljodatexti\"> <a name=\"23\"><span class=\"versanumer_ljod\">23<\/span><\/a> Ekki \u00e1 \u00e9g samlei\u00f0 me\u00f0 t\u00e6randi \u00f6fundinni <br \/>\u00fev\u00ed a\u00f0 h\u00fan \u00e1 ekkert sameiginlegt me\u00f0 spekinni. <br \/> <\/span> <span class=\"ljodatexti\"> <a name=\"24\"><span class=\"versanumer_ljod\">24<\/span><\/a> Nei, margir spekingar eru heiminum hj\u00e1lpr\u00e1\u00f0 <br \/>og hygginn konungur er \u00fej\u00f3\u00f0arheill. <br \/> <\/span> <span class=\"ljodatexti\"> <a name=\"25\"><span class=\"versanumer_ljod\">25<\/span><\/a> L\u00e1ti\u00f0 \u00fev\u00ed fr\u00e6\u00f0ast af or\u00f0um m\u00ednum, \u00fea\u00f0 mun y\u00f0ur a\u00f0 gagni koma. <\/span> <\/p>\n","protected":false},"excerpt":{"rendered":"<p>\u00c1byrg\u00f0 valdhafa 1Heyri\u00f0, \u00fe\u00e9r konungar, og skilji\u00f0. Nemi\u00f0, \u00fe\u00e9r sem drottni\u00f0 um v\u00ed\u00f0a ver\u00f6ld. 2 Hl\u00fd\u00f0i\u00f0 \u00e1, \u00fe\u00e9r sem r\u00edki\u00f0 yfir m\u00f6nnum,\u00fe\u00e9r sem hreyki\u00f0 y\u00f0ur af fj\u00f6ld \u00feegna y\u00f0ar. 3 Drottinn hefur veitt y\u00f0ur valdi\u00f0og Hinn h\u00e6sti gefi\u00f0 y\u00f0ur r\u00edki\u00f0.Hann mun rannsaka verk y\u00f0ar og grandsko\u00f0a r\u00e1\u00f0 y\u00f0ar. 4 \u00de\u00e9r eru\u00f0 \u00fej\u00f3nar \u00ed r\u00edki hans en hafi\u00f0 ekki drottna\u00f0 r\u00e9ttl\u00e1tlega.\u00de\u00e9r hafi\u00f0 ekki haldi\u00f0 l\u00f6gm\u00e1li\u00f0og ekki breytt eftir vilja Gu\u00f0s. 5 \u00d3v\u00e6nt og \u00f3gnandi mun hann standa andsp\u00e6nis y\u00f0ur.V\u00e6g\u00f0arlaus d\u00f3mur mun ganga yfir valdhafana. 6 Gu\u00f0 mun miskunna og fyrirgefa sm\u00e6lingjumen voldugum ver\u00f0ur vald hans \u00f3\u00feyrmilegt. 7 \u00dev\u00ed a\u00f0 s\u00e1 sem <a href=\"https:\/\/biblian.is\/biblian\/speki-salomons-6-kafli\/\"> [&#8230;]<\/a><\/p>\n","protected":false},"author":1,"featured_media":0,"parent":0,"menu_order":0,"comment_status":"open","ping_status":"open","template":"bibliukaflar.php","meta":{"footnotes":""},"class_list":["post-2852","page","type-page","status-publish","hentry"],"_links":{"self":[{"href":"https:\/\/biblian.is\/biblian\/wp-json\/wp\/v2\/pages\/2852","targetHints":{"allow":["GET"]}}],"collection":[{"href":"https:\/\/biblian.is\/biblian\/wp-json\/wp\/v2\/pages"}],"about":[{"href":"https:\/\/biblian.is\/biblian\/wp-json\/wp\/v2\/types\/page"}],"author":[{"embeddable":true,"href":"https:\/\/biblian.is\/biblian\/wp-json\/wp\/v2\/users\/1"}],"replies":[{"embeddable":true,"href":"https:\/\/biblian.is\/biblian\/wp-json\/wp\/v2\/comments?post=2852"}],"version-history":[{"count":0,"href":"https:\/\/biblian.is\/biblian\/wp-json\/wp\/v2\/pages\/2852\/revisions"}],"wp:attachment":[{"href":"https:\/\/biblian.is\/biblian\/wp-json\/wp\/v2\/media?parent=2852"}],"curies":[{"name":"wp","href":"https:\/\/api.w.org\/{rel}","templated":true}]}}