{"id":2851,"date":"2017-12-30T21:04:53","date_gmt":"2017-12-30T21:04:53","guid":{"rendered":"http:\/\/biblian.is\/biblian\/speki-sal%c2%97mons-5-kafli\/"},"modified":"2017-12-30T21:04:55","modified_gmt":"2017-12-30T21:04:55","slug":"speki-salomons-5-kafli","status":"publish","type":"page","link":"https:\/\/biblian.is\/biblian\/speki-salomons-5-kafli\/","title":{"rendered":"Speki Sal\u00f3mons 5. kafli"},"content":{"rendered":"<h3 class=\"millifyrirsogn_2007\"> I\u00f0run hinna gu\u00f0lausu<\/h3>\n<p><span class=\"ljodatexti\"> <a name=\"1\"><span class=\"versanumer_ljod\">1<\/span><\/a>\u00de\u00e1 mun hinn r\u00e9ttl\u00e1ti standa me\u00f0 mikilli einur\u00f0<br \/>frammi fyrir \u00feeim er \u00fej\u00f6ku\u00f0u hann<br \/>og virtu erfi\u00f0i hans einskis.<br \/> <\/span> <span class=\"ljodatexti\"> <a name=\"2\"><span class=\"versanumer_ljod\">2<\/span><\/a> \u00deegar \u00feeir sj\u00e1 hann ver\u00f0a \u00feeir skelfingu<br \/>og fur\u00f0u lostnir \u00e1 \u00f3skiljanlegu hj\u00e1lpr\u00e6\u00f0i hans.<br \/> <\/span> <span class=\"ljodatexti\"> <a name=\"3\"><span class=\"versanumer_ljod\">3<\/span><\/a> I\u00f0randi munu \u00feeir segja vi\u00f0 sj\u00e1lfa sig<br \/>og andvarpa \u00ed s\u00e1larangist:<br \/> <\/span> <span class=\"ljodatexti\"> <a name=\"4\"><span class=\"versanumer_ljod\">4<\/span><\/a> \u201e\u00deetta er s\u00e1 sem v\u00e9r heimskingjarnir h\u00e6ddumst a\u00f0 fyrrum<br \/>og h\u00f6f\u00f0um a\u00f0 h\u00e1\u00f0i og spotti.<br \/>V\u00e9r t\u00f6ldum l\u00edferni hans f\u00e1sinnu <br \/>og endalok hans sm\u00e1narleg.<br \/> <\/span> <span class=\"ljodatexti\"> <a name=\"5\"><span class=\"versanumer_ljod\">5<\/span><\/a> Af hverju telst hann n\u00fa til barna Gu\u00f0s<br \/>og hefur \u00f6\u00f0last hlutskipti me\u00f0 heil\u00f6gum?<br \/> <\/span> <span class=\"ljodatexti\"> <a name=\"6\"><span class=\"versanumer_ljod\">6<\/span><\/a> V\u00e9r h\u00f6fum \u00fe\u00e1 villst af vegi sannleikans,<br \/>lj\u00f3s r\u00e9ttl\u00e6tisins hefur ekki l\u00fdst oss<br \/>og s\u00f3lin hefur aldrei runni\u00f0 upp yfir oss.<br \/> <\/span> <span class=\"ljodatexti\"> <a name=\"7\"><span class=\"versanumer_ljod\">7<\/span><\/a> V\u00e9r fl\u00e6ktum oss \u00ed \u00feistlum l\u00f6gleysis og gl\u00f6tunar<br \/>og v\u00e9r eigru\u00f0um um veglaus \u00f6r\u00e6fi,<br \/>en veg Drottins \u00feekktum v\u00e9r eigi.<br \/> <\/span> <span class=\"ljodatexti\"> <a name=\"8\"><span class=\"versanumer_ljod\">8<\/span><\/a> Hva\u00f0a gagn hefur drambi\u00f0 unni\u00f0 oss?<br \/>Hva\u00f0 hefur au\u00f0ur og ofl\u00e6ti f\u00e6rt oss?<br \/> <\/span> <span class=\"ljodatexti\"> <a name=\"9\"><span class=\"versanumer_ljod\">9<\/span><\/a> Allt er \u00fea\u00f0 li\u00f0i\u00f0 hj\u00e1 eins og skuggi,<br \/>eins og fregn sem \u00fe\u00fdtur hj\u00e1<br \/> <\/span> <span class=\"ljodatexti\"> <a name=\"10\"><span class=\"versanumer_ljod\">10<\/span><\/a> e\u00f0a skip sem kl\u00fdfur b\u00e1rufalda,<br \/>sl\u00f3\u00f0 \u00feess finnst ekki,<br \/>ekkert kj\u00f6lfar \u00ed \u00f6ldunum.<br \/> <\/span> <span class=\"ljodatexti\"> <a name=\"11\"><span class=\"versanumer_ljod\">11<\/span><\/a> E\u00f0a eins og fugl fl\u00fdgur um lofti\u00f0<br \/>og enginn s\u00e9r merki flugsins.<br \/>Hann br\u00fdtur s\u00e9r lei\u00f0 me\u00f0 v\u00e6ngjasl\u00f6gum sem b\u00e6ra l\u00e9ttan bl\u00e6inn. <br \/>Hann kl\u00fdfur lofti\u00f0 me\u00f0 sterkum \u00feyt blakandi v\u00e6ngja, <br \/>en s\u00ed\u00f0an sj\u00e1st engin merki \u00feess a\u00f0 um lofti\u00f0 var fari\u00f0. <br \/> <\/span> <span class=\"ljodatexti\"> <a name=\"12\"><span class=\"versanumer_ljod\">12<\/span><\/a> E\u00f0a \u00feegar \u00f6r er skoti\u00f0 a\u00f0 marki, <br \/>lofti\u00f0 klofnar og rennur saman \u00e1 n\u00fd <br \/>og enginn veit hvar \u00f6rin fl\u00f3. <br \/> <\/span> <span class=\"ljodatexti\"> <a name=\"13\"><span class=\"versanumer_ljod\">13<\/span><\/a> \u00deannig erum v\u00e9r. N\u00fdf\u00e6ddir erum v\u00e9r horfnir <br \/>og getum ekki s\u00fdnt nein merki um dr\u00fdg\u00f0ar d\u00e1\u00f0ir <br \/>heldur t\u00e6r\u00f0umst v\u00e9r upp \u00ed illri breytni.\u201c<br \/> <\/span> <span class=\"ljodatexti\"> <a name=\"14\"><span class=\"versanumer_ljod\">14<\/span><\/a> Von hins gu\u00f0lausa er sem s\u00e1\u00f0 er hrekst fyrir vindi,<br \/>eins og sk\u00fam sem stormur feykir<br \/>e\u00f0a reykur sem vindur dreifir<br \/>og hverfur eins og minning um n\u00e6turgest. <\/span> <\/p>\n<h3 class=\"millifyrirsogn_2007\">Umbun r\u00e9ttl\u00e1tra, hegning gu\u00f0lausra<\/h3>\n<p><span class=\"ljodatexti\"> <a name=\"15\"><span class=\"versanumer_ljod\">15<\/span><\/a>En r\u00e9ttl\u00e1tir lifa um aldur. <br \/>Laun \u00feeirra eru hj\u00e1 Drottni<br \/>og Hinn h\u00e6sti annast um \u00fe\u00e1.<br \/> <\/span> <span class=\"ljodatexti\"> <a name=\"16\"><span class=\"versanumer_ljod\">16<\/span><\/a> \u00deess vegna munu \u00feeir hlj\u00f3ta sk\u00ednandi konungsk\u00f3r\u00f3nu<br \/>og tignarlegt h\u00f6fu\u00f0dj\u00e1sn \u00far hendi Drottins.<br \/>Hann mun sk\u00fdla \u00feeim me\u00f0 h\u00e6gri hendi<br \/>og hl\u00edfa \u00feeim me\u00f0 armi s\u00ednum.<br \/> <\/span> <span class=\"ljodatexti\"> <a name=\"17\"><span class=\"versanumer_ljod\">17<\/span><\/a> Hann mun b\u00faast heilagri rei\u00f0i<br \/>og herv\u00e6\u00f0a sk\u00f6punina til varnar gegn \u00f3vinum.<br \/> <\/span> <span class=\"ljodatexti\"> <a name=\"18\"><span class=\"versanumer_ljod\">18<\/span><\/a> Hann mun kl\u00e6\u00f0ast brynju r\u00e9ttl\u00e6tis <br \/>og setja upp hispurslausan d\u00f3m sem hj\u00e1lm<br \/> <\/span> <span class=\"ljodatexti\"> <a name=\"19\"><span class=\"versanumer_ljod\">19<\/span><\/a> og taka \u00f3sigrandi heilagleikann a\u00f0 skildi.<br \/> <\/span> <span class=\"ljodatexti\"> <a name=\"20\"><span class=\"versanumer_ljod\">20<\/span><\/a> \u00dar br\u00e1\u00f0ri rei\u00f0i mun hann sm\u00ed\u00f0a hvasst sver\u00f0<br \/>og heimurinn mun fylgja honum \u00ed herf\u00f6r gegn f\u00e1v\u00edsum.<br \/> <\/span> <span class=\"ljodatexti\"> <a name=\"21\"><span class=\"versanumer_ljod\">21<\/span><\/a> Eldingar munu \u00fej\u00f3ta sem \u00f3skeikular \u00f6rvar<br \/>og flj\u00faga til marks eins og skoti\u00f0 af \u00fe\u00f6ndum sk\u00fdjaboga.<br \/> <\/span> <span class=\"ljodatexti\"> <a name=\"22\"><span class=\"versanumer_ljod\">22<\/span><\/a> Haglhr\u00ed\u00f0in mun dynja eins og steinum v\u00e6ri sl\u00f6ngva\u00f0 \u00ed br\u00e6\u00f0i. <br \/>V\u00f6tn sj\u00e1varins munu \u00e6\u00f0a \u00ed gegn \u00feeim <br \/>og holskeflur steypast yfir \u00fe\u00e1 \u00e1n miskunnar. <br \/> <\/span> <span class=\"ljodatexti\"> <a name=\"23\"><span class=\"versanumer_ljod\">23<\/span><\/a> M\u00e1ttugur andinn mun standa \u00ed gegn \u00feeim <br \/>og feykja \u00feeim burt eins og ofvi\u00f0ri. <br \/>\u00deannig mun l\u00f6gleysi\u00f0 leggja gj\u00f6rvalla j\u00f6r\u00f0ina \u00ed au\u00f0n <br \/>og illgj\u00f6r\u00f0ir steypa h\u00e1s\u00e6tum hinna voldugu. <\/span> <\/p>\n","protected":false},"excerpt":{"rendered":"<p>I\u00f0run hinna gu\u00f0lausu 1\u00de\u00e1 mun hinn r\u00e9ttl\u00e1ti standa me\u00f0 mikilli einur\u00f0frammi fyrir \u00feeim er \u00fej\u00f6ku\u00f0u hannog virtu erfi\u00f0i hans einskis. 2 \u00deegar \u00feeir sj\u00e1 hann ver\u00f0a \u00feeir skelfinguog fur\u00f0u lostnir \u00e1 \u00f3skiljanlegu hj\u00e1lpr\u00e6\u00f0i hans. 3 I\u00f0randi munu \u00feeir segja vi\u00f0 sj\u00e1lfa sigog andvarpa \u00ed s\u00e1larangist: 4 \u201e\u00deetta er s\u00e1 sem v\u00e9r heimskingjarnir h\u00e6ddumst a\u00f0 fyrrumog h\u00f6f\u00f0um a\u00f0 h\u00e1\u00f0i og spotti.V\u00e9r t\u00f6ldum l\u00edferni hans f\u00e1sinnu og endalok hans sm\u00e1narleg. 5 Af hverju telst hann n\u00fa til barna Gu\u00f0sog hefur \u00f6\u00f0last hlutskipti me\u00f0 heil\u00f6gum? 6 V\u00e9r h\u00f6fum \u00fe\u00e1 villst af vegi sannleikans,lj\u00f3s r\u00e9ttl\u00e6tisins hefur ekki l\u00fdst ossog s\u00f3lin hefur aldrei runni\u00f0 upp <a href=\"https:\/\/biblian.is\/biblian\/speki-salomons-5-kafli\/\"> [&#8230;]<\/a><\/p>\n","protected":false},"author":1,"featured_media":0,"parent":0,"menu_order":0,"comment_status":"open","ping_status":"open","template":"bibliukaflar.php","meta":{"footnotes":""},"class_list":["post-2851","page","type-page","status-publish","hentry"],"_links":{"self":[{"href":"https:\/\/biblian.is\/biblian\/wp-json\/wp\/v2\/pages\/2851","targetHints":{"allow":["GET"]}}],"collection":[{"href":"https:\/\/biblian.is\/biblian\/wp-json\/wp\/v2\/pages"}],"about":[{"href":"https:\/\/biblian.is\/biblian\/wp-json\/wp\/v2\/types\/page"}],"author":[{"embeddable":true,"href":"https:\/\/biblian.is\/biblian\/wp-json\/wp\/v2\/users\/1"}],"replies":[{"embeddable":true,"href":"https:\/\/biblian.is\/biblian\/wp-json\/wp\/v2\/comments?post=2851"}],"version-history":[{"count":0,"href":"https:\/\/biblian.is\/biblian\/wp-json\/wp\/v2\/pages\/2851\/revisions"}],"wp:attachment":[{"href":"https:\/\/biblian.is\/biblian\/wp-json\/wp\/v2\/media?parent=2851"}],"curies":[{"name":"wp","href":"https:\/\/api.w.org\/{rel}","templated":true}]}}