{"id":2850,"date":"2017-12-30T21:04:53","date_gmt":"2017-12-30T21:04:53","guid":{"rendered":"http:\/\/biblian.is\/biblian\/speki-sal%c2%97mons-4-kafli\/"},"modified":"2018-01-16T02:03:16","modified_gmt":"2018-01-16T02:03:16","slug":"speki-salomons-4-kafli","status":"publish","type":"page","link":"https:\/\/biblian.is\/biblian\/speki-salomons-4-kafli\/","title":{"rendered":"Speki Sal\u00f3mons 4. kafli"},"content":{"rendered":"<p><span class=\"ljodatexti\"><a name=\"1\"><span class=\"versanumer_ljod\">1<\/span><\/a>Betra en \u00feetta er barnleysi \u00ed dyg\u00f0.<br \/> Or\u00f0st\u00edr dyg\u00f0ar deyr aldrei.<br \/>B\u00e6\u00f0i Gu\u00f0 og menn vir\u00f0a hana.<br \/> <\/span> <span class=\"ljodatexti\"> <a name=\"2\"><span class=\"versanumer_ljod\">2<\/span><\/a> Me\u00f0an h\u00fan er n\u00e1l\u00e6g l\u00edkja menn eftir henni<br \/>og sakna hennar \u00feegar h\u00fan er fjarri.<br \/>\u00cd eil\u00edf\u00f0inni ber h\u00fan sigursveig<br \/>eftir unninn kappleik um flekklaus ver\u00f0laun.<br \/> <\/span> <span class=\"ljodatexti\"> <a name=\"3\"><span class=\"versanumer_ljod\">3<\/span><\/a> Gu\u00f0lausum er barnamerg\u00f0 til einskis gagns.<br \/>Galla\u00f0ir kvistir skj\u00f3ta ekki dj\u00fapum r\u00f3tum<br \/>og n\u00e1 ekki tryggri festu.<br \/> <\/span> <span class=\"ljodatexti\"> <a name=\"4\"><span class=\"versanumer_ljod\">4<\/span><\/a> \u00de\u00f3tt \u00feeir vaxi um stund og myndi greinar<br \/>standa \u00feeir \u00f3st\u00f6\u00f0ugir og skekjast af vindi<br \/>og sterkur stormur r\u00edfur \u00fe\u00e1 upp me\u00f0 r\u00f3tum.<br \/> <\/span> <span class=\"ljodatexti\"> <a name=\"5\"><span class=\"versanumer_ljod\">5<\/span><\/a> Greinarnar brotna \u00e1\u00f0ur en \u00fe\u00e6r n\u00e1 \u00feroska,<br \/>\u00e1v\u00f6xturinn er \u00f3n\u00fdtur og \u00f3\u00e6tur og til einskis h\u00e6fur.<br \/> <\/span> <span class=\"ljodatexti\"> <a name=\"6\"><span class=\"versanumer_ljod\">6<\/span><\/a> B\u00f6rn sem getin eru \u00ed \u00f3heimilu sambandi<br \/>bera vitni vi\u00f0 ranns\u00f3knina um rangindi foreldra sinna. <\/span> <\/p>\n<h3 class=\"millifyrirsogn_2007\">R\u00e9ttl\u00e6ti tekur langl\u00edfi fram<\/h3>\n<p><span class=\"ljodatexti\"> <a name=\"7\"><span class=\"versanumer_ljod\">7<\/span><\/a>En hinn r\u00e9ttl\u00e1ti mun hv\u00edla \u00ed r\u00f3 \u00fe\u00f3tt hann deyi fyrir aldur fram. <br \/> <\/span> <span class=\"ljodatexti\"> <a name=\"8\"><span class=\"versanumer_ljod\">8<\/span><\/a> \u00c6ruver\u00f0 elli felst ekki \u00ed lengd l\u00edfdaga, <br \/>h\u00fan er ekki talin \u00ed \u00e1rum. <br \/> <\/span> <span class=\"ljodatexti\"> <a name=\"9\"><span class=\"versanumer_ljod\">9<\/span><\/a> \u00dea\u00f0 er viskan sem er m\u00f6nnunum h\u00e6rur <br \/>og flekklaust l\u00edferni hin r\u00e9tta elli. <br \/> <\/span> <span class=\"ljodatexti\"> <a name=\"10\"><span class=\"versanumer_ljod\">10<\/span><\/a> Hinn r\u00e9ttl\u00e1ti var \u00feekkur Gu\u00f0i og elska\u00f0ur af honum. <br \/>Gu\u00f0 t\u00f3k hann til s\u00edn \u00fear e\u00f0 hann lif\u00f0i me\u00f0al syndugra. <br \/> <\/span> <span class=\"ljodatexti\"> <a name=\"11\"><span class=\"versanumer_ljod\">11<\/span><\/a> Hann var hrifinn brott til \u00feess a\u00f0 illskan spillti ekki skilningi hans <br \/>og svikin t\u00e6ldu ekki s\u00e1l hans. <br \/> <\/span> <span class=\"ljodatexti\"> <a name=\"12\"><span class=\"versanumer_ljod\">12<\/span><\/a> \u00dev\u00ed a\u00f0 v\u00e9labr\u00f6g\u00f0 vonskunnar afskr\u00e6ma hi\u00f0 fagra <br \/>og v\u00edma girndanna spillir saklausu sinni. <br \/> <\/span> <span class=\"ljodatexti\"> <a name=\"13\"><span class=\"versanumer_ljod\">13<\/span><\/a> Vi\u00f0 lei\u00f0arlok haf\u00f0i hann lifa\u00f0 langa \u00e6vi \u00e1 sk\u00f6mmum t\u00edma. <br \/> <\/span> <span class=\"ljodatexti\"> <a name=\"14\"><span class=\"versanumer_ljod\">14<\/span><\/a> S\u00e1l hans var Drottni \u00feekk, <br \/>\u00fev\u00ed f\u00e9kk hann a\u00f0 losna flj\u00f3tt fr\u00e1 illskunni. <br \/>F\u00f3lki\u00f0, sem s\u00e1 \u00fea\u00f0, skildi ekki <br \/>og leiddi ekki a\u00f0 \u00fev\u00ed hugann. <br \/> <\/span> <span class=\"ljodatexti\"> <a name=\"15\"><span class=\"versanumer_ljod\">15<\/span><\/a> Gu\u00f0 veitir s\u00ednum \u00fatv\u00f6ldu n\u00e1\u00f0 og miskunn <br \/>og vitjar sinna heil\u00f6gu. <br \/> <\/span> <span class=\"ljodatexti\"> <a name=\"16\"><span class=\"versanumer_ljod\">16<\/span><\/a> Hinn r\u00e9ttl\u00e1ti, sem d\u00e1inn er, mun d\u00e6ma \u00fe\u00e1 \u00f3gu\u00f0legu sem \u00e1 l\u00edfi eru. <br \/>S\u00e1 sem deyr fyrir aldur fram mun d\u00e6ma rangl\u00e1tan \u00f6ldung sem h\u00e6rur ber. <br \/> <\/span> <span class=\"ljodatexti\"> <a name=\"17\"><span class=\"versanumer_ljod\">17<\/span><\/a> \u00deeir munu sj\u00e1 endalok hins hyggna <br \/>\u00e1n \u00feess a\u00f0 skilja hva\u00f0 Drottinn haf\u00f0i \u00ed hyggju me\u00f0 hann <br \/>e\u00f0a hvers vegna hann ger\u00f0i hann \u00f3hultan. <br \/> <\/span> <span class=\"ljodatexti\"> <a name=\"18\"><span class=\"versanumer_ljod\">18<\/span><\/a> \u00deeir sj\u00e1 \u00fea\u00f0 og hafa a\u00f0 engu <br \/>en Drottinn mun hl\u00e6ja a\u00f0 \u00feeim.<br \/> <\/span> <span class=\"ljodatexti\"> <a name=\"19\"><span class=\"versanumer_ljod\">19<\/span><\/a> S\u00ed\u00f0ar munu \u00feeir ver\u00f0a vanvirt hr\u00e6<br \/>til h\u00e1\u00f0ungar me\u00f0al hinna dau\u00f0u um aldur.<br \/>Drottinn mun lj\u00f3sta \u00fe\u00e1 til jar\u00f0ar og \u00feagga ni\u00f0ur \u00ed \u00feeim.<br \/>Hann mun svipta \u00fe\u00e1 f\u00f3tfestunni<br \/>og \u00feeim mun gereytt.<br \/>\u00deeir munu l\u00ed\u00f0a kvalir<br \/>og minning \u00feeirra mun l\u00ed\u00f0a undir lok.<br \/> <\/span> <span class=\"ljodatexti\"> <a name=\"20\"><span class=\"versanumer_ljod\">20<\/span><\/a> Skj\u00e1lfandi munu \u00feeir koma \u00feanga\u00f0 sem syndir \u00feeirra eru taldar saman <br \/>og l\u00f6gm\u00e1lsbrot \u00feeirra munu r\u00edsa \u00ed gegn \u00feeim og sakfella \u00fe\u00e1. <\/span> <\/p>\n","protected":false},"excerpt":{"rendered":"<p>1Betra en \u00feetta er barnleysi \u00ed dyg\u00f0. Or\u00f0st\u00edr dyg\u00f0ar deyr aldrei.B\u00e6\u00f0i Gu\u00f0 og menn vir\u00f0a hana. 2 Me\u00f0an h\u00fan er n\u00e1l\u00e6g l\u00edkja menn eftir henniog sakna hennar \u00feegar h\u00fan er fjarri.\u00cd eil\u00edf\u00f0inni ber h\u00fan sigursveigeftir unninn kappleik um flekklaus ver\u00f0laun. 3 Gu\u00f0lausum er barnamerg\u00f0 til einskis gagns.Galla\u00f0ir kvistir skj\u00f3ta ekki dj\u00fapum r\u00f3tumog n\u00e1 ekki tryggri festu. 4 \u00de\u00f3tt \u00feeir vaxi um stund og myndi greinarstanda \u00feeir \u00f3st\u00f6\u00f0ugir og skekjast af vindiog sterkur stormur r\u00edfur \u00fe\u00e1 upp me\u00f0 r\u00f3tum. 5 Greinarnar brotna \u00e1\u00f0ur en \u00fe\u00e6r n\u00e1 \u00feroska,\u00e1v\u00f6xturinn er \u00f3n\u00fdtur og \u00f3\u00e6tur og til einskis h\u00e6fur. 6 B\u00f6rn sem getin eru \u00ed <a href=\"https:\/\/biblian.is\/biblian\/speki-salomons-4-kafli\/\"> [&#8230;]<\/a><\/p>\n","protected":false},"author":1,"featured_media":0,"parent":0,"menu_order":0,"comment_status":"open","ping_status":"open","template":"bibliukaflar.php","meta":{"footnotes":""},"class_list":["post-2850","page","type-page","status-publish","hentry"],"_links":{"self":[{"href":"https:\/\/biblian.is\/biblian\/wp-json\/wp\/v2\/pages\/2850","targetHints":{"allow":["GET"]}}],"collection":[{"href":"https:\/\/biblian.is\/biblian\/wp-json\/wp\/v2\/pages"}],"about":[{"href":"https:\/\/biblian.is\/biblian\/wp-json\/wp\/v2\/types\/page"}],"author":[{"embeddable":true,"href":"https:\/\/biblian.is\/biblian\/wp-json\/wp\/v2\/users\/1"}],"replies":[{"embeddable":true,"href":"https:\/\/biblian.is\/biblian\/wp-json\/wp\/v2\/comments?post=2850"}],"version-history":[{"count":0,"href":"https:\/\/biblian.is\/biblian\/wp-json\/wp\/v2\/pages\/2850\/revisions"}],"wp:attachment":[{"href":"https:\/\/biblian.is\/biblian\/wp-json\/wp\/v2\/media?parent=2850"}],"curies":[{"name":"wp","href":"https:\/\/api.w.org\/{rel}","templated":true}]}}