{"id":2848,"date":"2017-12-30T21:04:53","date_gmt":"2017-12-30T21:04:53","guid":{"rendered":"http:\/\/biblian.is\/biblian\/speki-sal%c2%97mons-2-kafli\/"},"modified":"2018-01-20T21:06:26","modified_gmt":"2018-01-20T21:06:26","slug":"speki-salomons-2-kafli","status":"publish","type":"page","link":"https:\/\/biblian.is\/biblian\/speki-salomons-2-kafli\/","title":{"rendered":"Speki Sal\u00f3mons 2. kafli"},"content":{"rendered":"<p><span class=\"ljodatexti\"><a name=\"1\"><span class=\"versanumer_ljod\">1<\/span><\/a> \u00cd villu sinni segja \u00feeir me\u00f0 sj\u00e1lfum s\u00e9r:<br \/> \u201eStutt og dapurlegt er l\u00edf vort<br \/>og engin l\u00e6kning finnst \u00e1 d\u00e1nard\u00e6gri<br \/>n\u00e9 \u00feekkist neinn sem leysir fr\u00e1 helju.<br \/> <\/span> <span class=\"ljodatexti\"> <a name=\"2\"><span class=\"versanumer_ljod\">2<\/span><\/a> V\u00e9r ur\u00f0um til af hendingu<br \/>og eftir \u00e1 er eins og v\u00e9r hef\u00f0um aldrei veri\u00f0.<br \/>Andinn \u00ed n\u00f6sum vorum er svipull sem gufa<br \/>og hugsun vor sem neisti fr\u00e1 hr\u00e6ringu hjartans.<br \/> <\/span> <span class=\"ljodatexti\"> <a name=\"3\"><span class=\"versanumer_ljod\">3<\/span><\/a> \u00deegar hann slokknar ver\u00f0ur l\u00edkaminn aska<br \/>og andinn l\u00ed\u00f0ur fr\u00e1 eins og m\u00f3\u00f0a.<br \/> <\/span> <span class=\"ljodatexti\"> <a name=\"4\"><span class=\"versanumer_ljod\">4<\/span><\/a> Nafn vort gleymist me\u00f0 t\u00edmanum<br \/>og enginn minnist verka vorra.<br \/>L\u00edf vort l\u00ed\u00f0ur sporlaust hj\u00e1 eins og sk\u00fdjadr\u00f6g<br \/>og leysist sundur eins og \u00feoka,<br \/>raknar fyrir geislum s\u00f3larinnar<br \/>og hja\u00f0nar fyrir hita hennar.<br \/> <\/span> <span class=\"ljodatexti\"> <a name=\"5\"><span class=\"versanumer_ljod\">5<\/span><\/a> \u00c6vi vor l\u00ed\u00f0ur hj\u00e1 eins og skuggi<br \/>og dau\u00f0a vorn ber a\u00f0eins einu sinni a\u00f0.<br \/>Innsigli er \u00fer\u00fdst \u00e1 og enginn \u00e1 afturkv\u00e6mt.<br \/> <\/span> <span class=\"ljodatexti\"> <a name=\"6\"><span class=\"versanumer_ljod\">6<\/span><\/a> Komum n\u00fa og nj\u00f3tum \u00feeirra g\u00e6\u00f0a sem tilt\u00e6k eru<br \/>og neytum heimsins hnossa me\u00f0 \u00e6skum\u00f3\u00f0i.<br \/> <\/span> <span class=\"ljodatexti\"> <a name=\"7\"><span class=\"versanumer_ljod\">7<\/span><\/a> V\u00e9r skulum nj\u00f3ta gn\u00e6g\u00f0a v\u00edns og smyrsla<br \/>og missum einskis vorbl\u00f3ms<br \/> <\/span> <span class=\"ljodatexti\"> <a name=\"8\"><span class=\"versanumer_ljod\">8<\/span><\/a> heldur kr\u00fdnum oss r\u00f3sahn\u00f6ppum \u00e1\u00f0ur en \u00feeir visna.<br \/> <\/span> <span class=\"ljodatexti\"> <a name=\"9\"><span class=\"versanumer_ljod\">9<\/span><\/a> Hvergi s\u00e9 gr\u00e6n grund \u00f3snortin af gj\u00e1l\u00edfi voru.<br \/>Hvarvetna skulum v\u00e9r l\u00e1ta eftir merki l\u00edfsgle\u00f0i<br \/>\u00fev\u00ed a\u00f0 \u00fea\u00f0 er skerfur vor og r\u00e9ttur.<br \/> <\/span> <span class=\"ljodatexti\"> <a name=\"10\"><span class=\"versanumer_ljod\">10<\/span><\/a> V\u00e9r skulum k\u00faga vesalinginn r\u00e9ttl\u00e1ta,<br \/>hl\u00edfum ekkjum \u00ed engu <br \/>og metum einskis h\u00e6rur \u00f6ldungsins.<br \/> <\/span> <span class=\"ljodatexti\"> <a name=\"11\"><span class=\"versanumer_ljod\">11<\/span><\/a> M\u00e1ttur vor \u00e1kvar\u00f0i hva\u00f0 r\u00e9tt s\u00e9<br \/>\u00fev\u00ed a\u00f0 hi\u00f0 veika hefur s\u00fdnt a\u00f0 \u00fea\u00f0 m\u00e1 s\u00edn einskis.<br \/> <\/span> <span class=\"ljodatexti\"> <a name=\"12\"><span class=\"versanumer_ljod\">12<\/span><\/a> V\u00e9r skulum sitja um hinn r\u00e9ttl\u00e1ta \u00fev\u00ed a\u00f0 hann ergir oss<br \/>og er andst\u00e6\u00f0ur verkum vorum.<br \/>Hann brigslar oss um l\u00f6gm\u00e1lsbrot<br \/>og \u00e1sakar oss fyrir a\u00f0 n\u00ed\u00f0ast \u00e1 \u00fev\u00ed sem oss var kennt.<br \/> <\/span> <span class=\"ljodatexti\"> <a name=\"13\"><span class=\"versanumer_ljod\">13<\/span><\/a> Hann st\u00e6rir sig af a\u00f0 \u00feekkja Gu\u00f0<br \/>og kallar sig \u00fej\u00f3n Drottins.<br \/> <\/span> <span class=\"ljodatexti\"> <a name=\"14\"><span class=\"versanumer_ljod\">14<\/span><\/a> Hann er holdi kl\u00e6dd \u00e1deila \u00e1 vi\u00f0horf vor.<br \/>\u00dea\u00f0 er ami a\u00f0 \u00fev\u00ed einu a\u00f0 sj\u00e1 hann.<br \/> <\/span> <span class=\"ljodatexti\"> <a name=\"15\"><span class=\"versanumer_ljod\">15<\/span><\/a> L\u00edf hans er me\u00f0 \u00f6\u00f0rum h\u00e6tti en annarra manna<br \/>og brautir hans framandi.<br \/> <\/span> <span class=\"ljodatexti\"> <a name=\"16\"><span class=\"versanumer_ljod\">16<\/span><\/a> A\u00f0 mati hans erum v\u00e9r f\u00f6lsu\u00f0 mynt<br \/>og hann for\u00f0ast l\u00edferni vort eins og v\u00e9r v\u00e6rum \u00f3hreinir.<br \/>Hann segir endalok hins r\u00e9ttl\u00e1ta s\u00e6l<br \/>og h\u00e6list um a\u00f0 eiga Gu\u00f0 a\u00f0 f\u00f6\u00f0ur.<br \/> <\/span> <span class=\"ljodatexti\"> <a name=\"17\"><span class=\"versanumer_ljod\">17<\/span><\/a> Sj\u00e1um n\u00fa hvort or\u00f0 hans eru s\u00f6nn<br \/>og reynum hver afdrif hans ver\u00f0a.<br \/> <\/span> <span class=\"ljodatexti\"> <a name=\"18\"><span class=\"versanumer_ljod\">18<\/span><\/a> Ef hinn r\u00e9ttl\u00e1ti er barn Gu\u00f0s, \u00fe\u00e1 mun Gu\u00f0 taka hann a\u00f0 s\u00e9r <br \/>og frelsa hann \u00far h\u00f6ndum fjandmanna hans. <br \/> <\/span> <span class=\"ljodatexti\"> <a name=\"19\"><span class=\"versanumer_ljod\">19<\/span><\/a> V\u00e9r skulum reyna hann, mis\u00feyrma honum og kvelja <br \/>svo a\u00f0 v\u00e9r f\u00e1um a\u00f0 sj\u00e1 mildi hans <br \/>og komumst a\u00f0 raun um \u00feolg\u00e6\u00f0i hans. <br \/> <\/span> <span class=\"ljodatexti\"> <a name=\"20\"><span class=\"versanumer_ljod\">20<\/span><\/a> D\u00e6mum hann til sv\u00edvir\u00f0ilegs dau\u00f0a <br \/>\u00fev\u00ed a\u00f0 hann hl\u00fdtur li\u00f0sinni a\u00f0 eigin s\u00f6gn.\u201c <br \/> <\/span> <span class=\"ljodatexti\"> <a name=\"21\"><span class=\"versanumer_ljod\">21<\/span><\/a> \u00deannig \u00e1lykta \u00feeir en \u00feeim skj\u00e1tlast <br \/>\u00fev\u00ed a\u00f0 illska \u00feeirra blindar \u00fe\u00e1. <br \/> <\/span> <span class=\"ljodatexti\"> <a name=\"22\"><span class=\"versanumer_ljod\">22<\/span><\/a> \u00deeir skilja hvorki leyndard\u00f3m Gu\u00f0s <br \/>n\u00e9 v\u00e6nta launa fyrir gu\u00f0r\u00e6knina<br \/>og vi\u00f0urkenna ekki a\u00f0 flekklausar s\u00e1lir hlj\u00f3ti umbun.<br \/> <\/span> <span class=\"ljodatexti\"> <a name=\"23\"><span class=\"versanumer_ljod\">23<\/span><\/a> Gu\u00f0 skapa\u00f0i manninn til \u00f3forgengileika<br \/>og ger\u00f0i hann mynd veru sinnar.<br \/> <\/span> <span class=\"ljodatexti\"> <a name=\"24\"><span class=\"versanumer_ljod\">24<\/span><\/a> En \u00f6fund dj\u00f6fulsins leiddi dau\u00f0ann inn \u00ed heiminn<br \/>og \u00feeir f\u00e1 a\u00f0 reyna hann sem heyra honum til. <\/span> <\/p>\n","protected":false},"excerpt":{"rendered":"<p>1 \u00cd villu sinni segja \u00feeir me\u00f0 sj\u00e1lfum s\u00e9r: \u201eStutt og dapurlegt er l\u00edf vortog engin l\u00e6kning finnst \u00e1 d\u00e1nard\u00e6grin\u00e9 \u00feekkist neinn sem leysir fr\u00e1 helju. 2 V\u00e9r ur\u00f0um til af hendinguog eftir \u00e1 er eins og v\u00e9r hef\u00f0um aldrei veri\u00f0.Andinn \u00ed n\u00f6sum vorum er svipull sem gufaog hugsun vor sem neisti fr\u00e1 hr\u00e6ringu hjartans. 3 \u00deegar hann slokknar ver\u00f0ur l\u00edkaminn askaog andinn l\u00ed\u00f0ur fr\u00e1 eins og m\u00f3\u00f0a. 4 Nafn vort gleymist me\u00f0 t\u00edmanumog enginn minnist verka vorra.L\u00edf vort l\u00ed\u00f0ur sporlaust hj\u00e1 eins og sk\u00fdjadr\u00f6gog leysist sundur eins og \u00feoka,raknar fyrir geislum s\u00f3larinnarog hja\u00f0nar fyrir hita hennar. 5 \u00c6vi vor <a href=\"https:\/\/biblian.is\/biblian\/speki-salomons-2-kafli\/\"> [&#8230;]<\/a><\/p>\n","protected":false},"author":1,"featured_media":0,"parent":0,"menu_order":0,"comment_status":"open","ping_status":"open","template":"bibliukaflar.php","meta":{"footnotes":""},"class_list":["post-2848","page","type-page","status-publish","hentry"],"_links":{"self":[{"href":"https:\/\/biblian.is\/biblian\/wp-json\/wp\/v2\/pages\/2848","targetHints":{"allow":["GET"]}}],"collection":[{"href":"https:\/\/biblian.is\/biblian\/wp-json\/wp\/v2\/pages"}],"about":[{"href":"https:\/\/biblian.is\/biblian\/wp-json\/wp\/v2\/types\/page"}],"author":[{"embeddable":true,"href":"https:\/\/biblian.is\/biblian\/wp-json\/wp\/v2\/users\/1"}],"replies":[{"embeddable":true,"href":"https:\/\/biblian.is\/biblian\/wp-json\/wp\/v2\/comments?post=2848"}],"version-history":[{"count":0,"href":"https:\/\/biblian.is\/biblian\/wp-json\/wp\/v2\/pages\/2848\/revisions"}],"wp:attachment":[{"href":"https:\/\/biblian.is\/biblian\/wp-json\/wp\/v2\/media?parent=2848"}],"curies":[{"name":"wp","href":"https:\/\/api.w.org\/{rel}","templated":true}]}}