{"id":2847,"date":"2017-12-30T21:04:53","date_gmt":"2017-12-30T21:04:53","guid":{"rendered":"http:\/\/biblian.is\/biblian\/speki-sal%c2%97mons-1-kafli\/"},"modified":"2018-01-20T21:05:42","modified_gmt":"2018-01-20T21:05:42","slug":"speki-salomons-1-kafli","status":"publish","type":"page","link":"https:\/\/biblian.is\/biblian\/speki-salomons-1-kafli\/","title":{"rendered":"Speki Sal\u00f3mons 1. kafli"},"content":{"rendered":"<h3 class=\"millifyrirsogn_2007\"> R\u00e9ttl\u00e6ti\u00f0 lei\u00f0ir til \u00f3dau\u00f0leika<\/h3>\n<p><span class=\"ljodatexti\"><a name=\"1\"><span class=\"versanumer_ljod\">1<\/span><\/a> Elski\u00f0 r\u00e9ttl\u00e6ti\u00f0, \u00fe\u00e9r sem drottni\u00f0 \u00e1 j\u00f6r\u00f0u.<br \/> Hugsi\u00f0 til Drottins af al\u00fa\u00f0<br \/>og leiti\u00f0 hans af einl\u00e6gu hjarta.<br \/> <\/span> <span class=\"ljodatexti\"> <a name=\"2\"><span class=\"versanumer_ljod\">2<\/span><\/a> Hann l\u00e6tur \u00fe\u00e1 finna sig sem freista hans ekki<br \/>og hann birtist \u00feeim sem vantreysta honum ekki.<br \/> <\/span> <span class=\"ljodatexti\"> <a name=\"3\"><span class=\"versanumer_ljod\">3<\/span><\/a> Rangar hugsanir fjarl\u00e6gja menn Gu\u00f0i<br \/>og m\u00e1ttur hans afhj\u00fapar heimsku \u00feeirra sem freista hans.<br \/> <\/span> <span class=\"ljodatexti\"> <a name=\"4\"><span class=\"versanumer_ljod\">4<\/span><\/a> Spekin kemst ekki inn \u00ed \u00fe\u00e1 s\u00e1l sem illt sm\u00ed\u00f0ar<br \/>og tekur s\u00e9r ekki b\u00fasta\u00f0 \u00ed l\u00edkama sem ofurseldur er synd.<br \/> <\/span> <span class=\"ljodatexti\"> <a name=\"5\"><span class=\"versanumer_ljod\">5<\/span><\/a>\u00dev\u00ed a\u00f0 heilagur andi, sem menntar, fl\u00fdr svik<br \/>og for\u00f0ast r\u00e1\u00f0abrugg f\u00e1v\u00edsra;<br \/>\u00feegar rangl\u00e6ti\u00f0 n\u00e1lgast afhj\u00fapar hann sig. <\/span> <\/p>\n<h3 class=\"millifyrirsogn_2007\">Gu\u00f0 heyrir or\u00f0 vor<\/h3>\n<p><span class=\"ljodatexti\"> <a name=\"6\"><span class=\"versanumer_ljod\">6<\/span><\/a>Spekin er andi sem elskar menn<br \/>og l\u00e6tur or\u00f0um lastarans ekki \u00f3hegnt.<br \/>Gu\u00f0 er vitni \u00feess sem b\u00e6rist me\u00f0 manninum,<br \/>vakir yfir hjarta hans<br \/>og hl\u00fd\u00f0ir \u00e1 \u00fea\u00f0 sem hann m\u00e6lir.<br \/> <\/span> <span class=\"ljodatexti\"> <a name=\"7\"><span class=\"versanumer_ljod\">7<\/span><\/a> Andi Drottins fyllir alla heimsbygg\u00f0ina,<br \/>hann heldur \u00f6llu \u00ed skor\u00f0um og nemur hvert hlj\u00f3\u00f0.<br \/> <\/span> <span class=\"ljodatexti\"> <a name=\"8\"><span class=\"versanumer_ljod\">8<\/span><\/a> \u00deess vegna getur enginn dulist sem fer me\u00f0 rangl\u00e1tt m\u00e1l<br \/>n\u00e9 vikist undan r\u00e9ttl\u00e6tisd\u00f3mi hans.<br \/> <\/span> <span class=\"ljodatexti\"> <a name=\"9\"><span class=\"versanumer_ljod\">9<\/span><\/a> V\u00e9lr\u00e1\u00f0 hins \u00f3gu\u00f0lega munu ranns\u00f6ku\u00f0,<br \/>or\u00f0 hans munu berast Drottni<br \/>og sanna misgj\u00f6r\u00f0ir hans.<br \/> <\/span> <span class=\"ljodatexti\"> <a name=\"10\"><span class=\"versanumer_ljod\">10<\/span><\/a> \u00dev\u00ed a\u00f0 Drottinn hlustar eftir \u00f6llu me\u00f0 vandl\u00e6ti,<br \/>minnsti kurr fer ekki fram hj\u00e1 honum.<br \/> <\/span> <span class=\"ljodatexti\"> <a name=\"11\"><span class=\"versanumer_ljod\">11<\/span><\/a> Varist \u00fev\u00ed \u00f3nytsamt m\u00f6gl<br \/>og g\u00e6ti\u00f0 \u00feess a\u00f0 m\u00e6la ekki \u00f6\u00f0rum \u00e1 bak.<br \/>\u00dea\u00f0 sem sagt er \u00ed leyndum dregur dilk \u00e1 eftir s\u00e9r<br \/>og lyginn munnur tort\u00edmir s\u00e1linni. <\/span> <\/p>\n<h3 class=\"millifyrirsogn_2007\">Gu\u00f0 er ekki valdur a\u00f0 dau\u00f0anum<\/h3>\n<p><span class=\"ljodatexti\"> <a name=\"12\"><span class=\"versanumer_ljod\">12<\/span><\/a>S\u00e6kist ekki eftir dau\u00f0anum me\u00f0 r\u00e1\u00f0leysi<br \/>og lei\u00f0i\u00f0 ekki yfir y\u00f0ur gl\u00f6tun me\u00f0 handaverkum y\u00f0ar.<br \/> <\/span> <span class=\"ljodatexti\"> <a name=\"13\"><span class=\"versanumer_ljod\">13<\/span><\/a> Gu\u00f0 er ekki valdur a\u00f0 dau\u00f0anum<br \/>og gle\u00f0st ekki yfir a\u00f0 l\u00edf deyr.<br \/> <\/span> <span class=\"ljodatexti\"> <a name=\"14\"><span class=\"versanumer_ljod\">14<\/span><\/a> Gu\u00f0 skapa\u00f0i allt til \u00feess a\u00f0 \u00fea\u00f0 lif\u00f0i.<br \/>Allt sem skapa\u00f0 er \u00ed heiminum er heiln\u00e6mt<br \/>og \u00ed \u00fev\u00ed er ekkert banv\u00e6nt eitur<br \/>n\u00e9 heldur r\u00edkir Hel \u00e1 j\u00f6r\u00f0u.<br \/> <\/span> <span class=\"ljodatexti\"> <a name=\"15\"><span class=\"versanumer_ljod\">15<\/span><\/a> R\u00e9ttl\u00e6ti\u00f0 er \u00f3dau\u00f0legt. <\/span> <\/p>\n<h3 class=\"millifyrirsogn_2007\">Vi\u00f0horf hinna gu\u00f0lausu<\/h3>\n<p><span class=\"ljodatexti\"> <a name=\"16\"><span class=\"versanumer_ljod\">16<\/span><\/a>En gu\u00f0lausir kalla dau\u00f0ann yfir sig me\u00f0 or\u00f0um og verkum<br \/>og telja hann eftirs\u00f3knarver\u00f0an vin.<br \/>\u00deeir gera s\u00e1ttm\u00e1la vi\u00f0 hann<br \/>og eru maklegir \u00feess a\u00f0 ganga honum \u00ed greipar. <\/span> <\/p>\n","protected":false},"excerpt":{"rendered":"<p>R\u00e9ttl\u00e6ti\u00f0 lei\u00f0ir til \u00f3dau\u00f0leika 1 Elski\u00f0 r\u00e9ttl\u00e6ti\u00f0, \u00fe\u00e9r sem drottni\u00f0 \u00e1 j\u00f6r\u00f0u. Hugsi\u00f0 til Drottins af al\u00fa\u00f0og leiti\u00f0 hans af einl\u00e6gu hjarta. 2 Hann l\u00e6tur \u00fe\u00e1 finna sig sem freista hans ekkiog hann birtist \u00feeim sem vantreysta honum ekki. 3 Rangar hugsanir fjarl\u00e6gja menn Gu\u00f0iog m\u00e1ttur hans afhj\u00fapar heimsku \u00feeirra sem freista hans. 4 Spekin kemst ekki inn \u00ed \u00fe\u00e1 s\u00e1l sem illt sm\u00ed\u00f0arog tekur s\u00e9r ekki b\u00fasta\u00f0 \u00ed l\u00edkama sem ofurseldur er synd. 5\u00dev\u00ed a\u00f0 heilagur andi, sem menntar, fl\u00fdr svikog for\u00f0ast r\u00e1\u00f0abrugg f\u00e1v\u00edsra;\u00feegar rangl\u00e6ti\u00f0 n\u00e1lgast afhj\u00fapar hann sig. Gu\u00f0 heyrir or\u00f0 vor 6Spekin er andi sem elskar mennog <a href=\"https:\/\/biblian.is\/biblian\/speki-salomons-1-kafli\/\"> [&#8230;]<\/a><\/p>\n","protected":false},"author":1,"featured_media":0,"parent":0,"menu_order":0,"comment_status":"open","ping_status":"open","template":"bibliukaflar.php","meta":{"footnotes":""},"class_list":["post-2847","page","type-page","status-publish","hentry"],"_links":{"self":[{"href":"https:\/\/biblian.is\/biblian\/wp-json\/wp\/v2\/pages\/2847","targetHints":{"allow":["GET"]}}],"collection":[{"href":"https:\/\/biblian.is\/biblian\/wp-json\/wp\/v2\/pages"}],"about":[{"href":"https:\/\/biblian.is\/biblian\/wp-json\/wp\/v2\/types\/page"}],"author":[{"embeddable":true,"href":"https:\/\/biblian.is\/biblian\/wp-json\/wp\/v2\/users\/1"}],"replies":[{"embeddable":true,"href":"https:\/\/biblian.is\/biblian\/wp-json\/wp\/v2\/comments?post=2847"}],"version-history":[{"count":0,"href":"https:\/\/biblian.is\/biblian\/wp-json\/wp\/v2\/pages\/2847\/revisions"}],"wp:attachment":[{"href":"https:\/\/biblian.is\/biblian\/wp-json\/wp\/v2\/media?parent=2847"}],"curies":[{"name":"wp","href":"https:\/\/api.w.org\/{rel}","templated":true}]}}