{"id":2846,"date":"2017-12-30T21:04:53","date_gmt":"2017-12-30T21:04:53","guid":{"rendered":"http:\/\/biblian.is\/biblian\/esterarb%c2%97k-me_-vi_aukum-10-kafli\/"},"modified":"2018-01-22T01:22:31","modified_gmt":"2018-01-22T01:22:31","slug":"esterarbok-med-vidaukum-10-kafli","status":"publish","type":"page","link":"https:\/\/biblian.is\/biblian\/esterarbok-med-vidaukum-10-kafli\/","title":{"rendered":"Esterarb\u00f3k (me\u00f0 vi\u00f0aukum) 10. kafli"},"content":{"rendered":"<h3 class=\"millifyrirsogn_2007\"> Mikilfengleikur Artaxerxesar og Mardoka\u00ed<\/h3>\n<p><a name=\"1\"><span class=\"versanumer_2007\">1<\/span><\/a> Konungur skrifa\u00f0i til allra h\u00e9ra\u00f0a \u00ed r\u00edki s\u00ednu til lands og sj\u00e1var. <a name=\"2\"><span class=\"versanumer_2007\">2<\/span><\/a> Skrifa\u00f0 hefur veri\u00f0 um m\u00e1tt hans og styrk, au\u00f0 hans, veldi og vegsemd. Er \u00fea\u00f0 a\u00f0 finna \u00ed konungab\u00f3k Persa og Meda. <a name=\"3\"><span class=\"versanumer_2007\">3<\/span><\/a> Mardoka\u00ed gekk n\u00e6stur Artaxerxesi konungi a\u00f0 tign og haf\u00f0i mikil v\u00f6ld \u00ed r\u00edkinu og naut mikillar hylli Gy\u00f0inga. Allir unnu \u00feeir honum og greindi hann \u00fej\u00f3\u00f0inni fr\u00e1 ferli s\u00ednum.<\/p>\n<div class=\"kaflaheiti\">F <\/div>\n<h3 class=\"millifyrirsogn_2007\">Mardoka\u00ed minnist draums s\u00edns<\/h3>\n<p><a name=\"1\"><span class=\"versanumer_2007\">1<\/span><\/a> Mardoka\u00ed sag\u00f0i: \u201eA\u00f0 tilhlutan Gu\u00f0s er \u00feetta or\u00f0i\u00f0. <a name=\"2\"><span class=\"versanumer_2007\">2<\/span><\/a> \u00c9g minnist draums\u00fdnarinnar sem m\u00e9r birtist um atbur\u00f0i \u00feessa. \u00d6ll atri\u00f0i draumsins eru komin fram. <a name=\"3\"><span class=\"versanumer_2007\">3<\/span><\/a> Lindin litla var\u00f0 flj\u00f3t og lj\u00f3s var\u00f0 og s\u00f3l og mikill flaumur vatns. Flj\u00f3ti\u00f0 er Ester sem konungurinn kv\u00e6ntist og ger\u00f0i a\u00f0 drottningu. <a name=\"4\"><span class=\"versanumer_2007\">4<\/span><\/a> Drekarnir tveir erum vi\u00f0 Haman. <a name=\"5\"><span class=\"versanumer_2007\">5<\/span><\/a> \u00deeir sem s\u00f6fnu\u00f0ust saman til a\u00f0 afm\u00e1 nafn Gy\u00f0inga eru hei\u00f0ingjarnir. <a name=\"6\"><span class=\"versanumer_2007\">6<\/span><\/a> En \u00fej\u00f3\u00f0 m\u00edn \u00fea\u00f0 eru \u00cdsraelsmenn sem \u00e1k\u00f6llu\u00f0u Gu\u00f0 og var bjarga\u00f0. Drottinn frelsa\u00f0i l\u00fd\u00f0 sinn og hreif okkur \u00far \u00f6llum \u00feessum h\u00f6rmungum. Drottinn ger\u00f0i t\u00e1kn og mikil undur og engin \u00feeim l\u00edk hafa or\u00f0i\u00f0 me\u00f0al hei\u00f0ingjanna.<br \/> <a name=\"7\"><span class=\"versanumer_2007\">7<\/span><\/a> Af \u00feessum s\u00f6kum ger\u00f0i hann tvo hluti, annan fyrir l\u00fd\u00f0 Gu\u00f0s og hinn handa hei\u00f0ingjunum \u00f6llum. <a name=\"8\"><span class=\"versanumer_2007\">8<\/span><\/a> B\u00e1\u00f0ir \u00feessir hlutir komu upp \u00e1 settri stund og ollu d\u00f3ms\u00e1fellingu allra hei\u00f0ingja frammi fyrir Gu\u00f0i. <a name=\"9\"><span class=\"versanumer_2007\">9<\/span><\/a> Gu\u00f0 minntist l\u00fd\u00f0s s\u00edns og l\u00e9t arfleif\u00f0 s\u00edna n\u00e1 r\u00e9tti s\u00ednum. <a name=\"10\"><span class=\"versanumer_2007\">10<\/span><\/a> \u00deessir dagar \u00ed adarm\u00e1nu\u00f0i skulu haldnir h\u00e1t\u00ed\u00f0legir, s\u00e1 fj\u00f3rt\u00e1ndi og fimmt\u00e1ndi \u00feess m\u00e1na\u00f0ar. \u00de\u00e1 skulu menn safnast fagnandi frammi fyrir Gu\u00f0i fr\u00e1 kyni til kyns um aldir alda hj\u00e1 \u00fej\u00f3\u00f0 hans, \u00cdsrael.\u201c<\/p>\n<h3 class=\"millifyrirsogn_2007\">Eftirm\u00e1li<\/h3>\n<p><a name=\"11\"><span class=\"versanumer_2007\">11<\/span><\/a> \u00c1 fj\u00f3r\u00f0a stj\u00f3rnar\u00e1ri Pt\u00f3lemeusar konungs og Kle\u00f3p\u00f6tru kom D\u00f3siteus, sem sag\u00f0ist vera prestur og Lev\u00edti, og Pt\u00f3lemeus sonur hans me\u00f0 ofanskr\u00e1\u00f0 br\u00e9f um p\u00far\u00edm. Kv\u00e1\u00f0u \u00feeir br\u00e9fi\u00f0 vera \u00f3falsa\u00f0 og \u00fe\u00fdtt af L\u00fdsimakkusi Pt\u00f3lemeussyni \u00ed Jer\u00fasalem. <\/p>\n","protected":false},"excerpt":{"rendered":"<p>Mikilfengleikur Artaxerxesar og Mardoka\u00ed 1 Konungur skrifa\u00f0i til allra h\u00e9ra\u00f0a \u00ed r\u00edki s\u00ednu til lands og sj\u00e1var. 2 Skrifa\u00f0 hefur veri\u00f0 um m\u00e1tt hans og styrk, au\u00f0 hans, veldi og vegsemd. Er \u00fea\u00f0 a\u00f0 finna \u00ed konungab\u00f3k Persa og Meda. 3 Mardoka\u00ed gekk n\u00e6stur Artaxerxesi konungi a\u00f0 tign og haf\u00f0i mikil v\u00f6ld \u00ed r\u00edkinu og naut mikillar hylli Gy\u00f0inga. Allir unnu \u00feeir honum og greindi hann \u00fej\u00f3\u00f0inni fr\u00e1 ferli s\u00ednum. F Mardoka\u00ed minnist draums s\u00edns 1 Mardoka\u00ed sag\u00f0i: \u201eA\u00f0 tilhlutan Gu\u00f0s er \u00feetta or\u00f0i\u00f0. 2 \u00c9g minnist draums\u00fdnarinnar sem m\u00e9r birtist um atbur\u00f0i \u00feessa. \u00d6ll atri\u00f0i draumsins eru komin fram. <a href=\"https:\/\/biblian.is\/biblian\/esterarbok-med-vidaukum-10-kafli\/\"> [&#8230;]<\/a><\/p>\n","protected":false},"author":1,"featured_media":0,"parent":0,"menu_order":0,"comment_status":"open","ping_status":"open","template":"bibliukaflar.php","meta":{"footnotes":""},"class_list":["post-2846","page","type-page","status-publish","hentry"],"_links":{"self":[{"href":"https:\/\/biblian.is\/biblian\/wp-json\/wp\/v2\/pages\/2846","targetHints":{"allow":["GET"]}}],"collection":[{"href":"https:\/\/biblian.is\/biblian\/wp-json\/wp\/v2\/pages"}],"about":[{"href":"https:\/\/biblian.is\/biblian\/wp-json\/wp\/v2\/types\/page"}],"author":[{"embeddable":true,"href":"https:\/\/biblian.is\/biblian\/wp-json\/wp\/v2\/users\/1"}],"replies":[{"embeddable":true,"href":"https:\/\/biblian.is\/biblian\/wp-json\/wp\/v2\/comments?post=2846"}],"version-history":[{"count":0,"href":"https:\/\/biblian.is\/biblian\/wp-json\/wp\/v2\/pages\/2846\/revisions"}],"wp:attachment":[{"href":"https:\/\/biblian.is\/biblian\/wp-json\/wp\/v2\/media?parent=2846"}],"curies":[{"name":"wp","href":"https:\/\/api.w.org\/{rel}","templated":true}]}}