{"id":2845,"date":"2017-12-30T21:04:53","date_gmt":"2017-12-30T21:04:53","guid":{"rendered":"http:\/\/biblian.is\/biblian\/esterarb%c2%97k-me_-vi_aukum-9-kafli\/"},"modified":"2018-01-22T01:19:36","modified_gmt":"2018-01-22T01:19:36","slug":"esterarbok-med-vidaukum-9-kafli","status":"publish","type":"page","link":"https:\/\/biblian.is\/biblian\/esterarbok-med-vidaukum-9-kafli\/","title":{"rendered":"Esterarb\u00f3k (me\u00f0 vi\u00f0aukum) 9. kafli"},"content":{"rendered":"<h3 class=\"millifyrirsogn_2007\"> Gy\u00f0ingar ey\u00f0a \u00f3vinum s\u00ednum<\/h3>\n<p><a name=\"1\"><span class=\"versanumer_2007\">1<\/span><\/a> \u00c1 \u00ferett\u00e1nda degi t\u00f3lfta m\u00e1na\u00f0ar, \u00fea\u00f0 er adarm\u00e1na\u00f0ar, h\u00f6f\u00f0u br\u00e9f konungs n\u00e1\u00f0 fram. <a name=\"2\"><span class=\"versanumer_2007\">2<\/span><\/a> \u00deann dag var \u00f3vinum Gy\u00f0inga eytt enda \u00feor\u00f0i enginn a\u00f0 veita Gy\u00f0ingum m\u00f3tspyrnu. <a name=\"3\"><span class=\"versanumer_2007\">3<\/span><\/a> Skattlandsstj\u00f3rar, furstar og ritarar konungs s\u00fdndu Gy\u00f0ingum vir\u00f0ingu \u00fev\u00ed a\u00f0 allir \u00f3ttu\u00f0ust \u00feeir Mardoka\u00ed. <a name=\"4\"><span class=\"versanumer_2007\">4<\/span><\/a> A\u00f0 fyrirm\u00e6lum konungs bar a\u00f0 hafa nafn hans \u00ed hei\u00f0ri \u00ed \u00f6llu r\u00edkinu.<span class=\"nedan_mal\" title=\" 5. versinu er sleppt \u00ed gr\u00edska textanum.\">[<\/span> <a name=\"5\"><span class=\"versanumer_2007\">5<\/span><\/a> \u00cd borginni S\u00fasa felldu Gy\u00f0ingar fimm hundru\u00f0 menn, <a name=\"6\"><span class=\"versanumer_2007\">6<\/span><\/a> \u00feeirra \u00e1 me\u00f0al Farsannestan, Delf\u00f3n, Fasga, <a name=\"7\"><span class=\"versanumer_2007\">7<\/span><\/a> Fardata, Barea, Sarbaka, <a name=\"8\"><span class=\"versanumer_2007\">8<\/span><\/a> Marmasim, Ar\u00fafaios og Sab\u00fateus. <a name=\"9\"><span class=\"versanumer_2007\">9<\/span><\/a> Auk \u00feess felldu \u00feeir t\u00edu syni B\u00fagajans Hamans Hamadatssonar, \u00f3vinar Gy\u00f0inga. Einnig f\u00f3ru \u00feeir um r\u00e1nshendi <a name=\"10\"><span class=\"versanumer_2007\">10<\/span><\/a> \u00feann dag. <br \/>Konungi var tilkynnt um t\u00f6lu fallinna \u00ed S\u00fasa. <a name=\"11\"><span class=\"versanumer_2007\">11<\/span><\/a> Sag\u00f0i konungur \u00fe\u00e1 vi\u00f0 Ester: \u201eGy\u00f0ingar hafa fellt fimm hundru\u00f0 menn h\u00e9r \u00ed S\u00fasaborg. Hva\u00f0 \u00e6tli \u00feeir hafi gert \u00fati \u00ed skattl\u00f6ndunum? \u00d3skir \u00fe\u00fa einhvers frekar \u00fe\u00e1 skaltu einnig f\u00e1 \u00fea\u00f0.\u201c <a name=\"12\"><span class=\"versanumer_2007\">12<\/span><\/a> Ester svara\u00f0i konungi: \u201eGef\u00f0u Gy\u00f0ingunum leyfi til a\u00f0 halda \u00e1fram me\u00f0 sama h\u00e6tti \u00e1 morgun svo a\u00f0 \u00feeir geti hengt upp Hamanssynina t\u00edu.\u201c <a name=\"13\"><span class=\"versanumer_2007\">13<\/span><\/a> \u00deetta heimila\u00f0i konungur og afhenti Gy\u00f0ingum \u00ed borginni l\u00edk Hamanssona til upphengingar. <a name=\"14\"><span class=\"versanumer_2007\">14<\/span><\/a> Komu s\u00ed\u00f0an Gy\u00f0ingarnir \u00ed S\u00fasa saman \u00e1 fj\u00f3rt\u00e1nda degi adar og deyddu \u00ferj\u00fa hundru\u00f0 menn en r\u00e6ndu engu.<br \/> <a name=\"15\"><span class=\"versanumer_2007\">15<\/span><\/a> A\u00f0rir Gy\u00f0ingar \u00ed r\u00edkinu s\u00f6fnu\u00f0ust einnig saman til a\u00f0 verja sig og fengu fri\u00f0 fyrir \u00f3vinum s\u00ednum. Deyddu \u00feeir fimmt\u00e1n \u00fe\u00fasund \u00feeirra \u00e1 \u00ferett\u00e1nda adar en r\u00e6ndu engu. <a name=\"16\"><span class=\"versanumer_2007\">16<\/span><\/a> Fj\u00f3rt\u00e1nda dag sama m\u00e1na\u00f0ar hv\u00edldust \u00feeir og h\u00e9ldu upp \u00e1 daginn eins og hv\u00edldardag me\u00f0 f\u00f6gnu\u00f0i og gla\u00f0v\u00e6r\u00f0. <a name=\"17\"><span class=\"versanumer_2007\">17<\/span><\/a> En Gy\u00f0ingarnir \u00ed S\u00fasa komu einnig saman \u00e1 fj\u00f3rt\u00e1nda deginum, en \u00feeir hv\u00edldust ekki. Hins vegar h\u00e9ldu \u00feeir fimmt\u00e1nda daginn h\u00e1t\u00ed\u00f0legan me\u00f0 f\u00f6gnu\u00f0i og gla\u00f0v\u00e6r\u00f0. <a name=\"18\"><span class=\"versanumer_2007\">18<\/span><\/a> \u00deetta er \u00e1st\u00e6\u00f0an fyrir \u00fev\u00ed a\u00f0 Gy\u00f0ingar \u00feeir sem b\u00faa strj\u00e1lt v\u00ed\u00f0s vegar \u00fati \u00ed skattl\u00f6ndunum halda fj\u00f3rt\u00e1nda daginn \u00ed adar h\u00e1t\u00ed\u00f0legan me\u00f0 veislum og f\u00f6gnu\u00f0i og f\u00e6ra hver \u00f6\u00f0rum matargjafir. <a name=\"19\"><span class=\"versanumer_2007\">19<\/span><\/a> Hinir aftur \u00e1 m\u00f3ti, sem b\u00faa \u00ed st\u00f3rborgunum, halda fimmt\u00e1nda daginn h\u00e1t\u00ed\u00f0legan me\u00f0 f\u00f6gnu\u00f0i og senda n\u00e1gr\u00f6nnum s\u00ednum gjafir \u00feann dag.<\/p>\n<h3 class=\"millifyrirsogn_2007\">P\u00far\u00edmh\u00e1t\u00ed\u00f0in<\/h3>\n<p><a name=\"20\"><span class=\"versanumer_2007\">20<\/span><\/a> Mardoka\u00ed skr\u00e1\u00f0i fr\u00e1s\u00f6gn af \u00feessum atbur\u00f0um \u00e1 b\u00f3k sem hann sendi \u00f6llum Gy\u00f0ingum \u00ed r\u00edki Artaxerxesar n\u00e6r og fj\u00e6r. <a name=\"21\"><span class=\"versanumer_2007\">21<\/span><\/a> Ba\u00f0 hann \u00fe\u00e1 a\u00f0 halda fj\u00f3rt\u00e1nda og fimmt\u00e1nda daginn \u00ed adar h\u00e1t\u00ed\u00f0legan <a name=\"22\"><span class=\"versanumer_2007\">22<\/span><\/a> \u00fev\u00ed a\u00f0 \u00fe\u00e1 daga veittist Gy\u00f0ingum fri\u00f0ur fyrir \u00f3vinum s\u00ednum. Allan \u00feann m\u00e1nu\u00f0, \u00fea\u00f0 er adarm\u00e1nu\u00f0, skyldu \u00feeir halda br\u00fa\u00f0kaupsgle\u00f0i og fagna\u00f0arveislur og senda vinum og f\u00e1t\u00e6kum matargjafir \u00fev\u00ed a\u00f0 \u00fea\u00f0 var \u00ed \u00feeim m\u00e1nu\u00f0i sem sorg \u00feeirra snerist \u00ed gle\u00f0i og kv\u00f6l \u00ed veislufagna\u00f0. <a name=\"23\"><span class=\"versanumer_2007\">23<\/span><\/a> Gy\u00f0ingarnir veittu \u00fev\u00ed vi\u00f0t\u00f6ku sem Mardoka\u00ed skrifa\u00f0i \u00feeim <a name=\"24\"><span class=\"versanumer_2007\">24<\/span><\/a> um \u00fea\u00f0 hvernig Maked\u00f3n\u00eduma\u00f0urinn Haman Hamadatsson haf\u00f0i barist gegn \u00feeim. Haf\u00f0i hann dregi\u00f0 hlut og varpa\u00f0 hlutkesti um a\u00f0 \u00fatr\u00fdma \u00feeim. <a name=\"25\"><span class=\"versanumer_2007\">25<\/span><\/a> Sag\u00f0i \u00fear l\u00edka fr\u00e1 \u00fev\u00ed er hann f\u00f3r til konungs til a\u00f0 bi\u00f0ja hann a\u00f0 hengja Mardoka\u00ed. En \u00feau v\u00e9lr\u00e1\u00f0 sem hann haf\u00f0i brugga\u00f0 Gy\u00f0ingum hittu hann sj\u00e1lfan fyrir og voru b\u00e6\u00f0i hann og synir hans hengdir.<br \/> <a name=\"26\"><span class=\"versanumer_2007\">26<\/span><\/a> S\u00f6kum \u00feessa kallast dagar \u00feessir p\u00far\u00edm. Er \u00fea\u00f0 heiti dregi\u00f0 af hlutkestunum sem \u00e1 tungu \u00feeirra kallast p\u00far\u00edm. \u00deeir kallast einnig p\u00far\u00edm vegna \u00feeirra atbur\u00f0a sem greint er fr\u00e1 \u00ed \u00feessu riti um allar \u00fej\u00e1ningarnar sem \u00feetta olli og allt sem s\u00ed\u00f0an var\u00f0.<br \/> <a name=\"27\"><span class=\"versanumer_2007\">27<\/span><\/a> Gy\u00f0ingar hl\u00fdddu bo\u00f0i Mardoka\u00ed og ger\u00f0u \u00feetta a\u00f0 f\u00f6stum si\u00f0 s\u00ednum sem aldrei ver\u00f0ur aflag\u00f0ur og si\u00f0 afkomenda sinna og \u00feeirra sem hafa gengi\u00f0 gy\u00f0ingd\u00f3mi \u00e1 h\u00f6nd. <a name=\"28\"><span class=\"versanumer_2007\">28<\/span><\/a> Daga \u00feessa ber a\u00f0 halda h\u00e1t\u00ed\u00f0lega sem minningardaga, kynsl\u00f3\u00f0 af kynsl\u00f3\u00f0 \u00ed s\u00e9rhverri borg og fj\u00f6lskyldu og landi. <a name=\"29\"><span class=\"versanumer_2007\">29<\/span><\/a> \u00deessir p\u00far\u00edmdagar skulu haldnir h\u00e1t\u00ed\u00f0legir um alla framt\u00ed\u00f0 og minning \u00feeirra mun aldrei fyrnast me\u00f0 komandi kynsl\u00f3\u00f0um. <a name=\"30\"><span class=\"versanumer_2007\">30<\/span><\/a> Ester drottning, d\u00f3ttir Aminadabs, og Gy\u00f0ingurinn Mardoka\u00ed skrifu\u00f0u ni\u00f0ur allt sem \u00feau ger\u00f0u og sendu br\u00e9fi\u00f0 til sta\u00f0festingar br\u00e9finu um p\u00far\u00edmh\u00e1t\u00ed\u00f0ina. <a name=\"31\"><span class=\"versanumer_2007\">31<\/span><\/a> Mardoka\u00ed og Ester drottning fyrirskipu\u00f0u \u00feetta a\u00f0 eigin frumkv\u00e6\u00f0i og framkv\u00e6mdu vilja sinn \u00e1 eigin \u00e1byrg\u00f0.<span class=\"nedan_mal\" title=\" 31. vers vantar \u00ed gr\u00edska textann.\">[<\/span> <a name=\"32\"><span class=\"versanumer_2007\">32<\/span><\/a> \u00deetta \u00e1kvar\u00f0a\u00f0i Ester fyrir framt\u00ed\u00f0 alla og var \u00fea\u00f0 skr\u00e1\u00f0 svo a\u00f0 \u00fea\u00f0 gleymdist ekki. <\/p>\n","protected":false},"excerpt":{"rendered":"<p>Gy\u00f0ingar ey\u00f0a \u00f3vinum s\u00ednum 1 \u00c1 \u00ferett\u00e1nda degi t\u00f3lfta m\u00e1na\u00f0ar, \u00fea\u00f0 er adarm\u00e1na\u00f0ar, h\u00f6f\u00f0u br\u00e9f konungs n\u00e1\u00f0 fram. 2 \u00deann dag var \u00f3vinum Gy\u00f0inga eytt enda \u00feor\u00f0i enginn a\u00f0 veita Gy\u00f0ingum m\u00f3tspyrnu. 3 Skattlandsstj\u00f3rar, furstar og ritarar konungs s\u00fdndu Gy\u00f0ingum vir\u00f0ingu \u00fev\u00ed a\u00f0 allir \u00f3ttu\u00f0ust \u00feeir Mardoka\u00ed. 4 A\u00f0 fyrirm\u00e6lum konungs bar a\u00f0 hafa nafn hans \u00ed hei\u00f0ri \u00ed \u00f6llu r\u00edkinu.[ 5 \u00cd borginni S\u00fasa felldu Gy\u00f0ingar fimm hundru\u00f0 menn, 6 \u00feeirra \u00e1 me\u00f0al Farsannestan, Delf\u00f3n, Fasga, 7 Fardata, Barea, Sarbaka, 8 Marmasim, Ar\u00fafaios og Sab\u00fateus. 9 Auk \u00feess felldu \u00feeir t\u00edu syni B\u00fagajans Hamans Hamadatssonar, \u00f3vinar Gy\u00f0inga. Einnig f\u00f3ru <a href=\"https:\/\/biblian.is\/biblian\/esterarbok-med-vidaukum-9-kafli\/\"> [&#8230;]<\/a><\/p>\n","protected":false},"author":1,"featured_media":0,"parent":0,"menu_order":0,"comment_status":"open","ping_status":"open","template":"bibliukaflar.php","meta":{"footnotes":""},"class_list":["post-2845","page","type-page","status-publish","hentry"],"_links":{"self":[{"href":"https:\/\/biblian.is\/biblian\/wp-json\/wp\/v2\/pages\/2845","targetHints":{"allow":["GET"]}}],"collection":[{"href":"https:\/\/biblian.is\/biblian\/wp-json\/wp\/v2\/pages"}],"about":[{"href":"https:\/\/biblian.is\/biblian\/wp-json\/wp\/v2\/types\/page"}],"author":[{"embeddable":true,"href":"https:\/\/biblian.is\/biblian\/wp-json\/wp\/v2\/users\/1"}],"replies":[{"embeddable":true,"href":"https:\/\/biblian.is\/biblian\/wp-json\/wp\/v2\/comments?post=2845"}],"version-history":[{"count":0,"href":"https:\/\/biblian.is\/biblian\/wp-json\/wp\/v2\/pages\/2845\/revisions"}],"wp:attachment":[{"href":"https:\/\/biblian.is\/biblian\/wp-json\/wp\/v2\/media?parent=2845"}],"curies":[{"name":"wp","href":"https:\/\/api.w.org\/{rel}","templated":true}]}}