{"id":2843,"date":"2017-12-30T21:04:53","date_gmt":"2017-12-30T21:04:53","guid":{"rendered":"http:\/\/biblian.is\/biblian\/esterarb%c2%97k-me_-vi_aukum-7-kafli\/"},"modified":"2017-12-30T21:04:54","modified_gmt":"2017-12-30T21:04:54","slug":"esterarbok-med-vidaukum-7-kafli","status":"publish","type":"page","link":"https:\/\/biblian.is\/biblian\/esterarbok-med-vidaukum-7-kafli\/","title":{"rendered":"Esterarb\u00f3k (me\u00f0 vi\u00f0aukum) 7. kafli"},"content":{"rendered":"<h3 class=\"millifyrirsogn_2007\"> Haman tekinn af l\u00edfi<\/h3>\n<p><a name=\"1\"><span class=\"versanumer_2007\">1<\/span><\/a> Konungur og Haman komu til fagna\u00f0ar drottningar. <a name=\"2\"><span class=\"versanumer_2007\">2<\/span><\/a> Er \u00feau n\u00fa s\u00e1tu annan daginn \u00ed r\u00f6\u00f0 a\u00f0 drykkju sag\u00f0i konungur: \u201eHva\u00f0 er \u00fea\u00f0, Ester drottning, sem \u00fe\u00fa \u00f3skar og bi\u00f0ur um? Allt a\u00f0 h\u00e1lfu r\u00edki m\u00ednu skal \u00e9g gefa \u00fe\u00e9r.\u201c <a name=\"3\"><span class=\"versanumer_2007\">3<\/span><\/a> H\u00fan svara\u00f0i: \u201eHafi \u00e9g fundi\u00f0 n\u00e1\u00f0 \u00ed augum konungs er \u00fea\u00f0 \u00f3sk m\u00edn a\u00f0 \u00fe\u00fa gefir m\u00e9r l\u00edf og b\u00f3n m\u00edn a\u00f0 \u00fe\u00fa \u00feyrmir \u00fej\u00f3\u00f0 minni. <a name=\"4\"><span class=\"versanumer_2007\">4<\/span><\/a> \u00c9g og \u00fej\u00f3\u00f0 m\u00edn h\u00f6fum veri\u00f0 seld \u00e1 vald ey\u00f0ingu, r\u00e1num og \u00fer\u00e6ld\u00f3mi, b\u00e6\u00f0i vi\u00f0 og b\u00f6rn okkar ger\u00f0 \u00fer\u00e6lar og amb\u00e1ttir. \u00deessa hef \u00e9g or\u00f0i\u00f0 \u00e1skynja. \u00d3vinur okkar er ekki ver\u00f0ur \u00feess a\u00f0 tilheyra hir\u00f0 konungs.\u201c <a name=\"5\"><span class=\"versanumer_2007\">5<\/span><\/a> \u201eHver er \u00fea\u00f0 sem dirfist a\u00f0 gera \u00fev\u00edl\u00edkt og anna\u00f0 eins?\u201c spur\u00f0i konungur. <a name=\"6\"><span class=\"versanumer_2007\">6<\/span><\/a> \u201e\u00d3vinurinn er \u00feetta illmenni h\u00e9r, hann Haman,\u201c sag\u00f0i Ester. Haman var\u00f0 skelfingu lostinn frammi fyrir konungi og drottningu. <a name=\"7\"><span class=\"versanumer_2007\">7<\/span><\/a> Konungurinn st\u00f3\u00f0 upp fr\u00e1 veislubor\u00f0inu og f\u00f3r \u00fat \u00ed gar\u00f0inn en Haman gr\u00e1tba\u00f0 drottninguna um v\u00e6g\u00f0 \u00fev\u00ed a\u00f0 honum var lj\u00f3st a\u00f0 illa horf\u00f0i fyrir honum. <a name=\"8\"><span class=\"versanumer_2007\">8<\/span><\/a> \u00deegar konungur kom aftur inn \u00far gar\u00f0inum haf\u00f0i Haman kasta\u00f0 s\u00e9r bi\u00f0jandi \u00e1 hv\u00edlu drottningar. \u201eSvo a\u00f0 \u00fe\u00fa \u00e6tlar l\u00edka a\u00f0 nau\u00f0ga konu minni \u00ed h\u00fasi m\u00ednu,\u201c sag\u00f0i konungur. Haman f\u00f6lna\u00f0i upp \u00feegar hann heyr\u00f0i \u00feetta. <a name=\"9\"><span class=\"versanumer_2007\">9<\/span><\/a> \u00de\u00e1 sag\u00f0i B\u00fagatan, einn af geldingunum, vi\u00f0 konung: \u201eOfan \u00e1 allt anna\u00f0 hefur Haman l\u00e1ti\u00f0 gera g\u00e1lga fyrir Mardoka\u00ed sem vara\u00f0i konung vi\u00f0. Er hann fimmt\u00edu \u00e1lna h\u00e1r og stendur vi\u00f0 h\u00fas Hamans.\u201c \u00de\u00e1 sag\u00f0i konungur: \u201eHengi\u00f0 Haman \u00ed honum.\u201c <a name=\"10\"><span class=\"versanumer_2007\">10<\/span><\/a> Var Haman s\u00ed\u00f0an hengdur \u00ed g\u00e1lganum sem hann haf\u00f0i reist Mardoka\u00ed. Rann konungi \u00fe\u00e1 rei\u00f0in. <\/p>\n","protected":false},"excerpt":{"rendered":"<p>Haman tekinn af l\u00edfi 1 Konungur og Haman komu til fagna\u00f0ar drottningar. 2 Er \u00feau n\u00fa s\u00e1tu annan daginn \u00ed r\u00f6\u00f0 a\u00f0 drykkju sag\u00f0i konungur: \u201eHva\u00f0 er \u00fea\u00f0, Ester drottning, sem \u00fe\u00fa \u00f3skar og bi\u00f0ur um? Allt a\u00f0 h\u00e1lfu r\u00edki m\u00ednu skal \u00e9g gefa \u00fe\u00e9r.\u201c 3 H\u00fan svara\u00f0i: \u201eHafi \u00e9g fundi\u00f0 n\u00e1\u00f0 \u00ed augum konungs er \u00fea\u00f0 \u00f3sk m\u00edn a\u00f0 \u00fe\u00fa gefir m\u00e9r l\u00edf og b\u00f3n m\u00edn a\u00f0 \u00fe\u00fa \u00feyrmir \u00fej\u00f3\u00f0 minni. 4 \u00c9g og \u00fej\u00f3\u00f0 m\u00edn h\u00f6fum veri\u00f0 seld \u00e1 vald ey\u00f0ingu, r\u00e1num og \u00fer\u00e6ld\u00f3mi, b\u00e6\u00f0i vi\u00f0 og b\u00f6rn okkar ger\u00f0 \u00fer\u00e6lar og amb\u00e1ttir. \u00deessa hef \u00e9g or\u00f0i\u00f0 \u00e1skynja. <a href=\"https:\/\/biblian.is\/biblian\/esterarbok-med-vidaukum-7-kafli\/\"> [&#8230;]<\/a><\/p>\n","protected":false},"author":1,"featured_media":0,"parent":0,"menu_order":0,"comment_status":"open","ping_status":"open","template":"bibliukaflar.php","meta":{"footnotes":""},"class_list":["post-2843","page","type-page","status-publish","hentry"],"_links":{"self":[{"href":"https:\/\/biblian.is\/biblian\/wp-json\/wp\/v2\/pages\/2843","targetHints":{"allow":["GET"]}}],"collection":[{"href":"https:\/\/biblian.is\/biblian\/wp-json\/wp\/v2\/pages"}],"about":[{"href":"https:\/\/biblian.is\/biblian\/wp-json\/wp\/v2\/types\/page"}],"author":[{"embeddable":true,"href":"https:\/\/biblian.is\/biblian\/wp-json\/wp\/v2\/users\/1"}],"replies":[{"embeddable":true,"href":"https:\/\/biblian.is\/biblian\/wp-json\/wp\/v2\/comments?post=2843"}],"version-history":[{"count":0,"href":"https:\/\/biblian.is\/biblian\/wp-json\/wp\/v2\/pages\/2843\/revisions"}],"wp:attachment":[{"href":"https:\/\/biblian.is\/biblian\/wp-json\/wp\/v2\/media?parent=2843"}],"curies":[{"name":"wp","href":"https:\/\/api.w.org\/{rel}","templated":true}]}}