{"id":2842,"date":"2017-12-30T21:04:53","date_gmt":"2017-12-30T21:04:53","guid":{"rendered":"http:\/\/biblian.is\/biblian\/esterarb%c2%97k-me_-vi_aukum-6-kafli\/"},"modified":"2018-01-22T01:09:11","modified_gmt":"2018-01-22T01:09:11","slug":"esterarbok-med-vidaukum-6-kafli","status":"publish","type":"page","link":"https:\/\/biblian.is\/biblian\/esterarbok-med-vidaukum-6-kafli\/","title":{"rendered":"Esterarb\u00f3k (me\u00f0 vi\u00f0aukum) 6. kafli"},"content":{"rendered":"<h3 class=\"millifyrirsogn_2007\"> Konungur hei\u00f0rar Mardoka\u00ed<\/h3>\n<p><a name=\"1\"><span class=\"versanumer_2007\">1<\/span><\/a> Um n\u00f3ttina varna\u00f0i Drottinn konungi svefns. Ba\u00f0 hann \u00fe\u00e1 ritara sinn a\u00f0 s\u00e6kja ann\u00e1l stj\u00f3rnar\u00e1ra sinna og lesa fyrir sig. <a name=\"2\"><span class=\"versanumer_2007\">2<\/span><\/a> \u00dear rakst hann \u00e1 \u00fea\u00f0 sem skr\u00e1\u00f0 var um Mardoka\u00ed, a\u00f0 hann hef\u00f0i greint Artaxerxesi fr\u00e1 \u00fev\u00ed \u00feegar tveir af geldingum konungs \u00far l\u00edfver\u00f0inum reyndu a\u00f0 r\u00e1\u00f0a konung af d\u00f6gum. <a name=\"3\"><span class=\"versanumer_2007\">3<\/span><\/a> Konungur sag\u00f0i \u00fe\u00e1: \u201eHva\u00f0a vegtyllu e\u00f0a s\u00e6md h\u00f6fum v\u00e9r veitt Mardoka\u00ed?\u201c \u00dej\u00f3nar hans sv\u00f6ru\u00f0u: \u201e\u00de\u00fa hefur ekki au\u00f0s\u00fdnt honum neina.\u201c<br \/> <a name=\"4\"><span class=\"versanumer_2007\">4<\/span><\/a> \u00deegar konungur spur\u00f0i n\u00e1nar \u00fat \u00ed velgj\u00f6r\u00f0 Mardoka\u00ed kom Haman inn \u00ed hallargar\u00f0inn. \u201eHver er \u00ed hallargar\u00f0inum?\u201c spur\u00f0i konungur. Haman var \u00fe\u00e1 kominn til a\u00f0 bi\u00f0ja konung um a\u00f0 hengja Mardoka\u00ed \u00ed g\u00e1lgann sem hann haf\u00f0i \u00fatb\u00fai\u00f0. <a name=\"5\"><span class=\"versanumer_2007\">5<\/span><\/a> \u201e\u00dea\u00f0 er Haman sem stendur \u00fati \u00ed hallargar\u00f0inum,\u201c sv\u00f6ru\u00f0u \u00fej\u00f3nar konungs. Konungur sag\u00f0i \u00feeim a\u00f0 kalla \u00e1 hann. <a name=\"6\"><span class=\"versanumer_2007\">6<\/span><\/a> S\u00ed\u00f0an spur\u00f0i hann Haman: \u201eHva\u00f0 \u00e1 \u00e9g a\u00f0 gera fyrir \u00feann mann sem \u00e9g vil hei\u00f0ra?\u201c Haman hugsa\u00f0i me\u00f0 s\u00e9r: \u201eHvern \u00e6tli konungur vilji hei\u00f0ra nema \u00fe\u00e1 mig?\u201c <a name=\"7\"><span class=\"versanumer_2007\">7<\/span><\/a> Sag\u00f0i hann vi\u00f0 konung: \u201eVilji konungur s\u00e6ma einhvern hei\u00f0ri <a name=\"8\"><span class=\"versanumer_2007\">8<\/span><\/a> skal konungur l\u00e1ta \u00fej\u00f3na s\u00edna s\u00e6kja l\u00ednskikkju sem konungur er vanur a\u00f0 bera og hest sem konungur situr gjarnan. <a name=\"9\"><span class=\"versanumer_2007\">9<\/span><\/a> \u00deetta skal konungur f\u00e1 einhverjum helsta vini s\u00ednum og l\u00e1ta hann skr\u00fd\u00f0a \u00feann mann sem konungur elskar og sty\u00f0ja hann \u00e1 bak hestinum. S\u00ed\u00f0an skal hr\u00f3pa\u00f0 \u00e1 a\u00f0alg\u00f6tu borgarinnar: \u00deetta hlotnast hverjum \u00feeim manni sem konungur hei\u00f0rar!\u201c <a name=\"10\"><span class=\"versanumer_2007\">10<\/span><\/a> \u201e\u00deetta er heillar\u00e1\u00f0,\u201c sag\u00f0i konungur vi\u00f0 Haman. \u201eEinmitt \u00feetta skalt \u00fe\u00fa gera fyrir Mardoka\u00ed Gy\u00f0ing sem \u00fej\u00f3nar \u00ed gar\u00f0i hallarinnar. Slepptu engu af \u00fev\u00ed sem \u00fe\u00fa nefndir.\u201c <a name=\"11\"><span class=\"versanumer_2007\">11<\/span><\/a> Haman s\u00f3tti skikkju og hest, skr\u00fdddi Mardoka\u00ed, lyfti honum \u00e1 bak og l\u00e9t hann s\u00ed\u00f0an r\u00ed\u00f0a eftir a\u00f0alg\u00f6tu borgarinnar og hr\u00f3pa\u00f0i: \u201e\u00deetta hlotnast hverjum \u00feeim manni sem konungur hei\u00f0rar.\u201c<br \/> <a name=\"12\"><span class=\"versanumer_2007\">12<\/span><\/a> A\u00f0 \u00fev\u00ed b\u00fanu sneri Mardoka\u00ed aftur til hallarinnar en Haman f\u00f3r m\u00e6ddur heim til s\u00edn og huldi h\u00f6fu\u00f0i\u00f0. <a name=\"13\"><span class=\"versanumer_2007\">13<\/span><\/a> Haman sag\u00f0i S\u00f3s\u00f6ru konu sinni og vinum s\u00ednum hva\u00f0 komi\u00f0 hef\u00f0i fyrir sig. Vinir hans og kona s\u00f6g\u00f0u vi\u00f0 hann: \u201eEf \u00feessi Mardoka\u00ed, sem \u00fe\u00fa ert tekinn a\u00f0 au\u00f0m\u00fdkja \u00feig fyrir, er Gy\u00f0ingur a\u00f0 \u00fej\u00f3\u00f0erni ver\u00f0ur \u00fea\u00f0 \u00fe\u00e9r til falls. Ekki muntu geta sta\u00f0i\u00f0 gegn honum \u00fev\u00ed a\u00f0 lifandi Gu\u00f0 er me\u00f0 honum.\u201c <br \/> <a name=\"14\"><span class=\"versanumer_2007\">14<\/span><\/a> \u00cd \u00feeim t\u00f6lu\u00f0u or\u00f0um komu geldingarnir og s\u00f6g\u00f0u Haman a\u00f0 hra\u00f0a s\u00e9r til veislunnar sem Ester haf\u00f0i undirb\u00fai\u00f0.<\/p>\n","protected":false},"excerpt":{"rendered":"<p>Konungur hei\u00f0rar Mardoka\u00ed 1 Um n\u00f3ttina varna\u00f0i Drottinn konungi svefns. Ba\u00f0 hann \u00fe\u00e1 ritara sinn a\u00f0 s\u00e6kja ann\u00e1l stj\u00f3rnar\u00e1ra sinna og lesa fyrir sig. 2 \u00dear rakst hann \u00e1 \u00fea\u00f0 sem skr\u00e1\u00f0 var um Mardoka\u00ed, a\u00f0 hann hef\u00f0i greint Artaxerxesi fr\u00e1 \u00fev\u00ed \u00feegar tveir af geldingum konungs \u00far l\u00edfver\u00f0inum reyndu a\u00f0 r\u00e1\u00f0a konung af d\u00f6gum. 3 Konungur sag\u00f0i \u00fe\u00e1: \u201eHva\u00f0a vegtyllu e\u00f0a s\u00e6md h\u00f6fum v\u00e9r veitt Mardoka\u00ed?\u201c \u00dej\u00f3nar hans sv\u00f6ru\u00f0u: \u201e\u00de\u00fa hefur ekki au\u00f0s\u00fdnt honum neina.\u201c 4 \u00deegar konungur spur\u00f0i n\u00e1nar \u00fat \u00ed velgj\u00f6r\u00f0 Mardoka\u00ed kom Haman inn \u00ed hallargar\u00f0inn. \u201eHver er \u00ed hallargar\u00f0inum?\u201c spur\u00f0i konungur. Haman var \u00fe\u00e1 kominn <a href=\"https:\/\/biblian.is\/biblian\/esterarbok-med-vidaukum-6-kafli\/\"> [&#8230;]<\/a><\/p>\n","protected":false},"author":1,"featured_media":0,"parent":0,"menu_order":0,"comment_status":"open","ping_status":"open","template":"bibliukaflar.php","meta":{"footnotes":""},"class_list":["post-2842","page","type-page","status-publish","hentry"],"_links":{"self":[{"href":"https:\/\/biblian.is\/biblian\/wp-json\/wp\/v2\/pages\/2842","targetHints":{"allow":["GET"]}}],"collection":[{"href":"https:\/\/biblian.is\/biblian\/wp-json\/wp\/v2\/pages"}],"about":[{"href":"https:\/\/biblian.is\/biblian\/wp-json\/wp\/v2\/types\/page"}],"author":[{"embeddable":true,"href":"https:\/\/biblian.is\/biblian\/wp-json\/wp\/v2\/users\/1"}],"replies":[{"embeddable":true,"href":"https:\/\/biblian.is\/biblian\/wp-json\/wp\/v2\/comments?post=2842"}],"version-history":[{"count":0,"href":"https:\/\/biblian.is\/biblian\/wp-json\/wp\/v2\/pages\/2842\/revisions"}],"wp:attachment":[{"href":"https:\/\/biblian.is\/biblian\/wp-json\/wp\/v2\/media?parent=2842"}],"curies":[{"name":"wp","href":"https:\/\/api.w.org\/{rel}","templated":true}]}}