{"id":2837,"date":"2017-12-30T21:04:49","date_gmt":"2017-12-30T21:04:49","guid":{"rendered":"http:\/\/biblian.is\/biblian\/esterarb%c2%97k-me_-vi_aukum-1-kafli\/"},"modified":"2022-12-16T12:37:03","modified_gmt":"2022-12-16T12:37:03","slug":"esterarbok-med-vidaukum-1-kafli","status":"publish","type":"page","link":"https:\/\/biblian.is\/biblian\/esterarbok-med-vidaukum-1-kafli\/","title":{"rendered":"Esterarb\u00f3k (me\u00f0 vi\u00f0aukum) 1. kafli"},"content":{"rendered":"<div class=\"fusion-fullwidth fullwidth-box fusion-builder-row-1 fusion-flex-container nonhundred-percent-fullwidth non-hundred-percent-height-scrolling\" style=\"--awb-border-radius-top-left:0px;--awb-border-radius-top-right:0px;--awb-border-radius-bottom-right:0px;--awb-border-radius-bottom-left:0px;--awb-flex-wrap:wrap;\" ><div class=\"fusion-builder-row fusion-row fusion-flex-align-items-flex-start fusion-flex-content-wrap\" style=\"max-width:1144px;margin-left: calc(-4% \/ 2 );margin-right: calc(-4% \/ 2 );\"><div class=\"fusion-layout-column fusion_builder_column fusion-builder-column-0 fusion_builder_column_1_1 1_1 fusion-flex-column\" style=\"--awb-bg-size:cover;--awb-width-large:100%;--awb-margin-top-large:0px;--awb-spacing-right-large:1.92%;--awb-margin-bottom-large:0px;--awb-spacing-left-large:1.92%;--awb-width-medium:100%;--awb-spacing-right-medium:1.92%;--awb-spacing-left-medium:1.92%;--awb-width-small:100%;--awb-spacing-right-small:1.92%;--awb-spacing-left-small:1.92%;\"><div class=\"fusion-column-wrapper fusion-flex-justify-content-flex-start fusion-content-layout-column\"><div class=\"fusion-text fusion-text-1\"><div class=\"kaflaheiti\">1A<\/div>\n<h3 class=\"millifyrirsogn_2007\">Draums\u00fdn Mardoka\u00ed<\/h3>\n<p><a name=\"1\"><\/a><span class=\"versanumer_2007\">1<\/span> \u00c1 \u00f6\u00f0ru stj\u00f3rnar\u00e1ri st\u00f3rkonungsins Artaxerxesar,<span class=\"nedan_mal\" title=\" Form nafnsins \u00ed hebresku Esterarb\u00f3kinni bendir til a\u00f0 l\u00edklega s\u00e9 \u00e1tt vi\u00f0 Xerxes I.\">[<\/span> \u00e1 fyrsta degi n\u00edsanm\u00e1na\u00f0ar, dreymdi Mardoka\u00ed Ja\u00edrsson draum. Ja\u00edr var sonur Shimi K\u00edssonar af \u00e6ttkv\u00edsl Benjam\u00edns. <a name=\"2\"><\/a><span class=\"versanumer_2007\">2<\/span> Mardoka\u00ed var Gy\u00f0ingur og bj\u00f3 \u00ed S\u00fasa, mikilh\u00e6fur ma\u00f0ur og gegndi \u00fej\u00f3nustu vi\u00f0 hir\u00f0 konungs. <a name=\"3\"><\/a><span class=\"versanumer_2007\">3<\/span> Hann var \u00ed h\u00f3pi \u00feeirra sem Neb\u00fakadnesar, konungur Bab\u00fdlon\u00edumanna, flutti \u00ed \u00fatleg\u00f0 fr\u00e1 Jer\u00fasalem \u00e1samt Jekonja J\u00fadakonungi.<span class=\"nedan_mal\" title=\" Jekonja = J\u00f3jak\u00edn.\">[<\/span><br \/>\n<a name=\"4\"><\/a><span class=\"versanumer_2007\">4<\/span> Mardoka\u00ed dreymdi: \u00d3hlj\u00f3\u00f0 og fyrirgangur, \u00ferumugn\u00fdr og landskj\u00e1lftar, \u00f6ng\u00feveiti \u00e1 j\u00f6r\u00f0u. <a name=\"5\"><\/a><span class=\"versanumer_2007\">5<\/span> Skyndilega birtust tveir miklir drekar alb\u00fanir til einv\u00edgis. \u00deeir \u00f6skru\u00f0u \u00f3gurlega <a name=\"6\"><\/a><span class=\"versanumer_2007\">6<\/span> og vi\u00f0 \u00f3hlj\u00f3\u00f0 \u00feeirra t\u00f3ku allar \u00fej\u00f3\u00f0ir a\u00f0 v\u00edgb\u00faast til a\u00f0 herja \u00e1 \u00fej\u00f3\u00f0 r\u00e9ttl\u00e1tra. <a name=\"7\"><\/a><span class=\"versanumer_2007\">7<\/span> \u00dea\u00f0 var dagur myrkurs og skugga, \u00ferenging var og ney\u00f0, \u00fej\u00e1ning og mikil ringulrei\u00f0 \u00e1 j\u00f6r\u00f0u. <a name=\"8\"><\/a><span class=\"versanumer_2007\">8<\/span> \u00d6ll \u00fej\u00f3\u00f0 r\u00e9ttl\u00e1tra skelfdist og \u00f3tta\u00f0ist \u00f3g\u00e6fu s\u00edna. Bj\u00f3st h\u00fan vi\u00f0 dau\u00f0a s\u00ednum <a name=\"9\"><\/a><span class=\"versanumer_2007\">9<\/span> og hr\u00f3pa\u00f0i til Gu\u00f0s. Vi\u00f0 \u00e1kall f\u00f3lksins var sem st\u00f3rflj\u00f3t streymdi fram af l\u00edtilli lind, vatnsmiki\u00f0 flj\u00f3t. <a name=\"10\"><\/a><span class=\"versanumer_2007\">10<\/span> \u00dea\u00f0 birti, s\u00f3lin kom upp, hinir au\u00f0m\u00fdktu voru reistir vi\u00f0 og gleyptu hina voldugu.<br \/>\n<a name=\"11\"><\/a><span class=\"versanumer_2007\">11<\/span> Er Mardoka\u00ed vakna\u00f0i upp fr\u00e1 draums\u00fdn \u00feessari, sem haf\u00f0i birt honum hva\u00f0 Gu\u00f0 hug\u00f0ist fyrir, geymdi hann hana me\u00f0 s\u00e9r. Lag\u00f0i hann sig \u00ed l\u00edma vi\u00f0 a\u00f0 r\u00e1\u00f0a drauminn allt fram \u00e1 kv\u00f6ld.<\/p>\n<h3 class=\"millifyrirsogn_2007\">Mardoka\u00ed bjargar l\u00edfi konungs<\/h3>\n<p><a name=\"12\"><\/a><span class=\"versanumer_2007\">12<\/span> Mardoka\u00ed hv\u00edldist \u00ed gar\u00f0i hallarinnar. \u00dear voru einnig \u00feeir Gabata og \u00dearra, tveir geldinga konungs, og g\u00e6ttu hallarinnar. <a name=\"13\"><\/a><span class=\"versanumer_2007\">13<\/span> Heyr\u00f0i hann \u00e1 tali \u00feeirra hva\u00f0 \u00feeir voru a\u00f0 br\u00e6\u00f0a me\u00f0 s\u00e9r og undirb\u00faa. \u00deegar Mardoka\u00ed lag\u00f0i eyrun n\u00e1nar vi\u00f0 komst hann a\u00f0 raun um a\u00f0 \u00feeir voru a\u00f0 leggja \u00e1 r\u00e1\u00f0in um a\u00f0 myr\u00f0a Artaxerxes konung. Sag\u00f0i hann konungi til \u00feeirra. <a name=\"14\"><\/a><span class=\"versanumer_2007\">14<\/span> Konungur yfirheyr\u00f0i b\u00e1\u00f0a geldingana sem gengust vi\u00f0 \u00feessu og voru teknir af l\u00edfi. <a name=\"15\"><\/a><span class=\"versanumer_2007\">15<\/span> Konungur l\u00e9t skrifa \u00feetta ni\u00f0ur svo a\u00f0 \u00fea\u00f0 gleymdist ekki. Mardoka\u00ed skr\u00e1\u00f0i einnig \u00feessa atbur\u00f0i. <a name=\"16\"><\/a><span class=\"versanumer_2007\">16<\/span> Konungurinn skipa\u00f0i Mardoka\u00ed enn fremur til \u00fej\u00f3nustu \u00ed h\u00f6llinni og gaf honum gjafir \u00ed \u00feakkarskyni.<br \/>\n<a name=\"17\"><\/a><span class=\"versanumer_2007\">17<\/span> En B\u00faga\u00edti nokkur, Haman Hamadatsson, var \u00ed miklu \u00e1liti hj\u00e1 konungi. Leita\u00f0ist hann vi\u00f0 a\u00f0 ska\u00f0a Mardoka\u00ed og \u00fej\u00f3\u00f0 hans vegna beggja geldinga konungsins.<\/p>\n<div class=\"kaflaheiti\">1<\/div>\n<h3 class=\"millifyrirsogn_2007\">Astin drottning \u00f3hl\u00fd\u00f0nast konungi<\/h3>\n<p><a name=\"1\"><\/a><span class=\"versanumer_2007\">1<\/span> Eftir \u00feessa atbur\u00f0i bar \u00fea\u00f0 vi\u00f0 \u00e1 d\u00f6gum Artaxerxesar konungs sem h\u00e9r segir fr\u00e1. \u00dea\u00f0 var s\u00e1 Artaxerxes sem r\u00edkti yfir eitt hundra\u00f0 tuttugu og sj\u00f6 skattl\u00f6ndum fr\u00e1 Indlandi til E\u00fe\u00ed\u00f3p\u00edu. <a name=\"2\"><\/a><span class=\"versanumer_2007\">2<\/span> \u00deegar Artaxerxes sat \u00ed h\u00e1s\u00e6ti s\u00ednu \u00ed borginni S\u00fasa <a name=\"3\"><\/a><span class=\"versanumer_2007\">3<\/span> h\u00e9lt hann mikla veislu. Var \u00fea\u00f0 \u00e1 \u00feri\u00f0ja stj\u00f3rnar\u00e1ri hans. Bau\u00f0 hann vinum s\u00ednum til veislunnar, h\u00e1tt settum Persum og Medum og m\u00f6nnum af \u00f6\u00f0ru \u00fej\u00f3\u00f0erni sem og landstj\u00f3rum skattlandanna. <a name=\"4\"><\/a><span class=\"versanumer_2007\">4<\/span> Eftir a\u00f0 hafa s\u00fdnt \u00feeim au\u00f0\u00e6fi r\u00edkis s\u00edns og ekkert til spara\u00f0 \u00ed d\u00fdrindis veisluh\u00f6ldum \u00ed eitt hundra\u00f0 og \u00e1ttat\u00edu daga <a name=\"5\"><\/a><span class=\"versanumer_2007\">5<\/span> lei\u00f0 a\u00f0 lokum br\u00fa\u00f0kaupsdaganna. \u00de\u00e1 h\u00e9lt konungur m\u00f6nnum \u00far borginni af \u00fdmsu \u00fej\u00f3\u00f0erni veislu. St\u00f3\u00f0 veislan \u00ed sex daga og var haldin \u00ed gar\u00f0i hallarinnar. <a name=\"6\"><\/a><span class=\"versanumer_2007\">6<\/span> Var hann skreyttur l\u00edn- og b\u00f3mullartj\u00f6ldum sem h\u00e9ngu \u00e1 hv\u00edtum og purpurarau\u00f0um sn\u00farum milli marmara- og steins\u00falna sem efst voru b\u00fanar gulli og silfri. Legubekkir \u00far gulli og silfri st\u00f3\u00f0u \u00e1 g\u00f3lfi sem \u00feaki\u00f0 var steinfl\u00f6gumyndum \u00far smarag\u00f0s-, perlum\u00f3\u00f0ur- og marmarasteini. \u00c1 bekkina voru lag\u00f0ar \u00f6r\u00feunnar sl\u00e6\u00f0ur me\u00f0 marglitu mynstri en \u00edsauma\u00f0ar r\u00f3sir \u00e1 f\u00f6ldunum. <a name=\"7\"><\/a><span class=\"versanumer_2007\">7<\/span> Bikarar voru \u00far gulli og silfri og einn sm\u00e1bikarinn var \u00far r\u00fab\u00ednsteini og metinn \u00e1 \u00ferj\u00e1t\u00edu \u00fe\u00fasund talentur. E\u00f0alv\u00edn var \u00f3spart bori\u00f0 fram, sams konar og konungur sj\u00e1lfur drakk. <a name=\"8\"><\/a><span class=\"versanumer_2007\">8<\/span> Drykkjan fylgdi engri fyrirframger\u00f0ri skipan \u00fev\u00ed a\u00f0 \u00feannig vildi konungur hafa \u00feetta og haf\u00f0i bo\u00f0i\u00f0 \u00fej\u00f3num s\u00ednum a\u00f0 l\u00e1ta \u00ed \u00f6llu a\u00f0 vilja s\u00ednum og gestanna. <a name=\"9\"><\/a><span class=\"versanumer_2007\">9<\/span> Samt\u00edmis h\u00e9lt Astin drottning konunum veislu \u00ed h\u00f6ll Artaxerxesar.<br \/>\n<a name=\"10\"><\/a><span class=\"versanumer_2007\">10<\/span> \u00c1 sj\u00f6unda degi, \u00feegar sem best l\u00e1 \u00e1 konungi, skipa\u00f0i Artaxerxes konungur \u00feeim Haman, Bazan, \u00dearra, B\u00f3rase, Sa\u00feolta, Abatasa og \u00dearaba, sj\u00f6 geldingum sem voru \u00fej\u00f3nar hans, <a name=\"11\"><\/a><span class=\"versanumer_2007\">11<\/span> a\u00f0 lei\u00f0a drottninguna til s\u00edn. \u00c6tla\u00f0i hann a\u00f0 l\u00fdsa hana drottningu, l\u00e1ta hana bera k\u00f3r\u00f3nu og s\u00fdna \u00f6llum h\u00f6f\u00f0ingjunum og \u00fej\u00f3\u00f0unum fegur\u00f0 hennar, en h\u00fan var br\u00e1\u00f0f\u00f6gur kona. <a name=\"12\"><\/a><span class=\"versanumer_2007\">12<\/span> En Astin drottning hl\u00fdddi ekki og neita\u00f0i a\u00f0 koma me\u00f0 geldingunum. Vi\u00f0 \u00fea\u00f0 var\u00f0 konungur \u00feungur \u00ed sinni og rei\u00f0ur. <a name=\"13\"><\/a><span class=\"versanumer_2007\">13<\/span> Sag\u00f0i hann vinum s\u00ednum fr\u00e1 \u00fev\u00ed sem Astin haf\u00f0i gert og ba\u00f0 \u00fe\u00e1 a\u00f0 d\u00e6ma um hva\u00f0 l\u00f6gin seg\u00f0u um sl\u00edkt. <a name=\"14\"><\/a><span class=\"versanumer_2007\">14<\/span> Arkesaios, Sarsa\u00feaios og Maleesear gengu fram fyrir hann. \u00deeir voru h\u00f6f\u00f0ingjar fr\u00e1 Pers\u00edu og Med\u00edu, n\u00e1nastir konungi og fremstir r\u00e1\u00f0unauta hans. <a name=\"15\"><\/a><span class=\"versanumer_2007\">15<\/span> \u00deeir greindu honum fr\u00e1 \u00fev\u00ed sem l\u00f6gum samkv\u00e6mt b\u00e6ri a\u00f0 gera vi\u00f0 Astin drottningu fyrir a\u00f0 \u00f3hl\u00fd\u00f0nast \u00feeim bo\u00f0um konungs sem geldingarnir fluttu henni. <a name=\"16\"><\/a><span class=\"versanumer_2007\">16<\/span> Sag\u00f0i M\u00fakaios vi\u00f0 konung og h\u00f6f\u00f0ingjana: \u201eAstin drottning hefur ekki einungis broti\u00f0 gegn konungi heldur einnig \u00f6llum h\u00f6f\u00f0ingjum og \u00e6\u00f0stu m\u00f6nnum konungs.\u201c <a name=\"17\"><\/a><span class=\"versanumer_2007\">17<\/span> Haf\u00f0i hann sk\u00fdrt \u00feeim fr\u00e1 or\u00f0um drottningar og hvernig h\u00fan m\u00f3tm\u00e6lti konungi. \u201e\u00c1 sama h\u00e1tt og h\u00fan s\u00fdndi Artaxerxesi konungi m\u00f3t\u00fer\u00f3a,\u201c h\u00e9lt hann \u00e1fram, <a name=\"18\"><\/a><span class=\"versanumer_2007\">18<\/span> \u201emunu hinar konurnar vi\u00f0 hir\u00f0ina, konur h\u00f6f\u00f0ingja Persa og Meda, dirfast \u00feegar \u00ed dag a\u00f0 ni\u00f0url\u00e6gja eiginmenn s\u00edna \u00feegar \u00fe\u00e6r heyra hvernig h\u00fan tala\u00f0i vi\u00f0 konung. <a name=\"19\"><\/a><span class=\"versanumer_2007\">19<\/span> Ef konungi \u00fe\u00f3knast, \u00fe\u00e1 skalt \u00fe\u00fa l\u00e1ta konungsbo\u00f0 \u00fat ganga sem skal rita\u00f0 \u00ed samr\u00e6mi vi\u00f0 l\u00f6g Meda og Persa. Skal \u00ed engu fr\u00e1 \u00fev\u00ed v\u00edkja. Drottningin m\u00e1 aldrei framar koma til \u00fe\u00edn. Drottningartign hennar skal konungur veita konu sem er henni betri. <a name=\"20\"><\/a><span class=\"versanumer_2007\">20<\/span> Hverjum \u00feeim l\u00f6gum sem konungur setur \u00ed r\u00edki s\u00ednu ber a\u00f0 hl\u00fd\u00f0a. \u00deess vegna mun s\u00e9rhver kona au\u00f0s\u00fdna manni s\u00ednum vir\u00f0ingu, jafnt f\u00e1t\u00e6k sem r\u00edk.\u201c<br \/>\n<a name=\"21\"><\/a><span class=\"versanumer_2007\">21<\/span> Konungi og h\u00f6f\u00f0ingjum hans gast vel a\u00f0 \u00feessum or\u00f0um og ger\u00f0i konungur eins og M\u00fakaios haf\u00f0i lagt til. <a name=\"22\"><\/a><span class=\"versanumer_2007\">22<\/span> Sendi hann fyrirm\u00e6li til allra skattlanda r\u00edkis s\u00edns \u00e1 \u00fej\u00f3\u00f0tungu hvers og eins \u00feeirra og bau\u00f0 a\u00f0 eiginm\u00f6nnum skyldi au\u00f0s\u00fdnd vir\u00f0ing \u00e1 heimilum s\u00ednum.<\/p>\n<\/div><\/div><\/div><\/div><\/div>\n","protected":false},"excerpt":{"rendered":"","protected":false},"author":1,"featured_media":0,"parent":0,"menu_order":0,"comment_status":"open","ping_status":"open","template":"bibliukaflar.php","meta":{"footnotes":""},"class_list":["post-2837","page","type-page","status-publish","hentry"],"_links":{"self":[{"href":"https:\/\/biblian.is\/biblian\/wp-json\/wp\/v2\/pages\/2837","targetHints":{"allow":["GET"]}}],"collection":[{"href":"https:\/\/biblian.is\/biblian\/wp-json\/wp\/v2\/pages"}],"about":[{"href":"https:\/\/biblian.is\/biblian\/wp-json\/wp\/v2\/types\/page"}],"author":[{"embeddable":true,"href":"https:\/\/biblian.is\/biblian\/wp-json\/wp\/v2\/users\/1"}],"replies":[{"embeddable":true,"href":"https:\/\/biblian.is\/biblian\/wp-json\/wp\/v2\/comments?post=2837"}],"version-history":[{"count":0,"href":"https:\/\/biblian.is\/biblian\/wp-json\/wp\/v2\/pages\/2837\/revisions"}],"wp:attachment":[{"href":"https:\/\/biblian.is\/biblian\/wp-json\/wp\/v2\/media?parent=2837"}],"curies":[{"name":"wp","href":"https:\/\/api.w.org\/{rel}","templated":true}]}}