{"id":2833,"date":"2017-12-30T21:04:49","date_gmt":"2017-12-30T21:04:49","guid":{"rendered":"http:\/\/biblian.is\/biblian\/j%c2%9cd%c2%92tarb%c2%97k-13-kafli\/"},"modified":"2017-12-30T21:04:50","modified_gmt":"2017-12-30T21:04:50","slug":"juditarbok-13-kafli","status":"publish","type":"page","link":"https:\/\/biblian.is\/biblian\/juditarbok-13-kafli\/","title":{"rendered":"J\u00fad\u00edtarb\u00f3k 13. kafli"},"content":{"rendered":"<p><a name=\"1\"><span class=\"versanumer_2007\">1<\/span><\/a> \u00dear sem li\u00f0i\u00f0 var \u00e1 kv\u00f6ld hr\u00f6\u00f0u\u00f0u \u00fej\u00f3nar H\u00f3lofernesar s\u00e9r brott. Bag\u00f3as loka\u00f0i tjaldinu a\u00f0 utanver\u00f0u og l\u00e9t \u00fej\u00f3nana fara fr\u00e1 h\u00fasb\u00f3nda s\u00ednum. \u00deeir gengu til hv\u00edlu enda allir \u00fereyttir \u00fev\u00ed a\u00f0 veislan haf\u00f0i sta\u00f0i\u00f0 lengi. <a name=\"2\"><span class=\"versanumer_2007\">2<\/span><\/a> En J\u00fad\u00edt var l\u00e1tin ein eftir \u00ed tjaldinu hj\u00e1 H\u00f3lofernesi sem haf\u00f0i olti\u00f0 dau\u00f0adrukkinn \u00fat af \u00ed r\u00fam sitt. <a name=\"3\"><span class=\"versanumer_2007\">3<\/span><\/a> J\u00fad\u00edt haf\u00f0i sagt amb\u00e1tt sinni a\u00f0 standa \u00fati fyrir svefnh\u00fdsi s\u00ednu og b\u00ed\u00f0a \u00feess a\u00f0 h\u00fan gengi \u00fat eins og h\u00fan haf\u00f0i gert \u00e1 hverju kv\u00f6ldi. Sag\u00f0ist h\u00fan \u00e6tla \u00fat til a\u00f0 bi\u00f0jast fyrir. Hi\u00f0 sama sag\u00f0i h\u00fan Bag\u00f3asi.<br \/> <a name=\"4\"><span class=\"versanumer_2007\">4<\/span><\/a> Er n\u00fa allir voru gengnir \u00fat og ekki nokkur ma\u00f0ur eftir \u00ed svefnh\u00fasinu, hvorki l\u00e1gur n\u00e9 h\u00e1r, gekk J\u00fad\u00edt a\u00f0 hv\u00edlu H\u00f3lofernesar og ba\u00f0 \u00ed hlj\u00f3\u00f0i: \u201eDrottinn, Gu\u00f0 alls m\u00e1ttar. L\u00edt \u00e1 \u00feessari stundu \u00ed n\u00e1\u00f0 \u00e1 \u00fea\u00f0 verk sem h\u00f6nd m\u00edn vinnur Jer\u00fasalem til vegsemdar. <a name=\"5\"><span class=\"versanumer_2007\">5<\/span><\/a> N\u00fa er stundin runnin upp. Kom arfleif\u00f0 \u00feinni til hj\u00e1lpar. L\u00e1t \u00fea\u00f0 sem \u00e9g hyggst fyrir ver\u00f0a tort\u00edmingu \u00f3vinanna sem r\u00e1\u00f0ist hafa \u00e1 okkur.\u201c<br \/> <a name=\"6\"><span class=\"versanumer_2007\">6<\/span><\/a> S\u00ed\u00f0an gekk J\u00fad\u00edt a\u00f0 r\u00famst\u00f3lpanum vi\u00f0 h\u00f6f\u00f0alagi\u00f0 \u00e1 r\u00fami H\u00f3lofernesar, t\u00f3k sver\u00f0 hans sem h\u00e9kk \u00fear, <a name=\"7\"><span class=\"versanumer_2007\">7<\/span><\/a> studdi sig vi\u00f0 r\u00fami\u00f0, greip \u00ed h\u00e1r hans og sag\u00f0i: \u201eStyrktu mig, Drottinn, Gu\u00f0 \u00cdsraels, \u00e1 \u00feessari stundu.\u201c <a name=\"8\"><span class=\"versanumer_2007\">8<\/span><\/a> Hj\u00f3 h\u00fan s\u00ed\u00f0an tv\u00edvegis af \u00f6llum kr\u00f6ftum \u00ed h\u00e1ls honum og snei\u00f0 h\u00f6fu\u00f0i\u00f0 af. <a name=\"9\"><span class=\"versanumer_2007\">9<\/span><\/a> \u00dev\u00ed n\u00e6st velti h\u00fan bolnum ni\u00f0ur \u00far r\u00faminu og t\u00f3k flugnaneti\u00f0 af r\u00famsto\u00f0unum. Gekk h\u00fan s\u00ed\u00f0an strax \u00fat og f\u00e9kk \u00feernu sinni h\u00f6fu\u00f0 H\u00f3lofernesar <a name=\"10\"><span class=\"versanumer_2007\">10<\/span><\/a> sem l\u00e9t \u00fea\u00f0 \u00ed malpoka hennar.<\/p>\n<h3 class=\"millifyrirsogn_2007\">J\u00fad\u00edt og \u00feernan sn\u00faa aftur til Bet\u00fal\u00fau<\/h3>\n<p>S\u00ed\u00f0an gengu \u00fe\u00e6r b\u00e1\u00f0ar saman \u00fat, eins og \u00fe\u00e6r voru vanar, til b\u00e6na. \u00deegar \u00fe\u00e6r svo voru komnar \u00ed gegnum herb\u00fa\u00f0irnar gengu \u00fe\u00e6r \u00e1 svig vi\u00f0 dalinn, h\u00e9ldu upp Bet\u00fal\u00faufjall og komu a\u00f0 borgarhli\u00f0inu.<br \/> <a name=\"11\"><span class=\"versanumer_2007\">11<\/span><\/a> Me\u00f0an h\u00fan var enn langt undan kalla\u00f0i J\u00fad\u00edt til var\u00f0mannanna vi\u00f0 hli\u00f0i\u00f0: \u201eLj\u00faki\u00f0 upp, lj\u00faki\u00f0 hli\u00f0inu upp. Gu\u00f0 er me\u00f0 okkur, Gu\u00f0 okkar. Enn gerir hann m\u00e1ttarverk \u00ed \u00cdsrael og s\u00fdnir \u00f3vinum okkar m\u00e1tt sinn eins og hann ger\u00f0i \u00ed dag.\u201c <a name=\"12\"><span class=\"versanumer_2007\">12<\/span><\/a> \u00deegar borgarb\u00faar heyr\u00f0u r\u00f6dd hennar hr\u00f6\u00f0u\u00f0u \u00feeir s\u00e9r ofan a\u00f0 borgarhli\u00f0inu og stefndu \u00f6ldungum borgarinnar saman. <a name=\"13\"><span class=\"versanumer_2007\">13<\/span><\/a> Allir komu hlaupandi, l\u00e1gir sem h\u00e1ir, og fur\u00f0u\u00f0u sig \u00e1 \u00fev\u00ed a\u00f0 h\u00fan skyldi komin aftur. Opnu\u00f0u \u00feeir hli\u00f0i\u00f0, hleyptu b\u00e1\u00f0um konunum inn, kveiktu eld til a\u00f0 l\u00fdsa upp og s\u00f6fnu\u00f0ust kringum \u00fe\u00e6r. <a name=\"14\"><span class=\"versanumer_2007\">14<\/span><\/a> \u00de\u00e1 hr\u00f3pa\u00f0i J\u00fad\u00edt h\u00e1rri r\u00f6ddu: \u201eLofi\u00f0 Gu\u00f0, lofi\u00f0 hann! Lofi\u00f0 Gu\u00f0 sem hefur ekki l\u00e1ti\u00f0 af a\u00f0 s\u00fdna \u00cdsraelsm\u00f6nnum miskunn heldur hefur hann \u00ed n\u00f3tt eytt \u00f3vinum okkar me\u00f0 hendi minni.\u201c <a name=\"15\"><span class=\"versanumer_2007\">15<\/span><\/a> \u00dev\u00ed n\u00e6st t\u00f3k h\u00fan h\u00f6fu\u00f0 H\u00f3lofernesar upp \u00far malnum, s\u00fdndi \u00fea\u00f0 og sag\u00f0i: \u201e\u00deetta er h\u00f6fu\u00f0 H\u00f3lofernesar, yfirhersh\u00f6f\u00f0ingja hers Ass\u00fdr\u00edumanna. H\u00e9r er flugnaneti\u00f0 sem hann l\u00e1 ofur\u00f6lvi undir. Drottinn deyddi hann me\u00f0 kvenmannshendi. <a name=\"16\"><span class=\"versanumer_2007\">16<\/span><\/a> Svo sannarlega sem Drottinn lifir, hann sem hefur vernda\u00f0 mig \u00e1 veginum sem \u00e9g gekk, \u00fe\u00e1 var \u00fea\u00f0 \u00fatlit mitt sem t\u00e6ldi manninn til gl\u00f6tunar en enga synd dr\u00fdg\u00f0i hann me\u00f0 m\u00e9r til flekkunar m\u00e9r e\u00f0a vanvir\u00f0u.\u201c<br \/> <a name=\"17\"><span class=\"versanumer_2007\">17<\/span><\/a> Allt f\u00f3lki\u00f0 var\u00f0 fur\u00f0u losti\u00f0 og f\u00e9ll \u00e1 kn\u00e9 \u00ed lotningu fyrir Gu\u00f0i og ba\u00f0 einum huga: \u201eLofa\u00f0ur s\u00e9rt \u00fe\u00fa, Gu\u00f0, sem \u00ed dag hefur eytt \u00f3vini \u00fej\u00f3\u00f0ar \u00feinnar.\u201c <a name=\"18\"><span class=\"versanumer_2007\">18<\/span><\/a> En \u00dass\u00eda sag\u00f0i vi\u00f0 J\u00fad\u00edt: \u201eBlessu\u00f0 s\u00e9rt \u00fe\u00fa, d\u00f3ttir, af Gu\u00f0i hinum h\u00e6sta, blessu\u00f0 s\u00e9rt \u00fe\u00fa framar \u00f6llum konum \u00e1 j\u00f6r\u00f0u. Lofa\u00f0ur s\u00e9 Drottinn, Gu\u00f0 vor, skapari himins og jar\u00f0ar, sem leiddi \u00feig er \u00fe\u00fa hj\u00f3st h\u00f6fu\u00f0i\u00f0 af foringja \u00f3vinanna. <a name=\"19\"><span class=\"versanumer_2007\">19<\/span><\/a> Vonarr\u00edkt traust \u00feitt mun aldrei a\u00f0 eil\u00edfu l\u00ed\u00f0a \u00far minni \u00feeirra manna sem minnast m\u00e1ttar Gu\u00f0s. <a name=\"20\"><span class=\"versanumer_2007\">20<\/span><\/a> Gu\u00f0 l\u00e1ti \u00feetta ver\u00f0a \u00fe\u00e9r til \u00e6varandi s\u00e6mdar og veiti \u00fe\u00e9r fars\u00e6ld fyrir a\u00f0 h\u00e6tta l\u00edfinu \u00feegar \u00fej\u00f3\u00f0 vor var \u00ed nau\u00f0um og fyrir a\u00f0 hindra a\u00f0 v\u00e9r f\u00e6rumst. \u00de\u00fa hefur gengi\u00f0 r\u00e9ttan veg frammi fyrir Gu\u00f0i vorum.\u201c Og allt f\u00f3lki\u00f0 sag\u00f0i: \u201eAmen, amen!\u201c<\/p>\n","protected":false},"excerpt":{"rendered":"<p>1 \u00dear sem li\u00f0i\u00f0 var \u00e1 kv\u00f6ld hr\u00f6\u00f0u\u00f0u \u00fej\u00f3nar H\u00f3lofernesar s\u00e9r brott. Bag\u00f3as loka\u00f0i tjaldinu a\u00f0 utanver\u00f0u og l\u00e9t \u00fej\u00f3nana fara fr\u00e1 h\u00fasb\u00f3nda s\u00ednum. \u00deeir gengu til hv\u00edlu enda allir \u00fereyttir \u00fev\u00ed a\u00f0 veislan haf\u00f0i sta\u00f0i\u00f0 lengi. 2 En J\u00fad\u00edt var l\u00e1tin ein eftir \u00ed tjaldinu hj\u00e1 H\u00f3lofernesi sem haf\u00f0i olti\u00f0 dau\u00f0adrukkinn \u00fat af \u00ed r\u00fam sitt. 3 J\u00fad\u00edt haf\u00f0i sagt amb\u00e1tt sinni a\u00f0 standa \u00fati fyrir svefnh\u00fdsi s\u00ednu og b\u00ed\u00f0a \u00feess a\u00f0 h\u00fan gengi \u00fat eins og h\u00fan haf\u00f0i gert \u00e1 hverju kv\u00f6ldi. Sag\u00f0ist h\u00fan \u00e6tla \u00fat til a\u00f0 bi\u00f0jast fyrir. Hi\u00f0 sama sag\u00f0i h\u00fan Bag\u00f3asi. 4 Er n\u00fa <a href=\"https:\/\/biblian.is\/biblian\/juditarbok-13-kafli\/\"> [&#8230;]<\/a><\/p>\n","protected":false},"author":1,"featured_media":0,"parent":0,"menu_order":0,"comment_status":"open","ping_status":"open","template":"bibliukaflar.php","meta":{"footnotes":""},"class_list":["post-2833","page","type-page","status-publish","hentry"],"_links":{"self":[{"href":"https:\/\/biblian.is\/biblian\/wp-json\/wp\/v2\/pages\/2833","targetHints":{"allow":["GET"]}}],"collection":[{"href":"https:\/\/biblian.is\/biblian\/wp-json\/wp\/v2\/pages"}],"about":[{"href":"https:\/\/biblian.is\/biblian\/wp-json\/wp\/v2\/types\/page"}],"author":[{"embeddable":true,"href":"https:\/\/biblian.is\/biblian\/wp-json\/wp\/v2\/users\/1"}],"replies":[{"embeddable":true,"href":"https:\/\/biblian.is\/biblian\/wp-json\/wp\/v2\/comments?post=2833"}],"version-history":[{"count":0,"href":"https:\/\/biblian.is\/biblian\/wp-json\/wp\/v2\/pages\/2833\/revisions"}],"wp:attachment":[{"href":"https:\/\/biblian.is\/biblian\/wp-json\/wp\/v2\/media?parent=2833"}],"curies":[{"name":"wp","href":"https:\/\/api.w.org\/{rel}","templated":true}]}}