{"id":2832,"date":"2017-12-30T21:04:49","date_gmt":"2017-12-30T21:04:49","guid":{"rendered":"http:\/\/biblian.is\/biblian\/j%c2%9cd%c2%92tarb%c2%97k-12-kafli\/"},"modified":"2018-01-12T19:19:21","modified_gmt":"2018-01-12T19:19:21","slug":"juditarbok-12-kafli","status":"publish","type":"page","link":"https:\/\/biblian.is\/biblian\/juditarbok-12-kafli\/","title":{"rendered":"J\u00fad\u00edtarb\u00f3k 12. kafli"},"content":{"rendered":"<h3 class=\"millifyrirsogn_2007\"> Tr\u00fafesti J\u00fad\u00edtar vi\u00f0 tr\u00fa fe\u00f0ranna<\/h3>\n<p><a name=\"1\"><span class=\"versanumer_2007\">1<\/span><\/a> H\u00f3lofernes l\u00e9t \u00fev\u00ed n\u00e6st fylgja J\u00fad\u00edt \u00feanga\u00f0 sem silfurbor\u00f0b\u00fana\u00f0ur hans var lag\u00f0ur \u00e1 bor\u00f0 og bau\u00f0 a\u00f0 b\u00faa henni veislu svo a\u00f0 h\u00fan g\u00e6ti neytt af d\u00fdrindis kr\u00e1sum hans og v\u00edni. <a name=\"2\"><span class=\"versanumer_2007\">2<\/span><\/a> En J\u00fad\u00edt sag\u00f0i: \u201e\u00c9g mun ekki bor\u00f0a af \u00feessu \u00fev\u00ed a\u00f0 \u00fea\u00f0 mundi ver\u00f0a m\u00e9r til falls. \u00dea\u00f0 n\u00e6gir sem \u00e9g haf\u00f0i me\u00f0fer\u00f0is.\u201c <a name=\"3\"><span class=\"versanumer_2007\">3<\/span><\/a> \u201eEn \u00feegar \u00fea\u00f0 \u00fer\u00fdtur sem \u00fe\u00fa ert me\u00f0,\u201c sag\u00f0i H\u00f3lofernes, \u201ehva\u00f0an eigum vi\u00f0 \u00fe\u00e1 a\u00f0 f\u00e1 sams konar mat handa \u00fe\u00e9r? Enginn af \u00fej\u00f3\u00f0 \u00feinni er h\u00e9r \u00e1 me\u00f0al okkar.\u201c <a name=\"4\"><span class=\"versanumer_2007\">4<\/span><\/a> J\u00fad\u00edt svara\u00f0i: \u201eSvo sannarlega sem \u00fe\u00fa lifir, herra minn, \u00fe\u00e1 mun amb\u00e1tt \u00fe\u00edn eigi hafa loki\u00f0 \u00fev\u00ed sem h\u00fan haf\u00f0i me\u00f0fer\u00f0is fyrr en Drottinn hefur framkv\u00e6mt \u00fea\u00f0 sem hann \u00e6tlar me\u00f0 hendi minni.\u201c<br \/> <a name=\"5\"><span class=\"versanumer_2007\">5<\/span><\/a> \u00de\u00e1 fylgdu \u00fej\u00f3nar H\u00f3lofernesar henni inn \u00ed tjaldi\u00f0. Svaf J\u00fad\u00edt \u00fear l\u00e1gn\u00e6tti\u00f0. Undir d\u00f6gun f\u00f3r h\u00fan \u00e1 f\u00e6tur <a name=\"6\"><span class=\"versanumer_2007\">6<\/span><\/a> og sendi H\u00f3lofernesi \u00feessi bo\u00f0: \u201eHerra. Bj\u00f3\u00f0 \u00fe\u00fa a\u00f0 amb\u00e1tt \u00fe\u00edn f\u00e1i a\u00f0 fara \u00fat til a\u00f0 bi\u00f0jast fyrir.\u201c <a name=\"7\"><span class=\"versanumer_2007\">7<\/span><\/a> H\u00f3lofernes skipa\u00f0i l\u00edfv\u00f6r\u00f0unum a\u00f0 hindra ekki f\u00f6r hennar. J\u00fad\u00edt dvaldist \u00ed \u00ferj\u00e1 daga \u00ed herb\u00fa\u00f0unum en gekk jafnan \u00e1 n\u00e6turnar \u00fat \u00ed dalinn vi\u00f0 Bet\u00fal\u00fau og lauga\u00f0i sig \u00ed herb\u00fa\u00f0unum vi\u00f0 vatnslindina. <a name=\"8\"><span class=\"versanumer_2007\">8<\/span><\/a> Er h\u00fan steig upp \u00far vatninu ba\u00f0 h\u00fan Drottin, Gu\u00f0 \u00cdsraels, a\u00f0 grei\u00f0a g\u00f6tu s\u00edna til \u00feess a\u00f0 veita b\u00f6rnum \u00fej\u00f3\u00f0ar hans vi\u00f0reisn. <a name=\"9\"><span class=\"versanumer_2007\">9<\/span><\/a> \u00deegar h\u00fan haf\u00f0i hreinsa\u00f0 sig sneri h\u00fan aftur og h\u00e9lt sig \u00ed tjaldi s\u00ednu. Um kv\u00f6ldi\u00f0 neytti h\u00fan matar s\u00edns.<\/p>\n<h3 class=\"millifyrirsogn_2007\">Veisla H\u00f3lofernesar<\/h3>\n<p><a name=\"10\"><span class=\"versanumer_2007\">10<\/span><\/a> \u00c1 fj\u00f3r\u00f0a degi h\u00e9lt H\u00f3lofernes \u00fej\u00f3num s\u00ednum einum drykkjuveislu en bau\u00f0 engum af foringjum s\u00ednum. <a name=\"11\"><span class=\"versanumer_2007\">11<\/span><\/a> Hann sag\u00f0i vi\u00f0 Bag\u00f3as gelding sem var settur yfir allt sem hann \u00e1tti: \u201eFar \u00fe\u00fa og f\u00e1\u00f0u hebresku konuna, sem hj\u00e1 \u00fe\u00e9r er, til a\u00f0 koma og eta og drekka me\u00f0 m\u00e9r. <a name=\"12\"><span class=\"versanumer_2007\">12<\/span><\/a> \u00dea\u00f0 v\u00e6ri hneisa a\u00f0 l\u00e1ta \u00fev\u00edl\u00edka konu fr\u00e1 s\u00e9r fara \u00e1n \u00feess a\u00f0 hafa lagst me\u00f0 henni. Geri \u00e9g \u00fea\u00f0 ekki h\u00e6\u00f0ist h\u00fan a\u00f0 m\u00e9r.\u201c<br \/> <a name=\"13\"><span class=\"versanumer_2007\">13<\/span><\/a> Bag\u00f3as f\u00f3r fr\u00e1 H\u00f3lofernesi, gekk til J\u00fad\u00edtar og sag\u00f0i: \u201eFagra, unga kona. Vertu ekki feimin. Komdu til h\u00fasb\u00f3nda m\u00edns til \u00feess a\u00f0 hlj\u00f3ta s\u00e6md af honum og eiga \u00e1n\u00e6gjulega stund me\u00f0 okkur a\u00f0 v\u00edndrykkju. \u00cd dag skaltu ver\u00f0a eins og ein af ass\u00fdr\u00edsku konunum sem \u00fej\u00f3na \u00ed h\u00f6ll Neb\u00fakadnesars.\u201c <a name=\"14\"><span class=\"versanumer_2007\">14<\/span><\/a> J\u00fad\u00edt svara\u00f0i honum: \u201eHver er \u00e9g \u00feess a\u00f0 m\u00f3tm\u00e6la herra m\u00ednum? Allt sem honum \u00fe\u00f3knast mun \u00e9g gera sem skj\u00f3tast. \u00dea\u00f0 skal ver\u00f0a m\u00e9r til gle\u00f0i allt til efstu stundar.\u201c <br \/> <a name=\"15\"><span class=\"versanumer_2007\">15<\/span><\/a> J\u00fad\u00edt st\u00f3\u00f0 \u00e1 f\u00e6tur, bj\u00f3 sig veislukl\u00e6\u00f0um og hvers kyns kvenlegu skarti. Amb\u00e1tt hennar f\u00f3r \u00e1 undan henni og lag\u00f0i lambskinn \u00e1 j\u00f6r\u00f0ina fyrir framan H\u00f3lofernes, en \u00feau haf\u00f0i J\u00fad\u00edt fengi\u00f0 hj\u00e1 Bag\u00f3asi til a\u00f0 liggja \u00e1 er h\u00fan mata\u00f0ist daglega.<br \/> <a name=\"16\"><span class=\"versanumer_2007\">16<\/span><\/a> \u00deegar J\u00fad\u00edt kom inn lag\u00f0ist h\u00fan ni\u00f0ur. Vi\u00f0 \u00fea\u00f0 t\u00f3k hjarta H\u00f3lofernesar a\u00f0 sl\u00e1 \u00f6rar og hann a\u00f0 brenna af girnd og af l\u00f6ngun til a\u00f0 leggjast me\u00f0 henni. En allt fr\u00e1 \u00fev\u00ed a\u00f0 hann leit hana fyrst haf\u00f0i hann be\u00f0i\u00f0 f\u00e6ris a\u00f0 t\u00e6la hana. <a name=\"17\"><span class=\"versanumer_2007\">17<\/span><\/a> Og H\u00f3lofernes sag\u00f0i vi\u00f0 hana: \u201eDrekktu n\u00fa og fagna\u00f0u me\u00f0 okkur.\u201c <a name=\"18\"><span class=\"versanumer_2007\">18<\/span><\/a> \u201eGjarnan skal \u00e9g drekka, herra,\u201c svara\u00f0i J\u00fad\u00edt, \u201e\u00fev\u00ed a\u00f0 \u00feessi dagur er st\u00f3rkostlegri en nokkur \u00e1 \u00e6vi minni.\u201c <a name=\"19\"><span class=\"versanumer_2007\">19<\/span><\/a> H\u00fan drakk s\u00ed\u00f0an og neytti hj\u00e1 honum \u00feess sem \u00feerna hennar haf\u00f0i tilreitt. <a name=\"20\"><span class=\"versanumer_2007\">20<\/span><\/a> H\u00f3lofernes naut n\u00e1vistar hennar, drakk st\u00f3rum og svalg meira v\u00edn en nokkru sinni \u00e1 \u00e6vi sinni \u00e1 einum og sama degi.<\/p>\n","protected":false},"excerpt":{"rendered":"<p>Tr\u00fafesti J\u00fad\u00edtar vi\u00f0 tr\u00fa fe\u00f0ranna 1 H\u00f3lofernes l\u00e9t \u00fev\u00ed n\u00e6st fylgja J\u00fad\u00edt \u00feanga\u00f0 sem silfurbor\u00f0b\u00fana\u00f0ur hans var lag\u00f0ur \u00e1 bor\u00f0 og bau\u00f0 a\u00f0 b\u00faa henni veislu svo a\u00f0 h\u00fan g\u00e6ti neytt af d\u00fdrindis kr\u00e1sum hans og v\u00edni. 2 En J\u00fad\u00edt sag\u00f0i: \u201e\u00c9g mun ekki bor\u00f0a af \u00feessu \u00fev\u00ed a\u00f0 \u00fea\u00f0 mundi ver\u00f0a m\u00e9r til falls. \u00dea\u00f0 n\u00e6gir sem \u00e9g haf\u00f0i me\u00f0fer\u00f0is.\u201c 3 \u201eEn \u00feegar \u00fea\u00f0 \u00fer\u00fdtur sem \u00fe\u00fa ert me\u00f0,\u201c sag\u00f0i H\u00f3lofernes, \u201ehva\u00f0an eigum vi\u00f0 \u00fe\u00e1 a\u00f0 f\u00e1 sams konar mat handa \u00fe\u00e9r? Enginn af \u00fej\u00f3\u00f0 \u00feinni er h\u00e9r \u00e1 me\u00f0al okkar.\u201c 4 J\u00fad\u00edt svara\u00f0i: \u201eSvo sannarlega sem \u00fe\u00fa lifir, <a href=\"https:\/\/biblian.is\/biblian\/juditarbok-12-kafli\/\"> [&#8230;]<\/a><\/p>\n","protected":false},"author":1,"featured_media":0,"parent":0,"menu_order":0,"comment_status":"open","ping_status":"open","template":"bibliukaflar.php","meta":{"footnotes":""},"class_list":["post-2832","page","type-page","status-publish","hentry"],"_links":{"self":[{"href":"https:\/\/biblian.is\/biblian\/wp-json\/wp\/v2\/pages\/2832","targetHints":{"allow":["GET"]}}],"collection":[{"href":"https:\/\/biblian.is\/biblian\/wp-json\/wp\/v2\/pages"}],"about":[{"href":"https:\/\/biblian.is\/biblian\/wp-json\/wp\/v2\/types\/page"}],"author":[{"embeddable":true,"href":"https:\/\/biblian.is\/biblian\/wp-json\/wp\/v2\/users\/1"}],"replies":[{"embeddable":true,"href":"https:\/\/biblian.is\/biblian\/wp-json\/wp\/v2\/comments?post=2832"}],"version-history":[{"count":0,"href":"https:\/\/biblian.is\/biblian\/wp-json\/wp\/v2\/pages\/2832\/revisions"}],"wp:attachment":[{"href":"https:\/\/biblian.is\/biblian\/wp-json\/wp\/v2\/media?parent=2832"}],"curies":[{"name":"wp","href":"https:\/\/api.w.org\/{rel}","templated":true}]}}