{"id":2829,"date":"2017-12-30T21:04:49","date_gmt":"2017-12-30T21:04:49","guid":{"rendered":"http:\/\/biblian.is\/biblian\/j%c2%9cd%c2%92tarb%c2%97k-9-kafli\/"},"modified":"2018-01-12T19:13:21","modified_gmt":"2018-01-12T19:13:21","slug":"juditarbok-9-kafli","status":"publish","type":"page","link":"https:\/\/biblian.is\/biblian\/juditarbok-9-kafli\/","title":{"rendered":"J\u00fad\u00edtarb\u00f3k 9. kafli"},"content":{"rendered":"<h3 class=\"millifyrirsogn_2007\"> B\u00e6n J\u00fad\u00edtar<\/h3>\n<p><a name=\"1\"><span class=\"versanumer_2007\">1<\/span><\/a> J\u00fad\u00edt f\u00e9ll fram \u00e1 \u00e1sj\u00f3nu s\u00edna, j\u00f3s \u00f6sku yfir h\u00f6fu\u00f0 sitt og lag\u00f0i af s\u00e9r \u00feau kl\u00e6\u00f0i sem huldu h\u00e6rusekkinn. Einmitt \u00e1 s\u00f6mu stundu og reykelsisf\u00f3rnir kv\u00f6ldsins voru f\u00e6r\u00f0ar \u00ed musteri Gu\u00f0s \u00ed Jer\u00fasalem hr\u00f3pa\u00f0i J\u00fad\u00edt h\u00e1um r\u00f3mi til Drottins og sag\u00f0i:<br \/> <span class=\"ljodatexti\"> <a name=\"2\"><span class=\"versanumer_ljod\">2<\/span><\/a>Drottinn, Gu\u00f0 S\u00edmeons f\u00f6\u00f0ur m\u00edns.<br \/>Honum gafst \u00fe\u00fa sver\u00f0 \u00ed h\u00f6nd<br \/>svo a\u00f0 hann g\u00e6ti refsa\u00f0 \u00fatlendingunum<br \/>sem spj\u00f6llu\u00f0u meyna,<br \/>beru\u00f0u blyg\u00f0un hennar og saurgu\u00f0u<br \/>og sv\u00edvirtu skaut hennar.<br \/>\u00de\u00fa haf\u00f0ir bo\u00f0i\u00f0 a\u00f0 svo m\u00e6tti aldrei ver\u00f0a.<br \/>Samt ger\u00f0u \u00feeir \u00fea\u00f0.<br \/> <\/span> <span class=\"ljodatexti\"> <a name=\"3\"><span class=\"versanumer_ljod\">3<\/span><\/a> \u00deess vegna ofurseldir \u00fe\u00fa h\u00f6f\u00f0ingja \u00feeirra dau\u00f0a <br \/>og rekkjuna, sem blyg\u00f0a\u00f0ist s\u00edn fyrir svik \u00feeirra,<br \/>v\u00e6ttir \u00fe\u00fa bl\u00f3\u00f0i \u00feeirra.<br \/>\u00de\u00fa deyddir \u00fer\u00e6la og drottna<br \/>og \u00fej\u00f3\u00f0h\u00f6f\u00f0ingja \u00ed h\u00e1s\u00e6tum s\u00ednum.<br \/> <\/span> <span class=\"ljodatexti\"> <a name=\"4\"><span class=\"versanumer_ljod\">4<\/span><\/a> \u00de\u00fa framseldir eiginkonur \u00feeirra til herfangs<br \/>og d\u00e6tur \u00feeirra til herlei\u00f0ingar.<br \/>\u00d6llu sem \u00feeir \u00e1ttu<br \/>skiptu hjartf\u00f3lgin b\u00f6rn \u00fe\u00edn me\u00f0 s\u00e9r.<br \/> \u00deau voru full vandl\u00e6tingar \u00feinnar,<br \/>h\u00f6f\u00f0u andstygg\u00f0 \u00e1 flekkun bl\u00f3\u00f0s s\u00edns<br \/>og \u00e1k\u00f6llu\u00f0u \u00feig um hj\u00e1lp.<br \/>\u00d3, Gu\u00f0, Gu\u00f0 minn. B\u00e6nheyr mig einnig, ekkjuna.<br \/> <\/span> <span class=\"ljodatexti\"> <a name=\"5\"><span class=\"versanumer_ljod\">5<\/span><\/a> \u00de\u00fa hefur \u00fev\u00ed til lei\u00f0ar komi\u00f0<br \/>sem var\u00f0 fyrri \u00feessu<br \/>sem og \u00feessu og \u00fev\u00ed sem s\u00ed\u00f0ar ver\u00f0ur.<br \/>\u00dea\u00f0 sem er og ver\u00f0ur hefur \u00fe\u00fa \u00fathugsa\u00f0,<br \/>\u00fea\u00f0 sem \u00fe\u00fa hefur \u00ed hyggju, \u00fea\u00f0 ver\u00f0ur.<br \/> <\/span> <span class=\"ljodatexti\"> <a name=\"6\"><span class=\"versanumer_ljod\">6<\/span><\/a> \u00dev\u00ed a\u00f0 s\u00e9rhva\u00f0 \u00fea\u00f0 sem \u00fe\u00fa hefur \u00ed r\u00e1\u00f0i,<br \/>\u00fea\u00f0 st\u00edgur fram og segir: \u201eH\u00e9r erum v\u00e9r.\u201c<br \/>Allir vegir \u00fe\u00ednir eru undirb\u00fanir<br \/>og \u00e1kv\u00f6r\u00f0un \u00fe\u00edn vel grundu\u00f0.<br \/> <\/span> <span class=\"ljodatexti\"> <a name=\"7\"><span class=\"versanumer_ljod\">7<\/span><\/a> Ass\u00fdr\u00edumenn hafa dregi\u00f0 saman mikinn her.<br \/>\u00deeir miklast af hestum s\u00ednum og riddurum,<br \/>st\u00e6ra sig af \u00f6flugu f\u00f3tg\u00f6nguli\u00f0i,<br \/>rei\u00f0a sig \u00e1 skj\u00f6ld og spj\u00f3t, boga og sl\u00f6ngu<br \/>en vita ekki a\u00f0 \u00fe\u00fa ert Drottinn<br \/>sem bindur enda \u00e1 styrjaldir.<br \/> <\/span> <span class=\"ljodatexti\"> <a name=\"8\"><span class=\"versanumer_ljod\">8<\/span><\/a> Drottinn er nafn \u00feitt.<br \/>Lj\u00f3st \u00fe\u00fa afl \u00feeirra \u00ed rei\u00f0i \u00feinni,<br \/>brj\u00f3t \u00fe\u00fa m\u00e1tt \u00feeirra me\u00f0 krafti \u00fe\u00ednum.<br \/>\u00deeir hyggjast vanhelga helgid\u00f3m \u00feinn,<br \/>sv\u00edvir\u00f0a b\u00fasta\u00f0inn, sem d\u00fdrlegt nafn \u00feitt dvelst \u00ed,<br \/>h\u00f6ggva horn altarisins ni\u00f0ur me\u00f0 sver\u00f0i.<br \/> <\/span> <span class=\"ljodatexti\"> <a name=\"9\"><span class=\"versanumer_ljod\">9<\/span><\/a> L\u00edt \u00e1 ofurdramb \u00feeirra,<br \/>aus rei\u00f0i \u00feinni yfir h\u00f6fu\u00f0 \u00feeirra.<br \/>Gef \u00fe\u00fa hendi minni, hendi ekkju,<br \/>m\u00e1tt til a\u00f0 framkv\u00e6ma \u00fea\u00f0 sem \u00e9g hef \u00ed r\u00e1\u00f0i.<br \/> <\/span> <span class=\"ljodatexti\"> <a name=\"10\"><span class=\"versanumer_ljod\">10<\/span><\/a> L\u00e1t t\u00e1lyr\u00f0i m\u00edn fella \u00fer\u00e6l og h\u00f6f\u00f0ingja,<br \/>einnig h\u00fasb\u00f3nda og \u00fej\u00f3n hans.<br \/>L\u00e1t konuh\u00f6nd ey\u00f0a hroka \u00feeirra.<br \/> <\/span> <span class=\"ljodatexti\"> <a name=\"11\"><span class=\"versanumer_ljod\">11<\/span><\/a> M\u00e1ttur \u00feinn byggir ei \u00e1 mannafla<br \/>n\u00e9 vald \u00feitt \u00e1 \u00feeim sem sterkir eru<br \/>heldur ert \u00fe\u00fa Gu\u00f0 au\u00f0mj\u00fakra,<br \/>hj\u00e1lpari k\u00faga\u00f0ra,<br \/>verndari veikra,<br \/>v\u00f6r\u00f0ur vanmegna,<br \/>frelsari vonarvana.<br \/> <\/span> <span class=\"ljodatexti\"> <a name=\"12\"><span class=\"versanumer_ljod\">12<\/span><\/a> J\u00e1, Gu\u00f0 f\u00f6\u00f0ur m\u00edns,<br \/>Gu\u00f0 arfleif\u00f0ar \u00cdsraels,<br \/>Drottinn himins og jar\u00f0ar,<br \/>\u00fe\u00fa sem skapa\u00f0ir v\u00f6tnin<br \/>og ert konungur alls sem \u00fe\u00fa hefur skapa\u00f0.<br \/>Heyr \u00fe\u00fa b\u00e6n m\u00edna.<br \/> <\/span> <span class=\"ljodatexti\"> <a name=\"13\"><span class=\"versanumer_ljod\">13<\/span><\/a> L\u00e1t t\u00e6landi or\u00f0 m\u00edn s\u00e6ra \u00fe\u00e1 og n\u00edsta<br \/>sem brugga\u00f0 hafa grimmdarr\u00e1\u00f0 gegn s\u00e1ttm\u00e1la \u00fe\u00ednum,<br \/>helgid\u00f3mi \u00fe\u00ednum og S\u00edonsh\u00e6\u00f0<br \/>og h\u00fasi \u00fev\u00ed sem synir \u00fe\u00ednir hafa fengi\u00f0 til eignar.<br \/> <\/span> <span class=\"ljodatexti\"> <a name=\"14\"><span class=\"versanumer_ljod\">14<\/span><\/a> L\u00e1t alla \u00fej\u00f3\u00f0 \u00fe\u00edna og allar \u00e6ttkv\u00edslir hennar sannreyna<br \/>a\u00f0 \u00fe\u00fa ert Gu\u00f0 alls m\u00e1ttar og kraftar<br \/>og a\u00f0 enginn nema \u00fe\u00fa einn ert verndari \u00cdsraels\u00fej\u00f3\u00f0ar. <\/span> <\/p>\n","protected":false},"excerpt":{"rendered":"<p>B\u00e6n J\u00fad\u00edtar 1 J\u00fad\u00edt f\u00e9ll fram \u00e1 \u00e1sj\u00f3nu s\u00edna, j\u00f3s \u00f6sku yfir h\u00f6fu\u00f0 sitt og lag\u00f0i af s\u00e9r \u00feau kl\u00e6\u00f0i sem huldu h\u00e6rusekkinn. Einmitt \u00e1 s\u00f6mu stundu og reykelsisf\u00f3rnir kv\u00f6ldsins voru f\u00e6r\u00f0ar \u00ed musteri Gu\u00f0s \u00ed Jer\u00fasalem hr\u00f3pa\u00f0i J\u00fad\u00edt h\u00e1um r\u00f3mi til Drottins og sag\u00f0i: 2Drottinn, Gu\u00f0 S\u00edmeons f\u00f6\u00f0ur m\u00edns.Honum gafst \u00fe\u00fa sver\u00f0 \u00ed h\u00f6ndsvo a\u00f0 hann g\u00e6ti refsa\u00f0 \u00fatlendingunumsem spj\u00f6llu\u00f0u meyna,beru\u00f0u blyg\u00f0un hennar og saurgu\u00f0uog sv\u00edvirtu skaut hennar.\u00de\u00fa haf\u00f0ir bo\u00f0i\u00f0 a\u00f0 svo m\u00e6tti aldrei ver\u00f0a.Samt ger\u00f0u \u00feeir \u00fea\u00f0. 3 \u00deess vegna ofurseldir \u00fe\u00fa h\u00f6f\u00f0ingja \u00feeirra dau\u00f0a og rekkjuna, sem blyg\u00f0a\u00f0ist s\u00edn fyrir svik \u00feeirra,v\u00e6ttir \u00fe\u00fa bl\u00f3\u00f0i \u00feeirra.\u00de\u00fa deyddir \u00fer\u00e6la <a href=\"https:\/\/biblian.is\/biblian\/juditarbok-9-kafli\/\"> [&#8230;]<\/a><\/p>\n","protected":false},"author":1,"featured_media":0,"parent":0,"menu_order":0,"comment_status":"open","ping_status":"open","template":"bibliukaflar.php","meta":{"footnotes":""},"class_list":["post-2829","page","type-page","status-publish","hentry"],"_links":{"self":[{"href":"https:\/\/biblian.is\/biblian\/wp-json\/wp\/v2\/pages\/2829","targetHints":{"allow":["GET"]}}],"collection":[{"href":"https:\/\/biblian.is\/biblian\/wp-json\/wp\/v2\/pages"}],"about":[{"href":"https:\/\/biblian.is\/biblian\/wp-json\/wp\/v2\/types\/page"}],"author":[{"embeddable":true,"href":"https:\/\/biblian.is\/biblian\/wp-json\/wp\/v2\/users\/1"}],"replies":[{"embeddable":true,"href":"https:\/\/biblian.is\/biblian\/wp-json\/wp\/v2\/comments?post=2829"}],"version-history":[{"count":0,"href":"https:\/\/biblian.is\/biblian\/wp-json\/wp\/v2\/pages\/2829\/revisions"}],"wp:attachment":[{"href":"https:\/\/biblian.is\/biblian\/wp-json\/wp\/v2\/media?parent=2829"}],"curies":[{"name":"wp","href":"https:\/\/api.w.org\/{rel}","templated":true}]}}