{"id":2827,"date":"2017-12-30T21:04:49","date_gmt":"2017-12-30T21:04:49","guid":{"rendered":"http:\/\/biblian.is\/biblian\/j%c2%9cd%c2%92tarb%c2%97k-7-kafli\/"},"modified":"2018-01-12T19:06:16","modified_gmt":"2018-01-12T19:06:16","slug":"juditarbok-7-kafli","status":"publish","type":"page","link":"https:\/\/biblian.is\/biblian\/juditarbok-7-kafli\/","title":{"rendered":"J\u00fad\u00edtarb\u00f3k 7. kafli"},"content":{"rendered":"<h3 class=\"millifyrirsogn_2007\"> Ums\u00e1tri\u00f0 um Bet\u00fal\u00fau<\/h3>\n<p><a name=\"1\"><span class=\"versanumer_2007\">1<\/span><\/a> Daginn eftir bau\u00f0 H\u00f3lofernes \u00f6llum her s\u00ednum og \u00f6llum \u00feeim sem gerst h\u00f6f\u00f0u bandamenn hans a\u00f0 halda af sta\u00f0 gegn Bet\u00fal\u00fau, hertaka fjallask\u00f6r\u00f0in og leggja til orrustu gegn \u00cdsraelsm\u00f6nnum. <a name=\"2\"><span class=\"versanumer_2007\">2<\/span><\/a> \u00de\u00e1 um daginn t\u00f3ku allir vopnf\u00e6rir menn sig upp. Var tala v\u00edgra manna eitt hundra\u00f0 og sj\u00f6t\u00edu \u00fe\u00fasund f\u00f3tg\u00f6nguli\u00f0ar og t\u00f3lf \u00fe\u00fasund riddarar auk farangurs og g\u00edfurlegs skara f\u00f3tgangandi manna sem fylgdi li\u00f0inu. <a name=\"3\"><span class=\"versanumer_2007\">3<\/span><\/a> Herinn setti upp b\u00fa\u00f0ir s\u00ednar \u00ed dalnum vi\u00f0 Bet\u00fal\u00fau, n\u00e6rri lindinni. Herb\u00fa\u00f0irnar voru sl\u00edkar a\u00f0 umfangi a\u00f0 \u00fe\u00e6r n\u00e1\u00f0u \u00e1 breiddina alla lei\u00f0 fr\u00e1 D\u00f3tan a\u00f0 Belba\u00edm og \u00e1 lengd fr\u00e1 Bet\u00fal\u00fau til K\u00fdamon sem er gegnt Esdrelon.<br \/> <a name=\"4\"><span class=\"versanumer_2007\">4<\/span><\/a> \u00deegar \u00cdsraelsmenn s\u00e1u \u00feennan fj\u00f6lda skelfdust \u00feeir mj\u00f6g og s\u00f6g\u00f0u hver vi\u00f0 annan: \u201e\u00deessir menn munu gerey\u00f0a landinu \u00f6llu. Hvorki h\u00e6\u00f0ir, dalir n\u00e9 h\u00e6stu fj\u00f6ll munu bera \u00feunga \u00feeirra.\u201c <a name=\"5\"><span class=\"versanumer_2007\">5<\/span><\/a> \u00deeir gripu samt allir til vopna, kveiktu elda \u00ed var\u00f0turnum s\u00ednum og h\u00e9ldu v\u00f6r\u00f0 alla \u00fe\u00e1 n\u00f3tt.<br \/> <a name=\"6\"><span class=\"versanumer_2007\">6<\/span><\/a> Daginn eftir f\u00f3r H\u00f3lofernes \u00e1samt \u00f6llum riddurum s\u00ednum \u00far herb\u00fa\u00f0unum \u00ed augs\u00fdn \u00cdsraelsmanna \u00ed Bet\u00fal\u00fau. <a name=\"7\"><span class=\"versanumer_2007\">7<\/span><\/a> Hann kanna\u00f0i lei\u00f0irnar upp til borgarinnar, leita\u00f0i uppi lindirnar, t\u00f3k \u00fe\u00e6r \u00e1 sitt vald, setti vopna\u00f0 li\u00f0 til a\u00f0 g\u00e6ta \u00feeirra og sneri s\u00ed\u00f0an aftur til sinna manna.<br \/> <a name=\"8\"><span class=\"versanumer_2007\">8<\/span><\/a> Allir lei\u00f0togar Ed\u00f3m\u00edta, \u00e6\u00f0stu menn M\u00f3ab\u00edta og herforingjar strandh\u00e9ra\u00f0anna gengu \u00fe\u00e1 til hans og m\u00e6ltu: <a name=\"9\"><span class=\"versanumer_2007\">9<\/span><\/a> \u201eHl\u00fd\u00f0 \u00e1 r\u00e1\u00f0 okkar, herra. \u00de\u00e1 mun her \u00feinn ekki b\u00ed\u00f0a neitt tj\u00f3n. <a name=\"10\"><span class=\"versanumer_2007\">10<\/span><\/a> \u00deessi \u00fej\u00f3\u00f0, \u00cdsraelsmenn, treystir ekki \u00e1 spj\u00f3t s\u00edn heldur \u00e1 h\u00e6\u00f0 fjallanna \u00fear sem h\u00fan b\u00fdr. \u00dea\u00f0 er heldur enginn h\u00e6g\u00f0arleikur a\u00f0 komast upp \u00e1 fjallstinda \u00feeirra. <a name=\"11\"><span class=\"versanumer_2007\">11<\/span><\/a> \u00deess vegna skalt \u00fe\u00fa, herra, ekki leggja til atl\u00f6gu vi\u00f0 \u00fe\u00e1 fylktu li\u00f0i eins og venja er. \u00de\u00e1 mun heldur enginn falla af li\u00f0i \u00fe\u00ednu. <a name=\"12\"><span class=\"versanumer_2007\">12<\/span><\/a> \u00de\u00fa skalt halda kyrru fyrir \u00ed herb\u00fa\u00f0um \u00fe\u00ednum en \u00fear \u00e1ttu allan her \u00feinn \u00f3hultan. En \u00fe\u00fa skalt l\u00e1ta \u00fej\u00f3na \u00fe\u00edna halda lindinni sem sprettur undan r\u00f3tum fjallsins. <a name=\"13\"><span class=\"versanumer_2007\">13<\/span><\/a> Allir Bet\u00fal\u00faub\u00faar s\u00e6kja \u00feanga\u00f0 vatn. \u00deegar svo \u00feorstinn \u00e6tlar a\u00f0 gera \u00fat af vi\u00f0 \u00fe\u00e1 munu \u00feeir gefa borg s\u00edna \u00fe\u00e9r \u00e1 vald. En vi\u00f0 og menn okkar munum halda upp \u00e1 fjallstindana \u00ed grenndinni, koma \u00fear upp var\u00f0st\u00f6\u00f0vum og g\u00e6ta \u00feess a\u00f0 ekki einn einasti karlma\u00f0ur komist \u00fat \u00far borginni. <a name=\"14\"><span class=\"versanumer_2007\">14<\/span><\/a> \u00deeir, konur \u00feeirra og b\u00f6rn munu \u00fe\u00e1 \u00f6rmagnast af hungri og hrynja ni\u00f0ur \u00e1 str\u00e6tunum utan h\u00fasa sinna \u00e1\u00f0ur en sver\u00f0i\u00f0 n\u00e6r til \u00feeirra. <a name=\"15\"><span class=\"versanumer_2007\">15<\/span><\/a> \u00c1 \u00feennan h\u00e1tt hefnir \u00fe\u00fa \u00feess grimmilega a\u00f0 \u00feeir ger\u00f0u uppreisn gegn \u00fe\u00e9r \u00ed sta\u00f0 \u00feess a\u00f0 koma fri\u00f0samlega til m\u00f3ts vi\u00f0 \u00feig.\u201c<br \/> <a name=\"16\"><span class=\"versanumer_2007\">16<\/span><\/a> Tillaga \u00feeirra f\u00e9ll H\u00f3lofernesi og \u00f6llum sem n\u00e6st honum gengu vel \u00ed ge\u00f0 og bau\u00f0 hann a\u00f0 fari\u00f0 skyldi a\u00f0 r\u00e1\u00f0um \u00feeirra. <a name=\"17\"><span class=\"versanumer_2007\">17<\/span><\/a> Her Amm\u00f3n\u00edta t\u00f3k sig upp \u00e1samt fimm \u00fe\u00fasund Ass\u00fdringum, kom s\u00e9r fyrir \u00ed dalnum og t\u00f3k \u00e1 sitt vald vatnsb\u00f3l og lindir \u00cdsraelsmanna. <a name=\"18\"><span class=\"versanumer_2007\">18<\/span><\/a> Ed\u00f3m\u00edtar og Amm\u00f3n\u00edtar l\u00f6g\u00f0u einnig af sta\u00f0 upp \u00ed fj\u00f6llin og settu upp b\u00fa\u00f0ir \u00ed fj\u00f6llunum gegnt D\u00f3tan. \u00deeir sendu nokkra af m\u00f6nnum s\u00ednum su\u00f0austur \u00ed \u00e1tt a\u00f0 Ekrebel sem er \u00ed n\u00e1nd vi\u00f0 K\u00fas og r\u00e9tt hj\u00e1 Mokm\u00far\u00e1. A\u00f0rir \u00ed her Ass\u00fdr\u00edumanna sl\u00f3gu upp herb\u00fa\u00f0um \u00e1 sl\u00e9ttunni. Tj\u00f6ld Ass\u00fdringa og b\u00fana\u00f0ur \u00feakti landi\u00f0 allt \u00fev\u00ed a\u00f0 sl\u00edk var mannmerg\u00f0in og birg\u00f0irnar sem \u00fear dreif\u00f0ust um.<br \/> <a name=\"19\"><span class=\"versanumer_2007\">19<\/span><\/a> \u00cdsraelsmenn \u00e1k\u00f6llu\u00f0u Drottin, Gu\u00f0 sinn, enda \u00f6rv\u00e6ntu \u00feeir \u00fear sem \u00feeir voru umkringdir \u00f6llum \u00feessum \u00f3vinum og engin lei\u00f0 var til undankomu. <a name=\"20\"><span class=\"versanumer_2007\">20<\/span><\/a> Allur her Ass\u00fdr\u00edumanna, f\u00f3tg\u00f6nguli\u00f0, str\u00ed\u00f0svagnar og riddarali\u00f0, sat um \u00fe\u00e1 \u00ed \u00ferj\u00e1t\u00edu og fj\u00f3ra daga uns vatnsbirg\u00f0ir allra Bet\u00fal\u00faub\u00faa voru n\u00e6r \u00e1 \u00ferotum. <a name=\"21\"><span class=\"versanumer_2007\">21<\/span><\/a> Vatns\u00fer\u00e6rnar voru a\u00f0 t\u00e6mast og \u00feeir fengu ekki a\u00f0 drekka n\u00e6gju s\u00edna einn einasta dag, svo sm\u00e1tt var drykkurinn skammta\u00f0ur. <a name=\"22\"><span class=\"versanumer_2007\">22<\/span><\/a> B\u00f6rnin misstu m\u00f3\u00f0inn, konur og unglingar ur\u00f0u \u00f6rmagna af \u00feorsta og hnigu ni\u00f0ur \u00e1 str\u00e6tum borgarinnar og \u00ed s\u00falnag\u00f6ngum, svo n\u00e6rri var a\u00f0 \u00fereki \u00feeirra gengi\u00f0.<br \/> <a name=\"23\"><span class=\"versanumer_2007\">23<\/span><\/a> \u00de\u00e1 safna\u00f0ist allt f\u00f3lki\u00f0 til \u00dass\u00eda og borgarr\u00e1\u00f0smanna, unglingar, konur og b\u00f6rn, og kalla\u00f0i h\u00e1rri r\u00f6ddu til allra \u00f6ldunganna: <a name=\"24\"><span class=\"versanumer_2007\">24<\/span><\/a> \u201eGu\u00f0 skeri \u00far m\u00e1lum okkar og ykkar! \u00dei\u00f0 hafi\u00f0 gert freklega \u00e1 hlut okkar me\u00f0 \u00fev\u00ed a\u00f0 fri\u00f0m\u00e6last ekki vi\u00f0 Ass\u00fdr\u00edumenn. <a name=\"25\"><span class=\"versanumer_2007\">25<\/span><\/a> N\u00fa getur enginn komi\u00f0 okkur til hj\u00e1lpar heldur hefur Gu\u00f0 selt okkur \u00f3vinum \u00e1 vald og munum vi\u00f0 hn\u00edga ni\u00f0ur fyrir augum \u00feeirra \u00ed s\u00e1rustu eymd og \u00f6rmagna af \u00feorsta. <a name=\"26\"><span class=\"versanumer_2007\">26<\/span><\/a> Geri\u00f0 \u00feeim n\u00fa bo\u00f0 og gefi\u00f0 f\u00f3lki H\u00f3lofernesar og \u00f6llum her hans borgina \u00e1 vald svo a\u00f0 \u00feeir geti fari\u00f0 um hana r\u00e1nshendi. <a name=\"27\"><span class=\"versanumer_2007\">27<\/span><\/a> Eins og n\u00fa horfir er v\u00e6nlegra a\u00f0 vi\u00f0 ver\u00f0um herfang \u00feeirra. A\u00f0 s\u00f6nnu ver\u00f0um vi\u00f0 \u00fer\u00e6lar en f\u00e1um a\u00f0 lifa og \u00feurfum ekki a\u00f0 horfa \u00e1 b\u00f6rnin deyja og konur okkar og b\u00f6rn gefa upp \u00f6ndina. <a name=\"28\"><span class=\"versanumer_2007\">28<\/span><\/a> Himinn og j\u00f6r\u00f0 eru vitni okkar og Gu\u00f0, Drottinn fe\u00f0ra okkar, sem hegnir fyrir syndir okkar og syndir fe\u00f0ra okkar. Vi\u00f0 bi\u00f0jum \u00feess a\u00f0 hann geri ekki \u00ed dag eins og vi\u00f0 h\u00f6fum l\u00fdst.\u201c<br \/> <a name=\"29\"><span class=\"versanumer_2007\">29<\/span><\/a> \u00d6ll samkundan t\u00f3k a\u00f0 gr\u00e1ta og kveina einum r\u00f3mi og hr\u00f3pa h\u00e1st\u00f6fum til Drottins Gu\u00f0s. <a name=\"30\"><span class=\"versanumer_2007\">30<\/span><\/a> En \u00dass\u00eda m\u00e6lti: \u201eVeri\u00f0 hugr\u00f6kk. Vi\u00f0 skulum afbera \u00feetta \u00ed fimm daga enn. \u00c1\u00f0ur en \u00feeir l\u00ed\u00f0a mun Drottinn, Gu\u00f0, au\u00f0s\u00fdna okkur miskunn a\u00f0 n\u00fdju. Hann mun eigi yfirgefa okkur me\u00f0 \u00f6llu. <a name=\"31\"><span class=\"versanumer_2007\">31<\/span><\/a> En l\u00ed\u00f0i \u00feessir dagar \u00e1n \u00feess a\u00f0 okkur berist hj\u00e1lp \u00fe\u00e1 mun \u00e9g gera eins og \u00fei\u00f0 s\u00f6g\u00f0u\u00f0.\u201c <a name=\"32\"><span class=\"versanumer_2007\">32<\/span><\/a> S\u00ed\u00f0an l\u00e9t \u00dass\u00eda alla fara og taka upp var\u00f0st\u00f6\u00f0ur s\u00ednar. F\u00f3ru \u00feeir upp \u00e1 m\u00fara og turna borgarinnar. Konur og b\u00f6rn sendi hann heim. \u00cd borginni r\u00edkti miki\u00f0 vonleysi.<\/p>\n","protected":false},"excerpt":{"rendered":"<p>Ums\u00e1tri\u00f0 um Bet\u00fal\u00fau 1 Daginn eftir bau\u00f0 H\u00f3lofernes \u00f6llum her s\u00ednum og \u00f6llum \u00feeim sem gerst h\u00f6f\u00f0u bandamenn hans a\u00f0 halda af sta\u00f0 gegn Bet\u00fal\u00fau, hertaka fjallask\u00f6r\u00f0in og leggja til orrustu gegn \u00cdsraelsm\u00f6nnum. 2 \u00de\u00e1 um daginn t\u00f3ku allir vopnf\u00e6rir menn sig upp. Var tala v\u00edgra manna eitt hundra\u00f0 og sj\u00f6t\u00edu \u00fe\u00fasund f\u00f3tg\u00f6nguli\u00f0ar og t\u00f3lf \u00fe\u00fasund riddarar auk farangurs og g\u00edfurlegs skara f\u00f3tgangandi manna sem fylgdi li\u00f0inu. 3 Herinn setti upp b\u00fa\u00f0ir s\u00ednar \u00ed dalnum vi\u00f0 Bet\u00fal\u00fau, n\u00e6rri lindinni. Herb\u00fa\u00f0irnar voru sl\u00edkar a\u00f0 umfangi a\u00f0 \u00fe\u00e6r n\u00e1\u00f0u \u00e1 breiddina alla lei\u00f0 fr\u00e1 D\u00f3tan a\u00f0 Belba\u00edm og \u00e1 lengd fr\u00e1 Bet\u00fal\u00fau <a href=\"https:\/\/biblian.is\/biblian\/juditarbok-7-kafli\/\"> [&#8230;]<\/a><\/p>\n","protected":false},"author":1,"featured_media":0,"parent":0,"menu_order":0,"comment_status":"open","ping_status":"open","template":"bibliukaflar.php","meta":{"footnotes":""},"class_list":["post-2827","page","type-page","status-publish","hentry"],"_links":{"self":[{"href":"https:\/\/biblian.is\/biblian\/wp-json\/wp\/v2\/pages\/2827","targetHints":{"allow":["GET"]}}],"collection":[{"href":"https:\/\/biblian.is\/biblian\/wp-json\/wp\/v2\/pages"}],"about":[{"href":"https:\/\/biblian.is\/biblian\/wp-json\/wp\/v2\/types\/page"}],"author":[{"embeddable":true,"href":"https:\/\/biblian.is\/biblian\/wp-json\/wp\/v2\/users\/1"}],"replies":[{"embeddable":true,"href":"https:\/\/biblian.is\/biblian\/wp-json\/wp\/v2\/comments?post=2827"}],"version-history":[{"count":0,"href":"https:\/\/biblian.is\/biblian\/wp-json\/wp\/v2\/pages\/2827\/revisions"}],"wp:attachment":[{"href":"https:\/\/biblian.is\/biblian\/wp-json\/wp\/v2\/media?parent=2827"}],"curies":[{"name":"wp","href":"https:\/\/api.w.org\/{rel}","templated":true}]}}