{"id":2825,"date":"2017-12-30T21:04:49","date_gmt":"2017-12-30T21:04:49","guid":{"rendered":"http:\/\/biblian.is\/biblian\/j%c2%9cd%c2%92tarb%c2%97k-5-kafli\/"},"modified":"2017-12-30T21:04:49","modified_gmt":"2017-12-30T21:04:49","slug":"juditarbok-5-kafli","status":"publish","type":"page","link":"https:\/\/biblian.is\/biblian\/juditarbok-5-kafli\/","title":{"rendered":"J\u00fad\u00edtarb\u00f3k 5. kafli"},"content":{"rendered":"<h3 class=\"millifyrirsogn_2007\"> Herr\u00e1\u00f0sfundur hj\u00e1 H\u00f3lofernesi<\/h3>\n<p><a name=\"1\"><span class=\"versanumer_2007\">1<\/span><\/a> H\u00f3lofernesi, yfirhersh\u00f6f\u00f0ingja herja Ass\u00fdr\u00edumanna, var tj\u00e1\u00f0 a\u00f0 \u00cdsraelsmenn hef\u00f0u b\u00faist til varnar. \u00deeir hef\u00f0u loka\u00f0 fjallask\u00f6r\u00f0unum, v\u00edggirt alla h\u00e1a fjallshnj\u00faka og komi\u00f0 upp farart\u00e1lmum \u00e1 sl\u00e9ttunum. <a name=\"2\"><span class=\"versanumer_2007\">2<\/span><\/a> Hann var\u00f0 fr\u00e1 s\u00e9r af br\u00e6\u00f0i og kalla\u00f0i fyrir sig alla lei\u00f0toga M\u00f3ab\u00edta, hersh\u00f6f\u00f0ingja Amm\u00f3n\u00edta og alla h\u00e9ra\u00f0sstj\u00f3ra \u00e1 strandlengjunni. <a name=\"3\"><span class=\"versanumer_2007\">3<\/span><\/a> Hann sag\u00f0i vi\u00f0 \u00fe\u00e1: \u201eKanaansmenn. Segi\u00f0 m\u00e9r hva\u00f0a f\u00f3lk \u00fea\u00f0 er sem b\u00fdr \u00ed fj\u00f6llunum og hvers konar borgum \u00fea\u00f0 b\u00fdr \u00ed. Hva\u00f0 b\u00fdr \u00fea\u00f0 yfir miklum herafla? Hva\u00f0an kemur \u00fev\u00ed m\u00e1ttur og styrkur? Hver er eiginlega konungur \u00feess og fer fyrir hernum? <a name=\"4\"><span class=\"versanumer_2007\">4<\/span><\/a> Hvers vegna hefur \u00feetta f\u00f3lk eitt allra \u00edb\u00faa vestursins \u00feverskallast vi\u00f0 a\u00f0 koma til m\u00f3ts vi\u00f0 mig?\u201c<\/p>\n<h3 class=\"millifyrirsogn_2007\">R\u00e6\u00f0a Ak\u00edors<\/h3>\n<p><a name=\"5\"><span class=\"versanumer_2007\">5<\/span><\/a> Ak\u00edor, fyrirli\u00f0i allra Amm\u00f3n\u00edta, svara\u00f0i honum: \u201eHl\u00fd\u00f0 \u00fe\u00fa \u00e1 or\u00f0 \u00fej\u00f3ns \u00fe\u00edns, herra minn. \u00c9g skal segja \u00fe\u00e9r sannleikann um f\u00f3lki\u00f0 sem b\u00fdr \u00ed fjalllendinu h\u00e9r \u00ed grennd vi\u00f0 \u00feig. Ekkert \u00f3satt or\u00f0 skal fara um varir \u00fej\u00f3ns \u00fe\u00edns. <a name=\"6\"><span class=\"versanumer_2007\">6<\/span><\/a> \u00deetta f\u00f3lk er af Kaldeum komi\u00f0. <a name=\"7\"><span class=\"versanumer_2007\">7<\/span><\/a> \u00dea\u00f0 settist fyrst a\u00f0 \u00ed Mes\u00f3p\u00f3tam\u00edu vegna \u00feess a\u00f0 \u00fea\u00f0 vildi ekki fylgja \u00feeim gu\u00f0um sem fe\u00f0ur \u00feess h\u00f6f\u00f0u tilbe\u00f0i\u00f0 \u00ed landi Kaldea. <a name=\"8\"><span class=\"versanumer_2007\">8<\/span><\/a> \u00dea\u00f0 haf\u00f0i sn\u00fai\u00f0 baki vi\u00f0 tr\u00fa og si\u00f0um forfe\u00f0ra sinna og teki\u00f0 a\u00f0 tilbi\u00f0ja Gu\u00f0 himinsins sem \u00fea\u00f0 haf\u00f0i komist \u00ed kynni vi\u00f0. \u00deess vegna r\u00e1ku Kaldear \u00feetta f\u00f3lk \u00far n\u00e1l\u00e6g\u00f0 gu\u00f0a sinna. \u00dea\u00f0 fl\u00fd\u00f0i til Mes\u00f3p\u00f3tam\u00edu og dvaldist \u00fear langa hr\u00ed\u00f0. <a name=\"9\"><span class=\"versanumer_2007\">9<\/span><\/a> S\u00ed\u00f0ar sag\u00f0i Gu\u00f0 \u00feess f\u00f3lkinu a\u00f0 taka sig upp fr\u00e1 dvalarsta\u00f0 s\u00ednum og halda til Kanaanslands. \u00dear settist \u00fea\u00f0 a\u00f0 og safna\u00f0i au\u00f0i gulls og silfurs og miklum gripahj\u00f6r\u00f0um. <a name=\"10\"><span class=\"versanumer_2007\">10<\/span><\/a> S\u00ed\u00f0ar, er hungursney\u00f0 var\u00f0 \u00ed \u00f6llu Kanaanslandi, f\u00f3r \u00fea\u00f0 su\u00f0ur til Egyptalands. \u00dear dvaldist f\u00f3lki\u00f0 \u00e1 me\u00f0an \u00fear var nokkurt vi\u00f0urv\u00e6ri a\u00f0 hafa. \u00dear fj\u00f6lga\u00f0i \u00fev\u00ed svo mj\u00f6g a\u00f0 engri t\u00f6lu var\u00f0 \u00e1 \u00fej\u00f3\u00f0ina komi\u00f0. <a name=\"11\"><span class=\"versanumer_2007\">11<\/span><\/a> \u00de\u00e1 snerist konungur Egypta gegn henni, kom \u00fej\u00f3\u00f0inni me\u00f0 br\u00f6g\u00f0um til a\u00f0 strita vi\u00f0 t\u00edgulsteinager\u00f0, au\u00f0m\u00fdkti hana og ger\u00f0i hana a\u00f0 \u00fer\u00e6lum. <a name=\"12\"><span class=\"versanumer_2007\">12<\/span><\/a> En f\u00f3lki\u00f0 \u00e1kalla\u00f0i Gu\u00f0 sinn sem laust allt Egyptaland me\u00f0 \u00f3l\u00e6knandi pl\u00e1gum. \u00deess vegna r\u00e1ku Egyptar f\u00f3lki\u00f0 burt \u00far landi s\u00ednu. <a name=\"13\"><span class=\"versanumer_2007\">13<\/span><\/a> Gu\u00f0 \u00feurrka\u00f0i Rau\u00f0ahafi\u00f0 upp \u00e1 vegi \u00feess <a name=\"14\"><span class=\"versanumer_2007\">14<\/span><\/a> og leiddi f\u00f3lki\u00f0 til S\u00edna\u00ed og Kades Barnea. \u00dea\u00f0 hrakti alla, sem bjuggu \u00ed ey\u00f0im\u00f6rkinni, \u00e1 brott. <a name=\"15\"><span class=\"versanumer_2007\">15<\/span><\/a> S\u00ed\u00f0an settist \u00fej\u00f3\u00f0in a\u00f0 \u00ed landi Amor\u00edta og afm\u00e1\u00f0i alla Hesbonb\u00faa me\u00f0 m\u00e6tti s\u00ednum. \u00deegar \u00fej\u00f3\u00f0in haf\u00f0i fari\u00f0 yfir J\u00f3rdan sl\u00f3 h\u00fan eign sinni \u00e1 allt fjalllendi\u00f0 <a name=\"16\"><span class=\"versanumer_2007\">16<\/span><\/a> og hrakti Kanverja burt og Peres\u00edta, Jeb\u00fas\u00edta, S\u00edkemb\u00faa og alla G\u00edrgas\u00edta. S\u00ed\u00f0an bj\u00f3 \u00fej\u00f3\u00f0in lengi \u00ed landinu.<br \/> <a name=\"17\"><span class=\"versanumer_2007\">17<\/span><\/a> Svo lengi sem f\u00f3lki\u00f0 syndga\u00f0i ekki gegn Gu\u00f0i s\u00ednum farna\u00f0ist \u00fev\u00ed vel \u00fev\u00ed a\u00f0 Gu\u00f0, sem er me\u00f0 \u00fev\u00ed, hatar rangl\u00e6ti. <a name=\"18\"><span class=\"versanumer_2007\">18<\/span><\/a> \u00deegar \u00fea\u00f0 v\u00e9k af \u00feeim vegi, sem hann haf\u00f0i beint \u00fev\u00ed \u00e1, bei\u00f0 f\u00f3lki\u00f0 afhro\u00f0 \u00ed hverri styrj\u00f6ldinni af annarri og var herleitt til framandi lands. Musteri Gu\u00f0s \u00feess var jafna\u00f0 vi\u00f0 j\u00f6r\u00f0u og borgir \u00feess f\u00e9llu \u00ed \u00f3vinahendur. <a name=\"19\"><span class=\"versanumer_2007\">19<\/span><\/a> \u00dear sem \u00feetta f\u00f3lk sneri s\u00e9r \u00e1 n\u00fd til Gu\u00f0s s\u00edns f\u00e9kk \u00fea\u00f0 a\u00f0 sn\u00faa aftur heim \u00far dreifingunni. Hefur \u00fea\u00f0 teki\u00f0 Jer\u00fasalem, \u00fear sem helgid\u00f3mur \u00feess er, og sest a\u00f0 \u00ed fjalllendinu sem \u00e1\u00f0ur var \u00ed ey\u00f0i. <a name=\"20\"><span class=\"versanumer_2007\">20<\/span><\/a> En ver\u00f0i n\u00fa, voldugi herra, f\u00f3lki \u00feessu \u00e1 e\u00f0a syndgi \u00fea\u00f0 gegn Gu\u00f0i s\u00ednum og vi\u00f0 komumst a\u00f0 raun um \u00e1vir\u00f0ingar \u00feess, skulum vi\u00f0 leggja upp \u00ed fj\u00f6llin og gj\u00f6rsigra \u00fea\u00f0. <a name=\"21\"><span class=\"versanumer_2007\">21<\/span><\/a> Hafi \u00fej\u00f3\u00f0in ekki broti\u00f0 gegn l\u00f6gm\u00e1linu \u00ed neinu, \u00fe\u00e1 skalt \u00fe\u00fa, minn herra, for\u00f0ast hana \u00fev\u00ed a\u00f0 Drottinn \u00fej\u00f3\u00f0arinnar og Gu\u00f0 mun verja hana og vi\u00f0 ver\u00f0a heimi \u00f6llum a\u00f0 athl\u00e6gi.\u201c<\/p>\n<h3 class=\"millifyrirsogn_2007\">Vi\u00f0br\u00f6g\u00f0 mannfj\u00f6ldans<\/h3>\n<p><a name=\"22\"><span class=\"versanumer_2007\">22<\/span><\/a> \u00deegar Ak\u00edor haf\u00f0i loki\u00f0 m\u00e1li s\u00ednu kom upp mikill kurr hj\u00e1 \u00f6llum sem st\u00f3\u00f0u umhverfis tjaldi\u00f0. Yfirmenn \u00ed li\u00f0i H\u00f3lofernesar og allir fr\u00e1 h\u00e9ru\u00f0unum \u00e1 str\u00f6ndinni og M\u00f3ab kr\u00f6f\u00f0ust \u00feess a\u00f0 Ak\u00edor v\u00e6ri tekinn af l\u00edfi. <a name=\"23\"><span class=\"versanumer_2007\">23<\/span><\/a> \u201eVi\u00f0 l\u00e1tum \u00cdsraelsmenn ekki hr\u00e6\u00f0a okkur,\u201c s\u00f6g\u00f0u \u00feeir. \u201e\u00deetta er kraftlaus \u00fej\u00f3\u00f0 sem ekki getur veitt \u00f6fluga m\u00f3tspyrnu. <a name=\"24\"><span class=\"versanumer_2007\">24<\/span><\/a> \u00deess vegna skulum vi\u00f0 halda upp eftir og \u00fej\u00f3\u00f0in ver\u00f0ur au\u00f0veld br\u00e1\u00f0 fyrir allan \u00feinn her, voldugi H\u00f3lofernes.\u201c<\/p>\n","protected":false},"excerpt":{"rendered":"<p>Herr\u00e1\u00f0sfundur hj\u00e1 H\u00f3lofernesi 1 H\u00f3lofernesi, yfirhersh\u00f6f\u00f0ingja herja Ass\u00fdr\u00edumanna, var tj\u00e1\u00f0 a\u00f0 \u00cdsraelsmenn hef\u00f0u b\u00faist til varnar. \u00deeir hef\u00f0u loka\u00f0 fjallask\u00f6r\u00f0unum, v\u00edggirt alla h\u00e1a fjallshnj\u00faka og komi\u00f0 upp farart\u00e1lmum \u00e1 sl\u00e9ttunum. 2 Hann var\u00f0 fr\u00e1 s\u00e9r af br\u00e6\u00f0i og kalla\u00f0i fyrir sig alla lei\u00f0toga M\u00f3ab\u00edta, hersh\u00f6f\u00f0ingja Amm\u00f3n\u00edta og alla h\u00e9ra\u00f0sstj\u00f3ra \u00e1 strandlengjunni. 3 Hann sag\u00f0i vi\u00f0 \u00fe\u00e1: \u201eKanaansmenn. Segi\u00f0 m\u00e9r hva\u00f0a f\u00f3lk \u00fea\u00f0 er sem b\u00fdr \u00ed fj\u00f6llunum og hvers konar borgum \u00fea\u00f0 b\u00fdr \u00ed. Hva\u00f0 b\u00fdr \u00fea\u00f0 yfir miklum herafla? Hva\u00f0an kemur \u00fev\u00ed m\u00e1ttur og styrkur? Hver er eiginlega konungur \u00feess og fer fyrir hernum? 4 Hvers vegna hefur \u00feetta <a href=\"https:\/\/biblian.is\/biblian\/juditarbok-5-kafli\/\"> [&#8230;]<\/a><\/p>\n","protected":false},"author":1,"featured_media":0,"parent":0,"menu_order":0,"comment_status":"open","ping_status":"open","template":"bibliukaflar.php","meta":{"footnotes":""},"class_list":["post-2825","page","type-page","status-publish","hentry"],"_links":{"self":[{"href":"https:\/\/biblian.is\/biblian\/wp-json\/wp\/v2\/pages\/2825","targetHints":{"allow":["GET"]}}],"collection":[{"href":"https:\/\/biblian.is\/biblian\/wp-json\/wp\/v2\/pages"}],"about":[{"href":"https:\/\/biblian.is\/biblian\/wp-json\/wp\/v2\/types\/page"}],"author":[{"embeddable":true,"href":"https:\/\/biblian.is\/biblian\/wp-json\/wp\/v2\/users\/1"}],"replies":[{"embeddable":true,"href":"https:\/\/biblian.is\/biblian\/wp-json\/wp\/v2\/comments?post=2825"}],"version-history":[{"count":0,"href":"https:\/\/biblian.is\/biblian\/wp-json\/wp\/v2\/pages\/2825\/revisions"}],"wp:attachment":[{"href":"https:\/\/biblian.is\/biblian\/wp-json\/wp\/v2\/media?parent=2825"}],"curies":[{"name":"wp","href":"https:\/\/api.w.org\/{rel}","templated":true}]}}