{"id":2824,"date":"2017-12-30T21:04:49","date_gmt":"2017-12-30T21:04:49","guid":{"rendered":"http:\/\/biblian.is\/biblian\/j%c2%9cd%c2%92tarb%c2%97k-4-kafli\/"},"modified":"2018-01-12T18:59:58","modified_gmt":"2018-01-12T18:59:58","slug":"juditarbok-4-kafli","status":"publish","type":"page","link":"https:\/\/biblian.is\/biblian\/juditarbok-4-kafli\/","title":{"rendered":"J\u00fad\u00edtarb\u00f3k 4. kafli"},"content":{"rendered":"<h3 class=\"millifyrirsogn_2007\"> \u00cdsraelsmenn b\u00faast til varnar<\/h3>\n<p><a name=\"1\"><span class=\"versanumer_2007\">1<\/span><\/a> \u00cdsraelsmenn, sem bjuggu \u00ed J\u00fadeu, fr\u00e9ttu um allt sem H\u00f3lofernes, yfirhersh\u00f6f\u00f0ingi Neb\u00fakadnesars Ass\u00fdr\u00edukonungs, haf\u00f0i gert \u00fej\u00f3\u00f0unum og hvernig hann haf\u00f0i r\u00e6nt og eytt helgid\u00f3ma \u00feeirra. <a name=\"2\"><span class=\"versanumer_2007\">2<\/span><\/a> Ur\u00f0u \u00feeir yfirkomnir af skelfingu vi\u00f0 hann. \u00d3ttu\u00f0ust \u00feeir einnig mj\u00f6g um Jer\u00fasalem og musteri Drottins Gu\u00f0s s\u00edns.<br \/> <a name=\"3\"><span class=\"versanumer_2007\">3<\/span><\/a> \u00deeir voru n\u00fdlega komnir aftur \u00far herlei\u00f0ingunni og fyrir skemmstu h\u00f6f\u00f0u allir J\u00fadeumenn safnast saman er \u00e1h\u00f6ldin, altari\u00f0 og musteri\u00f0 var v\u00edgt eftir vanhelgunina. <a name=\"4\"><span class=\"versanumer_2007\">4<\/span><\/a> N\u00fa sendu \u00feeir menn um \u00f6ll h\u00e9ru\u00f0 Samar\u00edu og til borganna K\u00f3na, Bet H\u00f3ron, Belma\u00edn, Jer\u00edk\u00f3, K\u00f3ba og Hasor og \u00ed Salemdalinn. <a name=\"5\"><span class=\"versanumer_2007\">5<\/span><\/a> \u00deeir komu einnig var\u00f0li\u00f0i fyrir \u00e1 h\u00e6stu fjallshnj\u00fakum, v\u00edgbjuggu b\u00e6ina \u00ed grenndinni og komu \u00fear fyrir vistum til a\u00f0 vera undir \u00f3fri\u00f0 b\u00fanir en korn var n\u00fdskori\u00f0 \u00e1 \u00f6krum \u00feeirra.<br \/> <a name=\"6\"><span class=\"versanumer_2007\">6<\/span><\/a> J\u00f3akim \u00e6\u00f0sti prestur, sem um \u00feessar mundir var \u00ed Jer\u00fasalem, sendi \u00edb\u00faum Bet\u00fal\u00fau br\u00e9f og \u00feeim sem bjuggu \u00ed Bet\u00f3mesta\u00edm, en \u00feeir sta\u00f0ir eru gegnt Esdrelon vi\u00f0 sl\u00e9ttuna n\u00e6rri D\u00f3tan. <a name=\"7\"><span class=\"versanumer_2007\">7<\/span><\/a> Bau\u00f0 hann a\u00f0 \u00feeir skyldu setja var\u00f0li\u00f0 \u00ed fjallask\u00f6r\u00f0in \u00fev\u00ed a\u00f0 lei\u00f0in til J\u00fadeu liggur um \u00feau. \u00dear v\u00e6ri l\u00e9tt a\u00f0 hefta f\u00f6r \u00f3vinarins \u00fev\u00ed a\u00f0 sk\u00f6r\u00f0in v\u00e6ru svo \u00fer\u00f6ng a\u00f0 um \u00feau g\u00e6tu a\u00f0eins tveir menn gengi\u00f0 sams\u00ed\u00f0a. <a name=\"8\"><span class=\"versanumer_2007\">8<\/span><\/a> \u00cdsraelsmenn ger\u00f0u eins og J\u00f3akim \u00e6\u00f0sti prestur haf\u00f0i bo\u00f0i\u00f0 og \u00f6ldungar\u00e1\u00f0 allrar \u00cdsraels\u00fej\u00f3\u00f0arinnar, en \u00fea\u00f0 kemur saman \u00ed Jer\u00fasalem.<\/p>\n<h3 class=\"millifyrirsogn_2007\">Gu\u00f0 \u00e1kalla\u00f0ur um hj\u00e1lp<\/h3>\n<p><a name=\"9\"><span class=\"versanumer_2007\">9<\/span><\/a> S\u00e9rhver \u00cdsraelsma\u00f0ur hr\u00f3pa\u00f0i til Gu\u00f0s af miklum \u00e1kafa og lag\u00f0i einnig mikil meinl\u00e6ti \u00e1 sig. <a name=\"10\"><span class=\"versanumer_2007\">10<\/span><\/a> Jafnt karlar, konur sem b\u00f6rn l\u00f6g\u00f0u h\u00e6rusekk um lendar s\u00e9r og f\u00e9na\u00f0ar s\u00edns. Hi\u00f0 sama ger\u00f0u allir \u00fatlendingar, daglaunamenn og \u00fer\u00e6lar sem \u00feeir h\u00f6f\u00f0u keypt. <a name=\"11\"><span class=\"versanumer_2007\">11<\/span><\/a> Allir \u00cdsraelsmenn, sem bjuggu \u00ed Jer\u00fasalem, karlar, konur og b\u00f6rn f\u00e9llu fram fyrir musterinu, jusu \u00f6sku yfir h\u00f6fu\u00f0 s\u00e9r og breiddu h\u00e6rusekki s\u00edna \u00fat frammi fyrir Drottni. <a name=\"12\"><span class=\"versanumer_2007\">12<\/span><\/a> Einnig \u00fe\u00f6ktu \u00feeir altari\u00f0 h\u00e6rusekk. \u00deeir \u00e1k\u00f6llu\u00f0u Gu\u00f0 \u00cdsraels einum huga og af miklum \u00e1kafa um a\u00f0 gefa a\u00f0 b\u00f6rnum \u00feeirra yr\u00f0i ekki r\u00e6nt n\u00e9 konur \u00feeirra teknar herfangi e\u00f0a borgirnar, sem \u00feeir h\u00f6f\u00f0u erft, ey\u00f0ilag\u00f0ar, musteri\u00f0 vanhelga\u00f0 og sv\u00edvirt hei\u00f0ingjunum til skemmtunar. <a name=\"13\"><span class=\"versanumer_2007\">13<\/span><\/a> Drottinn heyr\u00f0i \u00e1kall \u00feeirra og leit til \u00feeirra \u00ed nau\u00f0um \u00feeirra. D\u00f6gum saman fasta\u00f0i \u00fej\u00f3\u00f0in \u00f6ll um gj\u00f6rvalla J\u00fadeu og frammi fyrir musteri alm\u00e1ttugs Gu\u00f0s \u00ed Jer\u00fasalem. <a name=\"14\"><span class=\"versanumer_2007\">14<\/span><\/a> J\u00f3akim \u00e6\u00f0sti prestur og prestarnir allir, sem st\u00f3\u00f0u frammi fyrir Drottni, og a\u00f0rir \u00feeir sem \u00fej\u00f3nu\u00f0u Drottni bjuggust h\u00e6rusekk um lendar s\u00e9r \u00feegar \u00feeir b\u00e1ru fram hina daglegu brennif\u00f3rn, \u00e1heitaf\u00f3rnir og sj\u00e1lfviljagjafir l\u00fd\u00f0sins. <a name=\"15\"><span class=\"versanumer_2007\">15<\/span><\/a> Aska var \u00e1 h\u00f6fu\u00f0b\u00fana\u00f0i \u00feeirra og \u00feeir \u00e1k\u00f6llu\u00f0u Drottin af \u00f6llum m\u00e6tti s\u00ednum og b\u00e1\u00f0u hann a\u00f0 koma allri \u00cdsraels\u00fej\u00f3\u00f0 til hj\u00e1lpar.<\/p>\n","protected":false},"excerpt":{"rendered":"<p>\u00cdsraelsmenn b\u00faast til varnar 1 \u00cdsraelsmenn, sem bjuggu \u00ed J\u00fadeu, fr\u00e9ttu um allt sem H\u00f3lofernes, yfirhersh\u00f6f\u00f0ingi Neb\u00fakadnesars Ass\u00fdr\u00edukonungs, haf\u00f0i gert \u00fej\u00f3\u00f0unum og hvernig hann haf\u00f0i r\u00e6nt og eytt helgid\u00f3ma \u00feeirra. 2 Ur\u00f0u \u00feeir yfirkomnir af skelfingu vi\u00f0 hann. \u00d3ttu\u00f0ust \u00feeir einnig mj\u00f6g um Jer\u00fasalem og musteri Drottins Gu\u00f0s s\u00edns. 3 \u00deeir voru n\u00fdlega komnir aftur \u00far herlei\u00f0ingunni og fyrir skemmstu h\u00f6f\u00f0u allir J\u00fadeumenn safnast saman er \u00e1h\u00f6ldin, altari\u00f0 og musteri\u00f0 var v\u00edgt eftir vanhelgunina. 4 N\u00fa sendu \u00feeir menn um \u00f6ll h\u00e9ru\u00f0 Samar\u00edu og til borganna K\u00f3na, Bet H\u00f3ron, Belma\u00edn, Jer\u00edk\u00f3, K\u00f3ba og Hasor og \u00ed Salemdalinn. 5 \u00deeir komu <a href=\"https:\/\/biblian.is\/biblian\/juditarbok-4-kafli\/\"> [&#8230;]<\/a><\/p>\n","protected":false},"author":1,"featured_media":0,"parent":0,"menu_order":0,"comment_status":"open","ping_status":"open","template":"bibliukaflar.php","meta":{"footnotes":""},"class_list":["post-2824","page","type-page","status-publish","hentry"],"_links":{"self":[{"href":"https:\/\/biblian.is\/biblian\/wp-json\/wp\/v2\/pages\/2824","targetHints":{"allow":["GET"]}}],"collection":[{"href":"https:\/\/biblian.is\/biblian\/wp-json\/wp\/v2\/pages"}],"about":[{"href":"https:\/\/biblian.is\/biblian\/wp-json\/wp\/v2\/types\/page"}],"author":[{"embeddable":true,"href":"https:\/\/biblian.is\/biblian\/wp-json\/wp\/v2\/users\/1"}],"replies":[{"embeddable":true,"href":"https:\/\/biblian.is\/biblian\/wp-json\/wp\/v2\/comments?post=2824"}],"version-history":[{"count":0,"href":"https:\/\/biblian.is\/biblian\/wp-json\/wp\/v2\/pages\/2824\/revisions"}],"wp:attachment":[{"href":"https:\/\/biblian.is\/biblian\/wp-json\/wp\/v2\/media?parent=2824"}],"curies":[{"name":"wp","href":"https:\/\/api.w.org\/{rel}","templated":true}]}}