{"id":2823,"date":"2017-12-30T21:04:49","date_gmt":"2017-12-30T21:04:49","guid":{"rendered":"http:\/\/biblian.is\/biblian\/j%c2%9cd%c2%92tarb%c2%97k-3-kafli\/"},"modified":"2017-12-30T21:04:49","modified_gmt":"2017-12-30T21:04:49","slug":"juditarbok-3-kafli","status":"publish","type":"page","link":"https:\/\/biblian.is\/biblian\/juditarbok-3-kafli\/","title":{"rendered":"J\u00fad\u00edtarb\u00f3k 3. kafli"},"content":{"rendered":"<h3 class=\"millifyrirsogn_2007\"> Fri\u00f0arumleitanir vi\u00f0 H\u00f3lofernes<\/h3>\n<p><a name=\"1\"><span class=\"versanumer_2007\">1<\/span><\/a> \u00deeir sendu \u00feess vegna sendibo\u00f0a til H\u00f3lofernesar til a\u00f0 fri\u00f0m\u00e6last vi\u00f0 hann me\u00f0 \u00feessum or\u00f0um: <a name=\"2\"><span class=\"versanumer_2007\">2<\/span><\/a> \u201eVi\u00f0, \u00fer\u00e6lar st\u00f3rkonungsins Neb\u00fakadnesars, f\u00f6llum a\u00f0 f\u00f3tum \u00fe\u00e9r. Far\u00f0u me\u00f0 okkur svo sem \u00fe\u00e9r l\u00edst. <a name=\"3\"><span class=\"versanumer_2007\">3<\/span><\/a> \u00d6ll b\u00fdli okkar og hagar, hveitiakrar, hjar\u00f0ir fj\u00e1r og nautgripa og \u00f6ll fj\u00e1rbyrgin vi\u00f0 tjaldb\u00fa\u00f0ir okkar eru til \u00feinnar r\u00e1\u00f0st\u00f6funar. Ger\u00f0u \u00fea\u00f0 sem \u00fe\u00e9r \u00fe\u00f3knast vi\u00f0 \u00fea\u00f0 allt. <a name=\"4\"><span class=\"versanumer_2007\">4<\/span><\/a> Einnig eru borgir okkar \u00fe\u00edn eign og \u00feeir sem \u00ed \u00feeim b\u00faa eru \u00fer\u00e6lar \u00fe\u00ednir. Komdu og far\u00f0u me\u00f0 \u00fe\u00e1 svo sem \u00fe\u00e9r s\u00fdnist best.\u201c<br \/> <a name=\"5\"><span class=\"versanumer_2007\">5<\/span><\/a> Mennirnir komu til H\u00f3lofernesar og fluttu honum \u00feessi bo\u00f0. <a name=\"6\"><span class=\"versanumer_2007\">6<\/span><\/a> Hann h\u00e9lt \u00fe\u00e1 me\u00f0 allan her sinn ofan til strandar, kom var\u00f0m\u00f6nnum fyrir \u00ed v\u00edggirtu borgunum og kvaddi \u00fea\u00f0an valda menn \u00ed her sinn. <a name=\"7\"><span class=\"versanumer_2007\">7<\/span><\/a> B\u00e6\u00f0i borgarb\u00faar og \u00edb\u00faar \u00far n\u00e1grenninu t\u00f3ku \u00e1 m\u00f3ti H\u00f3lofernesi me\u00f0 bl\u00f3msveigum, dansi og bumbusl\u00e6tti.<br \/> <a name=\"8\"><span class=\"versanumer_2007\">8<\/span><\/a> En hann eyddi allt land \u00feeirra og hj\u00f3 ni\u00f0ur helga lundi \u00feeirra \u00fev\u00ed a\u00f0 honum haf\u00f0i veri\u00f0 skipa\u00f0 a\u00f0 afm\u00e1 alla gu\u00f0i jar\u00f0ar svo a\u00f0 allar \u00fej\u00f3\u00f0ir t\u00e6kju a\u00f0 d\u00fdrka Neb\u00fakadnesar einan og allar \u00fej\u00f3\u00f0tungur og \u00e6ttkv\u00edslir a\u00f0 \u00e1kalla hann sem gu\u00f0. <a name=\"9\"><span class=\"versanumer_2007\">9<\/span><\/a> S\u00ed\u00f0an h\u00e9lt hann a\u00f0 Esdrelonsl\u00e9ttu \u00ed n\u00e1nd vi\u00f0 D\u00f3tan sem liggur a\u00f0 hinni voldugu J\u00fadeuh\u00e1sl\u00e9ttu. <a name=\"10\"><span class=\"versanumer_2007\">10<\/span><\/a> Hann sl\u00f3 upp herb\u00fa\u00f0um s\u00ednum milli Geba og Sk\u00fdt\u00f3p\u00f3lis og h\u00e9lt \u00fear kyrru fyrir \u00ed m\u00e1nu\u00f0 til \u00feess a\u00f0 safna vistum fyrir her sinn. <\/p>\n","protected":false},"excerpt":{"rendered":"<p>Fri\u00f0arumleitanir vi\u00f0 H\u00f3lofernes 1 \u00deeir sendu \u00feess vegna sendibo\u00f0a til H\u00f3lofernesar til a\u00f0 fri\u00f0m\u00e6last vi\u00f0 hann me\u00f0 \u00feessum or\u00f0um: 2 \u201eVi\u00f0, \u00fer\u00e6lar st\u00f3rkonungsins Neb\u00fakadnesars, f\u00f6llum a\u00f0 f\u00f3tum \u00fe\u00e9r. Far\u00f0u me\u00f0 okkur svo sem \u00fe\u00e9r l\u00edst. 3 \u00d6ll b\u00fdli okkar og hagar, hveitiakrar, hjar\u00f0ir fj\u00e1r og nautgripa og \u00f6ll fj\u00e1rbyrgin vi\u00f0 tjaldb\u00fa\u00f0ir okkar eru til \u00feinnar r\u00e1\u00f0st\u00f6funar. Ger\u00f0u \u00fea\u00f0 sem \u00fe\u00e9r \u00fe\u00f3knast vi\u00f0 \u00fea\u00f0 allt. 4 Einnig eru borgir okkar \u00fe\u00edn eign og \u00feeir sem \u00ed \u00feeim b\u00faa eru \u00fer\u00e6lar \u00fe\u00ednir. Komdu og far\u00f0u me\u00f0 \u00fe\u00e1 svo sem \u00fe\u00e9r s\u00fdnist best.\u201c 5 Mennirnir komu til H\u00f3lofernesar og fluttu honum \u00feessi bo\u00f0. <a href=\"https:\/\/biblian.is\/biblian\/juditarbok-3-kafli\/\"> [&#8230;]<\/a><\/p>\n","protected":false},"author":1,"featured_media":0,"parent":0,"menu_order":0,"comment_status":"open","ping_status":"open","template":"bibliukaflar.php","meta":{"footnotes":""},"class_list":["post-2823","page","type-page","status-publish","hentry"],"_links":{"self":[{"href":"https:\/\/biblian.is\/biblian\/wp-json\/wp\/v2\/pages\/2823","targetHints":{"allow":["GET"]}}],"collection":[{"href":"https:\/\/biblian.is\/biblian\/wp-json\/wp\/v2\/pages"}],"about":[{"href":"https:\/\/biblian.is\/biblian\/wp-json\/wp\/v2\/types\/page"}],"author":[{"embeddable":true,"href":"https:\/\/biblian.is\/biblian\/wp-json\/wp\/v2\/users\/1"}],"replies":[{"embeddable":true,"href":"https:\/\/biblian.is\/biblian\/wp-json\/wp\/v2\/comments?post=2823"}],"version-history":[{"count":0,"href":"https:\/\/biblian.is\/biblian\/wp-json\/wp\/v2\/pages\/2823\/revisions"}],"wp:attachment":[{"href":"https:\/\/biblian.is\/biblian\/wp-json\/wp\/v2\/media?parent=2823"}],"curies":[{"name":"wp","href":"https:\/\/api.w.org\/{rel}","templated":true}]}}