{"id":2822,"date":"2017-12-30T21:04:49","date_gmt":"2017-12-30T21:04:49","guid":{"rendered":"http:\/\/biblian.is\/biblian\/j%c2%9cd%c2%92tarb%c2%97k-2-kafli\/"},"modified":"2017-12-30T21:04:49","modified_gmt":"2017-12-30T21:04:49","slug":"juditarbok-2-kafli","status":"publish","type":"page","link":"https:\/\/biblian.is\/biblian\/juditarbok-2-kafli\/","title":{"rendered":"J\u00fad\u00edtarb\u00f3k 2. kafli"},"content":{"rendered":"<h3 class=\"millifyrirsogn_2007\"> Styrj\u00f6ld vi\u00f0 \u00fej\u00f3\u00f0irnar \u00ed vestri<\/h3>\n<p><a name=\"1\"><span class=\"versanumer_2007\">1<\/span><\/a> \u00c1 \u00e1tj\u00e1nda stj\u00f3rnar\u00e1ri Neb\u00fakadnesars Ass\u00fdr\u00edukonungs, \u00e1 tuttugasta og \u00f6\u00f0rum degi fyrsta m\u00e1na\u00f0ar, kom til umr\u00e6\u00f0u \u00ed h\u00f6ll Neb\u00fakadnesars a\u00f0 l\u00e1ta hefndina, sem hann haf\u00f0i h\u00f3ta\u00f0 \u00f6llum l\u00f6ndunum, koma yfir \u00feau eins og hann haf\u00f0i sagt. <a name=\"2\"><span class=\"versanumer_2007\">2<\/span><\/a> Hann kalla\u00f0i alla emb\u00e6ttismenn s\u00edna og r\u00e1\u00f0sherra saman, lag\u00f0i fyrir \u00fe\u00e1 leynilega r\u00e1\u00f0ager\u00f0 og kynnti \u00feeim alla \u00fe\u00e1 skelfingu sem hann haf\u00f0i \u00ed r\u00e1\u00f0i a\u00f0 l\u00e1ta koma yfir l\u00f6ndin. <a name=\"3\"><span class=\"versanumer_2007\">3<\/span><\/a> Voru \u00feeir allir sama sinnis og hann, a\u00f0 ey\u00f0a skyldi \u00f6llum sem \u00f3hl\u00fd\u00f0nast h\u00f6f\u00f0u bo\u00f0um hans.<br \/> <a name=\"4\"><span class=\"versanumer_2007\">4<\/span><\/a> \u00deegar Neb\u00fakadnesar Ass\u00fdr\u00edukonungur haf\u00f0i greint fr\u00e1 \u00e1\u00e6tlun sinni bo\u00f0a\u00f0i hann H\u00f3lofernes, yfirhersh\u00f6f\u00f0ingja herja sinna, \u00e1 sinn fund. Gekk hann n\u00e6st konungi a\u00f0 v\u00f6ldum. Neb\u00fakadnesar sag\u00f0i vi\u00f0 hann: <a name=\"5\"><span class=\"versanumer_2007\">5<\/span><\/a> \u201eSvo m\u00e6lir st\u00f3rkonungurinn, herra gj\u00f6rvallrar jar\u00f0ar: \u00de\u00fa skalt halda h\u00e9\u00f0an og taka me\u00f0 \u00fe\u00e9r menn sem treysta \u00e1 m\u00e1tt sinn, eitt hundra\u00f0 og tuttugu \u00fe\u00fasund f\u00f3tg\u00f6nguli\u00f0a og t\u00f3lf \u00fe\u00fasund hesta og riddara. <a name=\"6\"><span class=\"versanumer_2007\">6<\/span><\/a> \u00de\u00fa skalt halda \u00ed herf\u00f6r gegn \u00f6llum l\u00f6ndunum \u00ed vestri \u00fev\u00ed a\u00f0 \u00feau \u00f3hl\u00fd\u00f0nu\u00f0ust bo\u00f0um m\u00ednum. <a name=\"7\"><span class=\"versanumer_2007\">7<\/span><\/a> \u00de\u00fa skalt kunngj\u00f6ra \u00feeim a\u00f0 \u00feau skuli hafa til rei\u00f0u mold og vatn \u00fev\u00ed a\u00f0 \u00e9g muni r\u00e1\u00f0ast \u00e1 \u00feau af heift. F\u00e6tur herja minna munu \u00feekja yfirbor\u00f0 jar\u00f0ar og \u00e9g mun afhenda herjum m\u00ednum l\u00f6ndin til r\u00e1na. <a name=\"8\"><span class=\"versanumer_2007\">8<\/span><\/a> Fallnir munu fylla gil og \u00e1rfarvegi, l\u00edkin st\u00edfla l\u00e6ki og \u00e1r svo a\u00f0 \u00fe\u00e6r munu fl\u00e6\u00f0a yfir bakka s\u00edna. <a name=\"9\"><span class=\"versanumer_2007\">9<\/span><\/a> \u00c9g mun flytja hertekna til ystu endimarka jar\u00f0ar. <a name=\"10\"><span class=\"versanumer_2007\">10<\/span><\/a> \u00de\u00fa skalt fara fyrir m\u00e9r og taka allar bygg\u00f0ir hinna \u00f3hl\u00fd\u00f0nu herskildi. Gangi \u00edb\u00faar \u00feeirra \u00fe\u00e9r \u00e1 vald skalt \u00fe\u00fa g\u00e6ta \u00feeirra fyrir mig \u00fear til \u00e9g kem til a\u00f0 gera upp sakir. <a name=\"11\"><span class=\"versanumer_2007\">11<\/span><\/a> En \u00feeim sem s\u00fdna \u00fe\u00e9r m\u00f3t\u00fer\u00f3a skalt \u00fe\u00fa ekki s\u00fdna neina v\u00e6g\u00f0 heldur ofurselja \u00fe\u00e1 dau\u00f0a og r\u00e1num um allt land \u00feitt. <a name=\"12\"><span class=\"versanumer_2007\">12<\/span><\/a> \u00c9g hef svari\u00f0 vi\u00f0 l\u00edf mitt og veldi konungd\u00f3ms m\u00edns a\u00f0 gera \u00feetta og \u00fea\u00f0 mun \u00e9g sj\u00e1lfur gera. <a name=\"13\"><span class=\"versanumer_2007\">13<\/span><\/a> Ekki skalt \u00fe\u00fa heldur brj\u00f3ta gegn einu einasta bo\u00f0i h\u00fasb\u00f3nda \u00fe\u00edns. \u00de\u00fa skalt gera allt n\u00e1kv\u00e6mlega eins og \u00e9g hef lagt fyrir \u00feig og \u00fe\u00fa skalt gera \u00fea\u00f0 \u00e1n tafar.\u201c<\/p>\n<h3 class=\"millifyrirsogn_2007\">Herf\u00f6r H\u00f3lofernesar<\/h3>\n<p><a name=\"14\"><span class=\"versanumer_2007\">14<\/span><\/a> H\u00f3lofernes h\u00e9lt af sta\u00f0 fr\u00e1 h\u00fasb\u00f3nda s\u00ednum og kvaddi saman alla yfirhersh\u00f6f\u00f0ingja, hersh\u00f6f\u00f0ingja og foringja Ass\u00fdr\u00eduhers. <a name=\"15\"><span class=\"versanumer_2007\">15<\/span><\/a> Hann valdi \u00farvalsli\u00f0 eins og konungurinn haf\u00f0i bo\u00f0i\u00f0 honum, eitt hundra\u00f0 og tuttugu \u00fe\u00fasund f\u00f3tg\u00f6nguli\u00f0a og t\u00f3lf \u00fe\u00fasund bogfima riddara. <a name=\"16\"><span class=\"versanumer_2007\">16<\/span><\/a> Hann skipa\u00f0i \u00feeim \u00ed bardagafylkingar eins og venja var. <a name=\"17\"><span class=\"versanumer_2007\">17<\/span><\/a> Enn fremur haf\u00f0i hann gr\u00ed\u00f0arlegan fj\u00f6lda bur\u00f0ard\u00fdra, \u00falfalda, asna og m\u00fald\u00fdr og auk \u00feess fleiri sau\u00f0kindur, naut og geitur en t\u00f6lu yr\u00f0i \u00e1 komi\u00f0 hernum til vi\u00f0urv\u00e6ris. <a name=\"18\"><span class=\"versanumer_2007\">18<\/span><\/a> Haf\u00f0i hann yfri\u00f0 n\u00e6gar vistir handa hverjum hermanni auk gn\u00f3ttar gulls og silfurs \u00far fj\u00e1rhirslu konungs.<br \/> <a name=\"19\"><span class=\"versanumer_2007\">19<\/span><\/a> S\u00ed\u00f0an lag\u00f0i H\u00f3lofernes og allur hans her upp \u00ed herf\u00f6rina til a\u00f0 ry\u00f0ja Neb\u00fakadnesari konungi braut og \u00feekja allt yfirbor\u00f0 jar\u00f0ar \u00ed vestri me\u00f0 str\u00ed\u00f0sv\u00f6gnum, riddurum og \u00farvalsf\u00f3tg\u00f6nguli\u00f0i. <a name=\"20\"><span class=\"versanumer_2007\">20<\/span><\/a> Hernum fylgdi einnig sundurleitur skari, sl\u00edkur aragr\u00fai a\u00f0 engri t\u00f6lu var\u00f0 \u00e1 komi\u00f0 fremur en engisprettusveim e\u00f0a sandkorn jar\u00f0ar.<br \/> <a name=\"21\"><span class=\"versanumer_2007\">21<\/span><\/a> \u00deeir h\u00e9ldu \u00ferj\u00e1r daglei\u00f0ir fr\u00e1 N\u00edn\u00edve yfir \u00e1 Bekteletsl\u00e9ttu og sl\u00f3gu upp herb\u00fa\u00f0um handan Bektelet \u00ed n\u00e1nd fjallsins nor\u00f0ur af Efri-Kil\u00edk\u00edu. <a name=\"22\"><span class=\"versanumer_2007\">22<\/span><\/a> \u00dea\u00f0an h\u00e9lt H\u00f3lofernes upp \u00ed fj\u00f6llin me\u00f0 allan her sinn, f\u00f3tg\u00f6nguli\u00f0, riddara og str\u00ed\u00f0svagna. <a name=\"23\"><span class=\"versanumer_2007\">23<\/span><\/a> Eyddi hann P\u00fat og L\u00fad og f\u00f3r r\u00e1nshendi um bygg\u00f0ir Rassismanna og \u00cdsmael\u00edta \u00ed ja\u00f0ri ey\u00f0imerkurinnar sunnan vi\u00f0 land Kelea. <a name=\"24\"><span class=\"versanumer_2007\">24<\/span><\/a> Hann h\u00e9lt me\u00f0 fram Efrat og gegnum Mes\u00f3p\u00f3tam\u00edu og eyddi \u00f6llum v\u00edggirtum borgum me\u00f0 fram Abron\u00e1nni og allt til sj\u00e1var. <a name=\"25\"><span class=\"versanumer_2007\">25<\/span><\/a> Hann n\u00e1\u00f0i Kil\u00edk\u00eduh\u00e9ra\u00f0i \u00e1 sitt vald og gekk \u00e1 milli bols og h\u00f6fu\u00f0s \u00e1 \u00f6llum sem veittu honum m\u00f3tspyrnu. S\u00ed\u00f0an h\u00e9lt hann til Jafetsbygg\u00f0a sem eru \u00ed su\u00f0ri gegnt Arab\u00edu. <a name=\"26\"><span class=\"versanumer_2007\">26<\/span><\/a> Hann umkringdi alla M\u00edd\u00edan\u00edta, brenndi tj\u00f6ld \u00feeirra og r\u00e6ndi fj\u00e1rbyrgi \u00feeirra.<br \/> <a name=\"27\"><span class=\"versanumer_2007\">27<\/span><\/a> Um hveitiskur\u00f0art\u00edmann h\u00e9lt hann ofan \u00e1 Damaskussl\u00e9ttuna, brenndi \u00fear alla akra, sl\u00e1tra\u00f0i sau\u00f0a- og nautahj\u00f6r\u00f0um, r\u00e6ndi borgir og gereyddi haglendi\u00f0 umhverfis \u00fe\u00e6r og hj\u00f3 ni\u00f0ur alla unga menn me\u00f0 sver\u00f0i.<br \/> <a name=\"28\"><span class=\"versanumer_2007\">28<\/span><\/a> Allir \u00feeir sem bjuggu \u00e1 strandlengjunni fylltust \u00f3tta og skelfingu vi\u00f0 hann. \u00cdb\u00faar S\u00eddonar og T\u00fdrusar, S\u00far og \u00d3k\u00edna og \u00feeir sem bjuggu \u00ed Jabne, Asd\u00f3d og Askelon ur\u00f0u alteknir \u00f3tta.<\/p>\n","protected":false},"excerpt":{"rendered":"<p>Styrj\u00f6ld vi\u00f0 \u00fej\u00f3\u00f0irnar \u00ed vestri 1 \u00c1 \u00e1tj\u00e1nda stj\u00f3rnar\u00e1ri Neb\u00fakadnesars Ass\u00fdr\u00edukonungs, \u00e1 tuttugasta og \u00f6\u00f0rum degi fyrsta m\u00e1na\u00f0ar, kom til umr\u00e6\u00f0u \u00ed h\u00f6ll Neb\u00fakadnesars a\u00f0 l\u00e1ta hefndina, sem hann haf\u00f0i h\u00f3ta\u00f0 \u00f6llum l\u00f6ndunum, koma yfir \u00feau eins og hann haf\u00f0i sagt. 2 Hann kalla\u00f0i alla emb\u00e6ttismenn s\u00edna og r\u00e1\u00f0sherra saman, lag\u00f0i fyrir \u00fe\u00e1 leynilega r\u00e1\u00f0ager\u00f0 og kynnti \u00feeim alla \u00fe\u00e1 skelfingu sem hann haf\u00f0i \u00ed r\u00e1\u00f0i a\u00f0 l\u00e1ta koma yfir l\u00f6ndin. 3 Voru \u00feeir allir sama sinnis og hann, a\u00f0 ey\u00f0a skyldi \u00f6llum sem \u00f3hl\u00fd\u00f0nast h\u00f6f\u00f0u bo\u00f0um hans. 4 \u00deegar Neb\u00fakadnesar Ass\u00fdr\u00edukonungur haf\u00f0i greint fr\u00e1 \u00e1\u00e6tlun sinni bo\u00f0a\u00f0i hann H\u00f3lofernes, <a href=\"https:\/\/biblian.is\/biblian\/juditarbok-2-kafli\/\"> [&#8230;]<\/a><\/p>\n","protected":false},"author":1,"featured_media":0,"parent":0,"menu_order":0,"comment_status":"open","ping_status":"open","template":"bibliukaflar.php","meta":{"footnotes":""},"class_list":["post-2822","page","type-page","status-publish","hentry"],"_links":{"self":[{"href":"https:\/\/biblian.is\/biblian\/wp-json\/wp\/v2\/pages\/2822","targetHints":{"allow":["GET"]}}],"collection":[{"href":"https:\/\/biblian.is\/biblian\/wp-json\/wp\/v2\/pages"}],"about":[{"href":"https:\/\/biblian.is\/biblian\/wp-json\/wp\/v2\/types\/page"}],"author":[{"embeddable":true,"href":"https:\/\/biblian.is\/biblian\/wp-json\/wp\/v2\/users\/1"}],"replies":[{"embeddable":true,"href":"https:\/\/biblian.is\/biblian\/wp-json\/wp\/v2\/comments?post=2822"}],"version-history":[{"count":0,"href":"https:\/\/biblian.is\/biblian\/wp-json\/wp\/v2\/pages\/2822\/revisions"}],"wp:attachment":[{"href":"https:\/\/biblian.is\/biblian\/wp-json\/wp\/v2\/media?parent=2822"}],"curies":[{"name":"wp","href":"https:\/\/api.w.org\/{rel}","templated":true}]}}