{"id":2821,"date":"2017-12-30T21:04:49","date_gmt":"2017-12-30T21:04:49","guid":{"rendered":"http:\/\/biblian.is\/biblian\/j%c2%9cd%c2%92tarb%c2%97k-1-kafli\/"},"modified":"2018-01-15T16:14:00","modified_gmt":"2018-01-15T16:14:00","slug":"juditarbok-1-kafli","status":"publish","type":"page","link":"https:\/\/biblian.is\/biblian\/juditarbok-1-kafli\/","title":{"rendered":"J\u00fad\u00edtarb\u00f3k 1. kafli"},"content":{"rendered":"<h3 class=\"millifyrirsogn_2007\"> Styrj\u00f6ld Neb\u00fakadnesars og Arpaksads<\/h3>\n<p><a name=\"1\"><span class=\"versanumer_2007\">1<\/span><\/a> \u00c1 t\u00f3lfta stj\u00f3rnar\u00e1ri Neb\u00fakadnesars, sem var konungur Ass\u00fdr\u00edumanna \u00ed st\u00f3rborginni N\u00edn\u00edve, r\u00edkti Arpaksad yfir Medum \u00ed Ekbatana. <a name=\"2\"><span class=\"versanumer_2007\">2<\/span><\/a> Hann reisti m\u00far af h\u00f6ggnum steini umhverfis Ekbatana. Steinarnir voru \u00feriggja \u00e1lna brei\u00f0ir og sex \u00e1lna langir. Hann haf\u00f0i m\u00farinn sj\u00f6t\u00edu \u00e1lna h\u00e1an og fimmt\u00edu \u00e1lna brei\u00f0an. <a name=\"3\"><span class=\"versanumer_2007\">3<\/span><\/a> Vi\u00f0 borgarhli\u00f0in reisti hann hundra\u00f0 \u00e1lna h\u00e1a turna sem voru sext\u00edu \u00e1lna brei\u00f0ir ne\u00f0st. <a name=\"4\"><span class=\"versanumer_2007\">4<\/span><\/a> Hli\u00f0in haf\u00f0i hann sj\u00f6t\u00edu \u00e1lna h\u00e1 og fj\u00f6rut\u00edu \u00e1lnir \u00e1 breidd. Herir hans g\u00e1tu fari\u00f0 um \u00feau til bardaga b\u00fanir og me\u00f0 fylktu f\u00f3tg\u00f6nguli\u00f0i.<br \/> <a name=\"5\"><span class=\"versanumer_2007\">5<\/span><\/a> Um \u00fe\u00e6r mundir h\u00f3f Neb\u00fakadnesar konungur \u00f3fri\u00f0 gegn Arpaksad konungi \u00e1 sl\u00e9ttunni miklu, \u00fea\u00f0 er sl\u00e9ttunni vi\u00f0 Rages. <a name=\"6\"><span class=\"versanumer_2007\">6<\/span><\/a> Allir sem bjuggu til fjalla og allir \u00edb\u00faarnir vi\u00f0 Efrat, T\u00edgris og Hydaspesflj\u00f3t gengu til li\u00f0s vi\u00f0 hann. Einnig komu til li\u00f0s vi\u00f0 hann \u00feeir sem bjuggu \u00e1 sl\u00e9ttu Ar\u00edoks, konungs Elam\u00edta. \u00dea\u00f0 voru \u00fev\u00ed fj\u00f6lmargar \u00fej\u00f3\u00f0ir sem veittu Kaldeum<span class=\"nedan_mal\" title=\" \u00de.e. Bab\u00fdlon\u00edum\u00f6nnum.\">[<\/span> li\u00f0. <a name=\"7\"><span class=\"versanumer_2007\">7<\/span><\/a> S\u00ed\u00f0an sendi Neb\u00fakadnesar Ass\u00fdr\u00edukonungur einnig bo\u00f0 til allra \u00edb\u00faa Pers\u00edu og \u00feeirra sem b\u00faa \u00ed vestri, \u00edb\u00faa Kil\u00edk\u00edu, Damaskus, L\u00edbanon og Antil\u00edbanon, sem og allra sem b\u00faa \u00fati vi\u00f0 hafi\u00f0. <a name=\"8\"><span class=\"versanumer_2007\">8<\/span><\/a> Einnig sendi hann bo\u00f0 til \u00fej\u00f3\u00f0anna \u00ed Karmel, G\u00edlea\u00f0 og Efri-Gal\u00edleu og \u00e1 hinni miklu Esdrelonsl\u00e9ttu. <a name=\"9\"><span class=\"versanumer_2007\">9<\/span><\/a> Enn fremur sendi hann bo\u00f0 til allra \u00ed Samar\u00edu og borgunum \u00fear og \u00ed h\u00e9ru\u00f0unum handan J\u00f3rdanar, Jer\u00fasalem, Betan\u00edu, Kellus, Kades og allt a\u00f0 Egyptalandsflj\u00f3ti og til \u00edb\u00faa Tafne, Ramses og allra \u00ed G\u00f3sen. <a name=\"10\"><span class=\"versanumer_2007\">10<\/span><\/a> Hann sendi bo\u00f0 allar g\u00f6tur su\u00f0ur fyrir Tanis og Memfis til allra \u00edb\u00faa Egyptalands uns bo\u00f0 hans barst alla lei\u00f0 a\u00f0 landam\u00e6rum E\u00fe\u00ed\u00f3p\u00edu. <a name=\"11\"><span class=\"versanumer_2007\">11<\/span><\/a> En allir \u00edb\u00faar \u00feessara landa virtu or\u00f0 Neb\u00fakadnesars Ass\u00fdr\u00edukonungs a\u00f0 vettugi og gengu ekki til li\u00f0s vi\u00f0 hann \u00ed herna\u00f0inum. \u00deeir voru alls \u00f3hr\u00e6ddir vi\u00f0 hann \u00fev\u00ed a\u00f0 \u00ed augum \u00feeirra var hann eins og hver annar ma\u00f0ur. \u00deeir au\u00f0m\u00fdktu sendibo\u00f0a hans og l\u00e9tu \u00fe\u00e1 ganga b\u00f3nlei\u00f0a til b\u00fa\u00f0ar.<br \/> <a name=\"12\"><span class=\"versanumer_2007\">12<\/span><\/a> \u00deetta fyllti Neb\u00fakadnesar sl\u00edkri heift gegn \u00f6llum \u00feessum \u00fej\u00f3\u00f0um a\u00f0 hann s\u00f3r vi\u00f0 h\u00e1s\u00e6ti sitt og konungstign a\u00f0 hefna s\u00edn \u00e1 \u00f6llum h\u00e9ru\u00f0um Kil\u00edk\u00edu, Damaskus og S\u00fdrlands. S\u00f3r hann a\u00f0 tort\u00edma \u00edb\u00faum \u00feeirra me\u00f0 sver\u00f0i s\u00ednu, sem og \u00edb\u00faum M\u00f3abslands og Amm\u00f3n\u00edtum, \u00f6llum \u00ed J\u00fadeu og Egyptalandi allt \u00fear til hann k\u00e6mi a\u00f0 tveggja vatna landinu.<br \/> <a name=\"13\"><span class=\"versanumer_2007\">13<\/span><\/a> \u00c1 sautj\u00e1nda stj\u00f3rnar\u00e1ri s\u00ednu r\u00e9\u00f0st hann \u00e1samt her s\u00ednum gegn Arpaksad konungi. Haf\u00f0i hann sigur \u00ed orrustunni og rak allan her Arpaksads \u00e1 fl\u00f3tta, alla riddara hans og str\u00ed\u00f0svagna. <a name=\"14\"><span class=\"versanumer_2007\">14<\/span><\/a> Hann lag\u00f0i borgir hans undir sig og h\u00e9lt allt til Ekbatana. Turnum borgarinnar n\u00e1\u00f0i hann \u00e1 sitt vald, l\u00e9t greipar s\u00f3pa um str\u00e6ti hennar og breytti fegur\u00f0 borgarinnar \u00ed hrygg\u00f0armynd. <a name=\"15\"><span class=\"versanumer_2007\">15<\/span><\/a> Hann greip Arpaksad konung \u00e1 fl\u00f3tta \u00ed Ragesfj\u00f6llum og lag\u00f0i hann \u00ed gegn me\u00f0 spj\u00f3tum s\u00ednum. \u00dear me\u00f0 var Arpaksad \u00far s\u00f6gunni. <a name=\"16\"><span class=\"versanumer_2007\">16<\/span><\/a> A\u00f0 \u00fev\u00ed loknu sneri Neb\u00fakadnesar aftur til s\u00edns heima. Fylgdi honum allur hans her, geysilegur fj\u00f6ldi hermanna. \u00dear h\u00e9lt hann kyrru fyrir \u00e1samt her s\u00ednum \u00ed fj\u00f3ra m\u00e1nu\u00f0i vi\u00f0 veisluf\u00f6gnu\u00f0.<\/p>\n","protected":false},"excerpt":{"rendered":"<p>Styrj\u00f6ld Neb\u00fakadnesars og Arpaksads 1 \u00c1 t\u00f3lfta stj\u00f3rnar\u00e1ri Neb\u00fakadnesars, sem var konungur Ass\u00fdr\u00edumanna \u00ed st\u00f3rborginni N\u00edn\u00edve, r\u00edkti Arpaksad yfir Medum \u00ed Ekbatana. 2 Hann reisti m\u00far af h\u00f6ggnum steini umhverfis Ekbatana. Steinarnir voru \u00feriggja \u00e1lna brei\u00f0ir og sex \u00e1lna langir. Hann haf\u00f0i m\u00farinn sj\u00f6t\u00edu \u00e1lna h\u00e1an og fimmt\u00edu \u00e1lna brei\u00f0an. 3 Vi\u00f0 borgarhli\u00f0in reisti hann hundra\u00f0 \u00e1lna h\u00e1a turna sem voru sext\u00edu \u00e1lna brei\u00f0ir ne\u00f0st. 4 Hli\u00f0in haf\u00f0i hann sj\u00f6t\u00edu \u00e1lna h\u00e1 og fj\u00f6rut\u00edu \u00e1lnir \u00e1 breidd. Herir hans g\u00e1tu fari\u00f0 um \u00feau til bardaga b\u00fanir og me\u00f0 fylktu f\u00f3tg\u00f6nguli\u00f0i. 5 Um \u00fe\u00e6r mundir h\u00f3f Neb\u00fakadnesar konungur \u00f3fri\u00f0 gegn Arpaksad <a href=\"https:\/\/biblian.is\/biblian\/juditarbok-1-kafli\/\"> [&#8230;]<\/a><\/p>\n","protected":false},"author":1,"featured_media":0,"parent":0,"menu_order":0,"comment_status":"open","ping_status":"open","template":"bibliukaflar.php","meta":{"footnotes":""},"class_list":["post-2821","page","type-page","status-publish","hentry"],"_links":{"self":[{"href":"https:\/\/biblian.is\/biblian\/wp-json\/wp\/v2\/pages\/2821","targetHints":{"allow":["GET"]}}],"collection":[{"href":"https:\/\/biblian.is\/biblian\/wp-json\/wp\/v2\/pages"}],"about":[{"href":"https:\/\/biblian.is\/biblian\/wp-json\/wp\/v2\/types\/page"}],"author":[{"embeddable":true,"href":"https:\/\/biblian.is\/biblian\/wp-json\/wp\/v2\/users\/1"}],"replies":[{"embeddable":true,"href":"https:\/\/biblian.is\/biblian\/wp-json\/wp\/v2\/comments?post=2821"}],"version-history":[{"count":0,"href":"https:\/\/biblian.is\/biblian\/wp-json\/wp\/v2\/pages\/2821\/revisions"}],"wp:attachment":[{"href":"https:\/\/biblian.is\/biblian\/wp-json\/wp\/v2\/media?parent=2821"}],"curies":[{"name":"wp","href":"https:\/\/api.w.org\/{rel}","templated":true}]}}