{"id":2820,"date":"2017-12-30T21:04:49","date_gmt":"2017-12-30T21:04:49","guid":{"rendered":"http:\/\/biblian.is\/biblian\/t%c2%97b%c2%92tsb%c2%97k-14-kafli\/"},"modified":"2018-01-12T18:55:27","modified_gmt":"2018-01-12T18:55:27","slug":"tobitsbok-14-kafli","status":"publish","type":"page","link":"https:\/\/biblian.is\/biblian\/tobitsbok-14-kafli\/","title":{"rendered":"T\u00f3b\u00edtsb\u00f3k 14. kafli"},"content":{"rendered":"<h3 class=\"millifyrirsogn_2007\"> Hinstu r\u00e1\u00f0leggingar T\u00f3b\u00edts<\/h3>\n<p><a name=\"1\"><span class=\"versanumer_2007\">1<\/span><\/a> \u00deannig lauk T\u00f3b\u00edt lofs\u00f6ng s\u00ednum.<br \/>T\u00f3b\u00edt hlaut h\u00e6gt andl\u00e1t \u00feegar hann var hundra\u00f0 og t\u00f3lf \u00e1ra og var grafinn me\u00f0 vi\u00f0h\u00f6fn \u00ed N\u00edn\u00edve <a name=\"2\"><span class=\"versanumer_2007\">2<\/span><\/a> en haf\u00f0i veri\u00f0 sext\u00edu og tveggja \u00e1ra \u00feegar augu hans sk\u00f6ddu\u00f0ust. Eftir a\u00f0 hann f\u00e9kk sj\u00f3nina aftur lif\u00f0i hann g\u00f3\u00f0u l\u00edfi og velger\u00f0as\u00f6mu. Aldrei l\u00e9t hann af a\u00f0 lofa Gu\u00f0 og vegsama mikilleik hans. <a name=\"3\"><span class=\"versanumer_2007\">3<\/span><\/a> Er hann l\u00e1 fyrir dau\u00f0anum kalla\u00f0i hann \u00e1 T\u00f3b\u00edas son sinn og gaf honum \u00feessi fyrirm\u00e6li: \u201eDrengur minn. Taktu me\u00f0 \u00fe\u00e9r b\u00f6rn \u00fe\u00edn <a name=\"4\"><span class=\"versanumer_2007\">4<\/span><\/a> og far\u00f0u til Med\u00edu. \u00c9g tr\u00fai or\u00f0i Gu\u00f0s um N\u00edn\u00edve sem Nah\u00fam m\u00e6lti. \u00dea\u00f0 mun allt koma fram og hr\u00edna \u00e1 Ass\u00fdr\u00edu og N\u00edn\u00edve. Allt \u00fea\u00f0 sem sp\u00e1menn \u00cdsraels, sendibo\u00f0ar Gu\u00f0s, s\u00f6g\u00f0u mun koma fram, undantekningarlaust. \u00dea\u00f0 mun allt koma fram \u00e1 tilsettum t\u00edma. \u00dea\u00f0 ver\u00f0ur \u00f6ruggara a\u00f0 b\u00faa \u00ed Med\u00edu en \u00ed Ass\u00fdr\u00edu e\u00f0a Bab\u00fdlon. \u00dev\u00ed a\u00f0 \u00e9g veit og treysti a\u00f0 allt sem Gu\u00f0 hefur tala\u00f0 muni koma fram og ver\u00f0a \u00e1n \u00feess a\u00f0 nokkurt or\u00f0a hans breg\u00f0ist. \u00d6llum br\u00e6\u00f0rum okkar, sem b\u00faa \u00ed \u00cdsrael, mun dreift og \u00feeir munu herleiddir burt \u00far landinu g\u00f3\u00f0a. Gervallt \u00cdsraelsland mun lagt \u00ed au\u00f0n, Samar\u00eda og Jer\u00fasalem munu eyddar og h\u00fas Gu\u00f0s mun brennt og ver\u00f0a \u00ed ey\u00f0i um t\u00edma. <a name=\"5\"><span class=\"versanumer_2007\">5<\/span><\/a> En Gu\u00f0 mun miskunna \u00feeim a\u00f0 n\u00fdju og hann mun l\u00e1ta \u00fe\u00e1 sn\u00faa aftur til lands \u00cdsraels. \u00deeir munu endurreisa h\u00fas hans \u00fe\u00f3tt \u00fea\u00f0 ver\u00f0i ekki eins og hi\u00f0 fyrra og \u00fea\u00f0 mun standa \u00fear til fylling t\u00edmans ver\u00f0ur. \u00de\u00e1 munu allir hinir herleiddu sn\u00faa aftur og endurreisa Jer\u00fasalem veglega. H\u00fas Gu\u00f0s mun einnig endurreist \u00ed samr\u00e6mi vi\u00f0 or\u00f0 sp\u00e1manna \u00cdsraels um borgina. <a name=\"6\"><span class=\"versanumer_2007\">6<\/span><\/a> Allar \u00fej\u00f3\u00f0ir gervallrar jar\u00f0ar munu sn\u00faa s\u00e9r a\u00f0 n\u00fdju til Gu\u00f0s og \u00f3ttast hann \u00ed sannleika. \u00de\u00e6r munu yfirgefa skur\u00f0go\u00f0 s\u00edn \u00f6ll, sem me\u00f0 blekkingu sinni leiddu \u00fe\u00e6r afvega, <a name=\"7\"><span class=\"versanumer_2007\">7<\/span><\/a> og \u00fe\u00e6r munu lofa Gu\u00f0 eil\u00edf\u00f0arinnar me\u00f0 r\u00e9ttl\u00e6ti. Allir synir \u00cdsraels, sem frelsa\u00f0ir ver\u00f0a \u00e1 \u00feeim d\u00f6gum, munu minnast Gu\u00f0s heils hugar, sameinast og koma til Jer\u00fasalem. \u00deeir munu b\u00faa um aldur vi\u00f0 \u00f6ryggi \u00ed landi Abrahams sem ver\u00f0ur afhent \u00feeim. \u00deeir sem \u00ed sannleika elska Gu\u00f0 munu gle\u00f0jast en \u00feeir sem lifa \u00ed synd og rangl\u00e6ti munu afm\u00e1\u00f0ir af j\u00f6r\u00f0u. <a name=\"8\"><span class=\"versanumer_2007\">8<\/span><\/a>\/<a name=\"9\"><span class=\"versanumer_2007\">9<\/span><\/a> En n\u00fa, b\u00f6rnin m\u00edn, legg \u00e9g ykkur \u00feetta \u00e1 hjarta: \u00dej\u00f3ni\u00f0 Gu\u00f0i heils hugar og geri\u00f0 \u00fea\u00f0 sem \u00fe\u00f3knanlegt er \u00ed augum hans. B\u00f6rn ykkar skulu alin upp og \u00f6gu\u00f0 til r\u00e9ttl\u00e6tis og miskunnarverka og \u00feess a\u00f0 minnast Gu\u00f0s og lofa nafn hans st\u00f6\u00f0ugt \u00ed sannleika og af \u00f6llum m\u00e6tti.<br \/>\u00de\u00fa, drengur minn, \u00fe\u00fa skalt fara fr\u00e1 N\u00edn\u00edve. H\u00e9r skalt \u00fe\u00fa ekki dveljast. <a name=\"10\"><span class=\"versanumer_2007\">10<\/span><\/a> \u00deegar a\u00f0 \u00fev\u00ed kemur a\u00f0 \u00fe\u00fa greftrir m\u00f3\u00f0ur \u00fe\u00edna m\u00e9r vi\u00f0 hli\u00f0, \u00fe\u00e1 m\u00e1ttu ekki dvelja n\u00e6turlangt \u00ed borgarlandinu. \u00c9g s\u00e9 a\u00f0 rangl\u00e6ti ve\u00f0ur uppi \u00ed borginni og menn blyg\u00f0ast s\u00edn ekkert fyrir sviksemi. Mundu, sonur minn, hva\u00f0 Nadab ger\u00f0i Ak\u00edkar f\u00f3stra s\u00ednum. Neyddi Nadab hann ekki til a\u00f0 fara lifandi ofan \u00ed j\u00f6r\u00f0ina? En Gu\u00f0 hegndi fyrir \u00fe\u00e1 \u00f3h\u00e6fu me\u00f0 vi\u00f0eigandi h\u00e6tti. Ak\u00edkar kom \u00fat \u00ed lj\u00f3si\u00f0 en Nadab gekk inn \u00ed eil\u00edft myrkur vegna \u00feess a\u00f0 hann reyndi a\u00f0 dey\u00f0a Ak\u00edkar. Sakir gjafmildi sinnar slapp hann \u00far dau\u00f0agildrunni sem Nadab haf\u00f0i lagt fyrir hann en Nadab sj\u00e1lfur f\u00e9ll \u00ed dau\u00f0agildruna og f\u00f3rst. <a name=\"11\"><span class=\"versanumer_2007\">11<\/span><\/a> Sj\u00e1i\u00f0 af \u00feessu, b\u00f6rnin m\u00edn, til hvers g\u00f3\u00f0verk lei\u00f0a og til hvers rangl\u00e6ti\u00f0. \u00dea\u00f0 lei\u00f0ir til dau\u00f0a. En n\u00fa \u00e1 \u00e9g skammt eftir.\u201c \u00deau l\u00f6g\u00f0u hann ni\u00f0ur \u00ed r\u00fami\u00f0 og hann gaf upp \u00f6ndina og hlaut veglega \u00fatf\u00f6r.<br \/> <a name=\"12\"><span class=\"versanumer_2007\">12<\/span><\/a> \u00deegar svo m\u00f3\u00f0ir T\u00f3b\u00edasar d\u00f3 \u00fe\u00e1 greftra\u00f0i hann hana vi\u00f0 hli\u00f0 f\u00f6\u00f0ur hans. Hann og kona hans f\u00f3ru s\u00ed\u00f0an til Med\u00edu. Settist hann a\u00f0 \u00ed Ekbatana hj\u00e1 Rag\u00fael tengdaf\u00f6\u00f0ur s\u00ednum. <a name=\"13\"><span class=\"versanumer_2007\">13<\/span><\/a> Hann anna\u00f0ist um aldra\u00f0a tengdaforeldra s\u00edna, au\u00f0s\u00fdndi \u00feeim vir\u00f0ingu og lag\u00f0i \u00feau til grafar \u00ed Ekbatana \u00ed Med\u00edu. Hann erf\u00f0i b\u00e6\u00f0i eignir Rag\u00faels og T\u00f3b\u00edts f\u00f6\u00f0ur s\u00edns. <a name=\"14\"><span class=\"versanumer_2007\">14<\/span><\/a> Hann l\u00e9st eitt hundra\u00f0 og sautj\u00e1n \u00e1ra a\u00f0 aldri og naut mikillar vir\u00f0ingar. <a name=\"15\"><span class=\"versanumer_2007\">15<\/span><\/a> \u00c1\u00f0ur en hann d\u00f3 fr\u00e9tti hann af ey\u00f0ingu N\u00edn\u00edve, s\u00e1 str\u00ed\u00f0sfangana, sem Kyaxares<span class=\"nedan_mal\" title=\" V\u00ed\u00f0a nefndur Ahasverus e\u00f0a Xerxes.\">[<\/span> konungur Meda haf\u00f0i herteki\u00f0 \u00fear, vera leidda til Med\u00edu og lofa\u00f0i Gu\u00f0 fyrir allt sem hann haf\u00f0i l\u00e1ti\u00f0 henda N\u00edn\u00edvemenn og Ass\u00fdringa. Hann f\u00e9kk a\u00f0 fagna yfir N\u00edn\u00edve \u00e1\u00f0ur en hann l\u00e9st og hann lofa\u00f0i Gu\u00f0 um aldir alda.<\/p>\n","protected":false},"excerpt":{"rendered":"<p>Hinstu r\u00e1\u00f0leggingar T\u00f3b\u00edts 1 \u00deannig lauk T\u00f3b\u00edt lofs\u00f6ng s\u00ednum.T\u00f3b\u00edt hlaut h\u00e6gt andl\u00e1t \u00feegar hann var hundra\u00f0 og t\u00f3lf \u00e1ra og var grafinn me\u00f0 vi\u00f0h\u00f6fn \u00ed N\u00edn\u00edve 2 en haf\u00f0i veri\u00f0 sext\u00edu og tveggja \u00e1ra \u00feegar augu hans sk\u00f6ddu\u00f0ust. Eftir a\u00f0 hann f\u00e9kk sj\u00f3nina aftur lif\u00f0i hann g\u00f3\u00f0u l\u00edfi og velger\u00f0as\u00f6mu. Aldrei l\u00e9t hann af a\u00f0 lofa Gu\u00f0 og vegsama mikilleik hans. 3 Er hann l\u00e1 fyrir dau\u00f0anum kalla\u00f0i hann \u00e1 T\u00f3b\u00edas son sinn og gaf honum \u00feessi fyrirm\u00e6li: \u201eDrengur minn. Taktu me\u00f0 \u00fe\u00e9r b\u00f6rn \u00fe\u00edn 4 og far\u00f0u til Med\u00edu. \u00c9g tr\u00fai or\u00f0i Gu\u00f0s um N\u00edn\u00edve sem Nah\u00fam m\u00e6lti. \u00dea\u00f0 <a href=\"https:\/\/biblian.is\/biblian\/tobitsbok-14-kafli\/\"> [&#8230;]<\/a><\/p>\n","protected":false},"author":1,"featured_media":0,"parent":0,"menu_order":0,"comment_status":"open","ping_status":"open","template":"bibliukaflar.php","meta":{"footnotes":""},"class_list":["post-2820","page","type-page","status-publish","hentry"],"_links":{"self":[{"href":"https:\/\/biblian.is\/biblian\/wp-json\/wp\/v2\/pages\/2820","targetHints":{"allow":["GET"]}}],"collection":[{"href":"https:\/\/biblian.is\/biblian\/wp-json\/wp\/v2\/pages"}],"about":[{"href":"https:\/\/biblian.is\/biblian\/wp-json\/wp\/v2\/types\/page"}],"author":[{"embeddable":true,"href":"https:\/\/biblian.is\/biblian\/wp-json\/wp\/v2\/users\/1"}],"replies":[{"embeddable":true,"href":"https:\/\/biblian.is\/biblian\/wp-json\/wp\/v2\/comments?post=2820"}],"version-history":[{"count":0,"href":"https:\/\/biblian.is\/biblian\/wp-json\/wp\/v2\/pages\/2820\/revisions"}],"wp:attachment":[{"href":"https:\/\/biblian.is\/biblian\/wp-json\/wp\/v2\/media?parent=2820"}],"curies":[{"name":"wp","href":"https:\/\/api.w.org\/{rel}","templated":true}]}}