{"id":2819,"date":"2017-12-30T21:04:49","date_gmt":"2017-12-30T21:04:49","guid":{"rendered":"http:\/\/biblian.is\/biblian\/t%c2%97b%c2%92tsb%c2%97k-13-kafli\/"},"modified":"2018-01-12T18:49:54","modified_gmt":"2018-01-12T18:49:54","slug":"tobitsbok-13-kafli","status":"publish","type":"page","link":"https:\/\/biblian.is\/biblian\/tobitsbok-13-kafli\/","title":{"rendered":"T\u00f3b\u00edtsb\u00f3k 13. kafli"},"content":{"rendered":"<h3 class=\"millifyrirsogn_2007\"> Lofgj\u00f6r\u00f0 T\u00f3b\u00edts<\/h3>\n<p><a name=\"1\"><span class=\"versanumer_2007\">1<\/span><\/a> \u00de\u00e1 ba\u00f0 T\u00f3b\u00edt:<br \/> <span class=\"ljodatexti\"> Lofa\u00f0ur s\u00e9 lifandi Gu\u00f0 a\u00f0 eil\u00edfu,<br \/>lofa\u00f0 s\u00e9 r\u00edki hans.<br \/> <\/span> <span class=\"ljodatexti\"> <a name=\"2\"><span class=\"versanumer_ljod\">2<\/span><\/a> Hann agar en miskunnar einnig,<br \/>lei\u00f0ir til heljar ni\u00f0ur \u00ed jar\u00f0ardj\u00fap<br \/>en hr\u00edfur einnig \u00far gerey\u00f0ingunni.<br \/>Enginn f\u00e6r umfl\u00fai\u00f0 h\u00f6nd hans.<br \/> <\/span> <span class=\"ljodatexti\"> <a name=\"3\"><span class=\"versanumer_ljod\">3<\/span><\/a> \u00deakki\u00f0 honum, \u00cdsraelsmenn, \u00ed augs\u00fdn hei\u00f0ingjanna.<br \/>Me\u00f0al \u00feeirra dreif\u00f0i hann y\u00f0ur.<br \/> <\/span> <span class=\"ljodatexti\"> <a name=\"4\"><span class=\"versanumer_ljod\">4<\/span><\/a> \u00dear s\u00fdndi hann m\u00e1tt sinn.<br \/>Vegsami\u00f0 hann frammi fyrir \u00f6llum lifendum<br \/>\u00fev\u00ed a\u00f0 hann er Drottinn vor,<br \/>Gu\u00f0 vor og fa\u00f0ir vor.<br \/>Hann er Gu\u00f0 um aldir alda.<br \/> <\/span> <span class=\"ljodatexti\"> <a name=\"5\"><span class=\"versanumer_ljod\">5<\/span><\/a> Hann mun hirta y\u00f0ur vegna rangl\u00e6tis y\u00f0ar,<br \/>en hann mun einnig miskunna y\u00f0ur<br \/>og lei\u00f0a y\u00f0ur aftur fr\u00e1 \u00fej\u00f3\u00f0unum \u00f6llum<br \/>sem y\u00f0ur var dreift \u00e1 me\u00f0al.<br \/> <\/span> <span class=\"ljodatexti\"> <a name=\"6\"><span class=\"versanumer_ljod\">6<\/span><\/a> \u00deegar \u00fe\u00e9r sn\u00fai\u00f0 y\u00f0ur til hans<br \/>af \u00f6llu hjarta og allri s\u00e1lu<br \/>og geri\u00f0 r\u00e9tt fyrir augliti hans<br \/>mun hann sn\u00faa s\u00e9r a\u00f0 y\u00f0ur<br \/>og ekki framar hylja \u00e1sj\u00f3nu s\u00edna fyrir y\u00f0ur.<br \/> Sj\u00e1i\u00f0 hva\u00f0 hann hefur gert fyrir y\u00f0ur<br \/>og \u00feakki\u00f0 honum h\u00e1st\u00f6fum.<br \/>Lofi\u00f0 Drottin r\u00e9ttl\u00e6tisins,<br \/>vegsami\u00f0 konung eil\u00edf\u00f0arinnar.<br \/>\u00c9g \u00feakka honum \u00ed landi \u00fatleg\u00f0ar minnar,<br \/>kunngj\u00f6ri syndugri \u00fej\u00f3\u00f0 m\u00e1tt hans og mikilleik.<br \/> Sn\u00fai\u00f0 vi\u00f0, syndarar, lifi\u00f0 r\u00e9ttl\u00e1tlega fyrir augliti hans.<br \/>\u00de\u00e1 kann a\u00f0 vera a\u00f0 hann au\u00f0s\u00fdni y\u00f0ur n\u00e1\u00f0 og miskunn.<br \/> <\/span> <span class=\"ljodatexti\"> <a name=\"7\"><span class=\"versanumer_ljod\">7<\/span><\/a> \u00c9g lofa Gu\u00f0 minn<br \/>og s\u00e1l m\u00edn lofsyngur konung himinsins<br \/>og fagnar yfir mikilleik hans.<br \/> <\/span> <span class=\"ljodatexti\"> <a name=\"8\"><span class=\"versanumer_ljod\">8<\/span><\/a> Allir skulu tala um st\u00f3rvirki hans<br \/>og syngja honum lof \u00ed Jer\u00fasalem.<br \/> <\/span> <span class=\"ljodatexti\"> <a name=\"9\"><span class=\"versanumer_ljod\">9<\/span><\/a> Jer\u00fasalem, borgin helga,<br \/>\u00feig mun hann hirta fyrir syndir sona \u00feinna<br \/>en r\u00e9ttl\u00e1tum mun hann miskunna.<br \/> <\/span> <span class=\"ljodatexti\"> <a name=\"10\"><span class=\"versanumer_ljod\">10<\/span><\/a> \u00deakka \u00fe\u00fa Drottni \u00fev\u00ed a\u00f0 hann er g\u00f3\u00f0ur,<br \/>lofa konung eil\u00edf\u00f0arinnar.<br \/>\u00de\u00e1 mun tjaldb\u00fa\u00f0 \u00fe\u00edn<br \/>endurreist ver\u00f0a me\u00f0 miklum f\u00f6gnu\u00f0i.<br \/> Drottinn gle\u00f0ji alla \u00fatlaga \u00fe\u00edna, Jer\u00fasalem,<br \/>og au\u00f0s\u00fdni \u00f6llum \u00fe\u00ednum umkomulausu k\u00e6rleika<br \/>fr\u00e1 kyni til kyns og um aldir alda.<br \/> <\/span> <span class=\"ljodatexti\"> <a name=\"11\"><span class=\"versanumer_ljod\">11<\/span><\/a> Sk\u00e6rt lj\u00f3s mun sk\u00edna til endimarka jar\u00f0ar<br \/>og margar \u00fej\u00f3\u00f0ir munu koma langt a\u00f0 til \u00fe\u00edn,<br \/>l\u00fd\u00f0ir fr\u00e1 ystu endim\u00f6rkum jar\u00f0ar<br \/>til a\u00f0 n\u00e1lgast \u00feitt heilaga nafn.<br \/> \u00deeir munu f\u00e6ra konungi himinsins gjafir.<br \/>Ein kynsl\u00f3\u00f0 af annarri mun syngja gle\u00f0is\u00f6ng \u00ed \u00fe\u00e9r<br \/>og nafn hinnar \u00fatv\u00f6ldu borgar mun vara<br \/>fr\u00e1 kyni til kyns um aldir alda.<br \/> <\/span> <span class=\"ljodatexti\"> <a name=\"12\"><span class=\"versanumer_ljod\">12<\/span><\/a> B\u00f6lva\u00f0ir s\u00e9u allir sem lasta \u00feig,<br \/>b\u00f6lva\u00f0ir allir sem ey\u00f0a \u00feig<br \/>og r\u00edfa ni\u00f0ur m\u00fara \u00fe\u00edna,<br \/>fella turna \u00fe\u00edna og leggja eld a\u00f0 h\u00fasum \u00fe\u00ednum.<br \/>En blessa\u00f0ir s\u00e9u \u00feeir um eil\u00edf\u00f0 sem au\u00f0s\u00fdna \u00fe\u00e9r lotningu.<br \/> <\/span> <span class=\"ljodatexti\"> <a name=\"13\"><span class=\"versanumer_ljod\">13<\/span><\/a> Kom \u00fe\u00e1 og fagna yfir sonum r\u00e9ttl\u00e1tra<br \/>\u00fev\u00ed a\u00f0 allir munu safnast saman<br \/>og lofa Drottin eil\u00edf\u00f0arinnar.<br \/> <\/span> <span class=\"ljodatexti\"> <a name=\"14\"><span class=\"versanumer_ljod\">14<\/span><\/a> S\u00e6lir eru \u00feeir sem elska \u00feig,<br \/>s\u00e6lir eru \u00feeir sem gle\u00f0jast yfir velgengni \u00feinni.<br \/>S\u00e6lir eru allir \u00feeir sem hryggjast<br \/>yfir \u00feeim \u00fej\u00e1ningum \u00f6llum<br \/>sem \u00e1 \u00fe\u00e9r dundu<br \/>\u00fev\u00ed a\u00f0 \u00feeir munu gle\u00f0jast yfir \u00fe\u00e9r<br \/>og sj\u00e1 \u00f6ll fagna\u00f0arefni \u00fe\u00edn um eil\u00edf\u00f0.<br \/> <\/span> <span class=\"ljodatexti\"> <a name=\"15\"><span class=\"versanumer_ljod\">15<\/span><\/a> Lofa \u00fe\u00fa Drottin, s\u00e1la m\u00edn, konunginn mikla.<br \/> <\/span> <span class=\"ljodatexti\"> <a name=\"16\"><span class=\"versanumer_ljod\">16<\/span><\/a> \u00dev\u00ed a\u00f0 Jer\u00fasalem mun endurreist<br \/>sem h\u00fas Drottins um aldir alda.<br \/>\u00c9g mun s\u00e6ll ef nokkrir ni\u00f0jar minna lifa<br \/>og f\u00e1 a\u00f0 l\u00edta d\u00fdr\u00f0 \u00fe\u00edna<br \/>og lofa konung himinsins.<br \/> Hli\u00f0 Jer\u00fasalem munu ger\u00f0 \u00far saf\u00edr og smarag\u00f0i,<br \/>allir m\u00farar \u00fe\u00ednir af e\u00f0alsteinum.<br \/>Turnar Jer\u00fasalem munu ger\u00f0ir af gulli,<br \/>var\u00f0turnarnir af sk\u00edragulli.<br \/> <\/span> <span class=\"ljodatexti\"> <a name=\"17\"><span class=\"versanumer_ljod\">17<\/span><\/a> Str\u00e6ti Jer\u00fasalem munu l\u00f6g\u00f0 steinfl\u00f6gumyndum<br \/>og e\u00f0alsteinum fr\u00e1 \u00d3f\u00edr.<br \/> <\/span> <span class=\"ljodatexti\"> <a name=\"18\"><span class=\"versanumer_ljod\">18<\/span><\/a> Fr\u00e1 hli\u00f0um Jer\u00fasalem munu gle\u00f0is\u00f6ngvar \u00f3ma<br \/>og fr\u00e1 hverju h\u00fasi mun hlj\u00f3ma:<br \/>Hallel\u00faja, lofa\u00f0ur s\u00e9 \u00cdsraels Gu\u00f0!<br \/>Hinir blessu\u00f0u munu lofa nafn Hins heilaga n\u00fa og a\u00f0 eil\u00edfu. <\/span> <\/p>\n","protected":false},"excerpt":{"rendered":"<p>Lofgj\u00f6r\u00f0 T\u00f3b\u00edts 1 \u00de\u00e1 ba\u00f0 T\u00f3b\u00edt: Lofa\u00f0ur s\u00e9 lifandi Gu\u00f0 a\u00f0 eil\u00edfu,lofa\u00f0 s\u00e9 r\u00edki hans. 2 Hann agar en miskunnar einnig,lei\u00f0ir til heljar ni\u00f0ur \u00ed jar\u00f0ardj\u00fapen hr\u00edfur einnig \u00far gerey\u00f0ingunni.Enginn f\u00e6r umfl\u00fai\u00f0 h\u00f6nd hans. 3 \u00deakki\u00f0 honum, \u00cdsraelsmenn, \u00ed augs\u00fdn hei\u00f0ingjanna.Me\u00f0al \u00feeirra dreif\u00f0i hann y\u00f0ur. 4 \u00dear s\u00fdndi hann m\u00e1tt sinn.Vegsami\u00f0 hann frammi fyrir \u00f6llum lifendum\u00fev\u00ed a\u00f0 hann er Drottinn vor,Gu\u00f0 vor og fa\u00f0ir vor.Hann er Gu\u00f0 um aldir alda. 5 Hann mun hirta y\u00f0ur vegna rangl\u00e6tis y\u00f0ar,en hann mun einnig miskunna y\u00f0urog lei\u00f0a y\u00f0ur aftur fr\u00e1 \u00fej\u00f3\u00f0unum \u00f6llumsem y\u00f0ur var dreift \u00e1 me\u00f0al. 6 \u00deegar \u00fe\u00e9r sn\u00fai\u00f0 y\u00f0ur til <a href=\"https:\/\/biblian.is\/biblian\/tobitsbok-13-kafli\/\"> [&#8230;]<\/a><\/p>\n","protected":false},"author":1,"featured_media":0,"parent":0,"menu_order":0,"comment_status":"open","ping_status":"open","template":"bibliukaflar.php","meta":{"footnotes":""},"class_list":["post-2819","page","type-page","status-publish","hentry"],"_links":{"self":[{"href":"https:\/\/biblian.is\/biblian\/wp-json\/wp\/v2\/pages\/2819","targetHints":{"allow":["GET"]}}],"collection":[{"href":"https:\/\/biblian.is\/biblian\/wp-json\/wp\/v2\/pages"}],"about":[{"href":"https:\/\/biblian.is\/biblian\/wp-json\/wp\/v2\/types\/page"}],"author":[{"embeddable":true,"href":"https:\/\/biblian.is\/biblian\/wp-json\/wp\/v2\/users\/1"}],"replies":[{"embeddable":true,"href":"https:\/\/biblian.is\/biblian\/wp-json\/wp\/v2\/comments?post=2819"}],"version-history":[{"count":0,"href":"https:\/\/biblian.is\/biblian\/wp-json\/wp\/v2\/pages\/2819\/revisions"}],"wp:attachment":[{"href":"https:\/\/biblian.is\/biblian\/wp-json\/wp\/v2\/media?parent=2819"}],"curies":[{"name":"wp","href":"https:\/\/api.w.org\/{rel}","templated":true}]}}