{"id":2818,"date":"2017-12-30T21:04:49","date_gmt":"2017-12-30T21:04:49","guid":{"rendered":"http:\/\/biblian.is\/biblian\/t%c2%97b%c2%92tsb%c2%97k-12-kafli\/"},"modified":"2017-12-30T21:04:49","modified_gmt":"2017-12-30T21:04:49","slug":"tobitsbok-12-kafli","status":"publish","type":"page","link":"https:\/\/biblian.is\/biblian\/tobitsbok-12-kafli\/","title":{"rendered":"T\u00f3b\u00edtsb\u00f3k 12. kafli"},"content":{"rendered":"<h3 class=\"millifyrirsogn_2007\"> Rafael engill<\/h3>\n<p><a name=\"1\"><span class=\"versanumer_2007\">1<\/span><\/a> \u00deegar br\u00fa\u00f0kaupsveislunni lauk kalla\u00f0i T\u00f3b\u00edt \u00e1 T\u00f3b\u00edas son sinn og sag\u00f0i: \u201eDrengur minn. G\u00e6ttu \u00feess a\u00f0 borga manninum, sem fylgdi \u00fe\u00e9r, laun og greiddu honum uppb\u00f3t \u00e1 launin.\u201c <a name=\"2\"><span class=\"versanumer_2007\">2<\/span><\/a> Hann svara\u00f0i: \u201eHversu miki\u00f0 \u00e1 \u00e9g a\u00f0 grei\u00f0a honum, fa\u00f0ir? Ekki ska\u00f0ast \u00e9g \u00fe\u00f3tt hann f\u00e1i helminginn af \u00fev\u00ed sem vi\u00f0 komum me\u00f0 hinga\u00f0. <a name=\"3\"><span class=\"versanumer_2007\">3<\/span><\/a> Hann kom m\u00e9r heilum \u00e1 h\u00fafi hinga\u00f0 heim, l\u00e6kna\u00f0i konu m\u00edna og s\u00f3tti peningana me\u00f0 m\u00e9r. Og hann l\u00e6kna\u00f0i \u00feig einnig. Hva\u00f0 \u00e1 \u00e9g eiginlega a\u00f0 grei\u00f0a honum auk launanna?\u201c <a name=\"4\"><span class=\"versanumer_2007\">4<\/span><\/a> T\u00f3b\u00edt svara\u00f0i: \u201eHonum ber me\u00f0 r\u00e9ttu, drengur minn, a\u00f0 f\u00e1 helming af \u00f6llu sem hann kom me\u00f0 hinga\u00f0.\u201c <a name=\"5\"><span class=\"versanumer_2007\">5<\/span><\/a> S\u00ed\u00f0an kalla\u00f0i T\u00f3b\u00edas \u00e1 Rafael og sag\u00f0i: \u201eTaktu a\u00f0 launum helming alls sem \u00fe\u00fa komst me\u00f0 hinga\u00f0 og far \u00fe\u00fa heill.\u201c<br \/> <a name=\"6\"><span class=\"versanumer_2007\">6<\/span><\/a> Rafael t\u00f3k fe\u00f0gana \u00fe\u00e1 afs\u00ed\u00f0is og sag\u00f0i: \u201eLofi\u00f0 Gu\u00f0 og segi\u00f0 \u00f6llum lifendum fr\u00e1 g\u00f3\u00f0verkum hans vi\u00f0 ykkur svo a\u00f0 \u00feeir lofi hann og syngi nafni hans lofs\u00f6ng. \u00dea\u00f0 s\u00e6mir a\u00f0 kunngj\u00f6ra \u00f6llum m\u00f6nnum verk Gu\u00f0s og dragi\u00f0 ekki a\u00f0 lofa hann. <a name=\"7\"><span class=\"versanumer_2007\">7<\/span><\/a> Leyndarm\u00e1l konungs er r\u00e9tt a\u00f0 dylja en verk Gu\u00f0s skal vegsama og opinbera. Geri\u00f0 gott og \u00fe\u00e1 mun ekkert illt henda ykkur. <a name=\"8\"><span class=\"versanumer_2007\">8<\/span><\/a> Betra er a\u00f0 bi\u00f0ja \u00ed einl\u00e6gni og vinna miskunnarverk en a\u00f0 afla au\u00f0s me\u00f0 rangindum. Betra er a\u00f0 gefa f\u00e1t\u00e6kum en a\u00f0 safna gulli \u00ed sj\u00f3\u00f0 <a name=\"9\"><span class=\"versanumer_2007\">9<\/span><\/a> \u00fev\u00ed a\u00f0 miskunnarverk frelsa fr\u00e1 dau\u00f0a og hreinsa af allri synd. \u00deeir sem gera g\u00f3\u00f0verk uppskera l\u00edfi\u00f0. <a name=\"10\"><span class=\"versanumer_2007\">10<\/span><\/a> \u00deeir sem syndga og i\u00f0ka rangl\u00e6ti eru sj\u00e1lfum s\u00e9r verstir.<br \/> <a name=\"11\"><span class=\"versanumer_2007\">11<\/span><\/a> \u00c9g \u00e6tla a\u00f0 lei\u00f0a ykkur \u00ed allan sannleikann og ekki leyna ykkur neinu. \u00c9g hef \u00feegar sagt ykkur a\u00f0 \u00fea\u00f0 beri a\u00f0 dylja leyndarm\u00e1l konungs en vi\u00f0 h\u00e6fi s\u00e9 a\u00f0 opinbera verk Gu\u00f0s. <a name=\"12\"><span class=\"versanumer_2007\">12<\/span><\/a> \u00deegar \u00fei\u00f0 Sara b\u00e1\u00f0ust fyrir var \u00fea\u00f0 \u00e9g sem bar b\u00e6nir ykkar fram fyrir d\u00fdr\u00f0 Drottins og minnti hann \u00e1 ykkur. \u00deannig var \u00fea\u00f0 einnig \u00feegar \u00fe\u00fa jar\u00f0a\u00f0ir l\u00e1tna. <a name=\"13\"><span class=\"versanumer_2007\">13<\/span><\/a> \u00deegar \u00fe\u00fa svo st\u00f3\u00f0st hiklaust upp fr\u00e1 bor\u00f0um, \u00e1n \u00feess a\u00f0 hafa eti\u00f0, til \u00feess a\u00f0 annast um l\u00e1tinn mann, <a name=\"14\"><span class=\"versanumer_2007\">14<\/span><\/a> \u00fe\u00e1 var \u00e9g sendur til a\u00f0 reyna \u00feig. En Gu\u00f0 sendi mig um lei\u00f0 til a\u00f0 l\u00e6kna \u00feig og S\u00f6ru tengdad\u00f3ttur \u00fe\u00edna. <a name=\"15\"><span class=\"versanumer_2007\">15<\/span><\/a> \u00c9g er Rafael, einn englanna sj\u00f6 sem standa til \u00fej\u00f3nustu rei\u00f0ub\u00fanir frammi fyrir d\u00fdr\u00f0 Drottins.\u201c<br \/> <a name=\"16\"><span class=\"versanumer_2007\">16<\/span><\/a> Fe\u00f0garnir ur\u00f0u gripnir \u00f3tta og f\u00e9llu skelfdir fram \u00e1 \u00e1sj\u00f3nu s\u00edna til jar\u00f0ar. <a name=\"17\"><span class=\"versanumer_2007\">17<\/span><\/a> \u201eVeri\u00f0 \u00f3hr\u00e6ddir,\u201c sag\u00f0i engillinn vi\u00f0 \u00fe\u00e1. \u201eFri\u00f0ur s\u00e9 me\u00f0 ykkur. Lofi\u00f0 Gu\u00f0 um aldir alda. <a name=\"18\"><span class=\"versanumer_2007\">18<\/span><\/a> \u00dea\u00f0 var ekki m\u00e9r a\u00f0 \u00feakka a\u00f0 \u00e9g kom hinga\u00f0. \u00dea\u00f0 var a\u00f0 vilja Gu\u00f0s. Lofi\u00f0 hann alla daga, syngi\u00f0 honum lofs\u00f6ng. <a name=\"19\"><span class=\"versanumer_2007\">19<\/span><\/a> Taki\u00f0 eftir \u00fev\u00ed a\u00f0 \u00e9g neytti aldrei neins. Ykkur virtist a\u00f0eins svo vera. <a name=\"20\"><span class=\"versanumer_2007\">20<\/span><\/a> Lofi\u00f0 Drottin me\u00f0an \u00fei\u00f0 eru\u00f0 \u00e1 j\u00f6r\u00f0u og \u00feakki\u00f0 Gu\u00f0i. N\u00fa st\u00edg \u00e9g upp til hans sem sendi mig. Skrifi\u00f0 allt ni\u00f0ur sem henti ykkur.\u201c Og hann steig upp <a name=\"21\"><span class=\"versanumer_2007\">21<\/span><\/a> og var horfinn \u00feegar fe\u00f0garnir risu \u00e1 f\u00e6tur. <a name=\"22\"><span class=\"versanumer_2007\">22<\/span><\/a> \u00deeir lofu\u00f0u Gu\u00f0 og \u00fe\u00f6kku\u00f0u honum og lofsungu hann fyrir \u00feau m\u00e1ttarverk sem hann haf\u00f0i gert \u00feegar engillinn opinbera\u00f0ist \u00feeim.<\/p>\n","protected":false},"excerpt":{"rendered":"<p>Rafael engill 1 \u00deegar br\u00fa\u00f0kaupsveislunni lauk kalla\u00f0i T\u00f3b\u00edt \u00e1 T\u00f3b\u00edas son sinn og sag\u00f0i: \u201eDrengur minn. G\u00e6ttu \u00feess a\u00f0 borga manninum, sem fylgdi \u00fe\u00e9r, laun og greiddu honum uppb\u00f3t \u00e1 launin.\u201c 2 Hann svara\u00f0i: \u201eHversu miki\u00f0 \u00e1 \u00e9g a\u00f0 grei\u00f0a honum, fa\u00f0ir? Ekki ska\u00f0ast \u00e9g \u00fe\u00f3tt hann f\u00e1i helminginn af \u00fev\u00ed sem vi\u00f0 komum me\u00f0 hinga\u00f0. 3 Hann kom m\u00e9r heilum \u00e1 h\u00fafi hinga\u00f0 heim, l\u00e6kna\u00f0i konu m\u00edna og s\u00f3tti peningana me\u00f0 m\u00e9r. Og hann l\u00e6kna\u00f0i \u00feig einnig. Hva\u00f0 \u00e1 \u00e9g eiginlega a\u00f0 grei\u00f0a honum auk launanna?\u201c 4 T\u00f3b\u00edt svara\u00f0i: \u201eHonum ber me\u00f0 r\u00e9ttu, drengur minn, a\u00f0 f\u00e1 helming af <a href=\"https:\/\/biblian.is\/biblian\/tobitsbok-12-kafli\/\"> [&#8230;]<\/a><\/p>\n","protected":false},"author":1,"featured_media":0,"parent":0,"menu_order":0,"comment_status":"open","ping_status":"open","template":"bibliukaflar.php","meta":{"footnotes":""},"class_list":["post-2818","page","type-page","status-publish","hentry"],"_links":{"self":[{"href":"https:\/\/biblian.is\/biblian\/wp-json\/wp\/v2\/pages\/2818","targetHints":{"allow":["GET"]}}],"collection":[{"href":"https:\/\/biblian.is\/biblian\/wp-json\/wp\/v2\/pages"}],"about":[{"href":"https:\/\/biblian.is\/biblian\/wp-json\/wp\/v2\/types\/page"}],"author":[{"embeddable":true,"href":"https:\/\/biblian.is\/biblian\/wp-json\/wp\/v2\/users\/1"}],"replies":[{"embeddable":true,"href":"https:\/\/biblian.is\/biblian\/wp-json\/wp\/v2\/comments?post=2818"}],"version-history":[{"count":0,"href":"https:\/\/biblian.is\/biblian\/wp-json\/wp\/v2\/pages\/2818\/revisions"}],"wp:attachment":[{"href":"https:\/\/biblian.is\/biblian\/wp-json\/wp\/v2\/media?parent=2818"}],"curies":[{"name":"wp","href":"https:\/\/api.w.org\/{rel}","templated":true}]}}