{"id":2814,"date":"2017-12-30T21:04:44","date_gmt":"2017-12-30T21:04:44","guid":{"rendered":"http:\/\/biblian.is\/biblian\/t%c2%97b%c2%92tsb%c2%97k-8-kafli\/"},"modified":"2018-01-16T01:53:59","modified_gmt":"2018-01-16T01:53:59","slug":"tobitsbok-8-kafli","status":"publish","type":"page","link":"https:\/\/biblian.is\/biblian\/tobitsbok-8-kafli\/","title":{"rendered":"T\u00f3b\u00edtsb\u00f3k 8. kafli"},"content":{"rendered":"<h3 class=\"millifyrirsogn_2007\"> Illi andinn rekinn \u00fat<\/h3>\n<p><a name=\"1\"><span class=\"versanumer_2007\">1<\/span><\/a> \u00deegar m\u00e1lt\u00ed\u00f0inni var loki\u00f0 vildu \u00feau ganga til hv\u00edlu. Fylgdu \u00feau unga manninum inn \u00ed herbergi\u00f0. <a name=\"2\"><span class=\"versanumer_2007\">2<\/span><\/a> T\u00f3b\u00edas minntist or\u00f0a Rafaels og t\u00f3k lifur og hjarta fisksins upp \u00far pokanum sem hann haf\u00f0i geymt \u00fea\u00f0 \u00ed og lag\u00f0i \u00e1 reykelsisgl\u00e6\u00f0ur. <a name=\"3\"><span class=\"versanumer_2007\">3<\/span><\/a> Lyktin af fiskinum hrakti illa andann fr\u00e1 og fl\u00fd\u00f0i hann alla lei\u00f0 til Egyptalands. En Rafael elti hann uppi, t\u00f3k hann til fanga og fj\u00f6tra\u00f0i hann \u00fear.<br \/> <a name=\"4\"><span class=\"versanumer_2007\">4<\/span><\/a> Er hin h\u00f6f\u00f0u gengi\u00f0 \u00fat \u00far herberginu og loka\u00f0 dyrum reis T\u00f3b\u00edas \u00far rekkjunni og sag\u00f0i: \u201eSystir, stattu upp. Vi\u00f0 skulum \u00e1kalla og bi\u00f0ja Drottin okkar a\u00f0 hann veiti okkur miskunn og vernd.\u201c <a name=\"5\"><span class=\"versanumer_2007\">5<\/span><\/a> H\u00fan st\u00f3\u00f0 upp og \u00feau t\u00f3ku a\u00f0 \u00e1kalla Gu\u00f0 og bi\u00f0ja um hj\u00e1lp og h\u00f3f T\u00f3b\u00edas b\u00e6n s\u00edna me\u00f0 \u00feessum or\u00f0um:<\/p>\n<h3 class=\"millifyrirsogn_2007\">B\u00e6n T\u00f3b\u00edasar<\/h3>\n<p><span class=\"ljodatexti\"> Lofa\u00f0ur s\u00e9rt \u00fe\u00fa, Gu\u00f0 fe\u00f0ra vorra, <br \/>lofa\u00f0 s\u00e9 nafn \u00feitt hj\u00e1 \u00f6llum kynsl\u00f3\u00f0um um eil\u00edf\u00f0. <br \/>Himnarnir og \u00f6ll sk\u00f6pun \u00fe\u00edn lofsyngi \u00fe\u00e9r um aldir alda. <br \/> <\/span> <span class=\"ljodatexti\"> <a name=\"6\"><span class=\"versanumer_ljod\">6<\/span><\/a> \u00de\u00fa skapa\u00f0ir Adam<br \/>og Evu konu hans honum til hj\u00e1lpar og stu\u00f0nings. <br \/>Fr\u00e1 \u00feeim b\u00e1\u00f0um er allt mannkyn komi\u00f0. <br \/>\u00de\u00fa sag\u00f0ir: \u201eEigi er \u00fea\u00f0 gott a\u00f0 ma\u00f0urinn s\u00e9 einsamall. <br \/>L\u00e1tum oss gera hj\u00e1lp honum l\u00edka.\u201c <span class=\"nedan_mal\" title=\" 1M\u00f3s 2.18-2.20 skv. gr\u00edsku sj\u00f6t\u00edumanna\u00fe\u00fd\u00f0ingunni.\">[<\/span> <br \/> <\/span> <span class=\"ljodatexti\"> <a name=\"7\"><span class=\"versanumer_ljod\">7<\/span><\/a> \u00de\u00fa veist a\u00f0 \u00fea\u00f0 er ekki af girnd <br \/>sem \u00e9g tek m\u00e9r \u00feessa systur m\u00edna fyrir eiginkonu,<br \/>heldur af einl\u00e6gni. <br \/>\u00c9g bi\u00f0 \u00feig, miskunna m\u00e9r og henni, <br \/>gef oss a\u00f0 ver\u00f0a \u00f6ldru\u00f0 saman. <\/span> <br \/> <a name=\"8\"><span class=\"versanumer_2007\">8<\/span><\/a> Einum r\u00f3mi s\u00f6g\u00f0u \u00feau: \u201eAmen, amen,\u201c <a name=\"9\"><span class=\"versanumer_2007\">9<\/span><\/a> og l\u00f6g\u00f0ust s\u00ed\u00f0an til svefns.<\/p>\n<h3 class=\"millifyrirsogn_2007\">Kv\u00ed\u00f0nir foreldrar<\/h3>\n<p>En Rag\u00fael reis \u00far rekkju, kalla\u00f0i \u00e1 \u00fej\u00f3na s\u00edna og f\u00f3r \u00fat me\u00f0 \u00feeim og t\u00f3ku \u00feeir gr\u00f6f <a name=\"10\"><span class=\"versanumer_2007\">10<\/span><\/a> \u00fev\u00ed a\u00f0 hann hugsa\u00f0i me\u00f0 s\u00e9r: \u201eT\u00f3b\u00edas deyr sennilega l\u00edka og vi\u00f0 ver\u00f0um a\u00f0 athl\u00e6gi og spotti.\u201c <a name=\"11\"><span class=\"versanumer_2007\">11<\/span><\/a> Er \u00feeir h\u00f6f\u00f0u loki\u00f0 vi\u00f0 a\u00f0 taka gr\u00f6fina h\u00e9lt Rag\u00fael inn og kalla\u00f0i \u00e1 konu s\u00edna: <a name=\"12\"><span class=\"versanumer_2007\">12<\/span><\/a> \u201eSendu eina af \u00fej\u00f3nustust\u00falkunum og l\u00e1ttu hana g\u00e6ta a\u00f0 hvort T\u00f3b\u00edas s\u00e9 \u00e1 l\u00edfi. En s\u00e9 hann d\u00e1inn \u00fe\u00e1 getum vi\u00f0 greftra\u00f0 hann og enginn ver\u00f0ur neins v\u00edsari.\u201c <a name=\"13\"><span class=\"versanumer_2007\">13<\/span><\/a> \u00deau sendu \u00fej\u00f3nustust\u00falkuna, kveiktu \u00e1 lampa og luku upp hur\u00f0inni \u00e1 herberginu. \u00deegar \u00fej\u00f3nustust\u00falkan kom inn s\u00e1 h\u00fan a\u00f0 b\u00e6\u00f0i l\u00e1gu sofandi. <a name=\"14\"><span class=\"versanumer_2007\">14<\/span><\/a> Gekk h\u00fan \u00fe\u00e1 \u00fat og sag\u00f0i hj\u00f3nunum a\u00f0 T\u00f3b\u00edas v\u00e6ri \u00e1 l\u00edfi og a\u00f0 allt v\u00e6ri me\u00f0 felldu.<br \/> <a name=\"15\"><span class=\"versanumer_2007\">15<\/span><\/a> \u00deau lofu\u00f0u Gu\u00f0 himinsins og s\u00f6g\u00f0u:<\/p>\n<h3 class=\"millifyrirsogn_2007\">Lofgj\u00f6r\u00f0 Rag\u00faels og Ednu<\/h3>\n<p><span class=\"ljodatexti\"> Lofa\u00f0ur s\u00e9rt \u00fe\u00fa, Gu\u00f0, <br \/>me\u00f0 s\u00e9rhverri hreinni lofgj\u00f6r\u00f0. <br \/>Lofa\u00f0ur s\u00e9rt \u00fe\u00fa a\u00f0 eil\u00edfu. <br \/> <\/span> <span class=\"ljodatexti\"> <a name=\"16\"><span class=\"versanumer_ljod\">16<\/span><\/a> Lofa\u00f0ur s\u00e9rt \u00fe\u00fa fyrir a\u00f0 gle\u00f0ja mig <br \/>og a\u00f0 \u00fea\u00f0 var\u00f0 eigi sem \u00e9g kvei\u00f0, <br \/>heldur au\u00f0s\u00fdndir \u00fe\u00fa oss mikla miskunn. <br \/> <\/span> <span class=\"ljodatexti\"> <a name=\"17\"><span class=\"versanumer_ljod\">17<\/span><\/a> Lofa\u00f0ur s\u00e9rt \u00fe\u00fa<br \/>fyrir a\u00f0 miskunna einkab\u00f6rnunum b\u00e1\u00f0um. <br \/>Veittu \u00feeim, Drottinn, miskunn og vernd. <br \/>L\u00e1t \u00feau nj\u00f3ta n\u00e1\u00f0ar og gle\u00f0i til \u00e6viloka. <\/span> <br \/> <a name=\"18\"><span class=\"versanumer_2007\">18<\/span><\/a> \u00de\u00e1 sag\u00f0i Rag\u00fael \u00fej\u00f3num s\u00ednum a\u00f0 fylla gr\u00f6fina \u00e1\u00f0ur en l\u00fdsti af degi.<\/p>\n<h3 class=\"millifyrirsogn_2007\">Br\u00fa\u00f0kaupsveislan<\/h3>\n<p><a name=\"19\"><span class=\"versanumer_2007\">19<\/span><\/a> S\u00ed\u00f0an sag\u00f0i Rag\u00fael konu sinni a\u00f0 baka miki\u00f0 af brau\u00f0i. Sj\u00e1lfur gekk hann til hjar\u00f0ar sinnar, t\u00f3k tv\u00f6 naut og fj\u00f3ra hr\u00fata sem hann bau\u00f0 a\u00f0 b\u00faa skyldi til sl\u00e1trunar og var hafist handa um \u00fea\u00f0. <a name=\"20\"><span class=\"versanumer_2007\">20<\/span><\/a> Hann sendi eftir T\u00f3b\u00edasi og sag\u00f0i: \u201e\u00cd fj\u00f3rt\u00e1n daga<span class=\"nedan_mal\" title=\" Hef\u00f0bundi\u00f0 var a\u00f0 br\u00fa\u00f0kaupsveisla st\u00e6\u00f0i \u00ed sj\u00f6 daga, sbr. D\u00f3m 14.12-14.17. A\u00f0 s\u00fa fj\u00f6ld daga skuli tv\u00f6f\u00f6ldu\u00f0 s\u00fdnir gle\u00f0ina yfir undursamlegri bj\u00f6rgun T\u00f3b\u00edasar.\">[<\/span> m\u00e1ttu ekki hreyfa \u00feig h\u00e9\u00f0an. \u00de\u00fa skalt dvelja hj\u00e1 m\u00e9r og eta og drekka. \u00dea\u00f0 mun gle\u00f0ja d\u00f3ttur m\u00edna sem li\u00f0i\u00f0 hefur miki\u00f0. <a name=\"21\"><span class=\"versanumer_2007\">21<\/span><\/a> Og af \u00f6llu sem \u00e9g \u00e1 m\u00e1ttu taka helminginn n\u00fa \u00feegar og fara me\u00f0 \u00fea\u00f0 heill \u00e1 h\u00fafi til f\u00f6\u00f0ur \u00fe\u00edns. Hinn helminginn f\u00e1i\u00f0 \u00fei\u00f0 \u00feegar \u00e9g og kona m\u00edn erum \u00f6ll. Vertu \u00e1hyggjulaus, barni\u00f0 mitt. \u00c9g er fa\u00f0ir \u00feinn og Edna m\u00f3\u00f0ir \u00fe\u00edn og vi\u00f0 munum standa vi\u00f0 hli\u00f0 \u00fe\u00e9r og systur \u00feinnar h\u00e9\u00f0an \u00ed fr\u00e1 og a\u00f0 eil\u00edfu. Vertu \u00e1hyggjulaus, barn.\u201c<\/p>\n","protected":false},"excerpt":{"rendered":"<p>Illi andinn rekinn \u00fat 1 \u00deegar m\u00e1lt\u00ed\u00f0inni var loki\u00f0 vildu \u00feau ganga til hv\u00edlu. Fylgdu \u00feau unga manninum inn \u00ed herbergi\u00f0. 2 T\u00f3b\u00edas minntist or\u00f0a Rafaels og t\u00f3k lifur og hjarta fisksins upp \u00far pokanum sem hann haf\u00f0i geymt \u00fea\u00f0 \u00ed og lag\u00f0i \u00e1 reykelsisgl\u00e6\u00f0ur. 3 Lyktin af fiskinum hrakti illa andann fr\u00e1 og fl\u00fd\u00f0i hann alla lei\u00f0 til Egyptalands. En Rafael elti hann uppi, t\u00f3k hann til fanga og fj\u00f6tra\u00f0i hann \u00fear. 4 Er hin h\u00f6f\u00f0u gengi\u00f0 \u00fat \u00far herberginu og loka\u00f0 dyrum reis T\u00f3b\u00edas \u00far rekkjunni og sag\u00f0i: \u201eSystir, stattu upp. Vi\u00f0 skulum \u00e1kalla og bi\u00f0ja Drottin okkar <a href=\"https:\/\/biblian.is\/biblian\/tobitsbok-8-kafli\/\"> [&#8230;]<\/a><\/p>\n","protected":false},"author":1,"featured_media":0,"parent":0,"menu_order":0,"comment_status":"open","ping_status":"open","template":"bibliukaflar.php","meta":{"footnotes":""},"class_list":["post-2814","page","type-page","status-publish","hentry"],"_links":{"self":[{"href":"https:\/\/biblian.is\/biblian\/wp-json\/wp\/v2\/pages\/2814","targetHints":{"allow":["GET"]}}],"collection":[{"href":"https:\/\/biblian.is\/biblian\/wp-json\/wp\/v2\/pages"}],"about":[{"href":"https:\/\/biblian.is\/biblian\/wp-json\/wp\/v2\/types\/page"}],"author":[{"embeddable":true,"href":"https:\/\/biblian.is\/biblian\/wp-json\/wp\/v2\/users\/1"}],"replies":[{"embeddable":true,"href":"https:\/\/biblian.is\/biblian\/wp-json\/wp\/v2\/comments?post=2814"}],"version-history":[{"count":0,"href":"https:\/\/biblian.is\/biblian\/wp-json\/wp\/v2\/pages\/2814\/revisions"}],"wp:attachment":[{"href":"https:\/\/biblian.is\/biblian\/wp-json\/wp\/v2\/media?parent=2814"}],"curies":[{"name":"wp","href":"https:\/\/api.w.org\/{rel}","templated":true}]}}