{"id":2813,"date":"2017-12-30T21:04:44","date_gmt":"2017-12-30T21:04:44","guid":{"rendered":"http:\/\/biblian.is\/biblian\/t%c2%97b%c2%92tsb%c2%97k-7-kafli\/"},"modified":"2018-01-12T18:29:36","modified_gmt":"2018-01-12T18:29:36","slug":"tobitsbok-7-kafli","status":"publish","type":"page","link":"https:\/\/biblian.is\/biblian\/tobitsbok-7-kafli\/","title":{"rendered":"T\u00f3b\u00edtsb\u00f3k 7. kafli"},"content":{"rendered":"<h3 class=\"millifyrirsogn_2007\"> Heima hj\u00e1 Rag\u00fael<\/h3>\n<p><a name=\"1\"><span class=\"versanumer_2007\">1<\/span><\/a> \u00deegar T\u00f3b\u00edas var kominn inn \u00ed Ekbatana sag\u00f0i hann: \u201eAsar\u00eda, br\u00f3\u00f0ir, fylgdu m\u00e9r raklei\u00f0is til Rag\u00faels br\u00f3\u00f0ur okkar.\u201c Engillinn fylgdi honum a\u00f0 h\u00fasi Rag\u00faels og fundu \u00feeir hann sitjandi \u00ed gar\u00f0hli\u00f0inu. \u00deeir heilsu\u00f0u honum fyrst og hann svara\u00f0i: \u201eHeilir og s\u00e6lir, br\u00e6\u00f0ur, og veri\u00f0 hjartanlega velkomnir.\u201c Hann bau\u00f0 \u00feeim inn \u00ed h\u00fas sitt <a name=\"2\"><span class=\"versanumer_2007\">2<\/span><\/a> og sag\u00f0i vi\u00f0 Ednu konu s\u00edna: \u201eEn hva\u00f0 \u00feessi unglingur er l\u00edkur T\u00f3b\u00edt br\u00f3\u00f0ur m\u00ednum.\u201c <a name=\"3\"><span class=\"versanumer_2007\">3<\/span><\/a> Edna sneri s\u00e9r a\u00f0 \u00feeim og spur\u00f0i: \u201eHva\u00f0an eru\u00f0 \u00fei\u00f0, br\u00e6\u00f0ur?\u201c \u201eVi\u00f0 erum af \u00e6tt Naftal\u00ed sem er herleidd \u00ed N\u00edn\u00edve,\u201c sv\u00f6ru\u00f0u \u00feeir. <a name=\"4\"><span class=\"versanumer_2007\">4<\/span><\/a> \u201e\u00deekki\u00f0 \u00fei\u00f0 br\u00f3\u00f0ur okkar T\u00f3b\u00edt?\u201c h\u00e9lt h\u00fan \u00e1fram. \u201eJ\u00e1, vi\u00f0 \u00feekkjum hann,\u201c sv\u00f6ru\u00f0u \u00feeir. \u201eHvernig heilsast honum?\u201c spur\u00f0i h\u00fan, <a name=\"5\"><span class=\"versanumer_2007\">5<\/span><\/a> og \u00feeir sv\u00f6ru\u00f0u: \u201eHann lifir vi\u00f0 g\u00f3\u00f0a heilsu, og hann er fa\u00f0ir minn,\u201c b\u00e6tti T\u00f3b\u00edas vi\u00f0. <a name=\"6\"><span class=\"versanumer_2007\">6<\/span><\/a> \u00de\u00e1 spratt Rag\u00fael upp og kyssti hann gr\u00e1tandi <a name=\"7\"><span class=\"versanumer_2007\">7<\/span><\/a> og sag\u00f0i: \u201eGu\u00f0 blessi \u00feig, barn. \u00de\u00fa \u00e1tt g\u00f3\u00f0an og hei\u00f0vir\u00f0an f\u00f6\u00f0ur. Hv\u00edl\u00edk \u00f3g\u00e6fa a\u00f0 svo r\u00e9ttl\u00e1tur og g\u00f3\u00f0gj\u00f6r\u00f0asamur ma\u00f0ur skuli hafa misst sj\u00f3nina.\u201c Og hann fa\u00f0ma\u00f0i T\u00f3b\u00edas br\u00f3\u00f0ur sinn og gr\u00e9t yfir T\u00f3b\u00edt <a name=\"8\"><span class=\"versanumer_2007\">8<\/span><\/a> sem og Edna kona hans og Sara d\u00f3ttir \u00feeirra. <a name=\"9\"><span class=\"versanumer_2007\">9<\/span><\/a> Rag\u00fael sl\u00e1tra\u00f0i s\u00ed\u00f0an einum hr\u00fata sinna og fagna\u00f0i gestum s\u00ednum innilega.<br \/> \u00deegar \u00feeir h\u00f6f\u00f0u ba\u00f0a\u00f0 sig og \u00fevegi\u00f0 s\u00e9r og voru sestir til bor\u00f0s sag\u00f0i T\u00f3b\u00edas vi\u00f0 Rafael: \u201eAsar\u00eda, br\u00f3\u00f0ir, biddu n\u00fa Rag\u00fael a\u00f0 gefa m\u00e9r S\u00f6ru systur m\u00edna.\u201c <a name=\"10\"><span class=\"versanumer_2007\">10<\/span><\/a> Rag\u00fael heyr\u00f0i \u00feetta og sag\u00f0i vi\u00f0 unga manninn: \u201eEt, drekk og ver gla\u00f0ur \u00ed kv\u00f6ld. Engum manni ber fremur en \u00fe\u00e9r, br\u00f3\u00f0ir, a\u00f0 kv\u00e6nast S\u00f6ru d\u00f3ttur minni og enga heimild hef \u00e9g heldur til a\u00f0 gefa hana neinum \u00f6\u00f0rum en \u00fe\u00e9r \u00fear sem \u00fe\u00fa ert n\u00e1nasti \u00e6ttingi minn. En \u00e9g ver\u00f0 a\u00f0 segja \u00fe\u00e9r sannleikann, ungi ma\u00f0ur. <a name=\"11\"><span class=\"versanumer_2007\">11<\/span><\/a> Sj\u00f6 sinnum hef \u00e9g gift hana br\u00e6\u00f0rum okkar og allir d\u00f3u \u00feeir um n\u00f3ttina \u00feegar \u00feeir komu inn til hennar. En et n\u00fa og drekk, ungi ma\u00f0ur. Drottinn mun annast ykkur b\u00e6\u00f0i.\u201c \u201eHvorki mun \u00e9g eta neitt n\u00e9 drekka,\u201c sag\u00f0i T\u00f3b\u00edas, \u201efyrr en \u00fe\u00fa hefur gefi\u00f0 m\u00e9r lofor\u00f0 \u00feitt.\u201c \u201e\u00dea\u00f0 ver\u00f0ur svo a\u00f0 vera,\u201c svara\u00f0i Rag\u00fael. \u201eH\u00e9r me\u00f0 gef \u00e9g \u00fe\u00e9r hana samkv\u00e6mt \u00e1kv\u00e6\u00f0um M\u00f3seb\u00f3kar. \u00dea\u00f0 er \u00e1kv\u00f6r\u00f0un himinsins a\u00f0 h\u00fan s\u00e9 \u00fe\u00e9r gefin. Tak systur \u00fe\u00edna til eignar. Upp fr\u00e1 \u00feessu ert \u00fe\u00fa br\u00f3\u00f0ir hennar og h\u00fan systir \u00fe\u00edn. Fr\u00e1 \u00feessum degi og um eil\u00edf\u00f0 er h\u00fan eign \u00fe\u00edn. Drottinn himinsins var\u00f0veiti ykkur \u00ed n\u00f3tt, ungi ma\u00f0ur, og veiti ykkur miskunn og fri\u00f0.\u201c<\/p>\n<h3 class=\"millifyrirsogn_2007\">Sara og T\u00f3b\u00edas ganga \u00ed hj\u00f3naband<\/h3>\n<p><a name=\"12\"><span class=\"versanumer_2007\">12<\/span><\/a> \u00dev\u00ed n\u00e6st kalla\u00f0i Rag\u00fael \u00e1 S\u00f6ru d\u00f3ttur s\u00edna og kom h\u00fan til hans. Hann t\u00f3k h\u00f6nd hennar og afhenti T\u00f3b\u00edasi hana me\u00f0 \u00feessum or\u00f0um: \u201eTak hana \u00fe\u00e9r til eignar samkv\u00e6mt l\u00f6gm\u00e1linu og \u00e1kv\u00e6\u00f0um M\u00f3seb\u00f3kar sem gefa \u00fe\u00e9r hana a\u00f0 eiginkonu. Megir \u00fe\u00fa eiga hana og lei\u00f0a heilu og h\u00f6ldnu til f\u00f6\u00f0ur \u00fe\u00edns. Himinsins Gu\u00f0 veiti ykkur fars\u00e6ld og fri\u00f0 \u00e1 f\u00f6r ykkar.\u201c <a name=\"13\"><span class=\"versanumer_2007\">13<\/span><\/a> \u00de\u00e1 kalla\u00f0i hann \u00e1 m\u00f3\u00f0ur st\u00falkunnar og sag\u00f0i henni a\u00f0 koma me\u00f0 skjal til a\u00f0 rita \u00e1 hj\u00faskapars\u00e1ttm\u00e1la \u00feess efnis a\u00f0 hann g\u00e6fi T\u00f3b\u00edasi S\u00f6ru a\u00f0 eiginkonu samkv\u00e6mt \u00e1kv\u00e6\u00f0um M\u00f3sel\u00f6gm\u00e1ls. <a name=\"14\"><span class=\"versanumer_2007\">14<\/span><\/a> A\u00f0 svo b\u00fanu t\u00f3ku \u00feau a\u00f0 eta og drekka.<br \/> <a name=\"15\"><span class=\"versanumer_2007\">15<\/span><\/a> Rag\u00fael kalla\u00f0i \u00e1 Ednu konu s\u00edna og sag\u00f0i: \u201eSystir, b\u00fa\u00f0u um \u00ed hinu herberginu og fylgdu S\u00f6ru \u00feanga\u00f0.\u201c <a name=\"16\"><span class=\"versanumer_2007\">16<\/span><\/a> H\u00fan f\u00f3r og bj\u00f3 um \u00ed herberginu eins og henni haf\u00f0i veri\u00f0 sagt og f\u00f3r \u00feanga\u00f0 me\u00f0 S\u00f6ru og brast \u00ed gr\u00e1t hennar vegna. S\u00ed\u00f0an \u00feerra\u00f0i h\u00fan t\u00e1rin og sag\u00f0i: <a name=\"17\"><span class=\"versanumer_2007\">17<\/span><\/a> \u201eVertu hughraust, d\u00f3ttir g\u00f3\u00f0. Megi Drottinn himinsins veita \u00fe\u00e9r f\u00f6gnu\u00f0 \u00ed sta\u00f0 hrygg\u00f0ar \u00feinnar. Vertu hughraust, d\u00f3ttir m\u00edn.\u201c S\u00ed\u00f0an f\u00f3r h\u00fan \u00fat.<\/p>\n","protected":false},"excerpt":{"rendered":"<p>Heima hj\u00e1 Rag\u00fael 1 \u00deegar T\u00f3b\u00edas var kominn inn \u00ed Ekbatana sag\u00f0i hann: \u201eAsar\u00eda, br\u00f3\u00f0ir, fylgdu m\u00e9r raklei\u00f0is til Rag\u00faels br\u00f3\u00f0ur okkar.\u201c Engillinn fylgdi honum a\u00f0 h\u00fasi Rag\u00faels og fundu \u00feeir hann sitjandi \u00ed gar\u00f0hli\u00f0inu. \u00deeir heilsu\u00f0u honum fyrst og hann svara\u00f0i: \u201eHeilir og s\u00e6lir, br\u00e6\u00f0ur, og veri\u00f0 hjartanlega velkomnir.\u201c Hann bau\u00f0 \u00feeim inn \u00ed h\u00fas sitt 2 og sag\u00f0i vi\u00f0 Ednu konu s\u00edna: \u201eEn hva\u00f0 \u00feessi unglingur er l\u00edkur T\u00f3b\u00edt br\u00f3\u00f0ur m\u00ednum.\u201c 3 Edna sneri s\u00e9r a\u00f0 \u00feeim og spur\u00f0i: \u201eHva\u00f0an eru\u00f0 \u00fei\u00f0, br\u00e6\u00f0ur?\u201c \u201eVi\u00f0 erum af \u00e6tt Naftal\u00ed sem er herleidd \u00ed N\u00edn\u00edve,\u201c sv\u00f6ru\u00f0u \u00feeir. 4 \u201e\u00deekki\u00f0 \u00fei\u00f0 <a href=\"https:\/\/biblian.is\/biblian\/tobitsbok-7-kafli\/\"> [&#8230;]<\/a><\/p>\n","protected":false},"author":1,"featured_media":0,"parent":0,"menu_order":0,"comment_status":"open","ping_status":"open","template":"bibliukaflar.php","meta":{"footnotes":""},"class_list":["post-2813","page","type-page","status-publish","hentry"],"_links":{"self":[{"href":"https:\/\/biblian.is\/biblian\/wp-json\/wp\/v2\/pages\/2813","targetHints":{"allow":["GET"]}}],"collection":[{"href":"https:\/\/biblian.is\/biblian\/wp-json\/wp\/v2\/pages"}],"about":[{"href":"https:\/\/biblian.is\/biblian\/wp-json\/wp\/v2\/types\/page"}],"author":[{"embeddable":true,"href":"https:\/\/biblian.is\/biblian\/wp-json\/wp\/v2\/users\/1"}],"replies":[{"embeddable":true,"href":"https:\/\/biblian.is\/biblian\/wp-json\/wp\/v2\/comments?post=2813"}],"version-history":[{"count":0,"href":"https:\/\/biblian.is\/biblian\/wp-json\/wp\/v2\/pages\/2813\/revisions"}],"wp:attachment":[{"href":"https:\/\/biblian.is\/biblian\/wp-json\/wp\/v2\/media?parent=2813"}],"curies":[{"name":"wp","href":"https:\/\/api.w.org\/{rel}","templated":true}]}}