{"id":2812,"date":"2017-12-30T21:04:44","date_gmt":"2017-12-30T21:04:44","guid":{"rendered":"http:\/\/biblian.is\/biblian\/t%c2%97b%c2%92tsb%c2%97k-6-kafli\/"},"modified":"2018-01-12T18:23:53","modified_gmt":"2018-01-12T18:23:53","slug":"tobitsbok-6-kafli","status":"publish","type":"page","link":"https:\/\/biblian.is\/biblian\/tobitsbok-6-kafli\/","title":{"rendered":"T\u00f3b\u00edtsb\u00f3k 6. kafli"},"content":{"rendered":"<h3 class=\"millifyrirsogn_2007\"> T\u00f3b\u00edas fangar fisk<\/h3>\n<p><a name=\"1\"><span class=\"versanumer_2007\">1<\/span><\/a> Og h\u00fan h\u00e6tti a\u00f0 gr\u00e1ta.<br \/> <a name=\"2\"><span class=\"versanumer_2007\">2<\/span><\/a> \u00deeir l\u00f6g\u00f0u af sta\u00f0, drengurinn og engillinn, og hundurinn f\u00f3r \u00e1 eftir T\u00f3b\u00edasi og elti \u00fe\u00e1. \u00deeir fer\u00f0u\u00f0ust saman og vi\u00f0 s\u00f3lsetur fyrsta kv\u00f6ldi\u00f0 \u00e1\u00f0u \u00feeir vi\u00f0 T\u00edgrisflj\u00f3t. <a name=\"3\"><span class=\"versanumer_2007\">3<\/span><\/a> Drengurinn f\u00f3r ofan a\u00f0 \u00e1nni til a\u00f0 \u00fevo f\u00e6turna \u00ed flj\u00f3tinu. \u00de\u00e1 st\u00f6kk risavaxinn fiskur upp \u00far \u00e1nni og \u00e6tla\u00f0i a\u00f0 b\u00edta f\u00f3tinn af unga manninum sem veina\u00f0i upp yfir sig. <a name=\"4\"><span class=\"versanumer_2007\">4<\/span><\/a> En engillinn sag\u00f0i vi\u00f0 unglinginn: \u201eGr\u00edptu fiskinn og haltu honum fast!\u201c Unglingurinn greip fiskinn og bar hann \u00e1 land. <a name=\"5\"><span class=\"versanumer_2007\">5<\/span><\/a> \u201eSl\u00e6g\u00f0u fiskinn,\u201c h\u00e9lt engillinn \u00e1fram, \u201eog taktu galli\u00f0, hjarta\u00f0 og lifrina og hirtu \u00fea\u00f0 en hentu \u00f6\u00f0ru innvolsi. Galli\u00f0, hjarta\u00f0 og lifrin eru nyts\u00f6m lyf.\u201c <a name=\"6\"><span class=\"versanumer_2007\">6<\/span><\/a> Unglingurinn sl\u00e6g\u00f0i fiskinn og t\u00f3k galli\u00f0, hjarta\u00f0 og lifrina. \u00deeir steiktu sumt af fiskinum og \u00e1tu en anna\u00f0 s\u00f6ltu\u00f0u \u00feeir og geymdu.<br \/>\u00deeir h\u00e9ldu \u00e1fram f\u00f6r sinni og n\u00e1lgu\u00f0ust Med\u00edu. <a name=\"7\"><span class=\"versanumer_2007\">7<\/span><\/a> \u00de\u00e1 sag\u00f0i unglingurinn vi\u00f0 engilinn: \u201eAsar\u00eda, br\u00f3\u00f0ir minn. Hvers konar lyf er a\u00f0 finna \u00ed hjarta, lifur og galli fisksins?\u201c<br \/> <a name=\"8\"><span class=\"versanumer_2007\">8<\/span><\/a> Hann svara\u00f0i: \u201eHjarta og lifur fisksins m\u00e1 brenna ef karl e\u00f0a kona ver\u00f0ur fyrir \u00e1s\u00f3kn \u00e1ra e\u00f0a ills anda. \u00dea\u00f0 sem s\u00e6kir a\u00f0 fl\u00fdr \u00fe\u00e1 reykinn og l\u00e6tur \u00feau \u00ed fri\u00f0i um alla framt\u00ed\u00f0. <a name=\"9\"><span class=\"versanumer_2007\">9<\/span><\/a> Gallinu m\u00e1 smyrja \u00ed augu manns sem fengi\u00f0 hefur hv\u00edtar himnur \u00e1 \u00feau. S\u00ed\u00f0an m\u00e1 bl\u00e1sa \u00e1 himnurnar og l\u00e6knast \u00fe\u00e1 augun.\u201c<\/p>\n<h3 class=\"millifyrirsogn_2007\">\u00c1 lei\u00f0inni til Ekbatana<\/h3>\n<p><a name=\"10\"><span class=\"versanumer_2007\">10<\/span><\/a> Er \u00feeir voru komnir inn \u00ed Med\u00edu og \u00ed n\u00e1nd vi\u00f0 Ekbatana <a name=\"11\"><span class=\"versanumer_2007\">11<\/span><\/a> sag\u00f0i Rafael vi\u00f0 unglinginn: \u201eT\u00f3b\u00edas, br\u00f3\u00f0ir minn.\u201c \u201eJ\u00e1,\u201c svara\u00f0i hann og engillinn h\u00e9lt \u00e1fram: \u201e\u00cd n\u00f3tt ber okkur a\u00f0 gista hj\u00e1 Rag\u00fael. Hann er \u00e6ttingi \u00feinn og \u00e1 d\u00f3ttur sem heitir Sara. <a name=\"12\"><span class=\"versanumer_2007\">12<\/span><\/a> A\u00f0 henni fr\u00e1talinni \u00e1 hann hvorki son n\u00e9 d\u00f3ttur. \u00dea\u00f0 stendur \u00fe\u00e9r n\u00e6r en \u00f6llum \u00f6\u00f0rum m\u00f6nnum a\u00f0 kv\u00e6nast henni og einnig \u00e1tt \u00fe\u00fa r\u00e9tt \u00e1 a\u00f0 erfa eignir f\u00f6\u00f0ur hennar. St\u00falkan er skyns\u00f6m, hugr\u00f6kk og br\u00e1\u00f0falleg og fa\u00f0ir hennar v\u00e6nsti ma\u00f0ur. <a name=\"13\"><span class=\"versanumer_2007\">13<\/span><\/a> \u00de\u00e9r ber r\u00e9ttur til a\u00f0 ganga a\u00f0 eiga hana. Hlusta\u00f0u n\u00fa \u00e1 mig, br\u00f3\u00f0ir. \u00cd kv\u00f6ld skal \u00e9g tala vi\u00f0 f\u00f6\u00f0ur st\u00falkunnar um a\u00f0 hann gefi \u00fe\u00e9r hana a\u00f0 br\u00fa\u00f0i. \u00deegar vi\u00f0 svo komum aftur fr\u00e1 Rages \u00fe\u00e1 h\u00f6ldum vi\u00f0 br\u00fa\u00f0kaupi\u00f0. \u00c9g er fullviss um a\u00f0 Rag\u00fael getur ekki meina\u00f0 \u00fe\u00e9r a\u00f0 kv\u00e6nast henni e\u00f0a lofa\u00f0 hana \u00f6\u00f0rum \u00fev\u00ed a\u00f0 \u00fe\u00e1 yr\u00f0i hann dau\u00f0asekur samkv\u00e6mt \u00e1kv\u00e6\u00f0um M\u00f3seb\u00f3kar. Hann veit vel a\u00f0 framar \u00f6llum \u00f6\u00f0rum ber \u00fe\u00e9r r\u00e9ttur til a\u00f0 kv\u00e6nast d\u00f3ttur hans. Hlusta\u00f0u \u00e1 mig, br\u00f3\u00f0ir. Vi\u00f0 skulum tala um st\u00falkuna \u00ed kv\u00f6ld og bi\u00f0ja hennar \u00fe\u00e9r til handa. Og \u00feegar vi\u00f0 sn\u00faum aftur fr\u00e1 Rages \u00fe\u00e1 munum vi\u00f0 s\u00e6kja hana og fara me\u00f0 hana heim til \u00fe\u00edn.\u201c<br \/> <a name=\"14\"><span class=\"versanumer_2007\">14<\/span><\/a> \u201eAsar\u00eda, br\u00f3\u00f0ir minn,\u201c svara\u00f0i T\u00f3b\u00edas Rafael. \u201e\u00c9g hef fr\u00e9tt a\u00f0 h\u00fan hafi \u00feegar gifst sj\u00f6 sinnum og a\u00f0 allir mennirnir hafi d\u00e1i\u00f0 \u00e1 br\u00fa\u00f0kaupsn\u00f3ttina og \u00fea\u00f0 um lei\u00f0 og \u00feeir gengu inn \u00ed herbergi\u00f0 til hennar. \u00c9g hef heyrt sagt a\u00f0 illur andi hafi deytt \u00fe\u00e1. <a name=\"15\"><span class=\"versanumer_2007\">15<\/span><\/a> Hann gerir henni ekki mein en hann drepur hvern \u00feann sem reynir a\u00f0 n\u00e1lgast hana. \u00deetta skelfir mig. \u00c9g er einkasonur f\u00f6\u00f0ur m\u00edns og d\u00e6i \u00e9g mundi harmur draga f\u00f6\u00f0ur minn og m\u00f3\u00f0ur ofan \u00ed gr\u00f6fina. Annan son eiga \u00feau ekki til a\u00f0 sj\u00e1 um greftran s\u00edna.\u201c <a name=\"16\"><span class=\"versanumer_2007\">16<\/span><\/a> Engillinn svara\u00f0i: \u201eManstu ekki eftir fyrirm\u00e6lum f\u00f6\u00f0ur \u00fe\u00edns um a\u00f0 \u00fe\u00fa t\u00e6kir \u00fe\u00e9r eiginkonu af \u00e6tt hans? Hlusta\u00f0u n\u00fa \u00e1 mig, br\u00f3\u00f0ir. Haf\u00f0u engar \u00e1hyggjur af \u00feessum illa anda. Kv\u00e6nstu S\u00f6ru. \u00c9g veit a\u00f0 h\u00fan mun gefin \u00fe\u00e9r strax \u00ed kv\u00f6ld. <a name=\"17\"><span class=\"versanumer_2007\">17<\/span><\/a> \u00deegar \u00fe\u00fa svo gengur inn \u00ed br\u00fa\u00f0arherbergi\u00f0 skaltu taka hjarta fisksins og hluta af lifrinni og leggja \u00e1 gl\u00f3andi reykelsi og lykt mun leggja \u00fear af. <a name=\"18\"><span class=\"versanumer_2007\">18<\/span><\/a> \u00deegar illi andinn finnur lyktina mun hann fl\u00fdja og aldrei nokkurn t\u00edma s\u00fdna sig framar n\u00e6rri S\u00f6ru. En \u00e1\u00f0ur en \u00fe\u00fa hefur samr\u00e6\u00f0i vi\u00f0 hana skulu\u00f0 \u00fei\u00f0 b\u00e6\u00f0i standa upp og \u00e1kalla Drottin himinsins og bi\u00f0ja hann um miskunn og hj\u00e1lp. Vertu \u00f3hr\u00e6ddur. H\u00fan hefur veri\u00f0 \u00e6tlu\u00f0 \u00fe\u00e9r fr\u00e1 \u00fev\u00ed fyrir upphaf t\u00edmanna og \u00fea\u00f0 ert \u00fe\u00fa sem munt frelsa hana. H\u00fan mun fara me\u00f0 \u00fe\u00e9r og \u00e9g \u00e6tla a\u00f0 h\u00fan muni f\u00e6\u00f0a \u00fe\u00e9r b\u00f6rn sem munu ver\u00f0a \u00fe\u00e9r sem br\u00e6\u00f0ur. Haf\u00f0u engar \u00e1hyggjur.\u201c<br \/> \u00deegar T\u00f3b\u00edas heyr\u00f0i or\u00f0 Rafaels og skildi a\u00f0 Sara var systir hans, \u00fear sem h\u00fan var af \u00e6tt og kynkv\u00edsl f\u00f6\u00f0ur hans, f\u00e9kk hann mikla \u00e1st \u00e1 henni og var me\u00f0 hugann allan hj\u00e1 henni.<\/p>\n","protected":false},"excerpt":{"rendered":"<p>T\u00f3b\u00edas fangar fisk 1 Og h\u00fan h\u00e6tti a\u00f0 gr\u00e1ta. 2 \u00deeir l\u00f6g\u00f0u af sta\u00f0, drengurinn og engillinn, og hundurinn f\u00f3r \u00e1 eftir T\u00f3b\u00edasi og elti \u00fe\u00e1. \u00deeir fer\u00f0u\u00f0ust saman og vi\u00f0 s\u00f3lsetur fyrsta kv\u00f6ldi\u00f0 \u00e1\u00f0u \u00feeir vi\u00f0 T\u00edgrisflj\u00f3t. 3 Drengurinn f\u00f3r ofan a\u00f0 \u00e1nni til a\u00f0 \u00fevo f\u00e6turna \u00ed flj\u00f3tinu. \u00de\u00e1 st\u00f6kk risavaxinn fiskur upp \u00far \u00e1nni og \u00e6tla\u00f0i a\u00f0 b\u00edta f\u00f3tinn af unga manninum sem veina\u00f0i upp yfir sig. 4 En engillinn sag\u00f0i vi\u00f0 unglinginn: \u201eGr\u00edptu fiskinn og haltu honum fast!\u201c Unglingurinn greip fiskinn og bar hann \u00e1 land. 5 \u201eSl\u00e6g\u00f0u fiskinn,\u201c h\u00e9lt engillinn \u00e1fram, \u201eog taktu galli\u00f0, hjarta\u00f0 <a href=\"https:\/\/biblian.is\/biblian\/tobitsbok-6-kafli\/\"> [&#8230;]<\/a><\/p>\n","protected":false},"author":1,"featured_media":0,"parent":0,"menu_order":0,"comment_status":"open","ping_status":"open","template":"bibliukaflar.php","meta":{"footnotes":""},"class_list":["post-2812","page","type-page","status-publish","hentry"],"_links":{"self":[{"href":"https:\/\/biblian.is\/biblian\/wp-json\/wp\/v2\/pages\/2812","targetHints":{"allow":["GET"]}}],"collection":[{"href":"https:\/\/biblian.is\/biblian\/wp-json\/wp\/v2\/pages"}],"about":[{"href":"https:\/\/biblian.is\/biblian\/wp-json\/wp\/v2\/types\/page"}],"author":[{"embeddable":true,"href":"https:\/\/biblian.is\/biblian\/wp-json\/wp\/v2\/users\/1"}],"replies":[{"embeddable":true,"href":"https:\/\/biblian.is\/biblian\/wp-json\/wp\/v2\/comments?post=2812"}],"version-history":[{"count":0,"href":"https:\/\/biblian.is\/biblian\/wp-json\/wp\/v2\/pages\/2812\/revisions"}],"wp:attachment":[{"href":"https:\/\/biblian.is\/biblian\/wp-json\/wp\/v2\/media?parent=2812"}],"curies":[{"name":"wp","href":"https:\/\/api.w.org\/{rel}","templated":true}]}}