{"id":2811,"date":"2017-12-30T21:04:44","date_gmt":"2017-12-30T21:04:44","guid":{"rendered":"http:\/\/biblian.is\/biblian\/t%c2%97b%c2%92tsb%c2%97k-5-kafli\/"},"modified":"2018-01-12T18:20:50","modified_gmt":"2018-01-12T18:20:50","slug":"tobitsbok-5-kafli","status":"publish","type":"page","link":"https:\/\/biblian.is\/biblian\/tobitsbok-5-kafli\/","title":{"rendered":"T\u00f3b\u00edtsb\u00f3k 5. kafli"},"content":{"rendered":"<h3 class=\"millifyrirsogn_2007\"> F\u00f6rin undirb\u00fain<\/h3>\n<p><a name=\"1\"><span class=\"versanumer_2007\">1<\/span><\/a> T\u00f3b\u00edas svara\u00f0i T\u00f3b\u00edt f\u00f6\u00f0ur s\u00ednum og sag\u00f0i: \u201e\u00c9g mun breyta \u00ed \u00f6llu eins og \u00fe\u00fa, fa\u00f0ir, hefur bo\u00f0i\u00f0 m\u00e9r. <a name=\"2\"><span class=\"versanumer_2007\">2<\/span><\/a> En hvernig \u00e1 \u00e9g a\u00f0 fara a\u00f0 \u00fev\u00ed a\u00f0 n\u00e1lgast silfri\u00f0? Hvorki \u00feekkir Gabael mig n\u00e9 \u00e9g hann. Hvernig \u00e1 \u00e9g a\u00f0 sanna honum hver \u00e9g s\u00e9 svo a\u00f0 hann tr\u00fai m\u00e9r og afhendi m\u00e9r f\u00e9\u00f0? Hvernig \u00e1 \u00e9g l\u00edka a\u00f0 komast til Med\u00edu? Ekki rata \u00e9g \u00feanga\u00f0.\u201c <a name=\"3\"><span class=\"versanumer_2007\">3<\/span><\/a> T\u00f3b\u00edt gaf T\u00f3b\u00edasi syni s\u00ednum \u00feetta svar: \u201eGabael gaf m\u00e9r kvittun s\u00edna og \u00e9g honum skjal sem vi\u00f0 skiptum \u00ed tvennt. Hvor t\u00f3k sinn hlutann og annan skildi \u00e9g eftir hj\u00e1 silfrinu. S\u00ed\u00f0an \u00e9g setti \u00feetta f\u00e9 \u00ed geymslu eru li\u00f0in tuttugu \u00e1r. N\u00fa ver\u00f0ur \u00fe\u00fa, barni\u00f0 mitt, a\u00f0 finna traustan mann sem getur fylgt \u00fe\u00e9r. Vi\u00f0 munum grei\u00f0a honum laun \u00feegar \u00fe\u00fa kemur aftur. S\u00e6ktu n\u00fa silfur \u00feetta til Gabaels.\u201c <\/p>\n<h3 class=\"millifyrirsogn_2007\">T\u00f3b\u00edas hittir Rafael<\/h3>\n<p><a name=\"4\"><span class=\"versanumer_2007\">4<\/span><\/a> T\u00f3b\u00edas gekk \u00fat til \u00feess a\u00f0 leita a\u00f0 fylgdarmanni til Med\u00edu sem kunnugur v\u00e6ri lei\u00f0inni \u00feanga\u00f0. Jafnskj\u00f3tt og hann kom \u00fat hitti hann Rafael engil en vissi ekki a\u00f0 hann var engill fr\u00e1 Gu\u00f0i. <a name=\"5\"><span class=\"versanumer_2007\">5<\/span><\/a> \u201eHva\u00f0an ert \u00fe\u00fa, ungi ma\u00f0ur?\u201c spur\u00f0i hann. Rafael svara\u00f0i: \u201e\u00c9g er \u00cdsraelsma\u00f0ur, einn br\u00e6\u00f0ra \u00feinna, og er hinga\u00f0 kominn til a\u00f0 leita a\u00f0 vinnu.\u201c \u201e\u00deekkir \u00fe\u00fa lei\u00f0ina til Med\u00edu?\u201c spur\u00f0i T\u00f3b\u00edas. <a name=\"6\"><span class=\"versanumer_2007\">6<\/span><\/a> Hann svara\u00f0i: \u201eJ\u00e1, \u00fear hef \u00e9g oft veri\u00f0 og er reyndur og \u00feaulkunnugur \u00f6llum lei\u00f0um. \u00c9g hef margoft fer\u00f0ast til Med\u00edu og gist \u00fear hj\u00e1 Gabael br\u00f3\u00f0ur okkar sem b\u00fdr \u00ed Rages \u00ed Med\u00edu. Fr\u00e1 Ekbatana til Rages eru fullar tv\u00e6r daglei\u00f0ir en Rages er uppi \u00e1 fjalli en Ekbatana \u00e1 mi\u00f0ri sl\u00e9ttu.\u201c <a name=\"7\"><span class=\"versanumer_2007\">7<\/span><\/a> \u201eB\u00edddu m\u00edn, ungi ma\u00f0ur,\u201c sag\u00f0i T\u00f3b\u00edas, \u201eme\u00f0an \u00e9g fer inn og segi f\u00f6\u00f0ur m\u00ednum \u00feetta. \u00c9g \u00fearfnast \u00fe\u00edn a\u00f0 f\u00f6runaut og \u00e9g mun grei\u00f0a \u00fe\u00e9r laun.\u201c <a name=\"8\"><span class=\"versanumer_2007\">8<\/span><\/a> \u201e\u00c9g skal b\u00ed\u00f0a h\u00e9rna,\u201c sag\u00f0i Rafael, \u201een vertu ekki lengi.\u201c<br \/> <a name=\"9\"><span class=\"versanumer_2007\">9<\/span><\/a> T\u00f3b\u00edas f\u00f3r inn til a\u00f0 segja T\u00f3b\u00edt f\u00f6\u00f0ur s\u00ednum fr\u00e1 \u00feessu. \u201e\u00c9g hef fundi\u00f0 \u00cdsraelsmann, einn af br\u00e6\u00f0rum okkar,\u201c sag\u00f0i hann. \u201eKalla\u00f0u \u00e1 hann,\u201c svara\u00f0i T\u00f3b\u00edt, \u201esvo a\u00f0 \u00e9g geti kynnt m\u00e9r af hva\u00f0a \u00e6tt og \u00e6ttkv\u00edsl hann er og hvort hann er traustur samfer\u00f0ama\u00f0ur, barni\u00f0 mitt.\u201c<\/p>\n<h3 class=\"millifyrirsogn_2007\">T\u00f3b\u00edt hittir Rafael<\/h3>\n<p><a name=\"10\"><span class=\"versanumer_2007\">10<\/span><\/a> \u00de\u00e1 f\u00f3r T\u00f3b\u00edas \u00fat og kalla\u00f0i \u00e1 Rafael: \u201eFa\u00f0ir minn vill finna \u00feig, ungi ma\u00f0ur.\u201c F\u00f3r hann inn og heilsa\u00f0i T\u00f3b\u00edt honum fyrst. Hann svara\u00f0i: \u201eHeill s\u00e9rt \u00fe\u00fa og s\u00e6ll.\u201c T\u00f3b\u00edt svara\u00f0i: \u201eYfir hverju \u00e6tti \u00e9g a\u00f0 vera s\u00e6ll? \u00c9g er blindur, get ekki s\u00e9\u00f0 lj\u00f3s himinsins og dvelst \u00ed myrkri l\u00edkt og hinir dau\u00f0u sem ekkert lj\u00f3s sj\u00e1 framar. \u00de\u00f3tt \u00e9g lifi er \u00e9g me\u00f0al dau\u00f0ra. \u00c9g heyri mennina tala en s\u00e9 \u00fe\u00e1 ekki.\u201c Rafael svara\u00f0i: \u201eVertu hughraustur. Gu\u00f0 mun br\u00e1tt l\u00e6kna \u00feig. Vertu \u00fev\u00ed hughraustur.\u201c T\u00f3b\u00edt sag\u00f0i vi\u00f0 hann: \u201eT\u00f3b\u00edas sonur minn \u00e6tlar a\u00f0 fara til Med\u00edu. Getur \u00fe\u00fa fylgt honum og sagt honum til vegar? \u00c9g skal grei\u00f0a \u00fe\u00e9r laun fyrir, br\u00f3\u00f0ir.\u201c Hann svara\u00f0i: \u201e\u00c9g get fari\u00f0 me\u00f0 honum. \u00c9g er n\u00e1kunnugur \u00f6llum lei\u00f0um, hef oft fer\u00f0ast til Med\u00edu og fari\u00f0 um allar sl\u00e9ttur og fj\u00f6ll \u00fear og \u00feekki alla vegi landsins.\u201c <a name=\"11\"><span class=\"versanumer_2007\">11<\/span><\/a> T\u00f3b\u00edt sag\u00f0i: \u201eBr\u00f3\u00f0ir, af hva\u00f0a \u00e6ttkv\u00edsl og \u00e6tt ert \u00fe\u00fa? Sk\u00fdr\u00f0u m\u00e9r fr\u00e1 \u00fev\u00ed, br\u00f3\u00f0ir.\u201c <a name=\"12\"><span class=\"versanumer_2007\">12<\/span><\/a> Rafael svara\u00f0i: \u201eHva\u00f0a gagn gerir \u00fe\u00e9r a\u00f0 vita \u00e6tterni\u00f0?\u201c T\u00f3b\u00edt sag\u00f0i: \u201eMig langar a\u00f0 vita me\u00f0 fullri vissu hverra manna \u00fe\u00fa ert og hva\u00f0 \u00fe\u00fa heitir.\u201c <a name=\"13\"><span class=\"versanumer_2007\">13<\/span><\/a> \u201e\u00c9g er Asar\u00eda, sonur Anan\u00edasar<span class=\"nedan_mal\" title=\" N\u00f6fnin Asar\u00eda og Anan\u00edas merkja \u201eDrottinn hj\u00e1lpar\u201c og \u201eDrottinn miskunnar\u201c.\">[<\/span> mikla sem er br\u00f3\u00f0ir \u00feinn,\u201c svara\u00f0i hann. <a name=\"14\"><span class=\"versanumer_2007\">14<\/span><\/a> \u201eVertu hjartanlega velkominn, br\u00f3\u00f0ir,\u201c sag\u00f0i T\u00f3b\u00edt. \u201eTaktu \u00fea\u00f0 ekki illa upp, br\u00f3\u00f0ir, \u00fe\u00f3tt \u00e9g vildi vita hi\u00f0 sanna um hverra manna \u00fe\u00fa v\u00e6rir. \u00de\u00fa ert vissulega br\u00f3\u00f0ir og af g\u00f3\u00f0ri og g\u00f6fugri \u00e6tt. \u00c9g \u00feekkti Anan\u00edas og Natan, syni Semaja gamla. \u00deeir voru oft samfer\u00f0a m\u00e9r til Jer\u00fasalem til a\u00f0 bi\u00f0jast fyrir og aldrei l\u00e9tu \u00feeir lei\u00f0a sig afvega. Br\u00e6\u00f0ur \u00fe\u00ednir eru g\u00f3\u00f0ir menn og \u00fe\u00fa af g\u00f3\u00f0u f\u00f3lki kominn. Velkominn s\u00e9rtu! <a name=\"15\"><span class=\"versanumer_2007\">15<\/span><\/a> \u00c9g skal grei\u00f0a \u00fe\u00e9r dr\u00f6kmu \u00e1 dag \u00ed laun,\u201c h\u00e9lt hann \u00e1fram, \u201eog \u00fea\u00f0 sem \u00fe\u00fa og sonur minn \u00fearfnist. Far\u00f0u me\u00f0 syni m\u00ednum <a name=\"16\"><span class=\"versanumer_2007\">16<\/span><\/a> og \u00e9g mun grei\u00f0a \u00fe\u00e9r \u00e1b\u00f3t \u00e1 launin.\u201c \u201e\u00c9g skal fara me\u00f0 honum,\u201c svara\u00f0i Rafael. \u201e\u00de\u00fa skalt vera \u00e1hyggjulaus. Okkur mun farnast vel og vi\u00f0 munum koma heilir \u00e1 h\u00fafi til \u00fe\u00edn aftur. Vegirnir eru \u00f6ruggir.\u201c <a name=\"17\"><span class=\"versanumer_2007\">17<\/span><\/a> \u00de\u00e1 sag\u00f0i T\u00f3b\u00edt: \u201e\u00c9g \u00f3ska \u00fe\u00e9r fararheilla, br\u00f3\u00f0ir.\u201c S\u00ed\u00f0an kalla\u00f0i hann \u00e1 son sinn og sag\u00f0i vi\u00f0 hann: \u201eTaktu \u00fea\u00f0 til sem \u00fe\u00fa \u00fearft til fararinnar, barn, og far\u00f0u me\u00f0 br\u00f3\u00f0ur \u00fe\u00ednum. Gu\u00f0 \u00e1 himnum verndi ykkur alla lei\u00f0ina og veiti m\u00e9r a\u00f0 f\u00e1 ykkur heilu og h\u00f6ldnu aftur heim. Engill hans veri me\u00f0 ykkur og verndi ykkur, barn.\u201c<br \/>T\u00f3b\u00edas f\u00f3r til a\u00f0 b\u00faa sig til farar og kyssti s\u00ed\u00f0an f\u00f6\u00f0ur sinn og m\u00f3\u00f0ur og T\u00f3b\u00edt \u00f3ska\u00f0i honum g\u00f3\u00f0rar fer\u00f0ar. <a name=\"18\"><span class=\"versanumer_2007\">18<\/span><\/a> En m\u00f3\u00f0ir hans brast \u00ed gr\u00e1t og sag\u00f0i vi\u00f0 T\u00f3b\u00edt: \u201eHvers vegna hefur\u00f0u sent barni\u00f0 mitt burtu? Er hann ekki sto\u00f0 okkar og stytta svo lengi sem hann gengur \u00fat og inn \u00e1 heimili okkar? <a name=\"19\"><span class=\"versanumer_2007\">19<\/span><\/a> Hverju skiptir \u00fe\u00f3tt vi\u00f0 f\u00e1um ekki \u00feessa peninga aftur? \u00deeir eru h\u00e9g\u00f3mi samanbori\u00f0 vi\u00f0 barni\u00f0 okkar. <a name=\"20\"><span class=\"versanumer_2007\">20<\/span><\/a> Okkur n\u00e6gir \u00fea\u00f0 sem Drottinn hefur gefi\u00f0 okkur til vi\u00f0urv\u00e6ris.\u201c <a name=\"21\"><span class=\"versanumer_2007\">21<\/span><\/a> Hann svara\u00f0i: \u201eVertu r\u00f3leg. Barninu okkar mun farnast vel \u00e1 lei\u00f0inni fram og aftur. \u00dea\u00f0 muntu sj\u00e1 me\u00f0 eigin augum \u00feegar hann kemur heill \u00e1 h\u00fafi aftur til \u00fe\u00edn. Vertu r\u00f3leg og \u00e1hyggjulaus \u00feeirra vegna, systir m\u00edn. <a name=\"22\"><span class=\"versanumer_2007\">22<\/span><\/a> G\u00f3\u00f0ur engill mun fylgja \u00feeim, fer\u00f0in ver\u00f0ur hin fars\u00e6lasta og T\u00f3b\u00edas mun koma aftur heill \u00e1 h\u00fafi.\u201c <\/p>\n","protected":false},"excerpt":{"rendered":"<p>F\u00f6rin undirb\u00fain 1 T\u00f3b\u00edas svara\u00f0i T\u00f3b\u00edt f\u00f6\u00f0ur s\u00ednum og sag\u00f0i: \u201e\u00c9g mun breyta \u00ed \u00f6llu eins og \u00fe\u00fa, fa\u00f0ir, hefur bo\u00f0i\u00f0 m\u00e9r. 2 En hvernig \u00e1 \u00e9g a\u00f0 fara a\u00f0 \u00fev\u00ed a\u00f0 n\u00e1lgast silfri\u00f0? Hvorki \u00feekkir Gabael mig n\u00e9 \u00e9g hann. Hvernig \u00e1 \u00e9g a\u00f0 sanna honum hver \u00e9g s\u00e9 svo a\u00f0 hann tr\u00fai m\u00e9r og afhendi m\u00e9r f\u00e9\u00f0? Hvernig \u00e1 \u00e9g l\u00edka a\u00f0 komast til Med\u00edu? Ekki rata \u00e9g \u00feanga\u00f0.\u201c 3 T\u00f3b\u00edt gaf T\u00f3b\u00edasi syni s\u00ednum \u00feetta svar: \u201eGabael gaf m\u00e9r kvittun s\u00edna og \u00e9g honum skjal sem vi\u00f0 skiptum \u00ed tvennt. Hvor t\u00f3k sinn hlutann og annan skildi <a href=\"https:\/\/biblian.is\/biblian\/tobitsbok-5-kafli\/\"> [&#8230;]<\/a><\/p>\n","protected":false},"author":1,"featured_media":0,"parent":0,"menu_order":0,"comment_status":"open","ping_status":"open","template":"bibliukaflar.php","meta":{"footnotes":""},"class_list":["post-2811","page","type-page","status-publish","hentry"],"_links":{"self":[{"href":"https:\/\/biblian.is\/biblian\/wp-json\/wp\/v2\/pages\/2811","targetHints":{"allow":["GET"]}}],"collection":[{"href":"https:\/\/biblian.is\/biblian\/wp-json\/wp\/v2\/pages"}],"about":[{"href":"https:\/\/biblian.is\/biblian\/wp-json\/wp\/v2\/types\/page"}],"author":[{"embeddable":true,"href":"https:\/\/biblian.is\/biblian\/wp-json\/wp\/v2\/users\/1"}],"replies":[{"embeddable":true,"href":"https:\/\/biblian.is\/biblian\/wp-json\/wp\/v2\/comments?post=2811"}],"version-history":[{"count":0,"href":"https:\/\/biblian.is\/biblian\/wp-json\/wp\/v2\/pages\/2811\/revisions"}],"wp:attachment":[{"href":"https:\/\/biblian.is\/biblian\/wp-json\/wp\/v2\/media?parent=2811"}],"curies":[{"name":"wp","href":"https:\/\/api.w.org\/{rel}","templated":true}]}}