{"id":2809,"date":"2017-12-30T21:04:44","date_gmt":"2017-12-30T21:04:44","guid":{"rendered":"http:\/\/biblian.is\/biblian\/t%c2%97b%c2%92tsb%c2%97k-3-kafli\/"},"modified":"2018-01-12T18:10:09","modified_gmt":"2018-01-12T18:10:09","slug":"tobitsbok-3-kafli","status":"publish","type":"page","link":"https:\/\/biblian.is\/biblian\/tobitsbok-3-kafli\/","title":{"rendered":"T\u00f3b\u00edtsb\u00f3k 3. kafli"},"content":{"rendered":"<h3 class=\"millifyrirsogn_2007\"> B\u00e6n T\u00f3b\u00edts<\/h3>\n<p><a name=\"1\"><span class=\"versanumer_2007\">1<\/span><\/a> \u00c9g var\u00f0 s\u00e1rhryggur, stundi, gr\u00e9t og t\u00f3k a\u00f0 bi\u00f0ja \u00ed hugarangri m\u00ednu:<br \/> <span class=\"ljodatexti\"> <a name=\"2\"><span class=\"versanumer_ljod\">2<\/span><\/a> R\u00e9ttl\u00e1tur ert \u00fe\u00fa, Drottinn,<br \/>\u00f6ll verk \u00fe\u00edn eru r\u00e9ttl\u00e1t,<br \/>allir vegir \u00fe\u00ednir miskunn og sannleikur,<br \/>\u00fe\u00fa d\u00e6mir heiminn.<br \/> <\/span> <span class=\"ljodatexti\"> <a name=\"3\"><span class=\"versanumer_ljod\">3<\/span><\/a> Minnstu m\u00edn n\u00fa, Drottinn, og l\u00edt \u00ed n\u00e1\u00f0 til m\u00edn.<br \/>Refsa m\u00e9r ekki fyrir syndir m\u00ednar og yfirsj\u00f3nir<br \/>n\u00e9 heldur fe\u00f0ra minna.<br \/>\u00deeir syndgu\u00f0u gegn \u00fe\u00e9r <span class=\"nedan_mal\" title=\" \u00d6nnur hugsanleg \u00fe\u00fd\u00f0ing: \u00c9g syndga\u00f0i gegn \u00fe\u00e9r.\">[<\/span> <br \/> <\/span> <span class=\"ljodatexti\"> <a name=\"4\"><span class=\"versanumer_ljod\">4<\/span><\/a> og breyttu gegn bo\u00f0um \u00fe\u00ednum.<br \/>\u00de\u00e1 ofurseldir \u00fe\u00fa oss r\u00e1num, herlei\u00f0ingu og dau\u00f0a<br \/>sem allar \u00fej\u00f3\u00f0ir, sem \u00fe\u00fa dreif\u00f0ir oss \u00e1 me\u00f0al,<br \/>ger\u00f0u or\u00f0skvi\u00f0i um oss til h\u00e1\u00f0ungar.<br \/> <\/span> <span class=\"ljodatexti\"> <a name=\"5\"><span class=\"versanumer_ljod\">5<\/span><\/a> Hinar m\u00f6rgu refsingar, sem \u00e9g s\u00e6ti,<br \/>eru r\u00e9ttl\u00e1tir d\u00f3mar fyrir syndir m\u00ednar.<br \/>\u00dev\u00ed a\u00f0 v\u00e9r h\u00e9ldum ekki bo\u00f0or\u00f0 \u00fe\u00edn<br \/>og lif\u00f0um ekki r\u00e9ttl\u00e1tlega frammi fyrir \u00fe\u00e9r.<br \/> <\/span> <span class=\"ljodatexti\"> <a name=\"6\"><span class=\"versanumer_ljod\">6<\/span><\/a>Gj\u00f6r n\u00fa vi\u00f0 mig sem \u00fe\u00e9r \u00fe\u00f3knast,<br \/>bj\u00f3\u00f0 a\u00f0 andi minn ver\u00f0i tekinn fr\u00e1 m\u00e9r<br \/>og \u00e9g numinn af yfirbor\u00f0i jar\u00f0ar<br \/>og ver\u00f0i sj\u00e1lfur mold.<br \/>\u00dev\u00ed a\u00f0 betra er m\u00e9r a\u00f0 deyja en a\u00f0 lifa<br \/>og \u00feurfa a\u00f0 heyra \u00e1login brigslyr\u00f0i<br \/>og vera \u00ferunginn harmi.<br \/> Drottinn, bj\u00f3\u00f0 \u00fe\u00fa a\u00f0 \u00e9g leysist \u00far \u00feessum nau\u00f0um,<br \/>leyf m\u00e9r a\u00f0 hverfa til eil\u00edfra heimkynna.<br \/>Sn\u00fa ei augliti \u00fe\u00ednu fr\u00e1 m\u00e9r, Drottinn.<br \/>\u00dev\u00ed a\u00f0 betra er m\u00e9r a\u00f0 deyja og losna vi\u00f0 a\u00f0 heyra lastm\u00e6li<br \/>en a\u00f0 horfast \u00ed augu vi\u00f0 alla \u00feessa kv\u00f6l um \u00e6vidaga m\u00edna. <\/span> <\/p>\n<h3 class=\"millifyrirsogn_2007\">Vandkv\u00e6\u00f0i S\u00f6ru<\/h3>\n<p><a name=\"7\"><span class=\"versanumer_2007\">7<\/span><\/a> \u00deennan sama dag bar svo vi\u00f0 a\u00f0 Sara Rag\u00faelsd\u00f3ttir \u00ed Ekbatana \u00ed Med\u00edu var sm\u00e1nu\u00f0 af einni af \u00fej\u00f3nustust\u00falkum f\u00f6\u00f0ur hennar. <a name=\"8\"><span class=\"versanumer_2007\">8<\/span><\/a> En svo var a\u00f0 Sara haf\u00f0i sj\u00f6 sinnum gifst en illi andinn Asm\u00f3deus deyddi alla menn hennar \u00e1\u00f0ur en h\u00fan haf\u00f0i lagst me\u00f0 nokkrum \u00feeirra eins og eiginkonum ber. \u00dej\u00f3nustust\u00falkan sag\u00f0i vi\u00f0 hana: \u201e\u00dea\u00f0 ert \u00fe\u00fa sj\u00e1lf sem drepur menn \u00fe\u00edna. N\u00fa \u00feegar hefur \u00fe\u00fa gifst sj\u00f6 m\u00f6nnum en ber\u00f0 ekki nafn neins \u00feeirra. <a name=\"9\"><span class=\"versanumer_2007\">9<\/span><\/a> Hv\u00ed ertu a\u00f0 berja okkur? Er \u00fea\u00f0 af \u00fev\u00ed a\u00f0 menn \u00fe\u00ednir d\u00f3u? Komdu \u00fe\u00e9r til \u00feeirra. Gu\u00f0 for\u00f0i \u00fev\u00ed a\u00f0 vi\u00f0 \u00feurfum nokkru sinni a\u00f0 sj\u00e1 son \u00feinn e\u00f0a d\u00f3ttur.\u201c<br \/> <a name=\"10\"><span class=\"versanumer_2007\">10<\/span><\/a> Sara var\u00f0 s\u00e1rhrygg, brast \u00ed gr\u00e1t og f\u00f3r upp \u00e1 efri h\u00e6\u00f0ina \u00ed h\u00fasi f\u00f6\u00f0ur s\u00edns til \u00feess a\u00f0 hengja sig. En henni snerist hugur og h\u00fan sag\u00f0i: \u201e\u00c6tli menn muni ekki s\u00e6ra f\u00f6\u00f0ur minn og segja vi\u00f0 hann: \u00de\u00fa \u00e1ttir a\u00f0eins eina d\u00f3ttur og elska\u00f0ir hana heitt en h\u00fan var svo vans\u00e6l a\u00f0 h\u00fan hengdi sig. \u00de\u00e1 yr\u00f0i \u00e9g v\u00f6ld a\u00f0 \u00fev\u00ed a\u00f0 aldra\u00f0ur fa\u00f0ir minn d\u00e6i af harmi. Nei. \u00c9g geri r\u00e9ttara \u00ed \u00fev\u00ed a\u00f0 hengja mig ekki. Heldur skal \u00e9g bi\u00f0ja Drottin a\u00f0 hann l\u00e1ti mig deyja svo a\u00f0 \u00e9g \u00feurfi ekki a\u00f0 lifa og heyra fleiri lastm\u00e6li.\u201c<\/p>\n<h3 class=\"millifyrirsogn_2007\">B\u00e6n S\u00f6ru<\/h3>\n<p><a name=\"11\"><span class=\"versanumer_2007\">11<\/span><\/a> \u00de\u00e1 \u00feegar teyg\u00f0i h\u00fan hendurnar \u00ed \u00e1tt a\u00f0 glugganum og ba\u00f0:<br \/> <span class=\"ljodatexti\"> Lofa\u00f0ur s\u00e9rt \u00fe\u00fa, miskunnsami Gu\u00f0,<br \/>lofa\u00f0 s\u00e9 nafn \u00feitt a\u00f0 eil\u00edfu.<br \/>Lofi \u00feig \u00f6ll verk \u00fe\u00edn a\u00f0 eil\u00edfu.<br \/> <\/span> <span class=\"ljodatexti\"> <a name=\"12\"><span class=\"versanumer_ljod\">12<\/span><\/a> \u00c9g hef \u00e1sj\u00f3nu m\u00edna og augu upp til \u00fe\u00edn.<br \/> <\/span> <span class=\"ljodatexti\"> <a name=\"13\"><span class=\"versanumer_ljod\">13<\/span><\/a> Bj\u00f3\u00f0 \u00fe\u00fa a\u00f0 \u00e9g leysist af j\u00f6r\u00f0u<br \/>svo a\u00f0 \u00e9g \u00feurfi ekki a\u00f0 hl\u00fd\u00f0a \u00e1 fleiri hnj\u00f3\u00f0syr\u00f0i.<br \/> <\/span> <span class=\"ljodatexti\"> <a name=\"14\"><span class=\"versanumer_ljod\">14<\/span><\/a> \u00de\u00fa, Drottinn, veist a\u00f0 \u00e9g er \u00f3flekku\u00f0 af karlmannsv\u00f6ldum<br \/> <\/span> <span class=\"ljodatexti\"> <a name=\"15\"><span class=\"versanumer_ljod\">15<\/span><\/a> og a\u00f0 hvorki hef \u00e9g flekka\u00f0 nafn mitt n\u00e9 f\u00f6\u00f0ur m\u00edns<br \/>h\u00e9r \u00ed landi \u00fatleg\u00f0arinnar.<br \/>\u00c9g er einkabarn f\u00f6\u00f0ur m\u00edns,<br \/>hann \u00e1 engan erfingja nema mig<br \/>og ekki heldur neinn \u00e6ttingja e\u00f0a n\u00e1kominn<br \/>sem m\u00e9r ber a\u00f0 gefast.<br \/> \u00c9g hef \u00feegar misst sj\u00f6 menn.<br \/>Hv\u00ed skyldi \u00e9g lengur lifa?<br \/>En viljir \u00fe\u00fa, Drottinn, ekki l\u00e1ta mig deyja<br \/>hl\u00fd\u00f0 allt\u00e9nt \u00e1 hnj\u00f3\u00f0i\u00f0 sem \u00e9g s\u00e6ti. <\/span> <\/p>\n<h3 class=\"millifyrirsogn_2007\">Gu\u00f0 heyrir b\u00e6nir T\u00f3b\u00edts og S\u00f6ru<\/h3>\n<p><a name=\"16\"><span class=\"versanumer_2007\">16<\/span><\/a> \u00cd s\u00f6mu andr\u00e1 voru b\u00e6nir beggja heyr\u00f0ar frammi fyrir d\u00fdr\u00f0 Gu\u00f0s. <a name=\"17\"><span class=\"versanumer_2007\">17<\/span><\/a> Var Rafael sendur til a\u00f0 l\u00edkna b\u00e1\u00f0um tveim; T\u00f3b\u00edt me\u00f0 \u00fev\u00ed a\u00f0 leysa himnurnar fr\u00e1 augum hans, svo a\u00f0 \u00feau m\u00e6ttu aftur l\u00edta lj\u00f3s Gu\u00f0s, og S\u00f6ru Rag\u00faelsd\u00f3ttur me\u00f0 \u00fev\u00ed a\u00f0 gefa hana T\u00f3b\u00edasi T\u00f3b\u00edtssyni a\u00f0 eiginkonu og frelsa hana fr\u00e1 illa andanum Asm\u00f3deusi. En svo var a\u00f0 T\u00f3b\u00edas \u00e1tti meiri r\u00e9tt \u00e1 a\u00f0 f\u00e1 hana til eignar en allir a\u00f0rir sem \u00feess f\u00fdsti.<br \/>Um lei\u00f0 og T\u00f3b\u00edt sneri aftur inn \u00ed h\u00fas sitt kom Sara Rag\u00faelsd\u00f3ttir ofan af efri h\u00e6\u00f0inni.<\/p>\n","protected":false},"excerpt":{"rendered":"<p>B\u00e6n T\u00f3b\u00edts 1 \u00c9g var\u00f0 s\u00e1rhryggur, stundi, gr\u00e9t og t\u00f3k a\u00f0 bi\u00f0ja \u00ed hugarangri m\u00ednu: 2 R\u00e9ttl\u00e1tur ert \u00fe\u00fa, Drottinn,\u00f6ll verk \u00fe\u00edn eru r\u00e9ttl\u00e1t,allir vegir \u00fe\u00ednir miskunn og sannleikur,\u00fe\u00fa d\u00e6mir heiminn. 3 Minnstu m\u00edn n\u00fa, Drottinn, og l\u00edt \u00ed n\u00e1\u00f0 til m\u00edn.Refsa m\u00e9r ekki fyrir syndir m\u00ednar og yfirsj\u00f3nirn\u00e9 heldur fe\u00f0ra minna.\u00deeir syndgu\u00f0u gegn \u00fe\u00e9r [ 4 og breyttu gegn bo\u00f0um \u00fe\u00ednum.\u00de\u00e1 ofurseldir \u00fe\u00fa oss r\u00e1num, herlei\u00f0ingu og dau\u00f0asem allar \u00fej\u00f3\u00f0ir, sem \u00fe\u00fa dreif\u00f0ir oss \u00e1 me\u00f0al,ger\u00f0u or\u00f0skvi\u00f0i um oss til h\u00e1\u00f0ungar. 5 Hinar m\u00f6rgu refsingar, sem \u00e9g s\u00e6ti,eru r\u00e9ttl\u00e1tir d\u00f3mar fyrir syndir m\u00ednar.\u00dev\u00ed a\u00f0 v\u00e9r h\u00e9ldum ekki bo\u00f0or\u00f0 \u00fe\u00ednog <a href=\"https:\/\/biblian.is\/biblian\/tobitsbok-3-kafli\/\"> [&#8230;]<\/a><\/p>\n","protected":false},"author":1,"featured_media":0,"parent":0,"menu_order":0,"comment_status":"open","ping_status":"open","template":"bibliukaflar.php","meta":{"footnotes":""},"class_list":["post-2809","page","type-page","status-publish","hentry"],"_links":{"self":[{"href":"https:\/\/biblian.is\/biblian\/wp-json\/wp\/v2\/pages\/2809","targetHints":{"allow":["GET"]}}],"collection":[{"href":"https:\/\/biblian.is\/biblian\/wp-json\/wp\/v2\/pages"}],"about":[{"href":"https:\/\/biblian.is\/biblian\/wp-json\/wp\/v2\/types\/page"}],"author":[{"embeddable":true,"href":"https:\/\/biblian.is\/biblian\/wp-json\/wp\/v2\/users\/1"}],"replies":[{"embeddable":true,"href":"https:\/\/biblian.is\/biblian\/wp-json\/wp\/v2\/comments?post=2809"}],"version-history":[{"count":0,"href":"https:\/\/biblian.is\/biblian\/wp-json\/wp\/v2\/pages\/2809\/revisions"}],"wp:attachment":[{"href":"https:\/\/biblian.is\/biblian\/wp-json\/wp\/v2\/media?parent=2809"}],"curies":[{"name":"wp","href":"https:\/\/api.w.org\/{rel}","templated":true}]}}