{"id":2808,"date":"2017-12-30T21:04:44","date_gmt":"2017-12-30T21:04:44","guid":{"rendered":"http:\/\/biblian.is\/biblian\/t%c2%97b%c2%92tsb%c2%97k-2-kafli\/"},"modified":"2018-01-12T18:03:16","modified_gmt":"2018-01-12T18:03:16","slug":"tobitsbok-2-kafli","status":"publish","type":"page","link":"https:\/\/biblian.is\/biblian\/tobitsbok-2-kafli\/","title":{"rendered":"T\u00f3b\u00edtsb\u00f3k 2. kafli"},"content":{"rendered":"<h3 class=\"millifyrirsogn_2007\"> Fj\u00f6lskyldan fagnar<\/h3>\n<p><a name=\"1\"><span class=\"versanumer_2007\">1<\/span><\/a> \u00deegar Asarhaddon var kominn til r\u00edkis sneri \u00e9g \u00e1 n\u00fd til m\u00edns heima og f\u00e9kk aftur \u00d6nnu konu m\u00edna og T\u00f3b\u00edas son minn. \u00c1 hv\u00edtasunnuh\u00e1t\u00ed\u00f0 okkar, sem einnig kallast heil\u00f6g viknah\u00e1t\u00ed\u00f0, var m\u00e9r haldin vegleg veisla. \u00c9g kom m\u00e9r fyrir til a\u00f0 neyta veislufanganna. <a name=\"2\"><span class=\"versanumer_2007\">2<\/span><\/a> Er \u00e9g s\u00e1 hv\u00edl\u00edk gn\u00f3tt var borin \u00e1 bor\u00f0 fyrir mig sag\u00f0i \u00e9g vi\u00f0 T\u00f3b\u00edas son minn: \u201eFar\u00f0u \u00fat, barni\u00f0 mitt, og finnir \u00fe\u00fa einhvern f\u00e1t\u00e6kling me\u00f0al herleiddra landa okkar h\u00e9r \u00ed N\u00edn\u00edve sem er r\u00e9tttr\u00faa\u00f0ur skaltu koma me\u00f0 hann svo a\u00f0 hann geti matast me\u00f0 m\u00e9r. \u00c9g skal b\u00ed\u00f0a \u00feanga\u00f0 til \u00fe\u00fa kemur aftur.\u201c<\/p>\n<h3 class=\"millifyrirsogn_2007\">Mor\u00f0 \u00ed N\u00edn\u00edve<\/h3>\n<p><a name=\"3\"><span class=\"versanumer_2007\">3<\/span><\/a> T\u00f3b\u00edas f\u00f3r \u00fat til a\u00f0 leita a\u00f0 f\u00e1t\u00e6kum landa en kom til baka og sag\u00f0i: \u201eFa\u00f0ir!\u201c \u201eJ\u00e1, drengur minn,\u201c svara\u00f0i \u00e9g. \u201eEinn samlanda okkar hefur veri\u00f0 myrtur,\u201c h\u00e9lt hann \u00e1fram. \u201eHann var kyrktur og honum hent \u00fat \u00e1 torgi\u00f0 og \u00fear liggur hann.\u201c <a name=\"4\"><span class=\"versanumer_2007\">4<\/span><\/a> \u00c9g spratt upp fr\u00e1 bor\u00f0inu \u00e1n \u00feess a\u00f0 hafa brag\u00f0a\u00f0 \u00e1 neinu, s\u00f3tti l\u00edki\u00f0 \u00fat \u00e1 str\u00e6ti\u00f0 og bar \u00fea\u00f0 inn \u00ed sk\u00far \u00fear sem \u00e9g kom \u00fev\u00ed fyrir uns s\u00f3l gengi undir. \u00de\u00e1 g\u00e6ti \u00e9g lagt \u00fea\u00f0 \u00ed gr\u00f6f. <a name=\"5\"><span class=\"versanumer_2007\">5<\/span><\/a> S\u00ed\u00f0an h\u00e9lt \u00e9g heim, ba\u00f0a\u00f0i mig og mata\u00f0ist hryggur \u00ed brag\u00f0i. <a name=\"6\"><span class=\"versanumer_2007\">6<\/span><\/a> Og \u00e9g minntist or\u00f0a Amosar sp\u00e1manns sem hann m\u00e6lti um Betel:<br \/> <span class=\"ljodatexti\"> H\u00e1t\u00ed\u00f0ir y\u00f0ar munu sn\u00faast \u00ed sorg<br \/>og allir s\u00f6ngvar y\u00f0ar \u00ed harmkv\u00e6\u00f0i.<span class=\"nedan_mal\" title=\" Am 8.10 skv. gr\u00edsku sj\u00f6t\u00edumanna\u00fe\u00fd\u00f0ingunni.\">[<\/span><br \/> <\/span> <a name=\"7\"><span class=\"versanumer_2007\">7<\/span><\/a> \u00de\u00e1 brast \u00e9g \u00ed gr\u00e1t.<br \/>S\u00ed\u00f0an er s\u00f3l var sest t\u00f3k \u00e9g gr\u00f6f og jar\u00f0a\u00f0i l\u00edki\u00f0. <a name=\"8\"><span class=\"versanumer_2007\">8<\/span><\/a> N\u00e1grannar m\u00ednir ger\u00f0u gys a\u00f0 m\u00e9r og s\u00f6g\u00f0u: \u201eEr hann ekki lengur hr\u00e6ddur? N\u00fdlega \u00feurfti hann a\u00f0 bjarga s\u00e9r \u00e1 fl\u00f3tta \u00feegar \u00e1tti a\u00f0 drepa hann fyrir a\u00f0 gera \u00feetta sama. N\u00fa er hann aftur tekinn til vi\u00f0 a\u00f0 greftra dau\u00f0a!\u201c<br \/> <\/span><\/p>\n<h3 class=\"millifyrirsogn_2007\">T\u00f3b\u00edt sleginn blindu<\/h3>\n<p><a name=\"9\"><span class=\"versanumer_2007\">9<\/span><\/a> Um n\u00f3ttina ba\u00f0a\u00f0i \u00e9g mig, f\u00f3r \u00fat \u00ed gar\u00f0 og lag\u00f0ist til svefns undir gar\u00f0veggnum. Sakir \u00feess a\u00f0 heitt var haf\u00f0i \u00e9g ekkert \u00e1 h\u00f6f\u00f0inu. <a name=\"10\"><span class=\"versanumer_2007\">10<\/span><\/a> \u00c9g vissi ekki a\u00f0 sp\u00f6rvar h\u00f6f\u00f0ust vi\u00f0 \u00ed veggnum fyrir ofan mig og volgt drit \u00feeirra f\u00e9ll \u00ed augu m\u00e9r og mynda\u00f0i hv\u00edta himnu. \u00c9g leita\u00f0i hj\u00e1lpar af l\u00e6knum en \u00fev\u00ed fleiri smyrsli sem \u00feeir b\u00e1ru \u00e1 augun \u00feeim mun meira spillti himnan sj\u00f3ninni uns \u00e9g var\u00f0 alblindur. \u00cd fj\u00f6gur \u00e1r var \u00e9g me\u00f0 \u00f6llu sj\u00f3nlaus og allir landar m\u00ednir fundu s\u00e1rt til me\u00f0 m\u00e9r. Ak\u00edkar s\u00e1 fyrir m\u00e9r \u00ed tv\u00f6 \u00e1r en \u00fe\u00e1 f\u00f3r hann til Elam. <\/p>\n<h3 class=\"millifyrirsogn_2007\">Heimiliserjur<\/h3>\n<p><a name=\"11\"><span class=\"versanumer_2007\">11<\/span><\/a> Um \u00feessar mundir t\u00f3k Anna kona m\u00edn a\u00f0 vinna fyrir s\u00e9r me\u00f0 vefna\u00f0i eins og kvenna er h\u00e1ttur. <a name=\"12\"><span class=\"versanumer_2007\">12<\/span><\/a> Vinnuveitendur hennar greiddu henni laun \u00feegar h\u00fan sendi \u00feeim ullina. Sj\u00f6unda dag dystrosm\u00e1na\u00f0ar t\u00f3k h\u00fan va\u00f0m\u00e1li\u00f0 og sendi h\u00fasb\u00e6ndum s\u00ednum sem greiddu henni full laun fyrir og g\u00e1fu henni ki\u00f0ling \u00ed matinn. <a name=\"13\"><span class=\"versanumer_2007\">13<\/span><\/a> \u00deegar h\u00fan kom s\u00ed\u00f0an til m\u00edn t\u00f3k ki\u00f0lingurinn a\u00f0 jarma. \u00c9g kalla\u00f0i \u00e1 hana og spur\u00f0i: \u201eHva\u00f0an kemur \u00feessi ki\u00f0lingur? Er hann kannski illa fenginn? Far\u00f0u me\u00f0 hann aftur til eigendanna. Ekki leyfist okkur a\u00f0 eta \u00fea\u00f0 sem stoli\u00f0 er.\u201c<a name=\"14\"><span class=\"versanumer_2007\">14<\/span><\/a> H\u00fan svara\u00f0i m\u00e9r og sag\u00f0i: \u201eKi\u00f0linginn f\u00e9kk \u00e9g \u00ed kaupb\u00e6ti.\u201c En \u00e9g tr\u00fa\u00f0i henni ekki og sag\u00f0i henni a\u00f0 skila honum til eiganda s\u00edns og ro\u00f0na\u00f0i af rei\u00f0i vegna \u00feess sem h\u00fan haf\u00f0i gert. \u00de\u00e1 sag\u00f0i h\u00fan vi\u00f0 mig: \u201eHva\u00f0 hafa miskunnarverkin gagnast \u00fe\u00e9r? Hva\u00f0 hafa r\u00e9ttl\u00e6tisverkin sto\u00f0a\u00f0 \u00feig? \u00dea\u00f0 dylst n\u00fa engum sem l\u00edtur \u00feig!\u201c<\/p>\n","protected":false},"excerpt":{"rendered":"<p>Fj\u00f6lskyldan fagnar 1 \u00deegar Asarhaddon var kominn til r\u00edkis sneri \u00e9g \u00e1 n\u00fd til m\u00edns heima og f\u00e9kk aftur \u00d6nnu konu m\u00edna og T\u00f3b\u00edas son minn. \u00c1 hv\u00edtasunnuh\u00e1t\u00ed\u00f0 okkar, sem einnig kallast heil\u00f6g viknah\u00e1t\u00ed\u00f0, var m\u00e9r haldin vegleg veisla. \u00c9g kom m\u00e9r fyrir til a\u00f0 neyta veislufanganna. 2 Er \u00e9g s\u00e1 hv\u00edl\u00edk gn\u00f3tt var borin \u00e1 bor\u00f0 fyrir mig sag\u00f0i \u00e9g vi\u00f0 T\u00f3b\u00edas son minn: \u201eFar\u00f0u \u00fat, barni\u00f0 mitt, og finnir \u00fe\u00fa einhvern f\u00e1t\u00e6kling me\u00f0al herleiddra landa okkar h\u00e9r \u00ed N\u00edn\u00edve sem er r\u00e9tttr\u00faa\u00f0ur skaltu koma me\u00f0 hann svo a\u00f0 hann geti matast me\u00f0 m\u00e9r. \u00c9g skal b\u00ed\u00f0a \u00feanga\u00f0 til <a href=\"https:\/\/biblian.is\/biblian\/tobitsbok-2-kafli\/\"> [&#8230;]<\/a><\/p>\n","protected":false},"author":1,"featured_media":0,"parent":0,"menu_order":0,"comment_status":"open","ping_status":"open","template":"bibliukaflar.php","meta":{"footnotes":""},"class_list":["post-2808","page","type-page","status-publish","hentry"],"_links":{"self":[{"href":"https:\/\/biblian.is\/biblian\/wp-json\/wp\/v2\/pages\/2808","targetHints":{"allow":["GET"]}}],"collection":[{"href":"https:\/\/biblian.is\/biblian\/wp-json\/wp\/v2\/pages"}],"about":[{"href":"https:\/\/biblian.is\/biblian\/wp-json\/wp\/v2\/types\/page"}],"author":[{"embeddable":true,"href":"https:\/\/biblian.is\/biblian\/wp-json\/wp\/v2\/users\/1"}],"replies":[{"embeddable":true,"href":"https:\/\/biblian.is\/biblian\/wp-json\/wp\/v2\/comments?post=2808"}],"version-history":[{"count":0,"href":"https:\/\/biblian.is\/biblian\/wp-json\/wp\/v2\/pages\/2808\/revisions"}],"wp:attachment":[{"href":"https:\/\/biblian.is\/biblian\/wp-json\/wp\/v2\/media?parent=2808"}],"curies":[{"name":"wp","href":"https:\/\/api.w.org\/{rel}","templated":true}]}}