{"id":2806,"date":"2017-12-30T21:04:44","date_gmt":"2017-12-30T21:04:44","guid":{"rendered":"http:\/\/biblian.is\/biblian\/opinberunarb%c2%97kin-22-kafli\/"},"modified":"2019-08-26T23:31:19","modified_gmt":"2019-08-26T23:31:19","slug":"opinberunarbok-johannesar-22-kafli","status":"publish","type":"page","link":"https:\/\/biblian.is\/biblian\/opinberunarbok-johannesar-22-kafli\/","title":{"rendered":"Opinberunarb\u00f3k J\u00f3hannesar 22. kafli"},"content":{"rendered":"<p><a name=\"1\"><span class=\"versanumer_2007\">1<\/span><\/a> Og hann s\u00fdndi m\u00e9r m\u00f3\u00f0u l\u00edfsvatnsins, sk\u00e6ra sem kristall. H\u00fan rann fr\u00e1 h\u00e1s\u00e6ti Gu\u00f0s og lambsins <a name=\"2\"><span class=\"versanumer_2007\">2<\/span><\/a> eftir mi\u00f0ju str\u00e6ti borgarinnar. Beggja vegna m\u00f3\u00f0unnar var l\u00edfsins tr\u00e9 sem ber t\u00f3lf sinnum \u00e1v\u00f6xt. \u00cd hverjum m\u00e1nu\u00f0i ber \u00fea\u00f0 \u00e1v\u00f6xt sinn. Bl\u00f6\u00f0 tr\u00e9sins eru til l\u00e6kningar \u00fej\u00f3\u00f0unum. <a name=\"3\"><span class=\"versanumer_2007\">3<\/span><\/a> Engin b\u00f6lvun mun framar til vera. Og h\u00e1s\u00e6ti Gu\u00f0s og lambsins mun vera \u00ed borginni og \u00fej\u00f3nar hans munu \u00fej\u00f3na honum. <a name=\"4\"><span class=\"versanumer_2007\">4<\/span><\/a> \u00deeir munu sj\u00e1 \u00e1sj\u00f3nu hans og nafn hans mun vera \u00e1 ennum \u00feeirra. <a name=\"5\"><span class=\"versanumer_2007\">5<\/span><\/a> N\u00f3tt mun ekki framar til vera og \u00feeir \u00feurfa hvorki lampalj\u00f3s n\u00e9 s\u00f3larlj\u00f3s \u00fev\u00ed a\u00f0 Drottinn Gu\u00f0 sk\u00edn \u00e1 \u00fe\u00e1 og \u00feeir munu r\u00edkja um aldir alda. <\/p>\n<h3 class=\"millifyrirsogn_2007\">Kom \u00fe\u00fa, Jes\u00fas<\/h3>\n<p><a name=\"6\"><span class=\"versanumer_2007\">6<\/span><\/a> Og engillinn sag\u00f0i vi\u00f0 mig: \u201e\u00deessi eru or\u00f0in tr\u00fau og s\u00f6nnu. Og Drottinn Gu\u00f0, sem veitir sp\u00e1m\u00f6nnunum anda sinn, sendi engil sinn til a\u00f0 s\u00fdna \u00fej\u00f3num s\u00ednum \u00fea\u00f0 sem ver\u00f0a \u00e1 innan skamms. <a name=\"7\"><span class=\"versanumer_2007\">7<\/span><\/a> Sj\u00e1, \u00e9g kem skj\u00f3tt. S\u00e6ll er s\u00e1 sem var\u00f0veitir sp\u00e1d\u00f3msor\u00f0 \u00feessarar b\u00f3kar.\u201c <br \/> <a name=\"8\"><span class=\"versanumer_2007\">8<\/span><\/a> Og \u00e9g, J\u00f3hannes, er s\u00e1 sem heyr\u00f0i og s\u00e1 \u00feetta. Er \u00e9g haf\u00f0i heyrt \u00fea\u00f0 og s\u00e9\u00f0 f\u00e9ll \u00e9g ni\u00f0ur fyrir f\u00f3tum engilsins sem s\u00fdndi m\u00e9r \u00feetta til \u00feess a\u00f0 tilbi\u00f0ja hann. <a name=\"9\"><span class=\"versanumer_2007\">9<\/span><\/a> Hann segir vi\u00f0 mig: \u201eVarastu \u00feetta! \u00c9g er sam\u00fej\u00f3nn \u00feinn og systkina<span class=\"nedan_mal\" title=\" Or\u00f0r\u00e9tt: br\u00e6\u00f0ra.\">[<\/span> \u00feinna, sp\u00e1mannanna, og \u00feeirra sem var\u00f0veita or\u00f0 \u00feessarar b\u00f3kar. Tilbi\u00f0 \u00fe\u00fa Gu\u00f0.\u201c <br \/> <a name=\"10\"><span class=\"versanumer_2007\">10<\/span><\/a> Og hann sag\u00f0i vi\u00f0 mig: \u201eInnsigla \u00fe\u00fa ekki sp\u00e1d\u00f3msor\u00f0 \u00feessarar b\u00f3kar \u00fev\u00ed a\u00f0 \u00feau eru a\u00f0 koma fram. <a name=\"11\"><span class=\"versanumer_2007\">11<\/span><\/a> Hinn rangl\u00e1ti haldi \u00e1fram a\u00f0 fremja rangl\u00e6ti, hinn saurugi haldi \u00e1fram saurl\u00edfi s\u00ednu og hinn r\u00e9ttl\u00e1ti stundi \u00e1fram r\u00e9ttl\u00e6ti og hinn heilagi helgist \u00e1fram heil\u00f6gu l\u00edferni. <br \/> <a name=\"12\"><span class=\"versanumer_2007\">12<\/span><\/a> Sj\u00e1, \u00e9g kem skj\u00f3tt og launin hef \u00e9g me\u00f0 m\u00e9r til a\u00f0 gjalda hverjum og einum eins og verk hans er. <a name=\"13\"><span class=\"versanumer_2007\">13<\/span><\/a> \u00c9g er Alfa og \u00d3mega, hinn fyrsti og hinn s\u00ed\u00f0asti, upphafi\u00f0 og endirinn. <a name=\"14\"><span class=\"versanumer_2007\">14<\/span><\/a> S\u00e6lir eru \u00feeir sem \u00fevo skikkjur s\u00ednar. \u00deeir f\u00e1 a\u00f0gang a\u00f0 l\u00edfsins tr\u00e9 og mega ganga um hli\u00f0in inn \u00ed borgina. <a name=\"15\"><span class=\"versanumer_2007\">15<\/span><\/a> \u00dati gista hundarnir og t\u00f6framennirnir og frillul\u00edfismennirnir og manndr\u00e1pararnir og skur\u00f0go\u00f0ad\u00fdrkendurnir og hver sem elskar og i\u00f0kar lygi. <br \/> <a name=\"16\"><span class=\"versanumer_2007\">16<\/span><\/a> \u00c9g, Jes\u00fas, hef sent engil minn til a\u00f0 votta fyrir y\u00f0ur \u00feessa hluti \u00ed s\u00f6fnu\u00f0unum. \u00c9g er r\u00f3tarkvistur Dav\u00ed\u00f0s, stjarnan sk\u00ednandi, morgunstjarnan.\u201c <br \/> <a name=\"17\"><span class=\"versanumer_2007\">17<\/span><\/a> Og andinn og br\u00fa\u00f0urin segja: \u201eKom \u00fe\u00fa!\u201c Og s\u00e1 sem heyrir segi: \u201eKom \u00fe\u00fa!\u201c Og s\u00e1 sem \u00feyrstur er, hann komi. Hver sem vill f\u00e6r \u00f3keypis l\u00edfsins vatn. <\/p>\n<h3 class=\"millifyrirsogn_2007\">Lokaor\u00f0<\/h3>\n<p><a name=\"18\"><span class=\"versanumer_2007\">18<\/span><\/a> \u00c9g, J\u00f3hannes, votta fyrir hverjum \u00feeim manni, sem heyrir sp\u00e1d\u00f3msor\u00f0 \u00feessarar b\u00f3kar, a\u00f0 leggi nokkur vi\u00f0 \u00feau mun Gu\u00f0 \u00e1 hann leggja \u00fe\u00e6r pl\u00e1gur sem um er rita\u00f0 \u00ed \u00feessari b\u00f3k. <a name=\"19\"><span class=\"versanumer_2007\">19<\/span><\/a> Og taki nokkur burt nokku\u00f0 af or\u00f0um sp\u00e1d\u00f3msb\u00f3kar \u00feessarar, \u00fe\u00e1 mun Gu\u00f0 burt taka hlut hans \u00ed l\u00edfsins tr\u00e9 og \u00ed borginni helgu sem um er rita\u00f0 \u00ed \u00feessari b\u00f3k. <br \/> <a name=\"20\"><span class=\"versanumer_2007\">20<\/span><\/a> S\u00e1 sem \u00feetta vottar segir: \u201eJ\u00e1, \u00e9g kem skj\u00f3tt.\u201c Amen. Kom \u00fe\u00fa, Drottinn Jes\u00fas! <br \/> <a name=\"21\"><span class=\"versanumer_2007\">21<\/span><\/a> N\u00e1\u00f0in Drottins Jes\u00fa s\u00e9 me\u00f0 \u00f6llum. <\/p>\n","protected":false},"excerpt":{"rendered":"<p>1 Og hann s\u00fdndi m\u00e9r m\u00f3\u00f0u l\u00edfsvatnsins, sk\u00e6ra sem kristall. H\u00fan rann fr\u00e1 h\u00e1s\u00e6ti Gu\u00f0s og lambsins 2 eftir mi\u00f0ju str\u00e6ti borgarinnar. Beggja vegna m\u00f3\u00f0unnar var l\u00edfsins tr\u00e9 sem ber t\u00f3lf sinnum \u00e1v\u00f6xt. \u00cd hverjum m\u00e1nu\u00f0i ber \u00fea\u00f0 \u00e1v\u00f6xt sinn. Bl\u00f6\u00f0 tr\u00e9sins eru til l\u00e6kningar \u00fej\u00f3\u00f0unum. 3 Engin b\u00f6lvun mun framar til vera. Og h\u00e1s\u00e6ti Gu\u00f0s og lambsins mun vera \u00ed borginni og \u00fej\u00f3nar hans munu \u00fej\u00f3na honum. 4 \u00deeir munu sj\u00e1 \u00e1sj\u00f3nu hans og nafn hans mun vera \u00e1 ennum \u00feeirra. 5 N\u00f3tt mun ekki framar til vera og \u00feeir \u00feurfa hvorki lampalj\u00f3s n\u00e9 s\u00f3larlj\u00f3s \u00fev\u00ed a\u00f0 Drottinn Gu\u00f0 <a href=\"https:\/\/biblian.is\/biblian\/opinberunarbok-johannesar-22-kafli\/\"> [&#8230;]<\/a><\/p>\n","protected":false},"author":1,"featured_media":0,"parent":0,"menu_order":0,"comment_status":"open","ping_status":"open","template":"bibliukaflar_NT.php","meta":{"footnotes":""},"class_list":["post-2806","page","type-page","status-publish","hentry"],"_links":{"self":[{"href":"https:\/\/biblian.is\/biblian\/wp-json\/wp\/v2\/pages\/2806","targetHints":{"allow":["GET"]}}],"collection":[{"href":"https:\/\/biblian.is\/biblian\/wp-json\/wp\/v2\/pages"}],"about":[{"href":"https:\/\/biblian.is\/biblian\/wp-json\/wp\/v2\/types\/page"}],"author":[{"embeddable":true,"href":"https:\/\/biblian.is\/biblian\/wp-json\/wp\/v2\/users\/1"}],"replies":[{"embeddable":true,"href":"https:\/\/biblian.is\/biblian\/wp-json\/wp\/v2\/comments?post=2806"}],"version-history":[{"count":0,"href":"https:\/\/biblian.is\/biblian\/wp-json\/wp\/v2\/pages\/2806\/revisions"}],"wp:attachment":[{"href":"https:\/\/biblian.is\/biblian\/wp-json\/wp\/v2\/media?parent=2806"}],"curies":[{"name":"wp","href":"https:\/\/api.w.org\/{rel}","templated":true}]}}