{"id":2804,"date":"2017-12-30T21:04:44","date_gmt":"2017-12-30T21:04:44","guid":{"rendered":"http:\/\/biblian.is\/biblian\/opinberunarb%c2%97kin-20-kafli\/"},"modified":"2019-08-26T23:31:18","modified_gmt":"2019-08-26T23:31:18","slug":"opinberunarbok-johannesar-20-kafli","status":"publish","type":"page","link":"https:\/\/biblian.is\/biblian\/opinberunarbok-johannesar-20-kafli\/","title":{"rendered":"Opinberunarb\u00f3k J\u00f3hannesar 20. kafli"},"content":{"rendered":"<h3 class=\"millifyrirsogn_2007\"> \u00c1rin \u00fe\u00fasund<\/h3>\n<p><a name=\"1\"><span class=\"versanumer_2007\">1<\/span><\/a> Og \u00e9g s\u00e1 engil st\u00edga ni\u00f0ur af himni. Hann h\u00e9lt \u00e1 lykli undirdj\u00fapsins og st\u00f3rum fj\u00f6tri \u00ed hendi s\u00e9r. <a name=\"2\"><span class=\"versanumer_2007\">2<\/span><\/a> Og hann t\u00f3k drekann, \u00feann gamla h\u00f6ggorm, sem er dj\u00f6full og Satan, og batt hann um \u00fe\u00fasund \u00e1r. <a name=\"3\"><span class=\"versanumer_2007\">3<\/span><\/a> Hann kasta\u00f0i honum \u00ed undirdj\u00fapi\u00f0, l\u00e6sti \u00fev\u00ed og setti innsigli yfir svo a\u00f0 hann leiddi ekki framar \u00fej\u00f3\u00f0irnar afvega uns \u00fe\u00fasund \u00e1r v\u00e6ru li\u00f0in. Eftir \u00fea\u00f0 \u00e1 hann a\u00f0 vera leystur um stuttan t\u00edma. <br \/> <a name=\"4\"><span class=\"versanumer_2007\">4<\/span><\/a> Og \u00e9g s\u00e1 h\u00e1s\u00e6ti og menn settust \u00ed \u00feau og \u00feeim sem \u00fear s\u00e1tu var gefi\u00f0 vald til a\u00f0 d\u00e6ma. \u00c9g s\u00e1 s\u00e1lir \u00feeirra sem h\u00f6f\u00f0u veri\u00f0 h\u00e1lsh\u00f6ggnir af \u00fev\u00ed a\u00f0 \u00feeir h\u00f6f\u00f0u vitna\u00f0 um Jes\u00fa og flutt or\u00f0 Gu\u00f0s. \u00dea\u00f0 voru \u00feeir sem h\u00f6f\u00f0u hvorki tilbe\u00f0i\u00f0 d\u00fdri\u00f0 n\u00e9 l\u00edkneski \u00feess og ekki fengi\u00f0 merki \u00e1 enni s\u00e9r og h\u00f6nd. Og \u00feeir lifnu\u00f0u og r\u00edktu me\u00f0 Kristi um \u00fe\u00fasund \u00e1r. <a name=\"5\"><span class=\"versanumer_2007\">5<\/span><\/a> A\u00f0rir dau\u00f0ir lifnu\u00f0u ekki fyrr en \u00fe\u00fasund \u00e1rin voru li\u00f0in. \u00deetta er fyrri upprisan. <a name=\"6\"><span class=\"versanumer_2007\">6<\/span><\/a> S\u00e6lir og heilagir eru \u00feeir sem eiga hlut \u00ed fyrri upprisunni. Yfir \u00feeim hefur hinn annar dau\u00f0i ekki vald heldur munu \u00feeir vera prestar Gu\u00f0s og Krists og r\u00edkja me\u00f0 honum um \u00fe\u00fasund \u00e1r. <\/p>\n<h3 class=\"millifyrirsogn_2007\">Satan sigra\u00f0ur<\/h3>\n<p><a name=\"7\"><span class=\"versanumer_2007\">7<\/span><\/a> \u00deegar \u00fe\u00fasund \u00e1rin eru li\u00f0in ver\u00f0ur Satan leystur \u00far fangelsi s\u00ednu. <a name=\"8\"><span class=\"versanumer_2007\">8<\/span><\/a> Og hann mun fara og lei\u00f0a \u00fej\u00f3\u00f0irnar G\u00f3g og Mag\u00f3g, \u00e1 fj\u00f3rum skautum jar\u00f0arinnar, afvega og safna \u00feeim saman til str\u00ed\u00f0s og fj\u00f6ldi \u00feeirra er sem sandur sj\u00e1varins. <a name=\"9\"><span class=\"versanumer_2007\">9<\/span><\/a> \u00de\u00e6r stigu upp \u00e1 v\u00ed\u00f0an v\u00f6ll jar\u00f0ar og umkringdu herb\u00fa\u00f0ir heilagra og borgina elsku\u00f0u. En eldur f\u00e9ll af himni ofan og eyddi \u00feeim. <a name=\"10\"><span class=\"versanumer_2007\">10<\/span><\/a> Og dj\u00f6flinum, sem lei\u00f0ir \u00fe\u00e6r afvega, var kasta\u00f0 \u00ed d\u00edki\u00f0 elds og brennisteins, \u00fear sem b\u00e6\u00f0i d\u00fdri\u00f0 og falssp\u00e1ma\u00f0urinn eru. \u00deau ver\u00f0a kvalin dag og n\u00f3tt um aldir alda. <\/p>\n<h3 class=\"millifyrirsogn_2007\">D\u00f3murinn<\/h3>\n<p><a name=\"11\"><span class=\"versanumer_2007\">11<\/span><\/a> Og \u00e9g s\u00e1 miki\u00f0 hv\u00edtt h\u00e1s\u00e6ti og \u00feann sem \u00ed \u00fev\u00ed sat. Fr\u00e1 augliti hans fl\u00fa\u00f0u himinn og j\u00f6r\u00f0 en fundu engan sta\u00f0. <a name=\"12\"><span class=\"versanumer_2007\">12<\/span><\/a> Og \u00e9g s\u00e1 \u00fe\u00e1 dau\u00f0u, st\u00f3ra og sm\u00e1a, standa frammi fyrir h\u00e1s\u00e6tinu og b\u00f3kunum var loki\u00f0 upp. \u00de\u00e1 var annarri b\u00f3kinni loki\u00f0 upp, \u00fea\u00f0 var l\u00edfsins b\u00f3k. Og hinir dau\u00f0u voru d\u00e6mdir eftir verkum s\u00ednum eins og rita\u00f0 var \u00ed b\u00f3kunum. <a name=\"13\"><span class=\"versanumer_2007\">13<\/span><\/a> Og hafi\u00f0 skila\u00f0i hinum dau\u00f0u sem \u00ed \u00fev\u00ed voru og dau\u00f0inn og hel skilu\u00f0u \u00feeim dau\u00f0u sem \u00ed \u00feeim voru og s\u00e9rhver hlaut d\u00f3m eftir verkum s\u00ednum. <a name=\"14\"><span class=\"versanumer_2007\">14<\/span><\/a> Og dau\u00f0anum og helju var kasta\u00f0 \u00ed eldsd\u00edki\u00f0. Eldsd\u00edki er hinn annar dau\u00f0i. <a name=\"15\"><span class=\"versanumer_2007\">15<\/span><\/a> Og ef einhver fannst ekki skr\u00e1\u00f0ur \u00ed l\u00edfsins b\u00f3k var honum varpa\u00f0 \u00ed eldsd\u00edki\u00f0. <\/p>\n","protected":false},"excerpt":{"rendered":"<p>\u00c1rin \u00fe\u00fasund 1 Og \u00e9g s\u00e1 engil st\u00edga ni\u00f0ur af himni. Hann h\u00e9lt \u00e1 lykli undirdj\u00fapsins og st\u00f3rum fj\u00f6tri \u00ed hendi s\u00e9r. 2 Og hann t\u00f3k drekann, \u00feann gamla h\u00f6ggorm, sem er dj\u00f6full og Satan, og batt hann um \u00fe\u00fasund \u00e1r. 3 Hann kasta\u00f0i honum \u00ed undirdj\u00fapi\u00f0, l\u00e6sti \u00fev\u00ed og setti innsigli yfir svo a\u00f0 hann leiddi ekki framar \u00fej\u00f3\u00f0irnar afvega uns \u00fe\u00fasund \u00e1r v\u00e6ru li\u00f0in. Eftir \u00fea\u00f0 \u00e1 hann a\u00f0 vera leystur um stuttan t\u00edma. 4 Og \u00e9g s\u00e1 h\u00e1s\u00e6ti og menn settust \u00ed \u00feau og \u00feeim sem \u00fear s\u00e1tu var gefi\u00f0 vald til a\u00f0 d\u00e6ma. \u00c9g s\u00e1 s\u00e1lir <a href=\"https:\/\/biblian.is\/biblian\/opinberunarbok-johannesar-20-kafli\/\"> [&#8230;]<\/a><\/p>\n","protected":false},"author":1,"featured_media":0,"parent":0,"menu_order":0,"comment_status":"open","ping_status":"open","template":"bibliukaflar_NT.php","meta":{"footnotes":""},"class_list":["post-2804","page","type-page","status-publish","hentry"],"_links":{"self":[{"href":"https:\/\/biblian.is\/biblian\/wp-json\/wp\/v2\/pages\/2804","targetHints":{"allow":["GET"]}}],"collection":[{"href":"https:\/\/biblian.is\/biblian\/wp-json\/wp\/v2\/pages"}],"about":[{"href":"https:\/\/biblian.is\/biblian\/wp-json\/wp\/v2\/types\/page"}],"author":[{"embeddable":true,"href":"https:\/\/biblian.is\/biblian\/wp-json\/wp\/v2\/users\/1"}],"replies":[{"embeddable":true,"href":"https:\/\/biblian.is\/biblian\/wp-json\/wp\/v2\/comments?post=2804"}],"version-history":[{"count":0,"href":"https:\/\/biblian.is\/biblian\/wp-json\/wp\/v2\/pages\/2804\/revisions"}],"wp:attachment":[{"href":"https:\/\/biblian.is\/biblian\/wp-json\/wp\/v2\/media?parent=2804"}],"curies":[{"name":"wp","href":"https:\/\/api.w.org\/{rel}","templated":true}]}}