{"id":2803,"date":"2017-12-30T21:04:44","date_gmt":"2017-12-30T21:04:44","guid":{"rendered":"http:\/\/biblian.is\/biblian\/opinberunarb%c2%97kin-19-kafli\/"},"modified":"2019-08-26T23:31:18","modified_gmt":"2019-08-26T23:31:18","slug":"opinberunarbok-johannesar-19-kafli","status":"publish","type":"page","link":"https:\/\/biblian.is\/biblian\/opinberunarbok-johannesar-19-kafli\/","title":{"rendered":"Opinberunarb\u00f3k J\u00f3hannesar 19. kafli"},"content":{"rendered":"<p><a name=\"1\"><span class=\"versanumer_2007\">1<\/span><\/a> Eftir \u00feetta heyr\u00f0i \u00e9g sem sterkan ym mikils fj\u00f6lda \u00e1 himni. Hann sag\u00f0i: <br \/> <span class=\"ljodatexti\"> Hallel\u00faja! Hj\u00e1lpr\u00e6\u00f0i\u00f0, d\u00fdr\u00f0in og m\u00e1tturinn kemur fr\u00e1 Gu\u00f0i vorum. <br \/> <\/span> <span class=\"ljodatexti\"> <a name=\"2\"><span class=\"versanumer_ljod\">2<\/span><\/a>Sannir og r\u00e9ttl\u00e1tir eru d\u00f3mar hans. <br \/>Hann hefur d\u00e6mt sk\u00e6kjuna miklu sem spillti j\u00f6r\u00f0unni me\u00f0 saurlifna\u00f0i s\u00ednum <br \/>og hann hefur refsa\u00f0 henni fyrir a\u00f0 dey\u00f0a \u00fej\u00f3na s\u00edna. <\/span> <br \/> <a name=\"3\"><span class=\"versanumer_2007\">3<\/span><\/a> Og aftur var sagt: \u201eHallel\u00faja! Reykurinn fr\u00e1 henni st\u00edgur upp um aldir alda.\u201c <a name=\"4\"><span class=\"versanumer_2007\">4<\/span><\/a> Og \u00f6ldungarnir tuttugu og fj\u00f3rir og verurnar fj\u00f3rar f\u00e9llu fram og tilb\u00e1\u00f0u Gu\u00f0 sem \u00ed h\u00e1s\u00e6tinu situr og s\u00f6g\u00f0u: \u201eAmen, hallel\u00faja!\u201c<\/p>\n<h3 class=\"millifyrirsogn_2007\">Br\u00fa\u00f0kaup lambsins<\/h3>\n<p><a name=\"5\"><span class=\"versanumer_2007\">5<\/span><\/a> Og r\u00f6dd barst fr\u00e1 h\u00e1s\u00e6tinu er sag\u00f0i: \u201eLofsyngi\u00f0 Gu\u00f0i vorum, allir \u00fej\u00f3nar hans sem \u00f3ttist hann, sm\u00e1ir og st\u00f3rir.\u201c <a name=\"6\"><span class=\"versanumer_2007\">6<\/span><\/a> Og \u00e9g heyr\u00f0i raddir sem fr\u00e1 miklum mannfj\u00f6lda og sem ni\u00f0 margra vatna og sem gn\u00fd fr\u00e1 sterkum \u00ferumum. \u00de\u00e6r s\u00f6g\u00f0u: \u201eHallel\u00faja, Drottinn Gu\u00f0 vor, hinn alvaldi, er konungur or\u00f0inn. <a name=\"7\"><span class=\"versanumer_2007\">7<\/span><\/a> Gle\u00f0jumst og f\u00f6gnum og vegs\u00f6mum hann \u00fev\u00ed a\u00f0 komi\u00f0 er a\u00f0 br\u00fa\u00f0kaupi lambsins og br\u00fa\u00f0ur hans hefur b\u00fai\u00f0 sig. <a name=\"8\"><span class=\"versanumer_2007\">8<\/span><\/a> Henni var fengi\u00f0 sk\u00ednandi og hreint l\u00edn til a\u00f0 skr\u00fd\u00f0ast \u00ed. L\u00ednkl\u00e6\u00f0i\u00f0 er dyg\u00f0ir heilagra.\u201c<br \/> <a name=\"9\"><span class=\"versanumer_2007\">9<\/span><\/a> Engillinn segir vi\u00f0 mig: \u201eRita \u00fe\u00fa: S\u00e6lir eru \u00feeir sem bo\u00f0i\u00f0 er \u00ed br\u00fa\u00f0kaupsveislu lambsins.\u201c Og hann segir vi\u00f0 mig: \u201e\u00deetta eru hin s\u00f6nnu or\u00f0 Gu\u00f0s.\u201c <a name=\"10\"><span class=\"versanumer_2007\">10<\/span><\/a> Og \u00e9g f\u00e9ll fram fyrir f\u00e6tur honum til a\u00f0 tilbi\u00f0ja hann og hann segir vi\u00f0 mig: \u201eVarastu \u00feetta! \u00c9g er sam\u00fej\u00f3nn \u00feinn og systkina<span class=\"nedan_mal\" title=\" Or\u00f0r\u00e9tt: br\u00e6\u00f0ra.\">[<\/span> \u00feinna sem hafa vitnisbur\u00f0 Jes\u00fa. Tilbi\u00f0 \u00fe\u00fa Gu\u00f0. Vitnisbur\u00f0ur Jes\u00fa er andi sp\u00e1d\u00f3msg\u00e1funnar.\u201c<\/p>\n<h3 class=\"millifyrirsogn_2007\">Sigurvegarinn \u00e1 hv\u00edtum hesti<\/h3>\n<p><a name=\"11\"><span class=\"versanumer_2007\">11<\/span><\/a> \u00de\u00e1 s\u00e1 \u00e9g himininn opinn. Og sj\u00e1: Hv\u00edtur hestur. S\u00e1 sem \u00e1 honum sat h\u00e9t Tr\u00far og Sannur, hann d\u00e6mir og berst me\u00f0 r\u00e9ttl\u00e6ti. <a name=\"12\"><span class=\"versanumer_2007\">12<\/span><\/a> Augu hans voru sem eldslogi og \u00e1 h\u00f6f\u00f0i hans voru m\u00f6rg ennisdj\u00e1sn. Og hann ber nafn rita\u00f0 sem enginn \u00feekkir nema hann sj\u00e1lfur. <a name=\"13\"><span class=\"versanumer_2007\">13<\/span><\/a> Hann var skr\u00fdddur skikkju, bl\u00f3\u00f0i drifinni, og nafn hans er Or\u00f0i\u00f0 Gu\u00f0s. <a name=\"14\"><span class=\"versanumer_2007\">14<\/span><\/a> Og hersveitirnar, sem \u00e1 himni eru, fylgdu honum \u00e1 hv\u00edtum hestum, kl\u00e6ddar hv\u00edtu og hreinu l\u00edni. <a name=\"15\"><span class=\"versanumer_2007\">15<\/span><\/a> Og af munni hans gekk \u00fat biturt sver\u00f0 til a\u00f0 sl\u00e1 \u00fej\u00f3\u00f0irnar me\u00f0 og hann mun stj\u00f3rna \u00feeim me\u00f0 j\u00e1rnsprota og tro\u00f0a v\u00edn\u00fer\u00f6ng heiftarrei\u00f0i Gu\u00f0s hins alvalda. <a name=\"16\"><span class=\"versanumer_2007\">16<\/span><\/a> Og hann hefur \u00e1 skikkju sinni og lend nafn rita\u00f0: \u201eKonungur konunga og Drottinn drottna.\u201c <br \/> <a name=\"17\"><span class=\"versanumer_2007\">17<\/span><\/a> Og \u00e9g s\u00e1 einn engil standa inni \u00ed s\u00f3linni. Hann hr\u00f3pa\u00f0i h\u00e1rri r\u00f6ddu til allra fuglanna sem flugu um himinhvolfi\u00f0: \u201eKomi\u00f0, safnist saman til hinnar miklu m\u00e1lt\u00ed\u00f0ar Gu\u00f0s <a name=\"18\"><span class=\"versanumer_2007\">18<\/span><\/a> til \u00feess a\u00f0 eta hold konunga, herforingja og kappa og til a\u00f0 eta hold hesta og \u00feeirra sem \u00e1 \u00feeim sitja og hold allra, b\u00e6\u00f0i frj\u00e1lsra og \u00f3frj\u00e1lsra, sm\u00e1rra og st\u00f3rra.\u201c <br \/> <a name=\"19\"><span class=\"versanumer_2007\">19<\/span><\/a> Og \u00e9g s\u00e1 d\u00fdri\u00f0 og konunga jar\u00f0arinnar og hersveitir \u00feeirra safna\u00f0ar saman til a\u00f0 heyja str\u00ed\u00f0 vi\u00f0 \u00feann sem \u00e1 hestinum sat og vi\u00f0 herli\u00f0 hans. <a name=\"20\"><span class=\"versanumer_2007\">20<\/span><\/a> Og d\u00fdri\u00f0 var handteki\u00f0 og \u00e1samt \u00fev\u00ed falssp\u00e1ma\u00f0urinn sem haf\u00f0i l\u00e1ti\u00f0 d\u00fdri\u00f0 gera t\u00e1knin. Me\u00f0 \u00feeim haf\u00f0i hann leitt \u00fe\u00e1 afvega sem h\u00f6f\u00f0u fengi\u00f0 merki d\u00fdrsins og tilbe\u00f0i\u00f0 l\u00edkneski \u00feess. \u00deeim b\u00e1\u00f0um var kasta\u00f0 lifandi \u00ed eldsd\u00edki\u00f0 sem logar af brennisteini. <a name=\"21\"><span class=\"versanumer_2007\">21<\/span><\/a> Og hinir voru drepnir me\u00f0 sver\u00f0inu sem gekk \u00fat af munni \u00feess sem \u00e1 hestinum sat. Allir fuglarnir s\u00f6ddust af hr\u00e6jum \u00feeirra. <\/p>\n","protected":false},"excerpt":{"rendered":"<p>1 Eftir \u00feetta heyr\u00f0i \u00e9g sem sterkan ym mikils fj\u00f6lda \u00e1 himni. Hann sag\u00f0i: Hallel\u00faja! Hj\u00e1lpr\u00e6\u00f0i\u00f0, d\u00fdr\u00f0in og m\u00e1tturinn kemur fr\u00e1 Gu\u00f0i vorum. 2Sannir og r\u00e9ttl\u00e1tir eru d\u00f3mar hans. Hann hefur d\u00e6mt sk\u00e6kjuna miklu sem spillti j\u00f6r\u00f0unni me\u00f0 saurlifna\u00f0i s\u00ednum og hann hefur refsa\u00f0 henni fyrir a\u00f0 dey\u00f0a \u00fej\u00f3na s\u00edna. 3 Og aftur var sagt: \u201eHallel\u00faja! Reykurinn fr\u00e1 henni st\u00edgur upp um aldir alda.\u201c 4 Og \u00f6ldungarnir tuttugu og fj\u00f3rir og verurnar fj\u00f3rar f\u00e9llu fram og tilb\u00e1\u00f0u Gu\u00f0 sem \u00ed h\u00e1s\u00e6tinu situr og s\u00f6g\u00f0u: \u201eAmen, hallel\u00faja!\u201c Br\u00fa\u00f0kaup lambsins 5 Og r\u00f6dd barst fr\u00e1 h\u00e1s\u00e6tinu er sag\u00f0i: \u201eLofsyngi\u00f0 Gu\u00f0i vorum, allir <a href=\"https:\/\/biblian.is\/biblian\/opinberunarbok-johannesar-19-kafli\/\"> [&#8230;]<\/a><\/p>\n","protected":false},"author":1,"featured_media":0,"parent":0,"menu_order":0,"comment_status":"open","ping_status":"open","template":"bibliukaflar_NT.php","meta":{"footnotes":""},"class_list":["post-2803","page","type-page","status-publish","hentry"],"_links":{"self":[{"href":"https:\/\/biblian.is\/biblian\/wp-json\/wp\/v2\/pages\/2803","targetHints":{"allow":["GET"]}}],"collection":[{"href":"https:\/\/biblian.is\/biblian\/wp-json\/wp\/v2\/pages"}],"about":[{"href":"https:\/\/biblian.is\/biblian\/wp-json\/wp\/v2\/types\/page"}],"author":[{"embeddable":true,"href":"https:\/\/biblian.is\/biblian\/wp-json\/wp\/v2\/users\/1"}],"replies":[{"embeddable":true,"href":"https:\/\/biblian.is\/biblian\/wp-json\/wp\/v2\/comments?post=2803"}],"version-history":[{"count":0,"href":"https:\/\/biblian.is\/biblian\/wp-json\/wp\/v2\/pages\/2803\/revisions"}],"wp:attachment":[{"href":"https:\/\/biblian.is\/biblian\/wp-json\/wp\/v2\/media?parent=2803"}],"curies":[{"name":"wp","href":"https:\/\/api.w.org\/{rel}","templated":true}]}}