{"id":2801,"date":"2017-12-30T21:04:44","date_gmt":"2017-12-30T21:04:44","guid":{"rendered":"http:\/\/biblian.is\/biblian\/opinberunarb%c2%97kin-17-kafli\/"},"modified":"2019-08-26T23:31:18","modified_gmt":"2019-08-26T23:31:18","slug":"opinberunarbok-johannesar-17-kafli","status":"publish","type":"page","link":"https:\/\/biblian.is\/biblian\/opinberunarbok-johannesar-17-kafli\/","title":{"rendered":"Opinberunarb\u00f3k J\u00f3hannesar 17. kafli"},"content":{"rendered":"<h3 class=\"millifyrirsogn_2007\"> Sk\u00e6kjan mikla<\/h3>\n<p><a name=\"1\"><span class=\"versanumer_2007\">1<\/span><\/a> Einn af englunum sj\u00f6, sem halda \u00e1 sk\u00e1lunum sj\u00f6, kom til m\u00edn og sag\u00f0i: \u201eKom hinga\u00f0 og \u00e9g mun s\u00fdna \u00fe\u00e9r hvernig sk\u00e6kjunni miklu ver\u00f0ur refsa\u00f0, borginni sem liggur vi\u00f0 v\u00f6tnin m\u00f6rgu. <a name=\"2\"><span class=\"versanumer_2007\">2<\/span><\/a> Konungar jar\u00f0arinnar hafa dr\u00fdgt saurlifna\u00f0 me\u00f0 henni og \u00feeir sem \u00e1 j\u00f6r\u00f0unni b\u00faa hafa or\u00f0i\u00f0 drukknir af lostaveigum hennar.\u201c <br \/> <a name=\"3\"><span class=\"versanumer_2007\">3<\/span><\/a> Og andinn kom yfir mig og engillinn leiddi mig \u00fat \u00ed ey\u00f0im\u00f6rk. \u00dear s\u00e1 \u00e9g konu sitja \u00e1 skarlatsrau\u00f0u d\u00fdri, alsettu gu\u00f0l\u00f6stunar n\u00f6fnum og haf\u00f0i \u00fea\u00f0 sj\u00f6 h\u00f6fu\u00f0 og t\u00edu horn. <a name=\"4\"><span class=\"versanumer_2007\">4<\/span><\/a> Konan var kl\u00e6dd \u00ed purpura og skarlat og skr\u00fddd gulli, gimsteinum og perlum. H\u00fan haf\u00f0i \u00ed hendi s\u00e9r gullbikar, fullan af vi\u00f0urstygg\u00f0 og \u00f3hreinindum af saurlifna\u00f0i hennar. <a name=\"5\"><span class=\"versanumer_2007\">5<\/span><\/a> Og \u00e1 enni hennar var rita\u00f0 nafn, leyndard\u00f3mur: Bab\u00fdlon hin mikla, m\u00f3\u00f0ir alls saurlifna\u00f0ar og sv\u00edvir\u00f0u \u00e1 j\u00f6r\u00f0unni. <a name=\"6\"><span class=\"versanumer_2007\">6<\/span><\/a> Og \u00e9g s\u00e1 a\u00f0 konan var drukkin af bl\u00f3\u00f0i hinna heil\u00f6gu og af bl\u00f3\u00f0i votta Jes\u00fa. Og \u00e9g undra\u00f0ist st\u00f3rlega er \u00e9g leit hana. <br \/> <a name=\"7\"><span class=\"versanumer_2007\">7<\/span><\/a> Og engillinn sag\u00f0i vi\u00f0 mig: \u201eHv\u00ed ertu forvi\u00f0a? \u00c9g mun segja \u00fe\u00e9r leyndard\u00f3m konunnar og d\u00fdrsins me\u00f0 h\u00f6fu\u00f0in sj\u00f6 og hornin t\u00edu sem ber hana: <a name=\"8\"><span class=\"versanumer_2007\">8<\/span><\/a> D\u00fdri\u00f0, sem \u00fe\u00fa s\u00e1st, var, en er ekki, og \u00fea\u00f0 mun st\u00edga upp fr\u00e1 undirdj\u00fapinu og fara til gl\u00f6tunar. Og \u00feeir sem \u00e1 j\u00f6r\u00f0u b\u00faa og eiga ekki fr\u00e1 grundv\u00f6llun veraldar n\u00f6fn s\u00edn skr\u00e1\u00f0 \u00ed l\u00edfsins b\u00f3k munu undrast er \u00feeir sj\u00e1 d\u00fdri\u00f0 sem var og er ekki og kemur aftur. <br \/> <a name=\"9\"><span class=\"versanumer_2007\">9<\/span><\/a> H\u00e9r reynir \u00e1 skilning og speki. H\u00f6fu\u00f0in sj\u00f6 eru sj\u00f6 fj\u00f6ll sem konan situr \u00e1. \u00dea\u00f0 eru l\u00edka sj\u00f6 konungar. <a name=\"10\"><span class=\"versanumer_2007\">10<\/span><\/a> Fimm eru fallnir, einn er n\u00fa uppi, annar er \u00f3kominn og er hann kemur \u00e1 hann a\u00f0 vera stutt. <a name=\"11\"><span class=\"versanumer_2007\">11<\/span><\/a> Og d\u00fdri\u00f0, sem var en er ekki, er einmitt hinn \u00e1ttundi og er af \u00feeim sj\u00f6 og fer til gl\u00f6tunar. <br \/> <a name=\"12\"><span class=\"versanumer_2007\">12<\/span><\/a> Og hornin t\u00edu, sem \u00fe\u00fa s\u00e1st, eru t\u00edu konungar sem enn hafa eigi teki\u00f0 vi\u00f0 r\u00edki heldur f\u00e1 vald sem konungar eina stund \u00e1samt d\u00fdrinu. <a name=\"13\"><span class=\"versanumer_2007\">13<\/span><\/a> \u00deessir hafa allir eitt r\u00e1\u00f0 og lj\u00e1 d\u00fdrinu m\u00e1tt sinn og vald. <a name=\"14\"><span class=\"versanumer_2007\">14<\/span><\/a> \u00deessir munu heyja str\u00ed\u00f0 vi\u00f0 lambi\u00f0. Og lambi\u00f0 og \u00feeir sem me\u00f0 \u00fev\u00ed eru, hinir k\u00f6llu\u00f0u og \u00fatv\u00f6ldu og tr\u00fau, munu sigra \u00fe\u00e1 &#8211; \u00fev\u00ed a\u00f0 lambi\u00f0 er Drottinn drottna og konungur konunga.\u201c <br \/> <a name=\"15\"><span class=\"versanumer_2007\">15<\/span><\/a> Og engillinn segir vi\u00f0 mig: \u201eV\u00f6tnin, sem \u00fe\u00fa s\u00e1st, \u00fear sem sk\u00e6kjan situr, eru l\u00fd\u00f0ir og f\u00f3lk, \u00fej\u00f3\u00f0ir og tungur. <a name=\"16\"><span class=\"versanumer_2007\">16<\/span><\/a> Og hornin t\u00edu, sem \u00fe\u00fa s\u00e1st, og d\u00fdri\u00f0 munu hata sk\u00e6kjuna og svipta hana \u00f6llu og skilja hana eftir nakta. \u00deau munu eta hold hennar og brenna hana \u00ed eldi <a name=\"17\"><span class=\"versanumer_2007\">17<\/span><\/a> \u00fev\u00ed a\u00f0 Gu\u00f0 hefur lagt \u00feeim \u00ed brj\u00f3st a\u00f0 gera vilja sinn og vera \u00e1s\u00e1tt um a\u00f0 fela d\u00fdrinu a\u00f0 r\u00e1\u00f0a r\u00edkjum, allt til \u00feess er or\u00f0 Gu\u00f0s koma fram. <a name=\"18\"><span class=\"versanumer_2007\">18<\/span><\/a> Og konan, sem \u00fe\u00fa s\u00e1st, er borgin mikla sem r\u00edkir yfir konungum jar\u00f0arinnar.\u201c <\/p>\n","protected":false},"excerpt":{"rendered":"<p>Sk\u00e6kjan mikla 1 Einn af englunum sj\u00f6, sem halda \u00e1 sk\u00e1lunum sj\u00f6, kom til m\u00edn og sag\u00f0i: \u201eKom hinga\u00f0 og \u00e9g mun s\u00fdna \u00fe\u00e9r hvernig sk\u00e6kjunni miklu ver\u00f0ur refsa\u00f0, borginni sem liggur vi\u00f0 v\u00f6tnin m\u00f6rgu. 2 Konungar jar\u00f0arinnar hafa dr\u00fdgt saurlifna\u00f0 me\u00f0 henni og \u00feeir sem \u00e1 j\u00f6r\u00f0unni b\u00faa hafa or\u00f0i\u00f0 drukknir af lostaveigum hennar.\u201c 3 Og andinn kom yfir mig og engillinn leiddi mig \u00fat \u00ed ey\u00f0im\u00f6rk. \u00dear s\u00e1 \u00e9g konu sitja \u00e1 skarlatsrau\u00f0u d\u00fdri, alsettu gu\u00f0l\u00f6stunar n\u00f6fnum og haf\u00f0i \u00fea\u00f0 sj\u00f6 h\u00f6fu\u00f0 og t\u00edu horn. 4 Konan var kl\u00e6dd \u00ed purpura og skarlat og skr\u00fddd gulli, gimsteinum og <a href=\"https:\/\/biblian.is\/biblian\/opinberunarbok-johannesar-17-kafli\/\"> [&#8230;]<\/a><\/p>\n","protected":false},"author":1,"featured_media":0,"parent":0,"menu_order":0,"comment_status":"open","ping_status":"open","template":"bibliukaflar_NT.php","meta":{"footnotes":""},"class_list":["post-2801","page","type-page","status-publish","hentry"],"_links":{"self":[{"href":"https:\/\/biblian.is\/biblian\/wp-json\/wp\/v2\/pages\/2801","targetHints":{"allow":["GET"]}}],"collection":[{"href":"https:\/\/biblian.is\/biblian\/wp-json\/wp\/v2\/pages"}],"about":[{"href":"https:\/\/biblian.is\/biblian\/wp-json\/wp\/v2\/types\/page"}],"author":[{"embeddable":true,"href":"https:\/\/biblian.is\/biblian\/wp-json\/wp\/v2\/users\/1"}],"replies":[{"embeddable":true,"href":"https:\/\/biblian.is\/biblian\/wp-json\/wp\/v2\/comments?post=2801"}],"version-history":[{"count":0,"href":"https:\/\/biblian.is\/biblian\/wp-json\/wp\/v2\/pages\/2801\/revisions"}],"wp:attachment":[{"href":"https:\/\/biblian.is\/biblian\/wp-json\/wp\/v2\/media?parent=2801"}],"curies":[{"name":"wp","href":"https:\/\/api.w.org\/{rel}","templated":true}]}}