{"id":2800,"date":"2017-12-30T21:04:44","date_gmt":"2017-12-30T21:04:44","guid":{"rendered":"http:\/\/biblian.is\/biblian\/opinberunarb%c2%97kin-16-kafli\/"},"modified":"2019-08-26T23:31:18","modified_gmt":"2019-08-26T23:31:18","slug":"opinberunarbok-johannesar-16-kafli","status":"publish","type":"page","link":"https:\/\/biblian.is\/biblian\/opinberunarbok-johannesar-16-kafli\/","title":{"rendered":"Opinberunarb\u00f3k J\u00f3hannesar 16. kafli"},"content":{"rendered":"<h3 class=\"millifyrirsogn_2007\"> Sk\u00e1lar rei\u00f0innar<\/h3>\n<p><a name=\"1\"><span class=\"versanumer_2007\">1<\/span><\/a> \u00de\u00e1 heyr\u00f0i \u00e9g mikla raust fr\u00e1 musterinu segja vi\u00f0 englana sj\u00f6: \u201eHelli\u00f0 \u00far sk\u00e1lum Gu\u00f0s rei\u00f0i yfir j\u00f6r\u00f0ina.\u201c <br \/> <a name=\"2\"><span class=\"versanumer_2007\">2<\/span><\/a> Fyrsti engillinn f\u00f3r \u00fe\u00e1 og hellti \u00far sinni sk\u00e1l yfir j\u00f6r\u00f0ina og vond og illkynju\u00f0 kaun komu \u00e1 \u00fe\u00e1 menn sem h\u00f6f\u00f0u merki d\u00fdrsins og tilb\u00e1\u00f0u l\u00edkneski \u00feess. <br \/> <a name=\"3\"><span class=\"versanumer_2007\">3<\/span><\/a> Annar engillinn hellti \u00far sinni sk\u00e1l \u00ed hafi\u00f0 og \u00fea\u00f0 var\u00f0 a\u00f0 bl\u00f3\u00f0i eins og \u00far dau\u00f0um manni og allar l\u00edfverur \u00ed hafinu d\u00f3u. <br \/> <a name=\"4\"><span class=\"versanumer_2007\">4<\/span><\/a> \u00deri\u00f0ji engillinn hellti \u00far sinni sk\u00e1l \u00ed flj\u00f3tin og uppsprettur vatnanna og \u00feau ur\u00f0u a\u00f0 bl\u00f3\u00f0i. <a name=\"5\"><span class=\"versanumer_2007\">5<\/span><\/a> Og \u00e9g heyr\u00f0i engil vatnanna segja: \u201eR\u00e9ttl\u00e1tur ert \u00fe\u00fa a\u00f0 \u00fe\u00fa hefur d\u00e6mt \u00feannig, \u00fe\u00fa sem ert og \u00fe\u00fa sem varst, \u00fe\u00fa hinn heilagi. <a name=\"6\"><span class=\"versanumer_2007\">6<\/span><\/a> \u00deeir hafa \u00fathellt bl\u00f3\u00f0i heilagra og sp\u00e1manna og \u00fev\u00ed hefur \u00fe\u00fa gefi\u00f0 \u00feeim bl\u00f3\u00f0 a\u00f0 drekka og ver\u00f0ir eru \u00feeir \u00feess.\u201c <a name=\"7\"><span class=\"versanumer_2007\">7<\/span><\/a> Og \u00e9g heyr\u00f0i r\u00f6dd fr\u00e1 altarinu segja: \u201eDrottinn Gu\u00f0, \u00fe\u00fa alvaldi, sannir og r\u00e9ttl\u00e1tir eru d\u00f3mar \u00fe\u00ednir.\u201c<br \/> <a name=\"8\"><span class=\"versanumer_2007\">8<\/span><\/a> Og fj\u00f3r\u00f0i engillinn hellti \u00far sinni sk\u00e1l yfir s\u00f3lina. Og s\u00f3linni var gefi\u00f0 vald til a\u00f0 brenna mennina \u00ed eldi. <a name=\"9\"><span class=\"versanumer_2007\">9<\/span><\/a> Og mennirnir stiknu\u00f0u \u00ed ofurhita og lastm\u00e6ltu nafni Gu\u00f0s sem hefur vald yfir \u00feessum pl\u00e1gum. Ekki s\u00e1u \u00feeir a\u00f0 s\u00e9r a\u00f0 \u00feeir g\u00e6fu Gu\u00f0i d\u00fdr\u00f0ina. <br \/> <a name=\"10\"><span class=\"versanumer_2007\">10<\/span><\/a> Fimmti engillinn hellti \u00far sinni sk\u00e1l yfir h\u00e1s\u00e6ti d\u00fdrsins. Og r\u00edki \u00feess myrkva\u00f0ist og menn bitu \u00ed tungur s\u00ednar af kv\u00f6l. <a name=\"11\"><span class=\"versanumer_2007\">11<\/span><\/a> Og menn lastm\u00e6ltu Gu\u00f0i himinsins fyrir kvalirnar og fyrir kaun s\u00edn en eigi b\u00e6ttu \u00feeir r\u00e1\u00f0 sitt og l\u00e9tu ekki af verkum s\u00ednum. <br \/> <a name=\"12\"><span class=\"versanumer_2007\">12<\/span><\/a> Sj\u00f6tti engillinn hellti \u00far sinni sk\u00e1l yfir flj\u00f3ti\u00f0 mikla, Efrat. Og vatni\u00f0 \u00ed \u00fev\u00ed \u00feorna\u00f0i upp svo a\u00f0 vegur yr\u00f0i b\u00fainn fyrir konungana sem koma \u00far austri. <a name=\"13\"><span class=\"versanumer_2007\">13<\/span><\/a> \u00de\u00e1 s\u00e1 \u00e9g \u00ferj\u00e1 \u00f3hreina anda, l\u00edka froskum, fara \u00fat af munni drekans og af munni d\u00fdrsins og af munni falssp\u00e1mannsins. <a name=\"14\"><span class=\"versanumer_2007\">14<\/span><\/a> \u00deeir eru dj\u00f6fla andar sem gera t\u00e1kn. \u00deeir fara til allra konunga \u00ed ver\u00f6ldinni til a\u00f0 safna \u00feeim saman til str\u00ed\u00f0sins \u00e1 hinum mikla degi Gu\u00f0s hins alvalda. <br \/> <a name=\"15\"><span class=\"versanumer_2007\">15<\/span><\/a> \u201eG\u00e6ti\u00f0 y\u00f0ar, \u00e9g kem eins og \u00fej\u00f3fur. S\u00e6ll er s\u00e1 sem vakir og var\u00f0veitir kl\u00e6\u00f0i s\u00edn til \u00feess a\u00f0 hann gangi ekki nakinn um og menn sj\u00e1i blyg\u00f0un hans.\u201c <br \/> <a name=\"16\"><span class=\"versanumer_2007\">16<\/span><\/a> Og \u00feeir s\u00f6fnu\u00f0u \u00feeim saman \u00e1 \u00feann sta\u00f0 sem \u00e1 hebresku kallast Harmaged\u00f3n. <br \/> <a name=\"17\"><span class=\"versanumer_2007\">17<\/span><\/a> Sj\u00f6undi engillinn hellti \u00far sinni sk\u00e1l yfir lofti\u00f0 og raust mikil kom \u00fat \u00far musterinu, fr\u00e1 h\u00e1s\u00e6tinu, og sag\u00f0i: \u201e\u00dea\u00f0 er fram komi\u00f0.\u201c <a name=\"18\"><span class=\"versanumer_2007\">18<\/span><\/a> Og eldingar komu og dunur og \u00ferumur og mikill landskj\u00e1lfti svo a\u00f0 sl\u00edkur hefur eigi komi\u00f0 fr\u00e1 \u00fev\u00ed menn ur\u00f0u til \u00e1 j\u00f6r\u00f0unni. Svo mikill var s\u00e1 jar\u00f0skj\u00e1lfti. <a name=\"19\"><span class=\"versanumer_2007\">19<\/span><\/a> Og borgin mikla f\u00f3r \u00ed \u00ferj\u00e1 hluta og borgir \u00fej\u00f3\u00f0anna hrundu. Og Gu\u00f0 gleymdi ekki hinni miklu Bab\u00fdlon og gaf henni bikarinn me\u00f0 v\u00edni heiftarrei\u00f0i sinnar. <a name=\"20\"><span class=\"versanumer_2007\">20<\/span><\/a> Og allar eyjar hurfu og fj\u00f6llin voru ekki lengur til. <a name=\"21\"><span class=\"versanumer_2007\">21<\/span><\/a> Og st\u00f3r h\u00f6gl, v\u00e6ttar\u00feung, f\u00e9llu ni\u00f0ur af himni yfir mennina. Og mennirnir lastm\u00e6ltu Gu\u00f0i fyrir haglpl\u00e1guna \u00fev\u00ed a\u00f0 s\u00fa pl\u00e1ga var mikil. <\/p>\n","protected":false},"excerpt":{"rendered":"<p>Sk\u00e1lar rei\u00f0innar 1 \u00de\u00e1 heyr\u00f0i \u00e9g mikla raust fr\u00e1 musterinu segja vi\u00f0 englana sj\u00f6: \u201eHelli\u00f0 \u00far sk\u00e1lum Gu\u00f0s rei\u00f0i yfir j\u00f6r\u00f0ina.\u201c 2 Fyrsti engillinn f\u00f3r \u00fe\u00e1 og hellti \u00far sinni sk\u00e1l yfir j\u00f6r\u00f0ina og vond og illkynju\u00f0 kaun komu \u00e1 \u00fe\u00e1 menn sem h\u00f6f\u00f0u merki d\u00fdrsins og tilb\u00e1\u00f0u l\u00edkneski \u00feess. 3 Annar engillinn hellti \u00far sinni sk\u00e1l \u00ed hafi\u00f0 og \u00fea\u00f0 var\u00f0 a\u00f0 bl\u00f3\u00f0i eins og \u00far dau\u00f0um manni og allar l\u00edfverur \u00ed hafinu d\u00f3u. 4 \u00deri\u00f0ji engillinn hellti \u00far sinni sk\u00e1l \u00ed flj\u00f3tin og uppsprettur vatnanna og \u00feau ur\u00f0u a\u00f0 bl\u00f3\u00f0i. 5 Og \u00e9g heyr\u00f0i engil vatnanna segja: \u201eR\u00e9ttl\u00e1tur <a href=\"https:\/\/biblian.is\/biblian\/opinberunarbok-johannesar-16-kafli\/\"> [&#8230;]<\/a><\/p>\n","protected":false},"author":1,"featured_media":0,"parent":0,"menu_order":0,"comment_status":"open","ping_status":"open","template":"bibliukaflar_NT.php","meta":{"footnotes":""},"class_list":["post-2800","page","type-page","status-publish","hentry"],"_links":{"self":[{"href":"https:\/\/biblian.is\/biblian\/wp-json\/wp\/v2\/pages\/2800","targetHints":{"allow":["GET"]}}],"collection":[{"href":"https:\/\/biblian.is\/biblian\/wp-json\/wp\/v2\/pages"}],"about":[{"href":"https:\/\/biblian.is\/biblian\/wp-json\/wp\/v2\/types\/page"}],"author":[{"embeddable":true,"href":"https:\/\/biblian.is\/biblian\/wp-json\/wp\/v2\/users\/1"}],"replies":[{"embeddable":true,"href":"https:\/\/biblian.is\/biblian\/wp-json\/wp\/v2\/comments?post=2800"}],"version-history":[{"count":0,"href":"https:\/\/biblian.is\/biblian\/wp-json\/wp\/v2\/pages\/2800\/revisions"}],"wp:attachment":[{"href":"https:\/\/biblian.is\/biblian\/wp-json\/wp\/v2\/media?parent=2800"}],"curies":[{"name":"wp","href":"https:\/\/api.w.org\/{rel}","templated":true}]}}