{"id":2799,"date":"2017-12-30T21:04:44","date_gmt":"2017-12-30T21:04:44","guid":{"rendered":"http:\/\/biblian.is\/biblian\/opinberunarb%c2%97kin-15-kafli\/"},"modified":"2019-08-26T23:31:17","modified_gmt":"2019-08-26T23:31:17","slug":"opinberunarbok-johannesar-15-kafli","status":"publish","type":"page","link":"https:\/\/biblian.is\/biblian\/opinberunarbok-johannesar-15-kafli\/","title":{"rendered":"Opinberunarb\u00f3k J\u00f3hannesar 15. kafli"},"content":{"rendered":"<h3 class=\"millifyrirsogn_2007\"> S\u00ed\u00f0ustu pl\u00e1gurnar<\/h3>\n<p><a name=\"1\"><span class=\"versanumer_2007\">1<\/span><\/a> Og \u00e9g s\u00e1 anna\u00f0 t\u00e1kn \u00e1 himni, miki\u00f0 og undursamlegt: Sj\u00f6 engla sem h\u00f6f\u00f0u sj\u00f6 s\u00ed\u00f0ustu pl\u00e1gurnar \u00fev\u00ed a\u00f0 me\u00f0 \u00feeim lauk rei\u00f0i Gu\u00f0s. <br \/> <a name=\"2\"><span class=\"versanumer_2007\">2<\/span><\/a> Og \u00e9g leit sem glerhaf eldi blandi\u00f0. \u00deeir sem h\u00f6f\u00f0u unni\u00f0 sigur \u00e1 d\u00fdrinu og l\u00edkneski \u00feess, og l\u00e9tu t\u00f6luna sem t\u00e1knar nafn \u00feess ekki villa um fyrir s\u00e9r, st\u00f3\u00f0u vi\u00f0 glerhafi\u00f0 og h\u00e9ldu \u00e1 h\u00f6rpum Gu\u00f0s. <a name=\"3\"><span class=\"versanumer_2007\">3<\/span><\/a> \u00deeir sungu s\u00f6ng M\u00f3se, \u00fej\u00f3ns Gu\u00f0s, og s\u00f6ng lambsins: <br \/> <span class=\"ljodatexti\"> Mikil og d\u00e1samleg eru verk \u00fe\u00edn, <br \/>Drottinn Gu\u00f0, \u00fe\u00fa alvaldi, <br \/>r\u00e9ttl\u00e1tir og sannir eru vegir \u00fe\u00ednir, <br \/>\u00fe\u00fa konungur aldanna. <span class=\"nedan_mal\" title=\" Annar lesh\u00e1ttur: \u00fej\u00f3\u00f0anna.\">[<\/span> <br \/> <\/span> <span class=\"ljodatexti\"> <a name=\"4\"><span class=\"versanumer_ljod\">4<\/span><\/a>Hver skyldi ekki \u00f3ttast \u00feig, Drottinn, og vegsama nafn \u00feitt? <br \/>\u00dev\u00ed a\u00f0 \u00fe\u00fa einn ert heilagur, <br \/>allar \u00fej\u00f3\u00f0ir munu koma og tilbi\u00f0ja frammi fyrir \u00fe\u00e9r <br \/>\u00fev\u00ed a\u00f0 r\u00e9ttl\u00e1tir d\u00f3mar \u00fe\u00ednir eru opinberir or\u00f0nir. <\/span> <br \/> <a name=\"5\"><span class=\"versanumer_2007\">5<\/span><\/a> Og eftir \u00feetta s\u00e1 \u00e9g a\u00f0 upp var loki\u00f0 musteri Gu\u00f0s \u00e1 himni, vitnisbur\u00f0artjaldb\u00fa\u00f0inni. <a name=\"6\"><span class=\"versanumer_2007\">6<\/span><\/a> Englarnir sj\u00f6, sem h\u00f6f\u00f0u pl\u00e1gurnar sj\u00f6, gengu \u00fe\u00e1 \u00fat \u00far musterinu kl\u00e6ddir hreinu, sk\u00ednandi l\u00edni og gyrtir gullbeltum um brj\u00f3st. <a name=\"7\"><span class=\"versanumer_2007\">7<\/span><\/a> Og englunum sj\u00f6 f\u00e9kk ein af verunum fj\u00f3rum sj\u00f6 gullsk\u00e1lar, fullar rei\u00f0i Gu\u00f0s, hans sem lifir um aldir alda. <a name=\"8\"><span class=\"versanumer_2007\">8<\/span><\/a> Og musteri\u00f0 fylltist af reyknum af d\u00fdr\u00f0 Gu\u00f0s og m\u00e6tti hans og enginn m\u00e1tti ganga inn \u00ed musteri\u00f0 uns pl\u00e1gurnar sj\u00f6, fr\u00e1 englunum sj\u00f6, v\u00e6ru hj\u00e1 li\u00f0nar. <\/p>\n","protected":false},"excerpt":{"rendered":"<p>S\u00ed\u00f0ustu pl\u00e1gurnar 1 Og \u00e9g s\u00e1 anna\u00f0 t\u00e1kn \u00e1 himni, miki\u00f0 og undursamlegt: Sj\u00f6 engla sem h\u00f6f\u00f0u sj\u00f6 s\u00ed\u00f0ustu pl\u00e1gurnar \u00fev\u00ed a\u00f0 me\u00f0 \u00feeim lauk rei\u00f0i Gu\u00f0s. 2 Og \u00e9g leit sem glerhaf eldi blandi\u00f0. \u00deeir sem h\u00f6f\u00f0u unni\u00f0 sigur \u00e1 d\u00fdrinu og l\u00edkneski \u00feess, og l\u00e9tu t\u00f6luna sem t\u00e1knar nafn \u00feess ekki villa um fyrir s\u00e9r, st\u00f3\u00f0u vi\u00f0 glerhafi\u00f0 og h\u00e9ldu \u00e1 h\u00f6rpum Gu\u00f0s. 3 \u00deeir sungu s\u00f6ng M\u00f3se, \u00fej\u00f3ns Gu\u00f0s, og s\u00f6ng lambsins: Mikil og d\u00e1samleg eru verk \u00fe\u00edn, Drottinn Gu\u00f0, \u00fe\u00fa alvaldi, r\u00e9ttl\u00e1tir og sannir eru vegir \u00fe\u00ednir, \u00fe\u00fa konungur aldanna. [ 4Hver skyldi ekki \u00f3ttast \u00feig, <a href=\"https:\/\/biblian.is\/biblian\/opinberunarbok-johannesar-15-kafli\/\"> [&#8230;]<\/a><\/p>\n","protected":false},"author":1,"featured_media":0,"parent":0,"menu_order":0,"comment_status":"open","ping_status":"open","template":"bibliukaflar_NT.php","meta":{"footnotes":""},"class_list":["post-2799","page","type-page","status-publish","hentry"],"_links":{"self":[{"href":"https:\/\/biblian.is\/biblian\/wp-json\/wp\/v2\/pages\/2799","targetHints":{"allow":["GET"]}}],"collection":[{"href":"https:\/\/biblian.is\/biblian\/wp-json\/wp\/v2\/pages"}],"about":[{"href":"https:\/\/biblian.is\/biblian\/wp-json\/wp\/v2\/types\/page"}],"author":[{"embeddable":true,"href":"https:\/\/biblian.is\/biblian\/wp-json\/wp\/v2\/users\/1"}],"replies":[{"embeddable":true,"href":"https:\/\/biblian.is\/biblian\/wp-json\/wp\/v2\/comments?post=2799"}],"version-history":[{"count":0,"href":"https:\/\/biblian.is\/biblian\/wp-json\/wp\/v2\/pages\/2799\/revisions"}],"wp:attachment":[{"href":"https:\/\/biblian.is\/biblian\/wp-json\/wp\/v2\/media?parent=2799"}],"curies":[{"name":"wp","href":"https:\/\/api.w.org\/{rel}","templated":true}]}}