{"id":2798,"date":"2017-12-30T21:04:44","date_gmt":"2017-12-30T21:04:44","guid":{"rendered":"http:\/\/biblian.is\/biblian\/opinberunarb%c2%97kin-14-kafli\/"},"modified":"2019-08-26T23:31:17","modified_gmt":"2019-08-26T23:31:17","slug":"opinberunarbok-johannesar-14-kafli","status":"publish","type":"page","link":"https:\/\/biblian.is\/biblian\/opinberunarbok-johannesar-14-kafli\/","title":{"rendered":"Opinberunarb\u00f3k J\u00f3hannesar 14. kafli"},"content":{"rendered":"<h3 class=\"millifyrirsogn_2007\"> \u00c1 S\u00edonarfjalli<\/h3>\n<p><a name=\"1\"><span class=\"versanumer_2007\">1<\/span><\/a> Enn s\u00e1 \u00e9g s\u00fdn: Lambi\u00f0 st\u00f3\u00f0 \u00e1 S\u00edonarfjalli og me\u00f0 \u00fev\u00ed hundra\u00f0 fj\u00f6rut\u00edu og fj\u00f3rar \u00fe\u00fasundir sem h\u00f6f\u00f0u nafn \u00feess og nafn f\u00f6\u00f0ur \u00feess skrifa\u00f0 \u00e1 enni s\u00e9r. <a name=\"2\"><span class=\"versanumer_2007\">2<\/span><\/a> Og \u00e9g heyr\u00f0i r\u00f6dd af himni. H\u00fan hlj\u00f3ma\u00f0i sem ni\u00f0ur margra vatna og sem mikill \u00ferumugn\u00fdr og r\u00f6ddin, sem \u00e9g heyr\u00f0i, var eins og h\u00f6rpuhlj\u00f3mur harpara sem h\u00f6rpur s\u00ednar sl\u00e1. <a name=\"3\"><span class=\"versanumer_2007\">3<\/span><\/a> Og \u00feeir syngja n\u00fdjan s\u00f6ng frammi fyrir h\u00e1s\u00e6tinu og frammi fyrir verunum fj\u00f3rum og \u00f6ldungunum. Og enginn gat numi\u00f0 s\u00f6nginn nema \u00fe\u00e6r hundra\u00f0 fj\u00f6rut\u00edu og fj\u00f3rar \u00fe\u00fasundir sem leystar hafa veri\u00f0 fr\u00e1 j\u00f6r\u00f0unni. <a name=\"4\"><span class=\"versanumer_2007\">4<\/span><\/a> \u00deetta eru \u00feeir sem ekki hafa saurgast me\u00f0 konum. \u00deeir eru sk\u00edrl\u00edfir. \u00deeir fylgja lambinu hvert sem \u00fea\u00f0 fer. \u00deeir voru leystir \u00far h\u00f3pi manna sem frumgr\u00f3\u00f0i handa Gu\u00f0i og lambinu. <a name=\"5\"><span class=\"versanumer_2007\">5<\/span><\/a> Og \u00ed munni \u00feeirra var enga lygi a\u00f0 finna, \u00feeir eru l\u00fdtalausir. <\/p>\n<h3 class=\"millifyrirsogn_2007\">Stundin er komin<\/h3>\n<p><a name=\"6\"><span class=\"versanumer_2007\">6<\/span><\/a> Og \u00e9g s\u00e1 annan engil flj\u00faga um h\u00e1hvolf himins. Hann h\u00e9lt \u00e1 eil\u00edfum fagna\u00f0arbo\u00f0skap til a\u00f0 bo\u00f0a \u00feeim sem \u00e1 j\u00f6r\u00f0unni b\u00faa og s\u00e9rhverri \u00fej\u00f3\u00f0 og kynkv\u00edsl, tungu og l\u00fd\u00f0 <a name=\"7\"><span class=\"versanumer_2007\">7<\/span><\/a> og sag\u00f0i h\u00e1rri r\u00f6ddu: \u201e\u00d3ttist Gu\u00f0 og gefi\u00f0 honum d\u00fdr\u00f0ina. Stundin er komin er hann kve\u00f0ur upp d\u00f3m sinn. Tilbi\u00f0ji\u00f0 \u00feann sem hefur gert himininn og j\u00f6r\u00f0ina og hafi\u00f0 og uppsprettur vatnanna.\u201c<br \/> <a name=\"8\"><span class=\"versanumer_2007\">8<\/span><\/a> Annar engill kom \u00e1 eftir honum og sag\u00f0i: \u201eFallin er, fallin er Bab\u00fdlon hin mikla sem byrla\u00f0 hefur \u00f6llum \u00fej\u00f3\u00f0um af lostav\u00edni saurl\u00edfis s\u00edns.\u201c <br \/> <a name=\"9\"><span class=\"versanumer_2007\">9<\/span><\/a> \u00c1 eftir \u00feeim kom \u00feri\u00f0ji engillinn og sag\u00f0i h\u00e1rri r\u00f6ddu: \u201eEf einhver tilbi\u00f0ur d\u00fdri\u00f0 og l\u00edkneski \u00feess og l\u00e6tur setja merki \u00feess \u00e1 enni s\u00e9r e\u00f0a h\u00f6nd, <a name=\"10\"><span class=\"versanumer_2007\">10<\/span><\/a> \u00fe\u00e1 skal hann f\u00e1 a\u00f0 drekka \u00f3blanda\u00f0 v\u00edn af rei\u00f0isk\u00e1lum Gu\u00f0s og hann mun ver\u00f0a kvalinn \u00ed eldi og brennisteini \u00ed augs\u00fdn heilagra engla og \u00ed augs\u00fdn lambsins. <a name=\"11\"><span class=\"versanumer_2007\">11<\/span><\/a> Og reykurinn fr\u00e1 kvalasta\u00f0 \u00feeirra st\u00edgur upp um aldir alda og \u00feeir sem tilbi\u00f0ja d\u00fdri\u00f0 og l\u00edkneski \u00feess og hver sem ber merki \u00feess mun enga r\u00f3 hafa n\u00f3tt og dag.\u201c <br \/> <a name=\"12\"><span class=\"versanumer_2007\">12<\/span><\/a> H\u00e9r reynir \u00e1 \u00feolg\u00e6\u00f0i hinna heil\u00f6gu, \u00feeirra er hl\u00fd\u00f0a Gu\u00f0i og tr\u00faa \u00e1 Jes\u00fa. <br \/> <a name=\"13\"><span class=\"versanumer_2007\">13<\/span><\/a> Og \u00e9g heyr\u00f0i r\u00f6dd af himni sem sag\u00f0i: \u201eRita \u00fe\u00fa: S\u00e6lir eru d\u00e1nir, \u00feeir sem \u00ed Drottni deyja upp fr\u00e1 \u00feessu. J\u00e1, segir andinn, \u00feeir skulu f\u00e1 hv\u00edld fr\u00e1 erfi\u00f0i s\u00ednu \u00fev\u00ed a\u00f0 verk \u00feeirra fylgja \u00feeim.\u201c <\/p>\n<h3 class=\"millifyrirsogn_2007\">Uppskerut\u00edmi<\/h3>\n<p><a name=\"14\"><span class=\"versanumer_2007\">14<\/span><\/a> Og \u00e9g s\u00e1, og sj\u00e1: Hv\u00edtt sk\u00fd og \u00e1 sk\u00fdinu einhvern sitja l\u00edkan mannssyni. Hann haf\u00f0i gullk\u00f3r\u00f3nu \u00e1 h\u00f6f\u00f0i og beitta sig\u00f0 \u00ed hendi. <a name=\"15\"><span class=\"versanumer_2007\">15<\/span><\/a> Og annar engill kom \u00fat \u00far musterinu. Hann kalla\u00f0i h\u00e1rri r\u00f6ddu til \u00feess sem \u00e1 sk\u00fdinu sat: \u201eBeittu sig\u00f0 \u00feinni og sker\u00f0u upp \u00fev\u00ed a\u00f0 kominn er uppskerut\u00edminn, korni\u00f0 er \u00feroska\u00f0.\u201c <a name=\"16\"><span class=\"versanumer_2007\">16<\/span><\/a> Og s\u00e1 sem \u00e1 sk\u00fdinu sat br\u00e1 sig\u00f0 sinni \u00e1 j\u00f6r\u00f0ina og uppskeran var f\u00e6r\u00f0 \u00ed hl\u00f6\u00f0u. <br \/> <a name=\"17\"><span class=\"versanumer_2007\">17<\/span><\/a> Annar engill gekk \u00fat \u00far musterinu, sem er \u00e1 himni, og hann haf\u00f0i l\u00edka beitta sig\u00f0. <br \/> <a name=\"18\"><span class=\"versanumer_2007\">18<\/span><\/a> Og enn annar engill gekk \u00fat fr\u00e1 altarinu og haf\u00f0i vald yfir eldinum. Hann kalla\u00f0i h\u00e1rri r\u00f6ddu til \u00feess sem haf\u00f0i beittu sig\u00f0ina: \u201eTak beittu sig\u00f0ina \u00fe\u00edna og sker \u00fer\u00fagurnar af v\u00ednvi\u00f0i jar\u00f0arinnar \u00fev\u00ed a\u00f0 v\u00ednberin \u00e1 honum eru or\u00f0in \u00ferosku\u00f0.\u201c <a name=\"19\"><span class=\"versanumer_2007\">19<\/span><\/a> Og engillinn br\u00e1 sig\u00f0 sinni \u00e1 j\u00f6r\u00f0ina, skar af v\u00ednvi\u00f0i hennar og kasta\u00f0i honum \u00ed v\u00edn\u00fer\u00f6ngina miklu sem t\u00e1knar rei\u00f0i Gu\u00f0s. <a name=\"20\"><span class=\"versanumer_2007\">20<\/span><\/a> Og v\u00edn\u00fer\u00f6ngin var tro\u00f0in fyrir utan borgina og gekk bl\u00f3\u00f0 \u00fat af henni svo a\u00f0 t\u00f3k upp undir beisli hestanna, eitt \u00fe\u00fasund og sex hundru\u00f0 skei\u00f0r\u00fam<span class=\"nedan_mal\" title=\" \u00de\u00fd\u00f0ing \u00e1 gr\u00edsku lengdarm\u00e1lseiningunni stadion sem jafngilti 192 m.\">[<\/span> \u00fear fr\u00e1. <\/p>\n","protected":false},"excerpt":{"rendered":"<p>\u00c1 S\u00edonarfjalli 1 Enn s\u00e1 \u00e9g s\u00fdn: Lambi\u00f0 st\u00f3\u00f0 \u00e1 S\u00edonarfjalli og me\u00f0 \u00fev\u00ed hundra\u00f0 fj\u00f6rut\u00edu og fj\u00f3rar \u00fe\u00fasundir sem h\u00f6f\u00f0u nafn \u00feess og nafn f\u00f6\u00f0ur \u00feess skrifa\u00f0 \u00e1 enni s\u00e9r. 2 Og \u00e9g heyr\u00f0i r\u00f6dd af himni. H\u00fan hlj\u00f3ma\u00f0i sem ni\u00f0ur margra vatna og sem mikill \u00ferumugn\u00fdr og r\u00f6ddin, sem \u00e9g heyr\u00f0i, var eins og h\u00f6rpuhlj\u00f3mur harpara sem h\u00f6rpur s\u00ednar sl\u00e1. 3 Og \u00feeir syngja n\u00fdjan s\u00f6ng frammi fyrir h\u00e1s\u00e6tinu og frammi fyrir verunum fj\u00f3rum og \u00f6ldungunum. Og enginn gat numi\u00f0 s\u00f6nginn nema \u00fe\u00e6r hundra\u00f0 fj\u00f6rut\u00edu og fj\u00f3rar \u00fe\u00fasundir sem leystar hafa veri\u00f0 fr\u00e1 j\u00f6r\u00f0unni. 4 \u00deetta eru \u00feeir <a href=\"https:\/\/biblian.is\/biblian\/opinberunarbok-johannesar-14-kafli\/\"> [&#8230;]<\/a><\/p>\n","protected":false},"author":1,"featured_media":0,"parent":0,"menu_order":0,"comment_status":"open","ping_status":"open","template":"bibliukaflar_NT.php","meta":{"footnotes":""},"class_list":["post-2798","page","type-page","status-publish","hentry"],"_links":{"self":[{"href":"https:\/\/biblian.is\/biblian\/wp-json\/wp\/v2\/pages\/2798","targetHints":{"allow":["GET"]}}],"collection":[{"href":"https:\/\/biblian.is\/biblian\/wp-json\/wp\/v2\/pages"}],"about":[{"href":"https:\/\/biblian.is\/biblian\/wp-json\/wp\/v2\/types\/page"}],"author":[{"embeddable":true,"href":"https:\/\/biblian.is\/biblian\/wp-json\/wp\/v2\/users\/1"}],"replies":[{"embeddable":true,"href":"https:\/\/biblian.is\/biblian\/wp-json\/wp\/v2\/comments?post=2798"}],"version-history":[{"count":0,"href":"https:\/\/biblian.is\/biblian\/wp-json\/wp\/v2\/pages\/2798\/revisions"}],"wp:attachment":[{"href":"https:\/\/biblian.is\/biblian\/wp-json\/wp\/v2\/media?parent=2798"}],"curies":[{"name":"wp","href":"https:\/\/api.w.org\/{rel}","templated":true}]}}