{"id":2797,"date":"2017-12-30T21:04:39","date_gmt":"2017-12-30T21:04:39","guid":{"rendered":"http:\/\/biblian.is\/biblian\/opinberunarb%c2%97kin-13-kafli\/"},"modified":"2019-08-26T23:31:17","modified_gmt":"2019-08-26T23:31:17","slug":"opinberunarbok-johannesar-13-kafli","status":"publish","type":"page","link":"https:\/\/biblian.is\/biblian\/opinberunarbok-johannesar-13-kafli\/","title":{"rendered":"Opinberunarb\u00f3k J\u00f3hannesar 13. kafli"},"content":{"rendered":"<h3 class=\"millifyrirsogn_2007\"> D\u00fdrin tv\u00f6<\/h3>\n<p><a name=\"1\"><span class=\"versanumer_2007\">1<\/span><\/a> \u00de\u00e1 s\u00e1 \u00e9g d\u00fdr st\u00edga upp af hafinu. \u00dea\u00f0 haf\u00f0i t\u00edu horn og sj\u00f6 h\u00f6fu\u00f0 og \u00e1 hverju horni var ennisdj\u00e1sn og \u00e1 h\u00f6f\u00f0um \u00feess voru skr\u00e1\u00f0 n\u00f6fn me\u00f0 gu\u00f0lasti. <a name=\"2\"><span class=\"versanumer_2007\">2<\/span><\/a> D\u00fdri\u00f0, sem \u00e9g s\u00e1, var l\u00edkt pardusd\u00fdri, f\u00e6tur \u00feess voru sem bjarnarf\u00e6tur og gin \u00feess eins og lj\u00f3nsgin. Drekinn gaf \u00fev\u00ed m\u00e1tt sinn og h\u00e1s\u00e6ti sitt og vald miki\u00f0. <a name=\"3\"><span class=\"versanumer_2007\">3<\/span><\/a> Eitt af h\u00f6f\u00f0um \u00feess virtist s\u00e6rt til \u00f3l\u00edfis en banas\u00e1r \u00feess var\u00f0 heilt. \u00d6ll j\u00f6r\u00f0in fylgdi d\u00fdrinu me\u00f0 undrun <a name=\"4\"><span class=\"versanumer_2007\">4<\/span><\/a> og menn tilb\u00e1\u00f0u drekann af \u00fev\u00ed a\u00f0 hann haf\u00f0i gefi\u00f0 d\u00fdrinu vald sitt. Og \u00feeir tilb\u00e1\u00f0u d\u00fdri\u00f0 og s\u00f6g\u00f0u: \u201eHver jafnast \u00e1 vi\u00f0 d\u00fdri\u00f0 og hver getur barist vi\u00f0 \u00fea\u00f0?\u201c<br \/> <a name=\"5\"><span class=\"versanumer_2007\">5<\/span><\/a> Og \u00fev\u00ed var gefinn munnur, er m\u00e6lti g\u00edfuryr\u00f0i og gu\u00f0last, og leyft a\u00f0 fara \u00fev\u00ed fram \u00ed fj\u00f6rut\u00edu og tvo m\u00e1nu\u00f0i. <a name=\"6\"><span class=\"versanumer_2007\">6<\/span><\/a> \u00dea\u00f0 lauk upp munni s\u00ednum til a\u00f0 lastm\u00e6la Gu\u00f0i, nafni hans, b\u00fasta\u00f0 hans og \u00feeim sem \u00e1 himni b\u00faa. <a name=\"7\"><span class=\"versanumer_2007\">7<\/span><\/a> Og \u00fev\u00ed var leyft a\u00f0 heyja str\u00ed\u00f0 vi\u00f0 hina heil\u00f6gu og sigra \u00fe\u00e1 og \u00fev\u00ed var gefi\u00f0 vald yfir s\u00e9rhverri kynkv\u00edsl og l\u00fd\u00f0, tungu og \u00fej\u00f3\u00f0. <a name=\"8\"><span class=\"versanumer_2007\">8<\/span><\/a> Og allir \u00feeir sem \u00e1 j\u00f6r\u00f0unni b\u00faa og eiga n\u00f6fn s\u00edn ekki fr\u00e1 grundv\u00f6llun veraldar ritu\u00f0 \u00ed l\u00edfsb\u00f3k lambsins, sem sl\u00e1tra\u00f0 var, munu tilbi\u00f0ja \u00fea\u00f0. <a name=\"9\"><span class=\"versanumer_2007\">9<\/span><\/a> S\u00e1 sem eyra hefur hann heyri. <br \/> <a name=\"10\"><span class=\"versanumer_2007\">10<\/span><\/a> S\u00e1 sem \u00e1nau\u00f0 er \u00e6tlu\u00f0 fer \u00ed \u00e1nau\u00f0, s\u00e1 sem \u00e6tla\u00f0 er a\u00f0 falla fyrir sver\u00f0i ver\u00f0ur me\u00f0 sver\u00f0i felldur. H\u00e9r reynir \u00e1 \u00feolg\u00e6\u00f0i og tr\u00fa hinna heil\u00f6gu. <br \/> <a name=\"11\"><span class=\"versanumer_2007\">11<\/span><\/a> Og \u00e9g s\u00e1 anna\u00f0 d\u00fdr st\u00edga upp af j\u00f6r\u00f0unni og \u00fea\u00f0 haf\u00f0i tv\u00f6 horn l\u00edk lambshornum en \u00fea\u00f0 tala\u00f0i eins og dreki. <a name=\"12\"><span class=\"versanumer_2007\">12<\/span><\/a> Fyrra d\u00fdri\u00f0 hefur gefi\u00f0 \u00fev\u00ed allt vald sitt og \u00fea\u00f0 l\u00e6tur j\u00f6r\u00f0ina og \u00fe\u00e1 sem \u00e1 henni b\u00faa tilbi\u00f0ja fyrra d\u00fdri\u00f0 sem var\u00f0 heilt af banas\u00e1ri s\u00ednu. <a name=\"13\"><span class=\"versanumer_2007\">13<\/span><\/a> S\u00ed\u00f0ara d\u00fdri\u00f0 gerir t\u00e1kn mikil svo a\u00f0 \u00fea\u00f0 l\u00e6tur jafnvel eld falla af himni ofan \u00e1 j\u00f6r\u00f0ina fyrir augum mannanna. <a name=\"14\"><span class=\"versanumer_2007\">14<\/span><\/a> Og \u00fea\u00f0 lei\u00f0ir alla \u00fe\u00e1 sem \u00e1 j\u00f6r\u00f0unni b\u00faa afvega me\u00f0 t\u00e1knum sem fyrra d\u00fdri\u00f0 leyfir \u00fev\u00ed a\u00f0 gera. \u00dea\u00f0 segir \u00feeim sem \u00e1 j\u00f6r\u00f0unni b\u00faa a\u00f0 gera l\u00edkneski af d\u00fdrinu sem s\u00e1ri\u00f0 f\u00e9kk undan sver\u00f0inu en lifna\u00f0i vi\u00f0. <a name=\"15\"><span class=\"versanumer_2007\">15<\/span><\/a> \u00dev\u00ed var leyft a\u00f0 gefa l\u00edkneski fyrra d\u00fdrsins anda til \u00feess a\u00f0 \u00fea\u00f0 g\u00e6ti einnig tala\u00f0 og komi\u00f0 \u00fev\u00ed til lei\u00f0ar a\u00f0 allir yr\u00f0u \u00feeir deyddir sem ekki vildu tilbi\u00f0ja \u00fea\u00f0. <a name=\"16\"><span class=\"versanumer_2007\">16<\/span><\/a> Og d\u00fdri\u00f0 l\u00e6tur alla, sm\u00e1a og st\u00f3ra, au\u00f0uga og f\u00e1t\u00e6ka og frj\u00e1lsa og \u00f3frj\u00e1lsa, setja merki \u00e1 h\u00e6gri h\u00f6nd s\u00e9r e\u00f0a \u00e1 enni s\u00edn <a name=\"17\"><span class=\"versanumer_2007\">17<\/span><\/a> og kemur \u00fev\u00ed til lei\u00f0ar a\u00f0 enginn geti keypt e\u00f0a selt nema hann hafi merki\u00f0, nafn d\u00fdrsins, e\u00f0a t\u00f6lu nafns \u00feess. <a name=\"18\"><span class=\"versanumer_2007\">18<\/span><\/a> H\u00e9r reynir \u00e1 speki. S\u00e1 sem skilning hefur reikni t\u00f6lu d\u00fdrsins \u00fev\u00ed a\u00f0 tala manns er \u00fea\u00f0 og tala hans er sex hundru\u00f0 sext\u00edu og sex. <\/p>\n","protected":false},"excerpt":{"rendered":"<p>D\u00fdrin tv\u00f6 1 \u00de\u00e1 s\u00e1 \u00e9g d\u00fdr st\u00edga upp af hafinu. \u00dea\u00f0 haf\u00f0i t\u00edu horn og sj\u00f6 h\u00f6fu\u00f0 og \u00e1 hverju horni var ennisdj\u00e1sn og \u00e1 h\u00f6f\u00f0um \u00feess voru skr\u00e1\u00f0 n\u00f6fn me\u00f0 gu\u00f0lasti. 2 D\u00fdri\u00f0, sem \u00e9g s\u00e1, var l\u00edkt pardusd\u00fdri, f\u00e6tur \u00feess voru sem bjarnarf\u00e6tur og gin \u00feess eins og lj\u00f3nsgin. Drekinn gaf \u00fev\u00ed m\u00e1tt sinn og h\u00e1s\u00e6ti sitt og vald miki\u00f0. 3 Eitt af h\u00f6f\u00f0um \u00feess virtist s\u00e6rt til \u00f3l\u00edfis en banas\u00e1r \u00feess var\u00f0 heilt. \u00d6ll j\u00f6r\u00f0in fylgdi d\u00fdrinu me\u00f0 undrun 4 og menn tilb\u00e1\u00f0u drekann af \u00fev\u00ed a\u00f0 hann haf\u00f0i gefi\u00f0 d\u00fdrinu vald sitt. Og \u00feeir tilb\u00e1\u00f0u <a href=\"https:\/\/biblian.is\/biblian\/opinberunarbok-johannesar-13-kafli\/\"> [&#8230;]<\/a><\/p>\n","protected":false},"author":1,"featured_media":0,"parent":0,"menu_order":0,"comment_status":"open","ping_status":"open","template":"bibliukaflar_NT.php","meta":{"footnotes":""},"class_list":["post-2797","page","type-page","status-publish","hentry"],"_links":{"self":[{"href":"https:\/\/biblian.is\/biblian\/wp-json\/wp\/v2\/pages\/2797","targetHints":{"allow":["GET"]}}],"collection":[{"href":"https:\/\/biblian.is\/biblian\/wp-json\/wp\/v2\/pages"}],"about":[{"href":"https:\/\/biblian.is\/biblian\/wp-json\/wp\/v2\/types\/page"}],"author":[{"embeddable":true,"href":"https:\/\/biblian.is\/biblian\/wp-json\/wp\/v2\/users\/1"}],"replies":[{"embeddable":true,"href":"https:\/\/biblian.is\/biblian\/wp-json\/wp\/v2\/comments?post=2797"}],"version-history":[{"count":0,"href":"https:\/\/biblian.is\/biblian\/wp-json\/wp\/v2\/pages\/2797\/revisions"}],"wp:attachment":[{"href":"https:\/\/biblian.is\/biblian\/wp-json\/wp\/v2\/media?parent=2797"}],"curies":[{"name":"wp","href":"https:\/\/api.w.org\/{rel}","templated":true}]}}