{"id":2794,"date":"2017-12-30T21:04:39","date_gmt":"2017-12-30T21:04:39","guid":{"rendered":"http:\/\/biblian.is\/biblian\/opinberunarb%c2%97kin-10-kafli\/"},"modified":"2019-08-26T23:31:16","modified_gmt":"2019-08-26T23:31:16","slug":"opinberunarbok-johannesar-10-kafli","status":"publish","type":"page","link":"https:\/\/biblian.is\/biblian\/opinberunarbok-johannesar-10-kafli\/","title":{"rendered":"Opinberunarb\u00f3k J\u00f3hannesar 10. kafli"},"content":{"rendered":"<h3 class=\"millifyrirsogn_2007\"> Engill me\u00f0 litla b\u00f3k<\/h3>\n<p><a name=\"1\"><span class=\"versanumer_2007\">1<\/span><\/a> Og \u00e9g s\u00e1 annan sterkan engil st\u00edga af himni ofan, hj\u00fapa\u00f0an sk\u00fdi. Regnboginn var yfir h\u00f6f\u00f0i honum og \u00e1sj\u00f3na hans var sem s\u00f3lin og f\u00e6tur hans sem eldst\u00f3lpar. <a name=\"2\"><span class=\"versanumer_2007\">2<\/span><\/a> Hann h\u00e9lt \u00e1 l\u00edtilli opinni b\u00f3k \u00ed hendinni. H\u00e6gra f\u00e6ti st\u00f3\u00f0 hann \u00e1 hafinu en vinstra f\u00e6ti \u00e1 j\u00f6r\u00f0unni. <a name=\"3\"><span class=\"versanumer_2007\">3<\/span><\/a> Hann kalla\u00f0i h\u00e1rri r\u00f6ddu eins og \u00feegar lj\u00f3n \u00f6skrar. Og er hann haf\u00f0i kalla\u00f0 glumdi \u00ed \u00ferumunum sj\u00f6. <a name=\"4\"><span class=\"versanumer_2007\">4<\/span><\/a> \u00deegar \u00e9g \u00e6tla\u00f0i a\u00f0 fara a\u00f0 skrifa \u00fea\u00f0 sem \u00ferumurnar s\u00f6g\u00f0u heyr\u00f0i \u00e9g r\u00f6dd af himni sem sag\u00f0i: \u201eGeymdu me\u00f0 sj\u00e1lfum \u00fe\u00e9r \u00fea\u00f0 sem \u00ferumurnar sj\u00f6 t\u00f6lu\u00f0u og rita \u00fea\u00f0 ekki.\u201c <br \/> <a name=\"5\"><span class=\"versanumer_2007\">5<\/span><\/a> Og engillinn, sem \u00e9g s\u00e1 standa \u00e1 hafinu og \u00e1 j\u00f6r\u00f0unni, h\u00f3f upp h\u00e6gri h\u00f6nd s\u00edna til himins <a name=\"6\"><span class=\"versanumer_2007\">6<\/span><\/a> og s\u00f3r vi\u00f0 \u00feann sem lifir um aldir alda, hann sem sk\u00f3p himininn og \u00fea\u00f0 sem \u00ed honum er, j\u00f6r\u00f0ina og \u00fea\u00f0 sem \u00e1 henni er og hafi\u00f0 og \u00fea\u00f0 sem \u00ed \u00fev\u00ed er, og sag\u00f0i: Lengri frestur ver\u00f0ur ekki gefinn. <a name=\"7\"><span class=\"versanumer_2007\">7<\/span><\/a> En \u00feegar kemur a\u00f0 \u00fev\u00ed a\u00f0 sj\u00f6undi engillinn fer a\u00f0 b\u00e1s\u00fana hefur Gu\u00f0 l\u00e1ti\u00f0 r\u00e6tast sitt leynda r\u00e1\u00f0 sem hann haf\u00f0i bo\u00f0a\u00f0 \u00fej\u00f3num s\u00ednum, sp\u00e1m\u00f6nnunum. <br \/> <a name=\"8\"><span class=\"versanumer_2007\">8<\/span><\/a> R\u00f6ddin, sem \u00e9g heyr\u00f0i af himni, tala\u00f0i \u00fe\u00e1 aftur til m\u00edn og sag\u00f0i: \u201eFar og tak opnu b\u00f3kina \u00far hendi engilsins sem stendur \u00e1 hafinu og \u00e1 j\u00f6r\u00f0unni.\u201c <br \/> <a name=\"9\"><span class=\"versanumer_2007\">9<\/span><\/a> \u00c9g f\u00f3r til engilsins og ba\u00f0 hann a\u00f0 f\u00e1 m\u00e9r litlu b\u00f3kina. Og hann segir vi\u00f0 mig: \u201eTak hana og et. H\u00fan ver\u00f0ur beisk \u00ed maga \u00fe\u00ednum en \u00ed munni \u00fe\u00ednum mun h\u00fan s\u00e6t sem hunang.\u201c <br \/> <a name=\"10\"><span class=\"versanumer_2007\">10<\/span><\/a> \u00c9g t\u00f3k litlu b\u00f3kina \u00far hendi engilsins, \u00e1t hana og \u00ed munni m\u00e9r var h\u00fan s\u00e6t sem hunang. En er \u00e9g haf\u00f0i eti\u00f0 hana fann \u00e9g til beiskju \u00ed maga m\u00ednum. <a name=\"11\"><span class=\"versanumer_2007\">11<\/span><\/a> \u00de\u00e1 var sagt vi\u00f0 mig: \u201eEnn \u00e1tt \u00fe\u00fa a\u00f0 flytja sp\u00e1mannlegan bo\u00f0skap gegn m\u00f6rgum l\u00fd\u00f0um og \u00fej\u00f3\u00f0um, tungum og konungum.\u201c <\/p>\n","protected":false},"excerpt":{"rendered":"<p>Engill me\u00f0 litla b\u00f3k 1 Og \u00e9g s\u00e1 annan sterkan engil st\u00edga af himni ofan, hj\u00fapa\u00f0an sk\u00fdi. Regnboginn var yfir h\u00f6f\u00f0i honum og \u00e1sj\u00f3na hans var sem s\u00f3lin og f\u00e6tur hans sem eldst\u00f3lpar. 2 Hann h\u00e9lt \u00e1 l\u00edtilli opinni b\u00f3k \u00ed hendinni. H\u00e6gra f\u00e6ti st\u00f3\u00f0 hann \u00e1 hafinu en vinstra f\u00e6ti \u00e1 j\u00f6r\u00f0unni. 3 Hann kalla\u00f0i h\u00e1rri r\u00f6ddu eins og \u00feegar lj\u00f3n \u00f6skrar. Og er hann haf\u00f0i kalla\u00f0 glumdi \u00ed \u00ferumunum sj\u00f6. 4 \u00deegar \u00e9g \u00e6tla\u00f0i a\u00f0 fara a\u00f0 skrifa \u00fea\u00f0 sem \u00ferumurnar s\u00f6g\u00f0u heyr\u00f0i \u00e9g r\u00f6dd af himni sem sag\u00f0i: \u201eGeymdu me\u00f0 sj\u00e1lfum \u00fe\u00e9r \u00fea\u00f0 sem \u00ferumurnar sj\u00f6 t\u00f6lu\u00f0u <a href=\"https:\/\/biblian.is\/biblian\/opinberunarbok-johannesar-10-kafli\/\"> [&#8230;]<\/a><\/p>\n","protected":false},"author":1,"featured_media":0,"parent":0,"menu_order":0,"comment_status":"open","ping_status":"open","template":"bibliukaflar_NT.php","meta":{"footnotes":""},"class_list":["post-2794","page","type-page","status-publish","hentry"],"_links":{"self":[{"href":"https:\/\/biblian.is\/biblian\/wp-json\/wp\/v2\/pages\/2794","targetHints":{"allow":["GET"]}}],"collection":[{"href":"https:\/\/biblian.is\/biblian\/wp-json\/wp\/v2\/pages"}],"about":[{"href":"https:\/\/biblian.is\/biblian\/wp-json\/wp\/v2\/types\/page"}],"author":[{"embeddable":true,"href":"https:\/\/biblian.is\/biblian\/wp-json\/wp\/v2\/users\/1"}],"replies":[{"embeddable":true,"href":"https:\/\/biblian.is\/biblian\/wp-json\/wp\/v2\/comments?post=2794"}],"version-history":[{"count":0,"href":"https:\/\/biblian.is\/biblian\/wp-json\/wp\/v2\/pages\/2794\/revisions"}],"wp:attachment":[{"href":"https:\/\/biblian.is\/biblian\/wp-json\/wp\/v2\/media?parent=2794"}],"curies":[{"name":"wp","href":"https:\/\/api.w.org\/{rel}","templated":true}]}}