{"id":2793,"date":"2017-12-30T21:04:39","date_gmt":"2017-12-30T21:04:39","guid":{"rendered":"http:\/\/biblian.is\/biblian\/opinberunarb%c2%97kin-9-kafli\/"},"modified":"2019-08-26T23:31:20","modified_gmt":"2019-08-26T23:31:20","slug":"opinberunarbok-johannesar-9-kafli","status":"publish","type":"page","link":"https:\/\/biblian.is\/biblian\/opinberunarbok-johannesar-9-kafli\/","title":{"rendered":"Opinberunarb\u00f3k J\u00f3hannesar 9. kafli"},"content":{"rendered":"<p><a name=\"1\"><span class=\"versanumer_2007\">1<\/span><\/a> Og fimmti engillinn b\u00e1s\u00fana\u00f0i. \u00de\u00e1 s\u00e1 \u00e9g stj\u00f6rnu er falli\u00f0 haf\u00f0i af himni ofan \u00e1 j\u00f6r\u00f0ina og henni var fenginn lykillinn a\u00f0 brunni undirdj\u00fapsins. <a name=\"2\"><span class=\"versanumer_2007\">2<\/span><\/a> Og stjarnan lauk upp brunni undirdj\u00fapsins og lag\u00f0i \u00fea\u00f0an reyk eins og fr\u00e1 st\u00f3rum br\u00e6\u00f0sluofni. Og s\u00f3lin og lofti\u00f0 myrkva\u00f0ist af reyknum \u00far brunninum. <a name=\"3\"><span class=\"versanumer_2007\">3<\/span><\/a> \u00dat \u00far reyknum komu engisprettur \u00e1 j\u00f6r\u00f0ina og \u00fe\u00e6r fengu sama m\u00e1tt og spor\u00f0drekar jar\u00f0arinnar. <a name=\"4\"><span class=\"versanumer_2007\">4<\/span><\/a> Og sagt var vi\u00f0 \u00fe\u00e6r a\u00f0 eigi skyldu \u00fe\u00e6r spilla grasi jar\u00f0arinnar n\u00e9 nokkrum gr\u00e6num gr\u00f3\u00f0ri n\u00e9 nokkru tr\u00e9, engu nema \u00feeim m\u00f6nnum sem ekki hafa innsigli Gu\u00f0s \u00e1 enni s\u00e9r. <a name=\"5\"><span class=\"versanumer_2007\">5<\/span><\/a> Engisprettunum var ekki leyft a\u00f0 dey\u00f0a \u00fe\u00e1 heldur skyldu \u00fe\u00e6r l\u00e1ta \u00fe\u00e1 kveljast \u00ed fimm m\u00e1nu\u00f0i. Undan \u00feeim sv\u00ed\u00f0ur eins og undan spor\u00f0dreka er hann stingur mann. <a name=\"6\"><span class=\"versanumer_2007\">6<\/span><\/a> \u00c1 \u00feeim d\u00f6gum munu mennirnir leita dau\u00f0ans og ekki finna hann. Menn munu \u00fer\u00e1 a\u00f0 deyja en dau\u00f0inn mun for\u00f0ast \u00fe\u00e1. <a name=\"7\"><span class=\"versanumer_2007\">7<\/span><\/a> Engispretturnar l\u00edktust hestum, b\u00fanum til bardaga. \u00c1 h\u00f6f\u00f0inu b\u00e1ru \u00fe\u00e6r eitthva\u00f0 sem l\u00edktist k\u00f3r\u00f3nu \u00far gulli og \u00e1sj\u00f3nur \u00feeirra voru sem \u00e1sj\u00f3nur manna. <a name=\"8\"><span class=\"versanumer_2007\">8<\/span><\/a> \u00de\u00e6r h\u00f6f\u00f0u h\u00e1r eins og konur og tennur \u00feeirra voru eins og \u00ed lj\u00f3num. <a name=\"9\"><span class=\"versanumer_2007\">9<\/span><\/a> \u00de\u00e6r b\u00e1ru eins konar j\u00e1rnbrynjur og v\u00e6ngja\u00feyturinn fr\u00e1 \u00feeim var eins og vagnagn\u00fdr \u00feegar margir hestar bruna fram til bardaga. <a name=\"10\"><span class=\"versanumer_2007\">10<\/span><\/a> \u00de\u00e6r hafa hala og brodda eins og spor\u00f0drekar og \u00ed h\u00f6lum \u00feeirra b\u00fdr m\u00e1ttur \u00feeirra til a\u00f0 kvelja menn \u00ed fimm m\u00e1nu\u00f0i. <a name=\"11\"><span class=\"versanumer_2007\">11<\/span><\/a> Engill undirdj\u00fapsins er konungur \u00feeirra. Nafn hans er \u00e1 hebresku Abadd\u00f3n<span class=\"nedan_mal\" title=\" Merkir: ey\u00f0ing, gl\u00f6tun.\">[<\/span> og \u00e1 gr\u00edsku heitir hann Apoll\u00fd\u00f3n.<span class=\"nedan_mal\" title=\" Merkir: s\u00e1 sem ey\u00f0ir.\">[<\/span> <br \/> <a name=\"12\"><span class=\"versanumer_2007\">12<\/span><\/a> Fyrsta pl\u00e1gan er li\u00f0in hj\u00e1.<span class=\"nedan_mal\" title=\" Or\u00f0r\u00e9tt: Fyrsta veii\u00f0 er li\u00f0i\u00f0 hj\u00e1.\">[<\/span> Enn koma tv\u00e6r a\u00f0rar eftir \u00feetta. <br \/> <a name=\"13\"><span class=\"versanumer_2007\">13<\/span><\/a> Og sj\u00f6tti engillinn b\u00e1s\u00fana\u00f0i. \u00de\u00e1 heyr\u00f0i \u00e9g r\u00f6dd eina fr\u00e1 hornunum \u00e1 gullaltarinu sem er frammi fyrir Gu\u00f0i. <a name=\"14\"><span class=\"versanumer_2007\">14<\/span><\/a> Og r\u00f6ddin sag\u00f0i vi\u00f0 sj\u00f6tta engilinn sem h\u00e9lt \u00e1 b\u00e1s\u00fanunni: \u201eLeys \u00fe\u00fa englana fj\u00f3ra sem bundnir eru vi\u00f0 flj\u00f3ti\u00f0 mikla, Efrat.\u201c <a name=\"15\"><span class=\"versanumer_2007\">15<\/span><\/a> Og englarnir fj\u00f3rir voru leystir. \u00deeim haf\u00f0i veri\u00f0 haldi\u00f0 b\u00fanum til \u00feessarar stundar, \u00feessa dags, \u00feessa m\u00e1na\u00f0ar og \u00feessa \u00e1rs til \u00feess a\u00f0 dey\u00f0a \u00feri\u00f0jung manna. <a name=\"16\"><span class=\"versanumer_2007\">16<\/span><\/a> \u00c9g f\u00e9kk a\u00f0 heyra fj\u00f6lda riddarasveita \u00feeirra. Tala \u00feeirra var tvennar t\u00edu \u00fe\u00fasundir t\u00edu \u00fe\u00fasunda. <a name=\"17\"><span class=\"versanumer_2007\">17<\/span><\/a> \u00c9g s\u00e1 l\u00edka \u00ed s\u00fdninni hestana og \u00fe\u00e1 sem ri\u00f0u \u00feeim: \u00deeir h\u00f6f\u00f0u eldrau\u00f0ar, svartbl\u00e1ar og brennisteinsgular brynjur og h\u00f6fu\u00f0 hestanna voru eins og lj\u00f3nsh\u00f6fu\u00f0. Af munnum \u00feeirra gekk \u00fat eldur, reykur og brennisteinn. <a name=\"18\"><span class=\"versanumer_2007\">18<\/span><\/a> \u00cd \u00feessum \u00feremur pl\u00e1gum, eldinum, reyknum og brennisteininum, sem \u00fat gekk af munni \u00feeirra, f\u00f3rst \u00feri\u00f0jungur manna. <a name=\"19\"><span class=\"versanumer_2007\">19<\/span><\/a> \u00dev\u00ed a\u00f0 vald hestanna b\u00fdr b\u00e6\u00f0i \u00ed munni \u00feeirra og \u00ed t\u00f6glum \u00feeirra \u00fev\u00ed a\u00f0 t\u00f6gl \u00feeirra eru l\u00edk h\u00f6ggormum. Eru h\u00f6fu\u00f0 \u00e1 \u00feeim og me\u00f0 \u00feeim granda \u00feeir. <br \/> <a name=\"20\"><span class=\"versanumer_2007\">20<\/span><\/a> \u00deeir menn sem ekki f\u00f3rust \u00ed \u00feessum pl\u00e1gum l\u00e9tu samt ekki af breytni sinni og vildu ekki h\u00e6tta a\u00f0 tilbi\u00f0ja illu andana og skur\u00f0go\u00f0in \u00far gulli, silfri, eiri, steini og tr\u00e9, sem hvorki geta s\u00e9\u00f0, heyrt n\u00e9 gengi\u00f0. <a name=\"21\"><span class=\"versanumer_2007\">21<\/span><\/a> Ekki l\u00e9tu \u00feeir heldur af manndr\u00e1pum s\u00ednum og t\u00f6frum, frillul\u00edfi s\u00ednu og \u00fej\u00f3fna\u00f0i. <\/p>\n","protected":false},"excerpt":{"rendered":"<p>1 Og fimmti engillinn b\u00e1s\u00fana\u00f0i. \u00de\u00e1 s\u00e1 \u00e9g stj\u00f6rnu er falli\u00f0 haf\u00f0i af himni ofan \u00e1 j\u00f6r\u00f0ina og henni var fenginn lykillinn a\u00f0 brunni undirdj\u00fapsins. 2 Og stjarnan lauk upp brunni undirdj\u00fapsins og lag\u00f0i \u00fea\u00f0an reyk eins og fr\u00e1 st\u00f3rum br\u00e6\u00f0sluofni. Og s\u00f3lin og lofti\u00f0 myrkva\u00f0ist af reyknum \u00far brunninum. 3 \u00dat \u00far reyknum komu engisprettur \u00e1 j\u00f6r\u00f0ina og \u00fe\u00e6r fengu sama m\u00e1tt og spor\u00f0drekar jar\u00f0arinnar. 4 Og sagt var vi\u00f0 \u00fe\u00e6r a\u00f0 eigi skyldu \u00fe\u00e6r spilla grasi jar\u00f0arinnar n\u00e9 nokkrum gr\u00e6num gr\u00f3\u00f0ri n\u00e9 nokkru tr\u00e9, engu nema \u00feeim m\u00f6nnum sem ekki hafa innsigli Gu\u00f0s \u00e1 enni s\u00e9r. 5 Engisprettunum <a href=\"https:\/\/biblian.is\/biblian\/opinberunarbok-johannesar-9-kafli\/\"> [&#8230;]<\/a><\/p>\n","protected":false},"author":1,"featured_media":0,"parent":0,"menu_order":0,"comment_status":"open","ping_status":"open","template":"bibliukaflar_NT.php","meta":{"footnotes":""},"class_list":["post-2793","page","type-page","status-publish","hentry"],"_links":{"self":[{"href":"https:\/\/biblian.is\/biblian\/wp-json\/wp\/v2\/pages\/2793","targetHints":{"allow":["GET"]}}],"collection":[{"href":"https:\/\/biblian.is\/biblian\/wp-json\/wp\/v2\/pages"}],"about":[{"href":"https:\/\/biblian.is\/biblian\/wp-json\/wp\/v2\/types\/page"}],"author":[{"embeddable":true,"href":"https:\/\/biblian.is\/biblian\/wp-json\/wp\/v2\/users\/1"}],"replies":[{"embeddable":true,"href":"https:\/\/biblian.is\/biblian\/wp-json\/wp\/v2\/comments?post=2793"}],"version-history":[{"count":0,"href":"https:\/\/biblian.is\/biblian\/wp-json\/wp\/v2\/pages\/2793\/revisions"}],"wp:attachment":[{"href":"https:\/\/biblian.is\/biblian\/wp-json\/wp\/v2\/media?parent=2793"}],"curies":[{"name":"wp","href":"https:\/\/api.w.org\/{rel}","templated":true}]}}