{"id":2791,"date":"2017-12-30T21:04:39","date_gmt":"2017-12-30T21:04:39","guid":{"rendered":"http:\/\/biblian.is\/biblian\/opinberunarb%c2%97kin-7-kafli\/"},"modified":"2019-08-26T23:31:19","modified_gmt":"2019-08-26T23:31:19","slug":"opinberunarbok-johannesar-7-kafli","status":"publish","type":"page","link":"https:\/\/biblian.is\/biblian\/opinberunarbok-johannesar-7-kafli\/","title":{"rendered":"Opinberunarb\u00f3k J\u00f3hannesar 7. kafli"},"content":{"rendered":"<h3 class=\"millifyrirsogn_2007\"> \u00dej\u00f3nar Gu\u00f0s merktir innsigli<\/h3>\n<p><a name=\"1\"><span class=\"versanumer_2007\">1<\/span><\/a> Eftir \u00feetta s\u00e1 \u00e9g fj\u00f3ra engla er st\u00f3\u00f0u \u00e1 fj\u00f3rum skautum jar\u00f0arinnar. \u00deeir h\u00e9ldu fj\u00f3rum vindum jar\u00f0arinnar svo a\u00f0 vindur n\u00e6\u00f0i hvorki a\u00f0 bl\u00e1sa yfir j\u00f6r\u00f0ina n\u00e9 hafi\u00f0 n\u00e9 yfir nokkurt tr\u00e9. <a name=\"2\"><span class=\"versanumer_2007\">2<\/span><\/a> Og \u00e9g s\u00e1 annan engil st\u00edga upp \u00ed austri. Hann h\u00e9lt \u00e1 innsigli lifanda Gu\u00f0s og hr\u00f3pa\u00f0i h\u00e1rri r\u00f6ddu til englanna fj\u00f6gurra, sem fengi\u00f0 h\u00f6f\u00f0u vald til a\u00f0 granda j\u00f6r\u00f0unni og hafinu, <a name=\"3\"><span class=\"versanumer_2007\">3<\/span><\/a> og sag\u00f0i: <br \/>\u201eVinni\u00f0 ekki j\u00f6r\u00f0unni mein og ekki heldur hafinu n\u00e9 trj\u00e1num \u00fear til er v\u00e9r h\u00f6fum sett innsigli \u00e1 enni \u00fej\u00f3na Gu\u00f0s vors.\u201c <a name=\"4\"><span class=\"versanumer_2007\">4<\/span><\/a> Og \u00e9g heyr\u00f0i hve margir menn h\u00f6f\u00f0u veri\u00f0 merktir innsigli Gu\u00f0s. Hundra\u00f0 fj\u00f6rut\u00edu og fj\u00f3rar \u00fe\u00fasundir voru merktar innsigli af \u00f6llum \u00e6ttkv\u00edslum \u00cdsraelsmanna. <a name=\"5\"><span class=\"versanumer_2007\">5<\/span><\/a> Af J\u00fada \u00e6ttkv\u00edsl voru t\u00f3lf \u00fe\u00fasund merkt innsigli, af R\u00fabens \u00e6ttkv\u00edsl t\u00f3lf \u00fe\u00fasund, af Ga\u00f0s \u00e6ttkv\u00edsl t\u00f3lf \u00fe\u00fasund, <a name=\"6\"><span class=\"versanumer_2007\">6<\/span><\/a> af Assers \u00e6ttkv\u00edsl t\u00f3lf \u00fe\u00fasund, af Naftal\u00ed \u00e6ttkv\u00edsl t\u00f3lf \u00fe\u00fasund, af Manasse \u00e6ttkv\u00edsl t\u00f3lf \u00fe\u00fasund, <a name=\"7\"><span class=\"versanumer_2007\">7<\/span><\/a> af S\u00edmeons \u00e6ttkv\u00edsl t\u00f3lf \u00fe\u00fasund, af Lev\u00ed \u00e6ttkv\u00edsl t\u00f3lf \u00fe\u00fasund, af \u00cdssakars \u00e6ttkv\u00edsl t\u00f3lf \u00fe\u00fasund, <a name=\"8\"><span class=\"versanumer_2007\">8<\/span><\/a> af Seb\u00falons \u00e6ttkv\u00edsl t\u00f3lf \u00fe\u00fasund, af J\u00f3sefs \u00e6ttkv\u00edsl t\u00f3lf \u00fe\u00fasund, af Benjam\u00edns \u00e6ttkv\u00edsl t\u00f3lf \u00fe\u00fasund menn merktir innsigli. <\/p>\n<h3 class=\"millifyrirsogn_2007\">Hinn mikli m\u00fagur<\/h3>\n<p><a name=\"9\"><span class=\"versanumer_2007\">9<\/span><\/a> Eftir \u00feetta s\u00e1 \u00e9g, og sj\u00e1: Mikill m\u00fagur, sem enginn gat t\u00f6lu \u00e1 komi\u00f0, af \u00f6llum \u00fej\u00f3\u00f0um og kynkv\u00edslum, l\u00fd\u00f0um og tungum, st\u00f3\u00f0 frammi fyrir h\u00e1s\u00e6tinu og frammi fyrir lambinu, skr\u00fdddur hv\u00edtum skikkjum og haf\u00f0i p\u00e1lmagreinar \u00ed h\u00f6ndum. <a name=\"10\"><span class=\"versanumer_2007\">10<\/span><\/a> Og hann hr\u00f3pa\u00f0i h\u00e1rri r\u00f6ddu: <br \/> <span class=\"ljodatexti\"> Hj\u00e1lpr\u00e6\u00f0i\u00f0 kemur fr\u00e1 Gu\u00f0i vorum, <br \/>sem \u00ed h\u00e1s\u00e6tinu situr, og lambinu. <\/span> <br \/> <a name=\"11\"><span class=\"versanumer_2007\">11<\/span><\/a> Allir englarnir st\u00f3\u00f0u kringum h\u00e1s\u00e6ti\u00f0 og \u00f6ldungana og verurnar fj\u00f3rar. Og \u00feeir f\u00e9llu fram fyrir h\u00e1s\u00e6tinu \u00e1 \u00e1sj\u00f3nur s\u00ednar, tilb\u00e1\u00f0u Gu\u00f0 <a name=\"12\"><span class=\"versanumer_2007\">12<\/span><\/a> og s\u00f6g\u00f0u: <br \/> <span class=\"ljodatexti\"> Amen! Lofgj\u00f6r\u00f0in og d\u00fdr\u00f0in, <br \/>viskan og \u00feakkargj\u00f6r\u00f0in, <br \/>hei\u00f0urinn og m\u00e1tturinn og krafturinn <br \/>s\u00e9 Gu\u00f0i vorum um aldir alda. Amen. <\/span> <br \/> <a name=\"13\"><span class=\"versanumer_2007\">13<\/span><\/a> Einn af \u00f6ldungunum t\u00f3k \u00fe\u00e1 til m\u00e1ls og sag\u00f0i vi\u00f0 mig: \u201eHverjir eru \u00feessir menn sem skr\u00fdddir eru hv\u00edtum skikkjum og hva\u00f0an eru \u00feeir komnir?\u201c <br \/> <a name=\"14\"><span class=\"versanumer_2007\">14<\/span><\/a> Og \u00e9g sag\u00f0i vi\u00f0 hann: \u201eHerra minn, \u00fe\u00fa veist \u00fea\u00f0.\u201c <br \/>Hann sag\u00f0i vi\u00f0 mig: \u201e\u00deetta eru \u00feeir sem komnir eru \u00far \u00ferengingunni miklu og hafa hv\u00edt\u00fevegi\u00f0 skikkjur s\u00ednar \u00ed bl\u00f3\u00f0i lambsins. <a name=\"15\"><span class=\"versanumer_2007\">15<\/span><\/a> \u00deess vegna eru \u00feeir frammi fyrir h\u00e1s\u00e6ti Gu\u00f0s og \u00fej\u00f3na honum dag og n\u00f3tt \u00ed musteri hans og s\u00e1 sem \u00ed h\u00e1s\u00e6tinu situr mun b\u00faa hj\u00e1 \u00feeim. <a name=\"16\"><span class=\"versanumer_2007\">16<\/span><\/a> \u00de\u00e1 mun hvorki hungra n\u00e9 \u00feyrsta framar og eigi mun heldur s\u00f3l brenna \u00fe\u00e1 n\u00e9 nokkur breyskja vinna \u00feeim mein. <a name=\"17\"><span class=\"versanumer_2007\">17<\/span><\/a> \u00dev\u00ed a\u00f0 lambi\u00f0, sem er fyrir mi\u00f0ju h\u00e1s\u00e6tinu, mun vera hir\u00f0ir \u00feeirra og lei\u00f0a \u00fe\u00e1 til vatnslinda l\u00edfsins. Og Gu\u00f0 mun \u00feerra hvert t\u00e1r af augum \u00feeirra.\u201c <\/p>\n","protected":false},"excerpt":{"rendered":"<p>\u00dej\u00f3nar Gu\u00f0s merktir innsigli 1 Eftir \u00feetta s\u00e1 \u00e9g fj\u00f3ra engla er st\u00f3\u00f0u \u00e1 fj\u00f3rum skautum jar\u00f0arinnar. \u00deeir h\u00e9ldu fj\u00f3rum vindum jar\u00f0arinnar svo a\u00f0 vindur n\u00e6\u00f0i hvorki a\u00f0 bl\u00e1sa yfir j\u00f6r\u00f0ina n\u00e9 hafi\u00f0 n\u00e9 yfir nokkurt tr\u00e9. 2 Og \u00e9g s\u00e1 annan engil st\u00edga upp \u00ed austri. Hann h\u00e9lt \u00e1 innsigli lifanda Gu\u00f0s og hr\u00f3pa\u00f0i h\u00e1rri r\u00f6ddu til englanna fj\u00f6gurra, sem fengi\u00f0 h\u00f6f\u00f0u vald til a\u00f0 granda j\u00f6r\u00f0unni og hafinu, 3 og sag\u00f0i: \u201eVinni\u00f0 ekki j\u00f6r\u00f0unni mein og ekki heldur hafinu n\u00e9 trj\u00e1num \u00fear til er v\u00e9r h\u00f6fum sett innsigli \u00e1 enni \u00fej\u00f3na Gu\u00f0s vors.\u201c 4 Og \u00e9g heyr\u00f0i hve <a href=\"https:\/\/biblian.is\/biblian\/opinberunarbok-johannesar-7-kafli\/\"> [&#8230;]<\/a><\/p>\n","protected":false},"author":1,"featured_media":0,"parent":0,"menu_order":0,"comment_status":"open","ping_status":"open","template":"bibliukaflar_NT.php","meta":{"footnotes":""},"class_list":["post-2791","page","type-page","status-publish","hentry"],"_links":{"self":[{"href":"https:\/\/biblian.is\/biblian\/wp-json\/wp\/v2\/pages\/2791","targetHints":{"allow":["GET"]}}],"collection":[{"href":"https:\/\/biblian.is\/biblian\/wp-json\/wp\/v2\/pages"}],"about":[{"href":"https:\/\/biblian.is\/biblian\/wp-json\/wp\/v2\/types\/page"}],"author":[{"embeddable":true,"href":"https:\/\/biblian.is\/biblian\/wp-json\/wp\/v2\/users\/1"}],"replies":[{"embeddable":true,"href":"https:\/\/biblian.is\/biblian\/wp-json\/wp\/v2\/comments?post=2791"}],"version-history":[{"count":0,"href":"https:\/\/biblian.is\/biblian\/wp-json\/wp\/v2\/pages\/2791\/revisions"}],"wp:attachment":[{"href":"https:\/\/biblian.is\/biblian\/wp-json\/wp\/v2\/media?parent=2791"}],"curies":[{"name":"wp","href":"https:\/\/api.w.org\/{rel}","templated":true}]}}