{"id":2790,"date":"2017-12-30T21:04:39","date_gmt":"2017-12-30T21:04:39","guid":{"rendered":"http:\/\/biblian.is\/biblian\/opinberunarb%c2%97kin-6-kafli\/"},"modified":"2019-08-26T23:31:19","modified_gmt":"2019-08-26T23:31:19","slug":"opinberunarbok-johannesar-6-kafli","status":"publish","type":"page","link":"https:\/\/biblian.is\/biblian\/opinberunarbok-johannesar-6-kafli\/","title":{"rendered":"Opinberunarb\u00f3k J\u00f3hannesar 6. kafli"},"content":{"rendered":"<h3 class=\"millifyrirsogn_2007\"> Innsigli rofin<\/h3>\n<p><a name=\"1\"><span class=\"versanumer_2007\">1<\/span><\/a> Og \u00e9g s\u00e1 er lambi\u00f0 rauf hi\u00f0 fyrsta af innsiglunum sj\u00f6 og \u00e9g heyr\u00f0i eina af verunum fj\u00f3rum segja me\u00f0 \u00ferumuraust: \u201eKom!\u201c <a name=\"2\"><span class=\"versanumer_2007\">2<\/span><\/a> \u00c9g leit upp og sj\u00e1: Hv\u00edtur hestur. S\u00e1 sem \u00e1 honum sat h\u00e9lt \u00e1 boga og honum var fengin k\u00f3r\u00f3na og hann f\u00f3r \u00fat sigrandi og til \u00feess a\u00f0 sigra. <br \/> <a name=\"3\"><span class=\"versanumer_2007\">3<\/span><\/a> \u00deegar lambi\u00f0 rauf anna\u00f0 innsigli\u00f0 heyr\u00f0i \u00e9g a\u00f0ra veruna segja: \u201eKom!\u201c <a name=\"4\"><span class=\"versanumer_2007\">4<\/span><\/a> \u00de\u00e1 gekk \u00fat annar hestur rau\u00f0ur. \u00deeim sem \u00e1 honum sat var fengi\u00f0 sver\u00f0 miki\u00f0 og gefi\u00f0 vald a\u00f0 taka burt fri\u00f0inn af j\u00f6r\u00f0unni til \u00feess a\u00f0 menn brytju\u00f0u hverjir a\u00f0ra ni\u00f0ur. <br \/> <a name=\"5\"><span class=\"versanumer_2007\">5<\/span><\/a> \u00deegar lambi\u00f0 rauf \u00feri\u00f0ja innsigli\u00f0 heyr\u00f0i \u00e9g \u00feri\u00f0ju veruna segja: \u201eKom!\u201c \u00c9g leit upp og sj\u00e1: Svartur hestur og s\u00e1 er \u00e1 honum sat haf\u00f0i vogarsk\u00e1lar \u00ed hendi s\u00e9r. <a name=\"6\"><span class=\"versanumer_2007\">6<\/span><\/a> Og \u00e9g heyr\u00f0i r\u00f6dd koma fr\u00e1 verunum fj\u00f3rum er sag\u00f0i: \u201eM\u00e6lir hveitis fyrir daglaun og \u00fer\u00edr m\u00e6lar byggs fyrir daglaun en eigi skalt \u00fe\u00fa spilla ol\u00edunni og v\u00edninu.\u201c <br \/> <a name=\"7\"><span class=\"versanumer_2007\">7<\/span><\/a> \u00deegar lambi\u00f0 rauf fj\u00f3r\u00f0a innsigli\u00f0 heyr\u00f0i \u00e9g r\u00f6dd fj\u00f3r\u00f0u verunnar er sag\u00f0i: \u201eKom!\u201c <a name=\"8\"><span class=\"versanumer_2007\">8<\/span><\/a> Og \u00e9g leit upp og sj\u00e1: Bleikur hestur og s\u00e1 er \u00e1 honum sat h\u00e9t Dau\u00f0i, og Hel var \u00ed f\u00f6r me\u00f0 honum. \u00deeim var gefi\u00f0 vald yfir fj\u00f3r\u00f0a hluta jar\u00f0arinnar og \u00e1ttu a\u00f0 dey\u00f0a mennina \u00ed styrj\u00f6ldum, \u00ed hungursney\u00f0 og dreps\u00f3ttum og l\u00e1ta menn farast fyrir villid\u00fdrum jar\u00f0arinnar. <br \/> <a name=\"9\"><span class=\"versanumer_2007\">9<\/span><\/a> \u00deegar lambi\u00f0 rauf fimmta innsigli\u00f0 s\u00e1 \u00e9g undir altarinu s\u00e1lir \u00feeirra manna sem drepnir h\u00f6f\u00f0u veri\u00f0 sakir Gu\u00f0s or\u00f0s og vitnisbur\u00f0arins sem \u00feeir h\u00f6f\u00f0u bori\u00f0. <a name=\"10\"><span class=\"versanumer_2007\">10<\/span><\/a> Og \u00feeir hr\u00f3pu\u00f0u h\u00e1rri r\u00f6ddu og s\u00f6g\u00f0u: \u201eHversu lengi skal b\u00ed\u00f0a \u00feess, \u00fe\u00fa Alvaldur, heilagur og sannur, a\u00f0 \u00fe\u00fa d\u00e6mir og hefnir bl\u00f3\u00f0s vors \u00e1 \u00edb\u00faum jar\u00f0ar?\u201c <a name=\"11\"><span class=\"versanumer_2007\">11<\/span><\/a> Og \u00feeim var fengin, hverjum og einum, hv\u00edt skikkja. Og \u00feeim var sagt a\u00f0 \u00feeir skyldu enn hv\u00edlast litla hr\u00ed\u00f0, \u00feanga\u00f0 til tr\u00fasystkin<span class=\"nedan_mal\" title=\" Or\u00f0r\u00e9tt: br\u00e6\u00f0ur.\">[<\/span> \u00feeirra, sem \u00fej\u00f3nu\u00f0u Gu\u00f0i eins og \u00feeir, fylltu t\u00f6luna. \u00deau \u00e1ttu a\u00f0 dey\u00f0ast eins og \u00feeir.<br \/> <a name=\"12\"><span class=\"versanumer_2007\">12<\/span><\/a> Og \u00e9g s\u00e1 er lambi\u00f0 rauf sj\u00f6tta innsigli\u00f0 a\u00f0 mikill landskj\u00e1lfti var\u00f0 og s\u00f3lin var\u00f0 sv\u00f6rt sem h\u00e6rusekkur og allt tungli\u00f0 var\u00f0 sem bl\u00f3\u00f0. <a name=\"13\"><span class=\"versanumer_2007\">13<\/span><\/a> Og stj\u00f6rnur himinsins hr\u00f6pu\u00f0u ni\u00f0ur \u00e1 j\u00f6r\u00f0ina eins og \u00feegar f\u00edkjutr\u00e9, skeki\u00f0 af stormvindi, fellir haustaldin s\u00edn. <a name=\"14\"><span class=\"versanumer_2007\">14<\/span><\/a> Og himinninn sviptist burt eins og \u00feegar b\u00f3kfell vefst saman og hvert fjall og ey f\u00e6r\u00f0ist \u00far sta\u00f0 s\u00ednum. <a name=\"15\"><span class=\"versanumer_2007\">15<\/span><\/a> Konungar jar\u00f0arinnar, h\u00f6f\u00f0ingjar og herforingjar, au\u00f0menn og mektarmenn, hver \u00fer\u00e6ll og \u00feegn f\u00f3lu sig \u00ed hellum og \u00ed h\u00f6mrum fjalla. <a name=\"16\"><span class=\"versanumer_2007\">16<\/span><\/a> Og \u00feeir segja vi\u00f0 fj\u00f6llin og hamrana: \u201eHrynji\u00f0 yfir oss og feli\u00f0 oss fyrir \u00e1sj\u00f3nu hans sem \u00ed h\u00e1s\u00e6tinu situr og fyrir rei\u00f0i lambsins. <a name=\"17\"><span class=\"versanumer_2007\">17<\/span><\/a> Hinn mikli dagur er kominn \u00feegar s\u00e1 sem \u00ed h\u00e1s\u00e6tinu situr og lambi\u00f0 birta rei\u00f0i s\u00edna og hver mun \u00fe\u00e1 geta sta\u00f0ist?\u201c <\/p>\n","protected":false},"excerpt":{"rendered":"<p>Innsigli rofin 1 Og \u00e9g s\u00e1 er lambi\u00f0 rauf hi\u00f0 fyrsta af innsiglunum sj\u00f6 og \u00e9g heyr\u00f0i eina af verunum fj\u00f3rum segja me\u00f0 \u00ferumuraust: \u201eKom!\u201c 2 \u00c9g leit upp og sj\u00e1: Hv\u00edtur hestur. S\u00e1 sem \u00e1 honum sat h\u00e9lt \u00e1 boga og honum var fengin k\u00f3r\u00f3na og hann f\u00f3r \u00fat sigrandi og til \u00feess a\u00f0 sigra. 3 \u00deegar lambi\u00f0 rauf anna\u00f0 innsigli\u00f0 heyr\u00f0i \u00e9g a\u00f0ra veruna segja: \u201eKom!\u201c 4 \u00de\u00e1 gekk \u00fat annar hestur rau\u00f0ur. \u00deeim sem \u00e1 honum sat var fengi\u00f0 sver\u00f0 miki\u00f0 og gefi\u00f0 vald a\u00f0 taka burt fri\u00f0inn af j\u00f6r\u00f0unni til \u00feess a\u00f0 menn brytju\u00f0u hverjir a\u00f0ra <a href=\"https:\/\/biblian.is\/biblian\/opinberunarbok-johannesar-6-kafli\/\"> [&#8230;]<\/a><\/p>\n","protected":false},"author":1,"featured_media":0,"parent":0,"menu_order":0,"comment_status":"open","ping_status":"open","template":"bibliukaflar_NT.php","meta":{"footnotes":""},"class_list":["post-2790","page","type-page","status-publish","hentry"],"_links":{"self":[{"href":"https:\/\/biblian.is\/biblian\/wp-json\/wp\/v2\/pages\/2790","targetHints":{"allow":["GET"]}}],"collection":[{"href":"https:\/\/biblian.is\/biblian\/wp-json\/wp\/v2\/pages"}],"about":[{"href":"https:\/\/biblian.is\/biblian\/wp-json\/wp\/v2\/types\/page"}],"author":[{"embeddable":true,"href":"https:\/\/biblian.is\/biblian\/wp-json\/wp\/v2\/users\/1"}],"replies":[{"embeddable":true,"href":"https:\/\/biblian.is\/biblian\/wp-json\/wp\/v2\/comments?post=2790"}],"version-history":[{"count":0,"href":"https:\/\/biblian.is\/biblian\/wp-json\/wp\/v2\/pages\/2790\/revisions"}],"wp:attachment":[{"href":"https:\/\/biblian.is\/biblian\/wp-json\/wp\/v2\/media?parent=2790"}],"curies":[{"name":"wp","href":"https:\/\/api.w.org\/{rel}","templated":true}]}}