{"id":2789,"date":"2017-12-30T21:04:39","date_gmt":"2017-12-30T21:04:39","guid":{"rendered":"http:\/\/biblian.is\/biblian\/opinberunarb%c2%97kin-5-kafli\/"},"modified":"2019-08-26T23:31:19","modified_gmt":"2019-08-26T23:31:19","slug":"opinberunarbok-johannesar-5-kafli","status":"publish","type":"page","link":"https:\/\/biblian.is\/biblian\/opinberunarbok-johannesar-5-kafli\/","title":{"rendered":"Opinberunarb\u00f3k J\u00f3hannesar 5. kafli"},"content":{"rendered":"<h3 class=\"millifyrirsogn_2007\"> B\u00f3kin og lambi\u00f0<\/h3>\n<p><a name=\"1\"><span class=\"versanumer_2007\">1<\/span><\/a> \u00cd h\u00e6gri hendi hans, er \u00ed h\u00e1s\u00e6tinu sat, s\u00e1 \u00e9g b\u00f3k<span class=\"nedan_mal\" title=\" H\u00e9r er \u00e1tt vi\u00f0 b\u00f3k sem er vafin saman - ro\u00f0ul - og skrifa\u00f0 b\u00e6\u00f0i \u00e1 ytri og innri hli\u00f0 hennar.\">[<\/span> sem rita\u00f0 var \u00e1 b\u00e1\u00f0um megin og innsigla\u00f0a sj\u00f6 innsiglum. <a name=\"2\"><span class=\"versanumer_2007\">2<\/span><\/a> Og \u00e9g s\u00e1 sterkan engil sem kalla\u00f0i h\u00e1rri r\u00f6ddu: \u201eHver er \u00feess ver\u00f0ur a\u00f0 lj\u00faka upp b\u00f3kinni og rj\u00fafa innsigli hennar?\u201c <a name=\"3\"><span class=\"versanumer_2007\">3<\/span><\/a> En enginn var s\u00e1 \u00e1 himni e\u00f0a j\u00f6r\u00f0u e\u00f0a undir j\u00f6r\u00f0unni sem loki\u00f0 g\u00e6ti upp b\u00f3kinni og liti\u00f0 \u00ed hana. <a name=\"4\"><span class=\"versanumer_2007\">4<\/span><\/a> Og \u00e9g gr\u00e9t st\u00f3rum af \u00fev\u00ed a\u00f0 enginn reyndist maklegur a\u00f0 lj\u00faka henni upp og l\u00edta \u00ed hana. <a name=\"5\"><span class=\"versanumer_2007\">5<\/span><\/a> En einn af \u00f6ldungunum segir vi\u00f0 mig: \u201eGr\u00e1t \u00fe\u00fa eigi! Sj\u00e1, sigra\u00f0 hefur lj\u00f3ni\u00f0 af J\u00fada \u00e6ttkv\u00edsl, r\u00f3tarkvistur Dav\u00ed\u00f0s. Hann getur loki\u00f0 upp b\u00f3kinni og rofi\u00f0 innsigli hennar sj\u00f6.\u201c<br \/> <a name=\"6\"><span class=\"versanumer_2007\">6<\/span><\/a> \u00de\u00e1 s\u00e1 \u00e9g lamb, sem virtist hafa veri\u00f0 sl\u00e1tra\u00f0, standa fyrir mi\u00f0ju h\u00e1s\u00e6tinu milli veranna fj\u00f6gurra og \u00f6ldunganna. \u00dea\u00f0 haf\u00f0i sj\u00f6 horn og sj\u00f6 augu, og eru \u00fea\u00f0 sj\u00f6 andar Gu\u00f0s sem eru sendir \u00fat um alla j\u00f6r\u00f0ina. <a name=\"7\"><span class=\"versanumer_2007\">7<\/span><\/a> Lambi\u00f0 kom og t\u00f3k vi\u00f0 b\u00f3kinni \u00far h\u00e6gri hendi hans er \u00ed h\u00e1s\u00e6tinu sat. <a name=\"8\"><span class=\"versanumer_2007\">8<\/span><\/a> \u00deegar \u00fea\u00f0 haf\u00f0i teki\u00f0 vi\u00f0 henni f\u00e9llu verurnar fj\u00f3rar og \u00f6ldungarnir tuttugu og fj\u00f3rir ni\u00f0ur frammi fyrir lambinu. \u00deeir h\u00f6f\u00f0u hver um sig h\u00f6rpu og h\u00e9ldu \u00e1 gullsk\u00e1lum fullum af reykelsi. \u00dea\u00f0 eru b\u00e6nir hinna heil\u00f6gu. <a name=\"9\"><span class=\"versanumer_2007\">9<\/span><\/a> Og \u00feeir sungu n\u00fdjan s\u00f6ng: <br \/> <span class=\"ljodatexti\"> Ver\u00f0ur ert \u00fe\u00fa a\u00f0 taka vi\u00f0 b\u00f3kinni <br \/>og rj\u00fafa innsigli hennar <br \/>\u00fev\u00ed a\u00f0 \u00fe\u00e9r var sl\u00e1tra\u00f0 <br \/>og me\u00f0 bl\u00f3\u00f0i \u00fe\u00ednu keyptir \u00fe\u00fa Gu\u00f0i til handa menn <br \/>af s\u00e9rhverri kynkv\u00edsl og tungu, l\u00fd\u00f0 og \u00fej\u00f3\u00f0. <br \/> <\/span> <span class=\"ljodatexti\"> <a name=\"10\"><span class=\"versanumer_ljod\">10<\/span><\/a>Og \u00fe\u00fa ger\u00f0ir \u00fe\u00e1 a\u00f0 konungum og prestum Gu\u00f0i vorum til handa. <br \/>Og \u00feeir munu r\u00edkja \u00e1 j\u00f6r\u00f0unni. <\/span> <br \/> <a name=\"11\"><span class=\"versanumer_2007\">11<\/span><\/a> \u00de\u00e1 s\u00e1 \u00e9g og heyr\u00f0i raust margra engla sem st\u00f3\u00f0u hringinn \u00ed kringum h\u00e1s\u00e6ti\u00f0 og verurnar og \u00f6ldungana og tala \u00feeirra var t\u00edu \u00fe\u00fasundir t\u00edu \u00fe\u00fasunda og \u00fe\u00fasundir \u00fe\u00fasunda. <a name=\"12\"><span class=\"versanumer_2007\">12<\/span><\/a> \u00deeir s\u00f6g\u00f0u me\u00f0 h\u00e1rri r\u00f6ddu: <br \/> <span class=\"ljodatexti\"> Maklegt er lambi\u00f0 sl\u00e1tra\u00f0a <br \/>a\u00f0 f\u00e1 m\u00e1ttinn og r\u00edkd\u00f3minn, visku og kraft, <br \/>hei\u00f0ur og d\u00fdr\u00f0 og lofgj\u00f6r\u00f0. <\/span> <br \/> <a name=\"13\"><span class=\"versanumer_2007\">13<\/span><\/a> \u00de\u00e1 heyr\u00f0i \u00e9g a\u00f0 allt sem skapa\u00f0 er \u00e1 himni og j\u00f6r\u00f0u, undir j\u00f6r\u00f0unni og \u00e1 hafinu, og allt sem \u00ed \u00feeim er, t\u00f3k undir og sag\u00f0i: <br \/> <span class=\"ljodatexti\"> Honum, sem \u00ed h\u00e1s\u00e6tinu situr, og lambinu, <br \/>s\u00e9 lof og hei\u00f0ur, d\u00fdr\u00f0 og kraftur um aldir alda. <\/span> <br \/> <a name=\"14\"><span class=\"versanumer_2007\">14<\/span><\/a> Og verurnar fj\u00f3rar s\u00f6g\u00f0u: \u201eAmen.\u201c Og \u00f6ldungarnir f\u00e9llu fram og tilb\u00e1\u00f0u. <\/p>\n","protected":false},"excerpt":{"rendered":"<p>B\u00f3kin og lambi\u00f0 1 \u00cd h\u00e6gri hendi hans, er \u00ed h\u00e1s\u00e6tinu sat, s\u00e1 \u00e9g b\u00f3k[ sem rita\u00f0 var \u00e1 b\u00e1\u00f0um megin og innsigla\u00f0a sj\u00f6 innsiglum. 2 Og \u00e9g s\u00e1 sterkan engil sem kalla\u00f0i h\u00e1rri r\u00f6ddu: \u201eHver er \u00feess ver\u00f0ur a\u00f0 lj\u00faka upp b\u00f3kinni og rj\u00fafa innsigli hennar?\u201c 3 En enginn var s\u00e1 \u00e1 himni e\u00f0a j\u00f6r\u00f0u e\u00f0a undir j\u00f6r\u00f0unni sem loki\u00f0 g\u00e6ti upp b\u00f3kinni og liti\u00f0 \u00ed hana. 4 Og \u00e9g gr\u00e9t st\u00f3rum af \u00fev\u00ed a\u00f0 enginn reyndist maklegur a\u00f0 lj\u00faka henni upp og l\u00edta \u00ed hana. 5 En einn af \u00f6ldungunum segir vi\u00f0 mig: \u201eGr\u00e1t \u00fe\u00fa eigi! Sj\u00e1, sigra\u00f0 <a href=\"https:\/\/biblian.is\/biblian\/opinberunarbok-johannesar-5-kafli\/\"> [&#8230;]<\/a><\/p>\n","protected":false},"author":1,"featured_media":0,"parent":0,"menu_order":0,"comment_status":"open","ping_status":"open","template":"bibliukaflar_NT.php","meta":{"footnotes":""},"class_list":["post-2789","page","type-page","status-publish","hentry"],"_links":{"self":[{"href":"https:\/\/biblian.is\/biblian\/wp-json\/wp\/v2\/pages\/2789","targetHints":{"allow":["GET"]}}],"collection":[{"href":"https:\/\/biblian.is\/biblian\/wp-json\/wp\/v2\/pages"}],"about":[{"href":"https:\/\/biblian.is\/biblian\/wp-json\/wp\/v2\/types\/page"}],"author":[{"embeddable":true,"href":"https:\/\/biblian.is\/biblian\/wp-json\/wp\/v2\/users\/1"}],"replies":[{"embeddable":true,"href":"https:\/\/biblian.is\/biblian\/wp-json\/wp\/v2\/comments?post=2789"}],"version-history":[{"count":0,"href":"https:\/\/biblian.is\/biblian\/wp-json\/wp\/v2\/pages\/2789\/revisions"}],"wp:attachment":[{"href":"https:\/\/biblian.is\/biblian\/wp-json\/wp\/v2\/media?parent=2789"}],"curies":[{"name":"wp","href":"https:\/\/api.w.org\/{rel}","templated":true}]}}