{"id":2787,"date":"2017-12-30T21:04:39","date_gmt":"2017-12-30T21:04:39","guid":{"rendered":"http:\/\/biblian.is\/biblian\/opinberunarb%c2%97kin-3-kafli\/"},"modified":"2019-08-26T23:31:19","modified_gmt":"2019-08-26T23:31:19","slug":"opinberunarbok-johannesar-3-kafli","status":"publish","type":"page","link":"https:\/\/biblian.is\/biblian\/opinberunarbok-johannesar-3-kafli\/","title":{"rendered":"Opinberunarb\u00f3k J\u00f3hannesar 3. kafli"},"content":{"rendered":"<h3 class=\"millifyrirsogn_2007\"> Til Sardes<\/h3>\n<p><a name=\"1\"><span class=\"versanumer_2007\">1<\/span><\/a> Engli safna\u00f0arins \u00ed Sardes skaltu rita: <br \/>\u00deetta segir s\u00e1 sem hefur \u00fe\u00e1 sj\u00f6 anda Gu\u00f0s, stj\u00f6rnurnar sj\u00f6. \u00c9g \u00feekki verkin \u00fe\u00edn. \u00de\u00fa lifir a\u00f0 nafninu til en ert samt dau\u00f0ur. <a name=\"2\"><span class=\"versanumer_2007\">2<\/span><\/a> Vakna \u00fe\u00fa og styrk \u00fea\u00f0 sem eftir er og a\u00f0 dau\u00f0a komi\u00f0. \u00dev\u00ed margt hef \u00e9g fundi\u00f0 \u00ed fari \u00fe\u00ednu sem ekki stenst fyrir Gu\u00f0i m\u00ednum. <a name=\"3\"><span class=\"versanumer_2007\">3<\/span><\/a> Minnst \u00fe\u00fa \u00feess sem \u00fe\u00fa hefur numi\u00f0 og heyrt og var\u00f0veit \u00fea\u00f0 og b\u00e6t r\u00e1\u00f0 \u00feitt. Ef \u00fe\u00fa vakir ekki mun \u00e9g koma eins og \u00fej\u00f3fur og \u00fe\u00fa munt alls ekki vita \u00e1 hverri stundu \u00e9g kem yfir \u00feig. <a name=\"4\"><span class=\"versanumer_2007\">4<\/span><\/a> En \u00fe\u00fa \u00e1tt f\u00e1ein n\u00f6fn \u00ed Sardes sem ekki hafa saurga\u00f0 kl\u00e6\u00f0i s\u00edn og \u00feau munu ganga me\u00f0 m\u00e9r \u00ed hv\u00edtum kl\u00e6\u00f0um \u00fev\u00ed a\u00f0 \u00feau eru makleg. <a name=\"5\"><span class=\"versanumer_2007\">5<\/span><\/a> S\u00e1 er sigrar skal \u00fe\u00e1 skr\u00fd\u00f0ast hv\u00edtum kl\u00e6\u00f0um og eigi mun \u00e9g afm\u00e1 nafn hans \u00far b\u00f3k l\u00edfsins. \u00c9g mun kannast vi\u00f0 nafn hans frammi fyrir f\u00f6\u00f0ur m\u00ednum og englum hans. <br \/> <a name=\"6\"><span class=\"versanumer_2007\">6<\/span><\/a> Hver sem eyra hefur hann heyri hva\u00f0 andinn segir s\u00f6fnu\u00f0unum. <\/p>\n<h3 class=\"millifyrirsogn_2007\">Til F\u00edladelf\u00edu<\/h3>\n<p><a name=\"7\"><span class=\"versanumer_2007\">7<\/span><\/a> Engli safna\u00f0arins \u00ed F\u00edladelf\u00edu skaltu rita:<br \/>\u00deetta segir s\u00e1 heilagi, s\u00e1 sanni sem hefur lykil Dav\u00ed\u00f0s, hann sem l\u00fdkur upp svo a\u00f0 enginn l\u00e6sir og l\u00e6sir svo a\u00f0 enginn l\u00fdkur upp. <a name=\"8\"><span class=\"versanumer_2007\">8<\/span><\/a> \u00c9g \u00feekki verkin \u00fe\u00edn. \u00c9g hef l\u00e1ti\u00f0 dyr standa opnar fyrir \u00fe\u00e9r sem enginn getur loka\u00f0. \u00de\u00fa hefur l\u00edtinn m\u00e1tt en hefur \u00fe\u00f3 var\u00f0veitt or\u00f0 mitt og ekki afneita\u00f0 m\u00e9r. <a name=\"9\"><span class=\"versanumer_2007\">9<\/span><\/a> \u00c9g skal l\u00e1ta lygarana af samkundu Satans, sem segjast vera Gy\u00f0ingar en eru \u00fea\u00f0 ekki, koma og kasta s\u00e9r fyrir f\u00e6tur \u00fe\u00e9r og l\u00e1ta \u00fe\u00e1 vita a\u00f0 \u00e9g elska \u00feig. <a name=\"10\"><span class=\"versanumer_2007\">10<\/span><\/a> Af \u00fev\u00ed a\u00f0 \u00fe\u00fa hefur var\u00f0veitt or\u00f0 mitt um \u00feolg\u00e6\u00f0i mun \u00e9g var\u00f0veita \u00feig \u00e1 \u00feeirri reynslustund sem \u00e1 a\u00f0 koma yfir alla heimsbygg\u00f0ina til a\u00f0 reyna \u00feau sem \u00e1 j\u00f6r\u00f0inni b\u00faa. <a name=\"11\"><span class=\"versanumer_2007\">11<\/span><\/a> \u00c9g kem skj\u00f3tt. Haltu fast \u00fev\u00ed sem \u00fe\u00fa hefur til \u00feess a\u00f0 enginn taki k\u00f3r\u00f3nu \u00fe\u00edna. <a name=\"12\"><span class=\"versanumer_2007\">12<\/span><\/a> \u00deann er sigrar mun \u00e9g gera a\u00f0 m\u00e1ttarst\u00f3lpa \u00ed musteri Gu\u00f0s m\u00edns og hann skal aldrei framar fara \u00fea\u00f0an. \u00c1 hann mun \u00e9g rita nafn Gu\u00f0s m\u00edns og nafn borgar Gu\u00f0s m\u00edns, hinnar n\u00fdju Jer\u00fasalem, er kemur af himni ofan fr\u00e1 Gu\u00f0i m\u00ednum, og nafni\u00f0 mitt hi\u00f0 n\u00fdja. <br \/> <a name=\"13\"><span class=\"versanumer_2007\">13<\/span><\/a> Hver sem eyra hefur hann heyri hva\u00f0 andinn segir s\u00f6fnu\u00f0unum.<\/p>\n<h3 class=\"millifyrirsogn_2007\">Til La\u00f3d\u00edkeu<\/h3>\n<p><a name=\"14\"><span class=\"versanumer_2007\">14<\/span><\/a> Engli safna\u00f0arins \u00ed La\u00f3d\u00edkeu skaltu rita: <br \/>\u00deetta segir hann sem er amen, votturinn tr\u00fai og sanni, upphaf sk\u00f6punar Gu\u00f0s. <a name=\"15\"><span class=\"versanumer_2007\">15<\/span><\/a> \u00c9g \u00feekki verkin \u00fe\u00edn, \u00fe\u00fa ert hvorki kaldur n\u00e9 heitur. Betur a\u00f0 \u00fe\u00fa v\u00e6rir anna\u00f0hvort kaldur e\u00f0a heitur. <a name=\"16\"><span class=\"versanumer_2007\">16<\/span><\/a> En af \u00fev\u00ed a\u00f0 \u00fe\u00fa ert h\u00e1lfvolgur og hvorki heitur n\u00e9 kaldur mun \u00e9g skyrpa \u00fe\u00e9r \u00fat af munni m\u00ednum. <a name=\"17\"><span class=\"versanumer_2007\">17<\/span><\/a> \u00de\u00fa segir: \u201e\u00c9g er r\u00edkur og or\u00f0inn au\u00f0ugur og \u00fearfnast einskis.\u201c \u00de\u00fa veist ekki a\u00f0 \u00fe\u00fa ert vesalingur og aumingi, f\u00e1t\u00e6kur, blindur og nakinn. <a name=\"18\"><span class=\"versanumer_2007\">18<\/span><\/a> \u00c9g r\u00e6\u00f0 \u00fe\u00e9r a\u00f0 \u00fe\u00fa kaupir af m\u00e9r gull, sk\u00edrt \u00ed eldi, til \u00feess a\u00f0 \u00fe\u00fa ver\u00f0ir au\u00f0ugur, og hv\u00edt kl\u00e6\u00f0i til \u00feess a\u00f0 \u00fe\u00fa getir huli\u00f0 skammarlega nekt \u00fe\u00edna. Kauptu l\u00edka smyrsl \u00e1 augu \u00fe\u00edn til \u00feess a\u00f0 \u00fe\u00fa getir s\u00e9\u00f0. <a name=\"19\"><span class=\"versanumer_2007\">19<\/span><\/a> \u00c9g tyfta og aga alla \u00fe\u00e1 sem \u00e9g elska. Legg \u00fe\u00fa \u00fev\u00ed allt kapp \u00e1 a\u00f0 b\u00e6ta r\u00e1\u00f0 \u00feitt. <a name=\"20\"><span class=\"versanumer_2007\">20<\/span><\/a> \u00c9g stend vi\u00f0 dyrnar og kn\u00fd \u00e1. Ef einhver heyrir raust m\u00edna og l\u00fdkur upp dyrunum mun \u00e9g fara inn til hans og neyta kv\u00f6ldver\u00f0ar me\u00f0 honum og hann me\u00f0 m\u00e9r. <a name=\"21\"><span class=\"versanumer_2007\">21<\/span><\/a> \u00deann er sigrar mun \u00e9g l\u00e1ta sitja hj\u00e1 m\u00e9r \u00ed h\u00e1s\u00e6ti m\u00ednu eins og \u00e9g sj\u00e1lfur sigra\u00f0i og settist hj\u00e1 f\u00f6\u00f0ur m\u00ednum \u00ed h\u00e1s\u00e6ti hans. <br \/> <a name=\"22\"><span class=\"versanumer_2007\">22<\/span><\/a> Hver sem eyra hefur hann heyri hva\u00f0 andinn segir s\u00f6fnu\u00f0unum. <\/p>\n","protected":false},"excerpt":{"rendered":"<p>Til Sardes 1 Engli safna\u00f0arins \u00ed Sardes skaltu rita: \u00deetta segir s\u00e1 sem hefur \u00fe\u00e1 sj\u00f6 anda Gu\u00f0s, stj\u00f6rnurnar sj\u00f6. \u00c9g \u00feekki verkin \u00fe\u00edn. \u00de\u00fa lifir a\u00f0 nafninu til en ert samt dau\u00f0ur. 2 Vakna \u00fe\u00fa og styrk \u00fea\u00f0 sem eftir er og a\u00f0 dau\u00f0a komi\u00f0. \u00dev\u00ed margt hef \u00e9g fundi\u00f0 \u00ed fari \u00fe\u00ednu sem ekki stenst fyrir Gu\u00f0i m\u00ednum. 3 Minnst \u00fe\u00fa \u00feess sem \u00fe\u00fa hefur numi\u00f0 og heyrt og var\u00f0veit \u00fea\u00f0 og b\u00e6t r\u00e1\u00f0 \u00feitt. Ef \u00fe\u00fa vakir ekki mun \u00e9g koma eins og \u00fej\u00f3fur og \u00fe\u00fa munt alls ekki vita \u00e1 hverri stundu \u00e9g kem yfir \u00feig. <a href=\"https:\/\/biblian.is\/biblian\/opinberunarbok-johannesar-3-kafli\/\"> [&#8230;]<\/a><\/p>\n","protected":false},"author":1,"featured_media":0,"parent":0,"menu_order":0,"comment_status":"open","ping_status":"open","template":"bibliukaflar_NT.php","meta":{"footnotes":""},"class_list":["post-2787","page","type-page","status-publish","hentry"],"_links":{"self":[{"href":"https:\/\/biblian.is\/biblian\/wp-json\/wp\/v2\/pages\/2787","targetHints":{"allow":["GET"]}}],"collection":[{"href":"https:\/\/biblian.is\/biblian\/wp-json\/wp\/v2\/pages"}],"about":[{"href":"https:\/\/biblian.is\/biblian\/wp-json\/wp\/v2\/types\/page"}],"author":[{"embeddable":true,"href":"https:\/\/biblian.is\/biblian\/wp-json\/wp\/v2\/users\/1"}],"replies":[{"embeddable":true,"href":"https:\/\/biblian.is\/biblian\/wp-json\/wp\/v2\/comments?post=2787"}],"version-history":[{"count":0,"href":"https:\/\/biblian.is\/biblian\/wp-json\/wp\/v2\/pages\/2787\/revisions"}],"wp:attachment":[{"href":"https:\/\/biblian.is\/biblian\/wp-json\/wp\/v2\/media?parent=2787"}],"curies":[{"name":"wp","href":"https:\/\/api.w.org\/{rel}","templated":true}]}}