{"id":2786,"date":"2017-12-30T21:04:39","date_gmt":"2017-12-30T21:04:39","guid":{"rendered":"http:\/\/biblian.is\/biblian\/opinberunarb%c2%97kin-2-kafli\/"},"modified":"2019-08-26T23:31:18","modified_gmt":"2019-08-26T23:31:18","slug":"opinberunarbok-johannesar-2-kafli","status":"publish","type":"page","link":"https:\/\/biblian.is\/biblian\/opinberunarbok-johannesar-2-kafli\/","title":{"rendered":"Opinberunarb\u00f3k J\u00f3hannesar 2. kafli"},"content":{"rendered":"<h3 class=\"millifyrirsogn_2007\"> Til Efesus<\/h3>\n<p><a name=\"1\"><span class=\"versanumer_2007\">1<\/span><\/a> Engli safna\u00f0arins \u00ed Efesus skalt \u00fe\u00fa rita: <br \/>\u00deetta segir s\u00e1 sem heldur \u00e1 stj\u00f6rnunum sj\u00f6 \u00ed h\u00e6gri hendi s\u00e9r, s\u00e1 sem gengur \u00e1 milli gullstiknanna sj\u00f6: <a name=\"2\"><span class=\"versanumer_2007\">2<\/span><\/a> \u00c9g \u00feekki verkin \u00fe\u00edn og erfi\u00f0i\u00f0 og \u00feolg\u00e6\u00f0i \u00feitt. \u00c9g veit a\u00f0 \u00fe\u00fa getur ekki s\u00e6tt \u00feig vi\u00f0 vonda menn. \u00de\u00fa hefur reynt \u00fe\u00e1 sem segja sj\u00e1lfa sig vera postula en eru \u00fea\u00f0 ekki og \u00fe\u00fa hefur komist a\u00f0 \u00fev\u00ed a\u00f0 \u00feeir eru lygarar. <a name=\"3\"><span class=\"versanumer_2007\">3<\/span><\/a> \u00de\u00fa ert \u00feolg\u00f3\u00f0ur og hefur \u00feola\u00f0 miki\u00f0 vegna m\u00edn og ekki gefist upp. <a name=\"4\"><span class=\"versanumer_2007\">4<\/span><\/a> En \u00fea\u00f0 hef \u00e9g \u00e1 m\u00f3ti \u00fe\u00e9r a\u00f0 \u00fe\u00fa hefur falli\u00f0 fr\u00e1 \u00fe\u00ednum fyrri k\u00e6rleik. <a name=\"5\"><span class=\"versanumer_2007\">5<\/span><\/a> Minnst \u00fe\u00fa \u00fev\u00ed \u00far hva\u00f0a h\u00e6\u00f0 \u00fe\u00fa hefur hrapa\u00f0, sj\u00e1\u00f0u a\u00f0 \u00fe\u00e9r og breyttu eins og fyrrum. A\u00f0 \u00f6\u00f0rum kosti kem \u00e9g til \u00fe\u00edn og f\u00e6ri lj\u00f3sastiku \u00fe\u00edna \u00far sta\u00f0 nema \u00fe\u00fa sj\u00e1ir a\u00f0 \u00fe\u00e9r. <a name=\"6\"><span class=\"versanumer_2007\">6<\/span><\/a> En \u00fea\u00f0 m\u00e1tt \u00fe\u00fa eiga a\u00f0 \u00fe\u00fa hatar verk Nik\u00f3la\u00edtanna sem \u00e9g sj\u00e1lfur hata. <br \/> <a name=\"7\"><span class=\"versanumer_2007\">7<\/span><\/a> Hver sem eyra hefur hann heyri hva\u00f0 andinn segir s\u00f6fnu\u00f0unum. \u00deeim er sigrar mun \u00e9g gefa a\u00f0 eta af l\u00edfsins tr\u00e9 sem er \u00ed Parad\u00eds Gu\u00f0s. <\/p>\n<h3 class=\"millifyrirsogn_2007\">Til Smyrnu<\/h3>\n<p><a name=\"8\"><span class=\"versanumer_2007\">8<\/span><\/a> Engli safna\u00f0arins \u00ed Smyrnu skaltu rita: <br \/>\u00deetta segir s\u00e1 fyrsti og s\u00ed\u00f0asti, s\u00e1 sem d\u00f3 og var\u00f0 aftur lifandi: <a name=\"9\"><span class=\"versanumer_2007\">9<\/span><\/a> \u00c9g \u00feekki \u00ferengingu \u00fe\u00edna og f\u00e1t\u00e6kt &#8211; en \u00fe\u00fa ert samt au\u00f0ugur. \u00c9g veit hvernig \u00fe\u00fa ert hrakyrtur af \u00feeim sem segja sj\u00e1lfa sig vera Gy\u00f0inga en eru \u00fea\u00f0 ekki heldur samkunda Satans. <a name=\"10\"><span class=\"versanumer_2007\">10<\/span><\/a> Kv\u00ed\u00f0 \u00fe\u00fa ekki \u00fev\u00ed sem \u00fe\u00fa \u00e1tt a\u00f0 l\u00ed\u00f0a. Dj\u00f6fullinn mun varpa nokkrum y\u00f0ar \u00ed fangelsi til \u00feess a\u00f0 reyna y\u00f0ur og \u00fe\u00e9r munu\u00f0 \u00feola \u00ferengingu \u00ed t\u00edu daga. Vertu tr\u00far allt til dau\u00f0a og \u00e9g mun gefa \u00fe\u00e9r k\u00f3r\u00f3nu l\u00edfsins. <br \/> <a name=\"11\"><span class=\"versanumer_2007\">11<\/span><\/a> Hver sem eyra hefur hann heyri hva\u00f0 andinn segir s\u00f6fnu\u00f0unum. \u00deeim er sigrar mun s\u00e1 annar dau\u00f0i ekki granda. <\/p>\n<h3 class=\"millifyrirsogn_2007\">Til Pergamos<\/h3>\n<p><a name=\"12\"><span class=\"versanumer_2007\">12<\/span><\/a> Engli safna\u00f0arins \u00ed Pergamos skaltu rita: <br \/>\u00deetta segir s\u00e1 sem hefur sver\u00f0i\u00f0 tv\u00edeggja\u00f0a og beitta: <a name=\"13\"><span class=\"versanumer_2007\">13<\/span><\/a> \u00c9g veit a\u00f0 \u00fe\u00fa b\u00fdr\u00f0 \u00fear sem h\u00e1s\u00e6ti Satans er. Samt hefur \u00fe\u00fa veri\u00f0 m\u00e9r tr\u00far og ekki afneita\u00f0 tr\u00fanni \u00e1 mig, jafnvel ekki \u00e1 d\u00f6gum Ant\u00edpasar, m\u00edns tr\u00faa vottar, sem deyddur var hj\u00e1 y\u00f0ur \u00fear sem Satan b\u00fdr. <a name=\"14\"><span class=\"versanumer_2007\">14<\/span><\/a> En \u00fe\u00f3 hef \u00e9g nokku\u00f0 \u00e1 m\u00f3ti \u00fe\u00e9r. \u00de\u00fa hefur hj\u00e1 \u00fe\u00e9r menn sem halda fast vi\u00f0 kenningu B\u00edleams, \u00feess er kenndi Balak a\u00f0 t\u00e6la \u00cdsraelsmenn svo a\u00f0 \u00feeir neyttu kj\u00f6ts, sem helga\u00f0 var skur\u00f0go\u00f0um, og dr\u00fdg\u00f0u h\u00f3r. <a name=\"15\"><span class=\"versanumer_2007\">15<\/span><\/a> \u00deannig hefur \u00fe\u00fa l\u00edka hj\u00e1 \u00fe\u00e9r menn sem halda fast vi\u00f0 kenningu Nik\u00f3la\u00edta. <a name=\"16\"><span class=\"versanumer_2007\">16<\/span><\/a> Sj\u00e1 \u00fev\u00ed a\u00f0 \u00fe\u00e9r! A\u00f0 \u00f6\u00f0rum kosti kem \u00e9g skj\u00f3tt til \u00fe\u00edn og mun berjast vi\u00f0 \u00fe\u00e1 me\u00f0 sver\u00f0i munns m\u00edns. <br \/> <a name=\"17\"><span class=\"versanumer_2007\">17<\/span><\/a> Hver sem eyra hefur hann heyri hva\u00f0 andinn segir s\u00f6fnu\u00f0unum. \u00deeim er sigrar mun \u00e9g gefa af hinu hulda manna og \u00e9g mun gefa honum hv\u00edtan stein og \u00e1 steininn rita\u00f0 n\u00fdtt nafn sem enginn \u00feekkir nema s\u00e1 er vi\u00f0 tekur. <\/p>\n<h3 class=\"millifyrirsogn_2007\">Til \u00de\u00fdat\u00edru<\/h3>\n<p><a name=\"18\"><span class=\"versanumer_2007\">18<\/span><\/a> Engli safna\u00f0arins \u00ed \u00de\u00fdat\u00edru skaltu rita: <br \/>\u00deetta segir sonur Gu\u00f0s sem augu hefur eins og eldsloga og f\u00e6tur l\u00edka gl\u00f3m\u00e1lmi: <a name=\"19\"><span class=\"versanumer_2007\">19<\/span><\/a> \u00c9g \u00feekki verkin \u00fe\u00edn, elsku \u00fe\u00edna og tr\u00fa, \u00fej\u00f3nustu \u00fe\u00edna og \u00feolg\u00e6\u00f0i og veit a\u00f0 hin s\u00ed\u00f0ari verk \u00fe\u00edn eru meiri en hin fyrri. <a name=\"20\"><span class=\"versanumer_2007\">20<\/span><\/a> En \u00fea\u00f0 hef \u00e9g \u00e1 m\u00f3ti \u00fe\u00e9r a\u00f0 \u00fe\u00fa l\u00ed\u00f0ur Jessabel, konuna sem segist vera sp\u00e1ma\u00f0ur og kennir \u00fej\u00f3num m\u00ednum, afvegalei\u00f0ir \u00fe\u00e1 til a\u00f0 dr\u00fdgja h\u00f3r og eta kj\u00f6t helga\u00f0 skur\u00f0go\u00f0um. <a name=\"21\"><span class=\"versanumer_2007\">21<\/span><\/a> \u00c9g hef gefi\u00f0 henni frest til \u00feess a\u00f0 h\u00fan sj\u00e1i a\u00f0 s\u00e9r en h\u00fan vill ekki b\u00e6ta r\u00e1\u00f0 sitt og l\u00e1ta af h\u00f3rd\u00f3mi s\u00ednum. <a name=\"22\"><span class=\"versanumer_2007\">22<\/span><\/a> N\u00fa mun \u00e9g varpa henni \u00e1 s\u00f3ttars\u00e6ng og \u00feeim \u00ed mikla \u00ferengingu sem h\u00f3rast me\u00f0 henni ef \u00feeir i\u00f0rast ekki og sn\u00faa baki vi\u00f0 henni. <a name=\"23\"><span class=\"versanumer_2007\">23<\/span><\/a> Og \u00e1hangendur hennar mun \u00e9g dey\u00f0a og allir s\u00f6fnu\u00f0irnir skulu vita a\u00f0 \u00e9g er s\u00e1 sem rannsakar n\u00fdrun og hj\u00f6rtun og \u00e9g mun gjalda y\u00f0ur hverju og einu eftir verkum y\u00f0ar. <a name=\"24\"><span class=\"versanumer_2007\">24<\/span><\/a> En y\u00f0ur hinum \u00ed \u00de\u00fdat\u00edru, sem hafi\u00f0 ekki fylgt kenningu \u00feessari og \u00feekki\u00f0 ekki \u00fea\u00f0 sem \u00feeir nefna dj\u00fap Satans, segi \u00e9g: A\u00f0ra byr\u00f0i legg \u00e9g eigi \u00e1 y\u00f0ur. <a name=\"25\"><span class=\"versanumer_2007\">25<\/span><\/a> En haldi\u00f0 fast vi\u00f0 \u00fea\u00f0 sem \u00fe\u00e9r hafi\u00f0 \u00feanga\u00f0 til \u00e9g kem. <a name=\"26\"><span class=\"versanumer_2007\">26<\/span><\/a> \u00deeim er sigrar og var\u00f0veitir allt til enda \u00fea\u00f0 sem \u00e9g geri og kenni mun \u00e9g gefa sama vald yfir \u00fej\u00f3\u00f0unum sem fa\u00f0irinn gaf m\u00e9r. <a name=\"27\"><span class=\"versanumer_2007\">27<\/span><\/a> Og hann mun stj\u00f3rna \u00feeim me\u00f0 j\u00e1rnsprota og mola \u00fe\u00e6r eins og leirker eru molu\u00f0. <a name=\"28\"><span class=\"versanumer_2007\">28<\/span><\/a> Og \u00e9g mun gefa honum morgunstj\u00f6rnuna. <br \/> <a name=\"29\"><span class=\"versanumer_2007\">29<\/span><\/a> Hver sem eyra hefur hann heyri hva\u00f0 andinn segir s\u00f6fnu\u00f0unum. <\/p>\n","protected":false},"excerpt":{"rendered":"<p>Til Efesus 1 Engli safna\u00f0arins \u00ed Efesus skalt \u00fe\u00fa rita: \u00deetta segir s\u00e1 sem heldur \u00e1 stj\u00f6rnunum sj\u00f6 \u00ed h\u00e6gri hendi s\u00e9r, s\u00e1 sem gengur \u00e1 milli gullstiknanna sj\u00f6: 2 \u00c9g \u00feekki verkin \u00fe\u00edn og erfi\u00f0i\u00f0 og \u00feolg\u00e6\u00f0i \u00feitt. \u00c9g veit a\u00f0 \u00fe\u00fa getur ekki s\u00e6tt \u00feig vi\u00f0 vonda menn. \u00de\u00fa hefur reynt \u00fe\u00e1 sem segja sj\u00e1lfa sig vera postula en eru \u00fea\u00f0 ekki og \u00fe\u00fa hefur komist a\u00f0 \u00fev\u00ed a\u00f0 \u00feeir eru lygarar. 3 \u00de\u00fa ert \u00feolg\u00f3\u00f0ur og hefur \u00feola\u00f0 miki\u00f0 vegna m\u00edn og ekki gefist upp. 4 En \u00fea\u00f0 hef \u00e9g \u00e1 m\u00f3ti \u00fe\u00e9r a\u00f0 \u00fe\u00fa hefur falli\u00f0 <a href=\"https:\/\/biblian.is\/biblian\/opinberunarbok-johannesar-2-kafli\/\"> [&#8230;]<\/a><\/p>\n","protected":false},"author":1,"featured_media":0,"parent":0,"menu_order":0,"comment_status":"open","ping_status":"open","template":"bibliukaflar_NT.php","meta":{"footnotes":""},"class_list":["post-2786","page","type-page","status-publish","hentry"],"_links":{"self":[{"href":"https:\/\/biblian.is\/biblian\/wp-json\/wp\/v2\/pages\/2786","targetHints":{"allow":["GET"]}}],"collection":[{"href":"https:\/\/biblian.is\/biblian\/wp-json\/wp\/v2\/pages"}],"about":[{"href":"https:\/\/biblian.is\/biblian\/wp-json\/wp\/v2\/types\/page"}],"author":[{"embeddable":true,"href":"https:\/\/biblian.is\/biblian\/wp-json\/wp\/v2\/users\/1"}],"replies":[{"embeddable":true,"href":"https:\/\/biblian.is\/biblian\/wp-json\/wp\/v2\/comments?post=2786"}],"version-history":[{"count":0,"href":"https:\/\/biblian.is\/biblian\/wp-json\/wp\/v2\/pages\/2786\/revisions"}],"wp:attachment":[{"href":"https:\/\/biblian.is\/biblian\/wp-json\/wp\/v2\/media?parent=2786"}],"curies":[{"name":"wp","href":"https:\/\/api.w.org\/{rel}","templated":true}]}}