{"id":2785,"date":"2017-12-30T21:04:39","date_gmt":"2017-12-30T21:04:39","guid":{"rendered":"http:\/\/biblian.is\/biblian\/opinberunarb%c2%97kin-1-kafli\/"},"modified":"2019-08-26T23:31:16","modified_gmt":"2019-08-26T23:31:16","slug":"opinberunarbok-johannesar-1-kafli","status":"publish","type":"page","link":"https:\/\/biblian.is\/biblian\/opinberunarbok-johannesar-1-kafli\/","title":{"rendered":"Opinberunarb\u00f3k J\u00f3hannesar 1. kafli"},"content":{"rendered":"<h3 class=\"millifyrirsogn_2007\"> Inngangur<\/h3>\n<p><a name=\"1\"><span class=\"versanumer_2007\">1<\/span><\/a> Opinberun Jes\u00fa Krists sem Gu\u00f0 gaf honum til a\u00f0 s\u00fdna \u00fej\u00f3num s\u00ednum \u00fea\u00f0 sem ver\u00f0a \u00e1 innan skamms. Jes\u00fas Kristur sendi engil sinn og l\u00e9t hann kynna \u00fea\u00f0 J\u00f3hannesi, \u00fej\u00f3ni s\u00ednum, <a name=\"2\"><span class=\"versanumer_2007\">2<\/span><\/a> sem bar vitni um or\u00f0 Gu\u00f0s og vitnisbur\u00f0 Jes\u00fa Krists um allt \u00fea\u00f0 er hann s\u00e1. <a name=\"3\"><span class=\"versanumer_2007\">3<\/span><\/a> S\u00e6ll er s\u00e1 er les \u00feessi sp\u00e1d\u00f3msor\u00f0 og s\u00e6lir eru \u00feeir sem heyra \u00feau og var\u00f0veita \u00fea\u00f0 sem \u00ed \u00feeim er rita\u00f0 \u00fev\u00ed a\u00f0 t\u00edminn er \u00ed n\u00e1nd. <br \/> <a name=\"4\"><span class=\"versanumer_2007\">4<\/span><\/a> Fr\u00e1 J\u00f3hannesi til safna\u00f0anna sj\u00f6 \u00ed As\u00edu. <br \/>N\u00e1\u00f0 s\u00e9 me\u00f0 y\u00f0ur og fri\u00f0ur fr\u00e1 honum sem er og var og kemur og fr\u00e1 \u00f6ndunum sj\u00f6 sem eru frammi fyrir h\u00e1s\u00e6ti hans <a name=\"5\"><span class=\"versanumer_2007\">5<\/span><\/a> og fr\u00e1 Jes\u00fa Kristi sem er votturinn tr\u00fai, frumbur\u00f0ur upprisunnar fr\u00e1 dau\u00f0um, h\u00f6f\u00f0inginn yfir konungum jar\u00f0ar. <br \/>Hann elskar oss og leysti oss fr\u00e1 syndum vorum me\u00f0 bl\u00f3\u00f0i s\u00ednu. <a name=\"6\"><span class=\"versanumer_2007\">6<\/span><\/a> Og hann ger\u00f0i oss a\u00f0 konungum og prestum, Gu\u00f0i s\u00ednum og f\u00f6\u00f0ur til handa. Hans er d\u00fdr\u00f0in og m\u00e1tturinn um aldir alda. Amen. <br \/> <a name=\"7\"><span class=\"versanumer_2007\">7<\/span><\/a> Sj\u00e1, hann kemur \u00ed sk\u00fdjunum og hvert auga mun sj\u00e1 hann, jafnvel \u00feeirra sem stungu hann, og allar kynkv\u00edslir jar\u00f0arinnar munu kveina yfir honum. Vissulega, amen. <br \/> <a name=\"8\"><span class=\"versanumer_2007\">8<\/span><\/a> \u201e\u00c9g er Alfa og \u00d3mega,<span class=\"nedan_mal\" title=\" Alfa og \u00f3mega eru fyrsti og s\u00ed\u00f0asti stafur gr\u00edska stafr\u00f3fsins.\">[<\/span> hann sem er og var og kemur, hinn alvaldi,\u201c segir Drottinn Gu\u00f0. <\/p>\n<h3 class=\"millifyrirsogn_2007\">Mannssonurinn birtist<\/h3>\n<p><a name=\"9\"><span class=\"versanumer_2007\">9<\/span><\/a> \u00c9g, J\u00f3hannes, br\u00f3\u00f0ir y\u00f0ar, sem \u00ed Jes\u00fa \u00e1 hlutdeild me\u00f0 y\u00f0ur \u00ed \u00ferengingunni, r\u00edkinu og \u00feolg\u00e6\u00f0inu, var \u00e1 eynni Patmos sakir Gu\u00f0s or\u00f0s og vitnisbur\u00f0arins um Jes\u00fa. <a name=\"10\"><span class=\"versanumer_2007\">10<\/span><\/a> \u00c9g var hrifinn \u00ed anda \u00e1 Drottins degi og heyr\u00f0i a\u00f0 baki m\u00e9r raust mikla, sem l\u00fa\u00f0ur gylli, <a name=\"11\"><span class=\"versanumer_2007\">11<\/span><\/a> er sag\u00f0i: \u201eRita \u00fe\u00fa \u00ed b\u00f3k \u00fea\u00f0 sem \u00fe\u00fa s\u00e9r\u00f0 og send \u00fea\u00f0 s\u00f6fnu\u00f0unum sj\u00f6 \u00ed Efesus, Smyrnu, Pergamos, \u00de\u00fdat\u00edru, Sardes, F\u00edladelf\u00edu og La\u00f3d\u00edkeu.\u201c <br \/> <a name=\"12\"><span class=\"versanumer_2007\">12<\/span><\/a> \u00c9g sneri m\u00e9r vi\u00f0 til a\u00f0 sj\u00e1 hvers raust \u00fea\u00f0 v\u00e6ri sem vi\u00f0 mig tala\u00f0i. Og er \u00e9g sneri m\u00e9r vi\u00f0 s\u00e1 \u00e9g sj\u00f6 gulllj\u00f3sastikur <a name=\"13\"><span class=\"versanumer_2007\">13<\/span><\/a> og milli lj\u00f3sastikanna einhvern, l\u00edkan mannssyni, kl\u00e6ddan sk\u00f3s\u00ed\u00f0um kyrtli og gullbelti var spennt um bringu hans. <a name=\"14\"><span class=\"versanumer_2007\">14<\/span><\/a> H\u00f6fu\u00f0 hans og h\u00e1r var hv\u00edtt eins og hv\u00edt ull, eins og mj\u00f6ll, og augu hans eins og eldslogi. <a name=\"15\"><span class=\"versanumer_2007\">15<\/span><\/a> Og f\u00e6tur hans voru sem gl\u00f3andi m\u00e1lmur \u00ed eldsofni og raust hans sem ni\u00f0ur mikilla vatna. <a name=\"16\"><span class=\"versanumer_2007\">16<\/span><\/a> Hann haf\u00f0i \u00ed h\u00e6gri hendi s\u00e9r sj\u00f6 stj\u00f6rnur og beitt, tv\u00edeggja\u00f0 sver\u00f0 gekk \u00fat af munni hans og \u00e1sj\u00f3na hans skein sem s\u00f3lin \u00ed m\u00e6tti s\u00ednum. <br \/> <a name=\"17\"><span class=\"versanumer_2007\">17<\/span><\/a> \u00deegar \u00e9g s\u00e1 hann f\u00e9ll \u00e9g fyrir f\u00e6tur honum sem dau\u00f0ur v\u00e6ri. Og hann lag\u00f0i h\u00e6gri h\u00f6nd s\u00edna yfir mig og sag\u00f0i: Vertu ekki hr\u00e6ddur, \u00e9g er hinn fyrsti og hinn s\u00ed\u00f0asti <a name=\"18\"><span class=\"versanumer_2007\">18<\/span><\/a> og hinn lifandi. \u00c9g d\u00f3 en n\u00fa lifi \u00e9g um aldir alda og \u00e9g hef lykla dau\u00f0ans og heljar. <a name=\"19\"><span class=\"versanumer_2007\">19<\/span><\/a> Rita \u00fe\u00fa n\u00fa \u00fea\u00f0 er \u00fe\u00fa s\u00e9r\u00f0, b\u00e6\u00f0i \u00fea\u00f0 sem er og \u00fea\u00f0 sem ver\u00f0ur eftir \u00feetta. <a name=\"20\"><span class=\"versanumer_2007\">20<\/span><\/a> \u00deessi er leyndard\u00f3murinn um stj\u00f6rnurnar sj\u00f6, sem \u00fe\u00fa hefur s\u00e9\u00f0 \u00ed h\u00e6gri hendi minni, og um gullstikurnar sj\u00f6. Stj\u00f6rnurnar sj\u00f6 eru englar \u00feeirra sj\u00f6 safna\u00f0a og lj\u00f3sastikurnar sj\u00f6 eru s\u00f6fnu\u00f0irnir sj\u00f6. <\/p>\n","protected":false},"excerpt":{"rendered":"<p>Inngangur 1 Opinberun Jes\u00fa Krists sem Gu\u00f0 gaf honum til a\u00f0 s\u00fdna \u00fej\u00f3num s\u00ednum \u00fea\u00f0 sem ver\u00f0a \u00e1 innan skamms. Jes\u00fas Kristur sendi engil sinn og l\u00e9t hann kynna \u00fea\u00f0 J\u00f3hannesi, \u00fej\u00f3ni s\u00ednum, 2 sem bar vitni um or\u00f0 Gu\u00f0s og vitnisbur\u00f0 Jes\u00fa Krists um allt \u00fea\u00f0 er hann s\u00e1. 3 S\u00e6ll er s\u00e1 er les \u00feessi sp\u00e1d\u00f3msor\u00f0 og s\u00e6lir eru \u00feeir sem heyra \u00feau og var\u00f0veita \u00fea\u00f0 sem \u00ed \u00feeim er rita\u00f0 \u00fev\u00ed a\u00f0 t\u00edminn er \u00ed n\u00e1nd. 4 Fr\u00e1 J\u00f3hannesi til safna\u00f0anna sj\u00f6 \u00ed As\u00edu. N\u00e1\u00f0 s\u00e9 me\u00f0 y\u00f0ur og fri\u00f0ur fr\u00e1 honum sem er og var og <a href=\"https:\/\/biblian.is\/biblian\/opinberunarbok-johannesar-1-kafli\/\"> [&#8230;]<\/a><\/p>\n","protected":false},"author":1,"featured_media":0,"parent":0,"menu_order":0,"comment_status":"open","ping_status":"open","template":"bibliukaflar_NT.php","meta":{"footnotes":""},"class_list":["post-2785","page","type-page","status-publish","hentry"],"_links":{"self":[{"href":"https:\/\/biblian.is\/biblian\/wp-json\/wp\/v2\/pages\/2785","targetHints":{"allow":["GET"]}}],"collection":[{"href":"https:\/\/biblian.is\/biblian\/wp-json\/wp\/v2\/pages"}],"about":[{"href":"https:\/\/biblian.is\/biblian\/wp-json\/wp\/v2\/types\/page"}],"author":[{"embeddable":true,"href":"https:\/\/biblian.is\/biblian\/wp-json\/wp\/v2\/users\/1"}],"replies":[{"embeddable":true,"href":"https:\/\/biblian.is\/biblian\/wp-json\/wp\/v2\/comments?post=2785"}],"version-history":[{"count":0,"href":"https:\/\/biblian.is\/biblian\/wp-json\/wp\/v2\/pages\/2785\/revisions"}],"wp:attachment":[{"href":"https:\/\/biblian.is\/biblian\/wp-json\/wp\/v2\/media?parent=2785"}],"curies":[{"name":"wp","href":"https:\/\/api.w.org\/{rel}","templated":true}]}}